{"id":1082,"date":"2024-03-28T14:48:03","date_gmt":"2024-03-28T13:48:03","guid":{"rendered":"https:\/\/www.marinahotelclub.com\/aktivitaten-franzosische-riviera\/"},"modified":"2024-04-25T11:51:19","modified_gmt":"2024-04-25T09:51:19","slug":"aktivitaten-franzosische-riviera","status":"publish","type":"page","link":"https:\/\/www.marinahotelclub.com\/de\/aktivitaten-franzosische-riviera\/","title":{"rendered":"Aktivit\u00e4ten rund um das Hotel"},"content":{"rendered":"<section id=\"ls-section-block_13df1d330bdeb687a071e0213031c21e\" class=\"ls-section  home-first page-one\" >\r\n        <div class=\"container container--wide\">\r\n        \n\n<h1 class=\"ls__heading wp-block-heading has-text-align-center\">Aktivit\u00e4ten in der N\u00e4he des Hotels an der Franz\u00f6sische Riviera<\/h1>\n\n\n\n<div class=\"wp-block-columns are-vertically-aligned-center is-layout-flex wp-container-core-columns-is-layout-9d6595d7 wp-block-columns-is-layout-flex\">\n<div class=\"wp-block-column is-vertically-aligned-center is-layout-flow wp-block-column-is-layout-flow\" style=\"flex-basis:60%\">\n<figure class=\"wp-block-gallery has-nested-images columns-default is-cropped wp-block-gallery-1 is-layout-flex wp-block-gallery-is-layout-flex\">\n<figure class=\"wp-block-image size-full animated fadeIn slow\"><a href=\"https:\/\/www.marinahotelclub.com\/wp-content\/uploads\/2024\/04\/Saint-Tropez-entre-mer-montagne.webp\"><img decoding=\"async\" width=\"1920\" height=\"1200\" data-id=\"945\" src=\"https:\/\/www.marinahotelclub.com\/wp-content\/uploads\/2024\/04\/Saint-Tropez-entre-mer-montagne.webp\" alt=\"Saint-Tropez-entre-mer-montagne\" class=\"wp-image-945\" srcset=\"https:\/\/www.marinahotelclub.com\/wp-content\/uploads\/2024\/04\/Saint-Tropez-entre-mer-montagne.webp 1920w, https:\/\/www.marinahotelclub.com\/wp-content\/uploads\/2024\/04\/Saint-Tropez-entre-mer-montagne-300x188.webp 300w, https:\/\/www.marinahotelclub.com\/wp-content\/uploads\/2024\/04\/Saint-Tropez-entre-mer-montagne-1024x640.webp 1024w, https:\/\/www.marinahotelclub.com\/wp-content\/uploads\/2024\/04\/Saint-Tropez-entre-mer-montagne-768x480.webp 768w, https:\/\/www.marinahotelclub.com\/wp-content\/uploads\/2024\/04\/Saint-Tropez-entre-mer-montagne-1536x960.webp 1536w\" sizes=\"(max-width: 1920px) 100vw, 1920px\" \/><\/a><\/figure>\n\n\n\n<figure class=\"wp-block-image size-full animated fadeIn delay-200ms slow\"><a href=\"https:\/\/www.marinahotelclub.com\/wp-content\/uploads\/2024\/04\/randonnees-en-famille-cote-Azur.webp\"><img decoding=\"async\" width=\"1920\" height=\"1200\" data-id=\"951\" src=\"https:\/\/www.marinahotelclub.com\/wp-content\/uploads\/2024\/04\/randonnees-en-famille-cote-Azur.webp\" alt=\"Familienwanderungen an der Franz&#xF6;sische Riviera\" class=\"wp-image-951\" srcset=\"https:\/\/www.marinahotelclub.com\/wp-content\/uploads\/2024\/04\/randonnees-en-famille-cote-Azur.webp 1920w, https:\/\/www.marinahotelclub.com\/wp-content\/uploads\/2024\/04\/randonnees-en-famille-cote-Azur-300x188.webp 300w, https:\/\/www.marinahotelclub.com\/wp-content\/uploads\/2024\/04\/randonnees-en-famille-cote-Azur-1024x640.webp 1024w, https:\/\/www.marinahotelclub.com\/wp-content\/uploads\/2024\/04\/randonnees-en-famille-cote-Azur-768x480.webp 768w, https:\/\/www.marinahotelclub.com\/wp-content\/uploads\/2024\/04\/randonnees-en-famille-cote-Azur-1536x960.webp 1536w\" sizes=\"(max-width: 1920px) 100vw, 1920px\" \/><\/a><\/figure>\n<\/figure>\n<\/div>\n\n\n\n<div class=\"wp-block-column is-vertically-aligned-center is-layout-flow wp-block-column-is-layout-flow\" style=\"flex-basis:40%\">\n<h2 class=\"ls__heading wp-block-heading\">Wanderungen an der Franz\u00f6sische Riviera<\/h2>\n\n\n\n<p class=\"ls-paragraph\">Der <strong>Golf von Saint-Tropez <\/strong>ist f\u00fcr seine atemberaubenden Landschaften bekannt. <strong>Wandern<\/strong> ist daher eine der wichtigsten sportlichen Aktivit\u00e4ten bei einem Aufenthalt in einem Hotel in der N\u00e4he von Saint-Tropez! An der K\u00fcste, in den Weinbergen oder im Herzen des Massif des Maures erwarten Sie Routen<strong> aller Schwierigkeitsgrade<\/strong>.<\/p>\n\n\n\n<p class=\"ls-paragraph\">Sind Sie bereit f\u00fcr einen <strong>halben Tag?<\/strong> Nehmen Sie die <strong>Schleife des Kammwegs<\/strong> von Cogolin aus f\u00fcr eine herrliche Wanderung durch den Wald der Mauren. In Grimaud ist der <strong>Feenpfad <\/strong>entlang des Flusses La Garde ein Muss f\u00fcr die ganze Familie. Am Golf sollten Sie auch nicht den K\u00fcstenpfad verpassen, der Ihnen von Strand zu Strand die sch\u00f6nsten Aussichten auf das Mittelmeer bietet.<\/p>\n<\/div>\n<\/div>\n\n\r\n    <\/div>\r\n<\/section><section id=\"ls-section-block_d73fce567627ed0d2b78d3aca87811ce\" class=\"ls-section  home-fourth page-three has-background-image has-parallax\" >\r\n    <div class=\"ls-section__background-image opacity-90\"><img decoding=\"async\" src=\"https:\/\/www.marinahotelclub.com\/wp-content\/uploads\/2024\/04\/chateau-Grimaud-Cote-Azur.webp\" alt=\"\"><\/div>    <div class=\"container container--wide\">\r\n        \n\n<h2 class=\"ls__heading wp-block-heading\">Schloss in der N\u00e4he des Hotels zu besichtigen<\/h2>\n\n\n\n<div class=\"wp-block-columns is-layout-flex wp-container-core-columns-is-layout-9d6595d7 wp-block-columns-is-layout-flex\">\n<div class=\"wp-block-column is-layout-flow wp-block-column-is-layout-flow\">\n<p class=\"ls-paragraph\">Die Franz\u00f6sische Riviera ist von einer <strong>turbulenten Geschichte<\/strong> gepr\u00e4gt und es gibt viele <strong>Spuren der Vergangenheit zu besichtigen<\/strong>.<\/p>\n\n\n\n<p class=\"ls-paragraph\">Die <strong>Zitadelle von Saint-Tropez<\/strong> ist ein Muss, ebenso wie das <strong>Ch\u00e2teau de la Napoule in Mandelieu<\/strong>, eine alte mittelalterliche Festung mit T\u00fcrmen aus rotem Stein. Entdecken Sie auch die \u00dcberreste des Schlosses von <strong>Grimaud<\/strong>, das Schloss <strong>von Roquebrune<\/strong> mit seinen Panoramablicken oder das <strong>Schloss Grimaldi Museum <\/strong>in Cagnes-sur-Mer.<\/p>\n<\/div>\n\n\n\n<div class=\"wp-block-column is-layout-flow wp-block-column-is-layout-flow\">\n<p class=\"ls-paragraph\">Unter den Schl\u00f6ssern des Var gibt es auch<strong> viele Weing\u00fcter:<\/strong> Im Ch\u00e2teau de Cr\u00e9mat, in Le Bastidon, in Les Garcini\u00e8res, in Le Bellet oder im Ch\u00e2teau de Br\u00e9gan\u00e7on k\u00f6nnen Sie architektonisches Interesse mit Gaumenfreuden verbinden!<\/p>\n<\/div>\n<\/div>\n\n\r\n    <\/div>\r\n<\/section><section id=\"ls-section-block_25480781eb831e7d8db169cd00527f94\" class=\"ls-section  home-second page-two\" >\r\n        <div class=\"container container--wide\">\r\n        \n\n<div class=\"wp-block-columns are-vertically-aligned-center is-layout-flex wp-container-core-columns-is-layout-9d6595d7 wp-block-columns-is-layout-flex\">\n<div class=\"wp-block-column is-vertically-aligned-center is-layout-flow wp-block-column-is-layout-flow\" style=\"flex-basis:40%\">\n<h2 class=\"ls__heading wp-block-heading\">M\u00e4rkte an der Franz\u00f6sische Riviera<\/h2>\n\n\n\n<p class=\"ls-paragraph\">Entdecken Sie in Ihrem Urlaub in einem<a href=\"https:\/\/www.marinahotelclub.com\/de\/\">Hotel in der N\u00e4he von Saint-Tropez<\/a> die<strong> sch\u00f6nsten M\u00e4rkte der Franz\u00f6sische Riviera <\/strong>und decken Sie sich mit <strong>lokalen Produkten<\/strong> ein! Der Marina H\u00f4tel Club ist ideal gelegen, wenn Sie gerne zwischen den St\u00e4nden bummeln und das<strong>Treiben auf den provenzalischen M\u00e4rkten<\/strong> genie\u00dfen m\u00f6chten.<\/p>\n\n\n\n<p class=\"ls-paragraph\">Jeder dieser provenzalischen M\u00e4rkte hat einzigartige Attraktionen, die die Sinne fesseln und den Besuchern ein authentisches und unvergessliches Erlebnis der Region bieten:<\/p>\n\n\n\r\n<div class=\"ls-lire-plus\">\r\n    <input id=\"ls-lire-plus-block_8f6fe5cd2da69a5ea8be899b809192686a0484259d1a3\" type=\"checkbox\" class=\"ls-lire-plus__toggle\"  \/>\r\n    <label for=\"ls-lire-plus-block_8f6fe5cd2da69a5ea8be899b809192686a0484259d1a3\" class=\"ls-lire-plus__toggle-label\">\r\n        <span>Lesen Sie mehr<\/span>\r\n        <span>Lesen Sie mehr<\/span>\r\n    <\/label>\r\n    <div class=\"ls-lire-plus__content\">\r\n        \n\n<ul class=\"ls-list wp-block-list\">\n<li><strong>Markt in Port Grimaud:<\/strong> Hier finden Sie frische lokale Produkte, regionale Spezialit\u00e4ten und eine Auswahl an provenzalischem Kunsthandwerk.<\/li>\n<\/ul>\n\n\n\n<ul class=\"ls-list wp-block-list\">\n<li><strong>Markt von Cogolin:<\/strong> Der Markt von Cogolin ist f\u00fcr seine Authentizit\u00e4t und die Qualit\u00e4t seiner Produkte bekannt. Es ist besonders bekannt f\u00fcr das lokale Kunsthandwerk, einschlie\u00dflich der Cogolin-Pfeifen und Wandteppiche, und bietet somit einen einzigartigen kulturellen Touch. Regionale Produkte wie Honig, Oliven und K\u00e4se werden ebenfalls angeboten.<\/li>\n<\/ul>\n\n\n\n<ul class=\"ls-list wp-block-list\">\n<li><strong>Markt von Saint-Tropez: <\/strong>Dieser Markt ist der bevorzugte Ort, um Modeartikel und Kunstwerke zu finden.  <\/li>\n<\/ul>\n\n\n\n<ul class=\"ls-list wp-block-list\">\n<li><strong>Markt von Sainte-Maxime: <\/strong>Dieser Markt bezaubert durch seine freundliche Atmosph\u00e4re und seine Produktvielfalt. Von der lokalen Gastronomie \u00fcber die Weine der Provence bis hin zu frischen Meeresfr\u00fcchten ist dies eine Feier der mediterranen Aromen. Es bietet auch die M\u00f6glichkeit, typische Gerichte in einer bezaubernden Umgebung zu probieren.<\/li>\n<\/ul>\n\n\n\n<ul class=\"ls-list wp-block-list\">\n<li><strong>March\u00e9 des Issambres: <\/strong>Der Markt von Les Issambres besticht durch seine intimere Atmosph\u00e4re und seine Lage entlang der K\u00fcste. Dies ist der ideale Ort, um die unvergleichlich frischen Meeresprodukte und das Obst und Gem\u00fcse der Saison zu entdecken. Dieser Markt ist ein ruhiger Ort f\u00fcr diejenigen, die den Trubel der gro\u00dfen M\u00e4rkte meiden und die Meeresbrise genie\u00dfen m\u00f6chten.<\/li>\n<\/ul>\n\n        <div class=\"ls-lire-plus__gradient\" style=\"background: linear-gradient(to bottom,rgba(10,10,10,0) 0%,rgba(10,10,10,1) 100%);\"><\/div>\r\n    <\/div>\r\n<\/div><\/div>\n\n\n\n<div class=\"wp-block-column is-vertically-aligned-center is-layout-flow wp-block-column-is-layout-flow\" style=\"flex-basis:60%\">\n<figure class=\"wp-block-gallery has-nested-images columns-default is-cropped animated fadeInRight slow wp-block-gallery-2 is-layout-flex wp-block-gallery-is-layout-flex\">\n<figure class=\"wp-block-image size-full\"><a href=\"https:\/\/www.marinahotelclub.com\/wp-content\/uploads\/2024\/04\/poterie-artisanat-Provence.webp\"><img decoding=\"async\" width=\"1920\" height=\"1200\" data-id=\"961\" src=\"https:\/\/www.marinahotelclub.com\/wp-content\/uploads\/2024\/04\/poterie-artisanat-Provence.webp\" alt=\"T&#xF6;pferei-Handwerk-Provence\" class=\"wp-image-961\" srcset=\"https:\/\/www.marinahotelclub.com\/wp-content\/uploads\/2024\/04\/poterie-artisanat-Provence.webp 1920w, https:\/\/www.marinahotelclub.com\/wp-content\/uploads\/2024\/04\/poterie-artisanat-Provence-300x188.webp 300w, https:\/\/www.marinahotelclub.com\/wp-content\/uploads\/2024\/04\/poterie-artisanat-Provence-1024x640.webp 1024w, https:\/\/www.marinahotelclub.com\/wp-content\/uploads\/2024\/04\/poterie-artisanat-Provence-768x480.webp 768w, https:\/\/www.marinahotelclub.com\/wp-content\/uploads\/2024\/04\/poterie-artisanat-Provence-1536x960.webp 1536w\" sizes=\"(max-width: 1920px) 100vw, 1920px\" \/><\/a><\/figure>\n<\/figure>\n<\/div>\n<\/div>\n\n\r\n    <\/div>\r\n<\/section><section id=\"ls-section-block_921a7363be1f59c3d9b7846ba97de982\" class=\"ls-section  page-cta\" >\r\n        <div class=\"container container--wide\">\r\n        \n\r\n<div id=\"ls-heading ls-titre-div-block_ca8c91bfc4cde59ebe3391fe90677ee7\" class=\"ls-titre-div aligncenter h2-like\" >\r\n    Entdecken Sie die St\u00e4dte in der N\u00e4he des Hotels<\/div>\r\n\n\n<div id=\"ls-maillage-block_421746a80e7595648665db6441130b8f\" class=\"ls-maillage cta-style-normal\" data-rows=\"3\">\r\n    <div class=\"wp-block-columns\"><div class=\"wp-block-column\">\r\n\r\n<a href=\"https:\/\/www.marinahotelclub.com\/de\/hotel-grimaud\/\" target=\"\" rel=\"noopener\" class=\"ls-cta__link\" data-categ=\"\">\r\n\t<div class=\"ls-cta__image\"><img decoding=\"async\" src=\"https:\/\/www.marinahotelclub.com\/wp-content\/uploads\/2024\/03\/grimaud-marina-hotel-club-scaled.webp\" alt=\"\"><\/div>\r\n\t<div class=\"ls-cta__title\">\r\n\t\tGrimaud\t<\/div>\r\n\r\n\t<\/a><\/div><div class=\"wp-block-column\">\r\n\r\n<a href=\"https:\/\/www.marinahotelclub.com\/de\/tourismus-saint-tropez\/\" target=\"\" rel=\"noopener\" class=\"ls-cta__link\" data-categ=\"\">\r\n\t<div class=\"ls-cta__image\"><img decoding=\"async\" src=\"https:\/\/www.marinahotelclub.com\/wp-content\/uploads\/2024\/03\/st-tropez-marina-hotel-club.webp\" alt=\"\"><\/div>\r\n\t<div class=\"ls-cta__title\">\r\n\t\tSaint-Tropez\t<\/div>\r\n\r\n\t<\/a><\/div><div class=\"wp-block-column\">\r\n\r\n<a href=\"https:\/\/www.marinahotelclub.com\/de\/hotel-sainte-maxime\/\" target=\"\" rel=\"noopener\" class=\"ls-cta__link\" data-categ=\"\">\r\n\t<div class=\"ls-cta__image\"><img decoding=\"async\" src=\"https:\/\/www.marinahotelclub.com\/wp-content\/uploads\/2024\/04\/port-Sainte-Maxime.webp\" alt=\"Sainte-Maxime\"><\/div>\r\n\t<div class=\"ls-cta__title\">\r\n\t\tSainte-Maxime\t<\/div>\r\n\r\n\t<\/a><\/div><\/div><\/div>\n\r\n    <\/div>\r\n<\/section>","protected":false},"excerpt":{"rendered":"","protected":false},"author":1,"featured_media":969,"parent":0,"menu_order":0,"comment_status":"closed","ping_status":"closed","template":"","meta":{"_acf_changed":false,"footnotes":""},"sujet":[],"class_list":["post-1082","page","type-page","status-publish","has-post-thumbnail","hentry"],"acf":[],"yoast_head":"<!-- This site is optimized with the Yoast SEO plugin v22.6 - https:\/\/yoast.com\/wordpress\/plugins\/seo\/ -->\n<title>Unverzichtbare Aktivit\u00e4ten und Besichtigungen an der Franz\u00f6sische Riviera<\/title>\n<meta name=\"description\" content=\"Gehen Sie wandern, besuchen Sie Schl\u00f6sser und M\u00e4rkte in der N\u00e4he Ihres Hotels an der Franz\u00f6sische Riviera f\u00fcr einen Aufenthalt voller Abenteuer und lokaler Entdeckungen.\" \/>\n<meta name=\"robots\" content=\"index, follow, max-snippet:-1, max-image-preview:large, max-video-preview:-1\" \/>\n<link rel=\"canonical\" href=\"https:\/\/www.marinahotelclub.com\/de\/aktivitaten-franzosische-riviera\/\" \/>\n<meta property=\"og:locale\" content=\"de_DE\" \/>\n<meta property=\"og:type\" content=\"article\" \/>\n<meta property=\"og:title\" content=\"Unverzichtbare Aktivit\u00e4ten und Besichtigungen an der Franz\u00f6sische Riviera\" \/>\n<meta property=\"og:description\" content=\"Gehen Sie wandern, besuchen Sie Schl\u00f6sser und M\u00e4rkte in der N\u00e4he Ihres Hotels an der Franz\u00f6sische Riviera f\u00fcr einen Aufenthalt voller Abenteuer und lokaler Entdeckungen.\" \/>\n<meta property=\"og:url\" content=\"https:\/\/www.marinahotelclub.com\/de\/aktivitaten-franzosische-riviera\/\" \/>\n<meta property=\"og:site_name\" content=\"H\u00f4tel Marina Paradise\" \/>\n<meta property=\"article:modified_time\" content=\"2024-04-25T09:51:19+00:00\" \/>\n<meta property=\"og:image\" content=\"https:\/\/www.marinahotelclub.com\/wp-content\/uploads\/2024\/04\/plage-de-lEscalet-Ramatuelle-Cote-Azur.webp\" \/>\n\t<meta property=\"og:image:width\" content=\"2000\" \/>\n\t<meta property=\"og:image:height\" content=\"1125\" \/>\n\t<meta property=\"og:image:type\" content=\"image\/webp\" \/>\n<meta name=\"twitter:card\" content=\"summary_large_image\" \/>\n<meta name=\"twitter:label1\" content=\"Gesch\u00e4tzte Lesezeit\" \/>\n\t<meta name=\"twitter:data1\" content=\"3\u00a0Minuten\" \/>\n<script type=\"application\/ld+json\" class=\"yoast-schema-graph\">{\"@context\":\"https:\/\/schema.org\",\"@graph\":[{\"@type\":\"WebPage\",\"@id\":\"https:\/\/www.marinahotelclub.com\/de\/aktivitaten-franzosische-riviera\/\",\"url\":\"https:\/\/www.marinahotelclub.com\/de\/aktivitaten-franzosische-riviera\/\",\"name\":\"Unverzichtbare Aktivit\u00e4ten und Besichtigungen an der Franz\u00f6sische Riviera\",\"isPartOf\":{\"@id\":\"https:\/\/www.marinahotelclub.com\/de\/#website\"},\"primaryImageOfPage\":{\"@id\":\"https:\/\/www.marinahotelclub.com\/de\/aktivitaten-franzosische-riviera\/#primaryimage\"},\"image\":{\"@id\":\"https:\/\/www.marinahotelclub.com\/de\/aktivitaten-franzosische-riviera\/#primaryimage\"},\"thumbnailUrl\":\"https:\/\/www.marinahotelclub.com\/wp-content\/uploads\/2024\/04\/plage-de-lEscalet-Ramatuelle-Cote-Azur.webp\",\"datePublished\":\"2024-03-28T13:48:03+00:00\",\"dateModified\":\"2024-04-25T09:51:19+00:00\",\"description\":\"Gehen Sie wandern, besuchen Sie Schl\u00f6sser und M\u00e4rkte in der N\u00e4he Ihres Hotels an der Franz\u00f6sische Riviera f\u00fcr einen Aufenthalt voller Abenteuer und lokaler Entdeckungen.\",\"breadcrumb\":{\"@id\":\"https:\/\/www.marinahotelclub.com\/de\/aktivitaten-franzosische-riviera\/#breadcrumb\"},\"inLanguage\":\"de\",\"potentialAction\":[{\"@type\":\"ReadAction\",\"target\":[\"https:\/\/www.marinahotelclub.com\/de\/aktivitaten-franzosische-riviera\/\"]}]},{\"@type\":\"ImageObject\",\"inLanguage\":\"de\",\"@id\":\"https:\/\/www.marinahotelclub.com\/de\/aktivitaten-franzosische-riviera\/#primaryimage\",\"url\":\"https:\/\/www.marinahotelclub.com\/wp-content\/uploads\/2024\/04\/plage-de-lEscalet-Ramatuelle-Cote-Azur.webp\",\"contentUrl\":\"https:\/\/www.marinahotelclub.com\/wp-content\/uploads\/2024\/04\/plage-de-lEscalet-Ramatuelle-Cote-Azur.webp\",\"width\":2000,\"height\":1125},{\"@type\":\"BreadcrumbList\",\"@id\":\"https:\/\/www.marinahotelclub.com\/de\/aktivitaten-franzosische-riviera\/#breadcrumb\",\"itemListElement\":[{\"@type\":\"ListItem\",\"position\":1,\"name\":\"Marina H\u00f4tel Club\",\"item\":\"https:\/\/www.marinahotelclub.com\/de\/\"},{\"@type\":\"ListItem\",\"position\":2,\"name\":\"Aktivit\u00e4ten und Besuche\"}]},{\"@type\":\"WebSite\",\"@id\":\"https:\/\/www.marinahotelclub.com\/de\/#website\",\"url\":\"https:\/\/www.marinahotelclub.com\/de\/\",\"name\":\"H\u00f4tel Marina Paradise\",\"description\":\"\",\"publisher\":{\"@id\":\"https:\/\/www.marinahotelclub.com\/de\/#organization\"},\"inLanguage\":\"de\"},{\"@type\":\"Organization\",\"@id\":\"https:\/\/www.marinahotelclub.com\/de\/#organization\",\"name\":\"H\u00f4tel Marina Paradise\",\"url\":\"https:\/\/www.marinahotelclub.com\/de\/\",\"logo\":{\"@type\":\"ImageObject\",\"inLanguage\":\"de\",\"@id\":\"https:\/\/www.marinahotelclub.com\/de\/#\/schema\/logo\/image\/\",\"url\":\"https:\/\/www.marinahotelclub.com\/wp-content\/uploads\/2024\/03\/logo-marina-hotel-club.webp\",\"contentUrl\":\"https:\/\/www.marinahotelclub.com\/wp-content\/uploads\/2024\/03\/logo-marina-hotel-club.webp\",\"width\":686,\"height\":421,\"caption\":\"H\u00f4tel Marina Paradise\"},\"image\":{\"@id\":\"https:\/\/www.marinahotelclub.com\/de\/#\/schema\/logo\/image\/\"}}]}<\/script>\n<!-- \/ Yoast SEO plugin. -->","yoast_head_json":{"title":"Unverzichtbare Aktivit\u00e4ten und Besichtigungen an der Franz\u00f6sische Riviera","description":"Gehen Sie wandern, besuchen Sie Schl\u00f6sser und M\u00e4rkte in der N\u00e4he Ihres Hotels an der Franz\u00f6sische Riviera f\u00fcr einen Aufenthalt voller Abenteuer und lokaler Entdeckungen.","robots":{"index":"index","follow":"follow","max-snippet":"max-snippet:-1","max-image-preview":"max-image-preview:large","max-video-preview":"max-video-preview:-1"},"canonical":"https:\/\/www.marinahotelclub.com\/de\/aktivitaten-franzosische-riviera\/","og_locale":"de_DE","og_type":"article","og_title":"Unverzichtbare Aktivit\u00e4ten und Besichtigungen an der Franz\u00f6sische Riviera","og_description":"Gehen Sie wandern, besuchen Sie Schl\u00f6sser und M\u00e4rkte in der N\u00e4he Ihres Hotels an der Franz\u00f6sische Riviera f\u00fcr einen Aufenthalt voller Abenteuer und lokaler Entdeckungen.","og_url":"https:\/\/www.marinahotelclub.com\/de\/aktivitaten-franzosische-riviera\/","og_site_name":"H\u00f4tel Marina Paradise","article_modified_time":"2024-04-25T09:51:19+00:00","og_image":[{"width":2000,"height":1125,"url":"https:\/\/www.marinahotelclub.com\/wp-content\/uploads\/2024\/04\/plage-de-lEscalet-Ramatuelle-Cote-Azur.webp","type":"image\/webp"}],"twitter_card":"summary_large_image","twitter_misc":{"Gesch\u00e4tzte Lesezeit":"3\u00a0Minuten"},"schema":{"@context":"https:\/\/schema.org","@graph":[{"@type":"WebPage","@id":"https:\/\/www.marinahotelclub.com\/de\/aktivitaten-franzosische-riviera\/","url":"https:\/\/www.marinahotelclub.com\/de\/aktivitaten-franzosische-riviera\/","name":"Unverzichtbare Aktivit\u00e4ten und Besichtigungen an der Franz\u00f6sische Riviera","isPartOf":{"@id":"https:\/\/www.marinahotelclub.com\/de\/#website"},"primaryImageOfPage":{"@id":"https:\/\/www.marinahotelclub.com\/de\/aktivitaten-franzosische-riviera\/#primaryimage"},"image":{"@id":"https:\/\/www.marinahotelclub.com\/de\/aktivitaten-franzosische-riviera\/#primaryimage"},"thumbnailUrl":"https:\/\/www.marinahotelclub.com\/wp-content\/uploads\/2024\/04\/plage-de-lEscalet-Ramatuelle-Cote-Azur.webp","datePublished":"2024-03-28T13:48:03+00:00","dateModified":"2024-04-25T09:51:19+00:00","description":"Gehen Sie wandern, besuchen Sie Schl\u00f6sser und M\u00e4rkte in der N\u00e4he Ihres Hotels an der Franz\u00f6sische Riviera f\u00fcr einen Aufenthalt voller Abenteuer und lokaler Entdeckungen.","breadcrumb":{"@id":"https:\/\/www.marinahotelclub.com\/de\/aktivitaten-franzosische-riviera\/#breadcrumb"},"inLanguage":"de","potentialAction":[{"@type":"ReadAction","target":["https:\/\/www.marinahotelclub.com\/de\/aktivitaten-franzosische-riviera\/"]}]},{"@type":"ImageObject","inLanguage":"de","@id":"https:\/\/www.marinahotelclub.com\/de\/aktivitaten-franzosische-riviera\/#primaryimage","url":"https:\/\/www.marinahotelclub.com\/wp-content\/uploads\/2024\/04\/plage-de-lEscalet-Ramatuelle-Cote-Azur.webp","contentUrl":"https:\/\/www.marinahotelclub.com\/wp-content\/uploads\/2024\/04\/plage-de-lEscalet-Ramatuelle-Cote-Azur.webp","width":2000,"height":1125},{"@type":"BreadcrumbList","@id":"https:\/\/www.marinahotelclub.com\/de\/aktivitaten-franzosische-riviera\/#breadcrumb","itemListElement":[{"@type":"ListItem","position":1,"name":"Marina H\u00f4tel Club","item":"https:\/\/www.marinahotelclub.com\/de\/"},{"@type":"ListItem","position":2,"name":"Aktivit\u00e4ten und Besuche"}]},{"@type":"WebSite","@id":"https:\/\/www.marinahotelclub.com\/de\/#website","url":"https:\/\/www.marinahotelclub.com\/de\/","name":"H\u00f4tel Marina Paradise","description":"","publisher":{"@id":"https:\/\/www.marinahotelclub.com\/de\/#organization"},"inLanguage":"de"},{"@type":"Organization","@id":"https:\/\/www.marinahotelclub.com\/de\/#organization","name":"H\u00f4tel Marina Paradise","url":"https:\/\/www.marinahotelclub.com\/de\/","logo":{"@type":"ImageObject","inLanguage":"de","@id":"https:\/\/www.marinahotelclub.com\/de\/#\/schema\/logo\/image\/","url":"https:\/\/www.marinahotelclub.com\/wp-content\/uploads\/2024\/03\/logo-marina-hotel-club.webp","contentUrl":"https:\/\/www.marinahotelclub.com\/wp-content\/uploads\/2024\/03\/logo-marina-hotel-club.webp","width":686,"height":421,"caption":"H\u00f4tel Marina Paradise"},"image":{"@id":"https:\/\/www.marinahotelclub.com\/de\/#\/schema\/logo\/image\/"}}]}},"_links":{"self":[{"href":"https:\/\/www.marinahotelclub.com\/de\/wp-json\/wp\/v2\/pages\/1082","targetHints":{"allow":["GET"]}}],"collection":[{"href":"https:\/\/www.marinahotelclub.com\/de\/wp-json\/wp\/v2\/pages"}],"about":[{"href":"https:\/\/www.marinahotelclub.com\/de\/wp-json\/wp\/v2\/types\/page"}],"author":[{"embeddable":true,"href":"https:\/\/www.marinahotelclub.com\/de\/wp-json\/wp\/v2\/users\/1"}],"replies":[{"embeddable":true,"href":"https:\/\/www.marinahotelclub.com\/de\/wp-json\/wp\/v2\/comments?post=1082"}],"version-history":[{"count":6,"href":"https:\/\/www.marinahotelclub.com\/de\/wp-json\/wp\/v2\/pages\/1082\/revisions"}],"predecessor-version":[{"id":1440,"href":"https:\/\/www.marinahotelclub.com\/de\/wp-json\/wp\/v2\/pages\/1082\/revisions\/1440"}],"wp:featuredmedia":[{"embeddable":true,"href":"https:\/\/www.marinahotelclub.com\/de\/wp-json\/wp\/v2\/media\/969"}],"wp:attachment":[{"href":"https:\/\/www.marinahotelclub.com\/de\/wp-json\/wp\/v2\/media?parent=1082"}],"wp:term":[{"taxonomy":"sujet","embeddable":true,"href":"https:\/\/www.marinahotelclub.com\/de\/wp-json\/wp\/v2\/sujet?post=1082"}],"curies":[{"name":"wp","href":"https:\/\/api.w.org\/{rel}","templated":true}]}}