{"id":1094,"date":"2024-04-17T16:24:15","date_gmt":"2024-04-17T14:24:15","guid":{"rendered":"https:\/\/www.marinahotelclub.com\/hotel-animations-saint-tropez\/"},"modified":"2024-04-25T11:49:14","modified_gmt":"2024-04-25T09:49:14","slug":"hotel-animations-saint-tropez","status":"publish","type":"page","link":"https:\/\/www.marinahotelclub.com\/de\/hotel-animations-saint-tropez\/","title":{"rendered":"Aktivit\u00e4ten und Animationen"},"content":{"rendered":"<section id=\"kids-club\" class=\"ls-section  home-first page-one\" >\r\n        <div class=\"container container--wide\">\r\n        \n\n<h1 class=\"ls__heading wp-block-heading has-text-align-center\">Die Animationen des Hotels an der Franz\u00f6sische Riviera<\/h1>\n\n\n\n<div class=\"wp-block-columns are-vertically-aligned-center is-layout-flex wp-container-core-columns-is-layout-9d6595d7 wp-block-columns-is-layout-flex\">\n<div class=\"wp-block-column is-vertically-aligned-center is-layout-flow wp-block-column-is-layout-flow\" style=\"flex-basis:60%\">\n<figure class=\"wp-block-gallery has-nested-images columns-default is-cropped wp-block-gallery-1 is-layout-flex wp-block-gallery-is-layout-flex\">\n<figure class=\"wp-block-image size-full animated fadeIn slow\"><a href=\"https:\/\/www.marinahotelclub.com\/wp-content\/uploads\/2024\/04\/aire-jeux-camping-hotel-Cote-Azur.webp\"><img decoding=\"async\" width=\"2000\" height=\"1334\" data-id=\"734\" src=\"https:\/\/www.marinahotelclub.com\/wp-content\/uploads\/2024\/04\/aire-jeux-camping-hotel-Cote-Azur.webp\" alt=\"Spielplatz Camping Hotel Franz&#xF6;sische Riviera\" class=\"wp-image-734\" srcset=\"https:\/\/www.marinahotelclub.com\/wp-content\/uploads\/2024\/04\/aire-jeux-camping-hotel-Cote-Azur.webp 2000w, https:\/\/www.marinahotelclub.com\/wp-content\/uploads\/2024\/04\/aire-jeux-camping-hotel-Cote-Azur-300x200.webp 300w, https:\/\/www.marinahotelclub.com\/wp-content\/uploads\/2024\/04\/aire-jeux-camping-hotel-Cote-Azur-1024x683.webp 1024w, https:\/\/www.marinahotelclub.com\/wp-content\/uploads\/2024\/04\/aire-jeux-camping-hotel-Cote-Azur-768x512.webp 768w, https:\/\/www.marinahotelclub.com\/wp-content\/uploads\/2024\/04\/aire-jeux-camping-hotel-Cote-Azur-1536x1025.webp 1536w\" sizes=\"(max-width: 2000px) 100vw, 2000px\" \/><\/a><\/figure>\n\n\n\n<figure class=\"wp-block-image size-full animated fadeIn delay-200ms slow\"><a href=\"https:\/\/www.marinahotelclub.com\/wp-content\/uploads\/2024\/04\/enfants-peinture-activites-creatives.webp\"><img decoding=\"async\" width=\"1500\" height=\"938\" data-id=\"1406\" src=\"https:\/\/www.marinahotelclub.com\/wp-content\/uploads\/2024\/04\/enfants-peinture-activites-creatives.webp\" alt=\"kinder-malerei-kreative-aktivit&#xE4;ten\" class=\"wp-image-1406\" srcset=\"https:\/\/www.marinahotelclub.com\/wp-content\/uploads\/2024\/04\/enfants-peinture-activites-creatives.webp 1500w, https:\/\/www.marinahotelclub.com\/wp-content\/uploads\/2024\/04\/enfants-peinture-activites-creatives-300x188.webp 300w, https:\/\/www.marinahotelclub.com\/wp-content\/uploads\/2024\/04\/enfants-peinture-activites-creatives-1024x640.webp 1024w, https:\/\/www.marinahotelclub.com\/wp-content\/uploads\/2024\/04\/enfants-peinture-activites-creatives-768x480.webp 768w\" sizes=\"(max-width: 1500px) 100vw, 1500px\" \/><\/a><\/figure>\n<\/figure>\n<\/div>\n\n\n\n<div class=\"wp-block-column is-vertically-aligned-center is-layout-flow wp-block-column-is-layout-flow\" style=\"flex-basis:40%\">\n<h2 class=\"ls__heading wp-block-heading\"><strong>Kids Club<\/strong>, Kreativit\u00e4t und Spa\u00df f\u00fcr Ihre Kinder<\/h2>\n\n\n\n<p class=\"ls-paragraph\">Sind Sie mit Ihrer Familie in Saint-Tropez? Wenn Sie Ihre Kinder dem Animationsteam Ihres <a href=\"https:\/\/www.marinahotelclub.com\/de\/\">Hotels an der Franz\u00f6sische Riviera<\/a> anvertrauen, k\u00f6nnen Sie sich Zeit zu zweit g\u00f6nnen und sicher sein, dass Ihre Kinder Spa\u00df haben.<\/p>\n\n\n\n<p class=\"ls-paragraph\">Verzichten Sie nicht auf den Komfort eines Hotels, nur weil Sie einen Urlaubsort mit Animation suchen! Im Marina Hotel Club k\u00fcmmert sich der <strong>Kids <\/strong>Club um die Kleinen und der<strong> Teens Club<\/strong> um die Gr\u00f6\u00dferen.<\/p>\n<\/div>\n<\/div>\n\n\r\n    <\/div>\r\n<\/section><section id=\"animations-familiales\" class=\"ls-section  home-second page-two\" >\r\n        <div class=\"container container--wide\">\r\n        \n\n<div class=\"wp-block-columns are-vertically-aligned-center is-layout-flex wp-container-core-columns-is-layout-9d6595d7 wp-block-columns-is-layout-flex\">\n<div class=\"wp-block-column is-vertically-aligned-center is-layout-flow wp-block-column-is-layout-flow\" style=\"flex-basis:40%\">\n<h2 class=\"ls__heading wp-block-heading\">Familienunterhaltung im Hotel in Saint-Tropez<\/h2>\n\n\n\n<p class=\"ls-paragraph\">In Ihrem Clubhotel in Saint-Tropez genie\u00dfen Sie den gem\u00fctlichen Komfort und den <strong>Service<\/strong>, den Sie von einem Hotel gewohnt sind, mit der <strong>Unterhaltung<\/strong> und den Einrichtungen, die Sie auf einem Campingplatz sch\u00e4tzen.<\/p>\n\n\n\n<p class=\"ls-paragraph\">Genie\u00dfen Sie abends oder tags\u00fcber die<strong> sportliche Unterhaltung<\/strong>, die von unserem Team angeboten wird, und eine gro\u00dfe Auswahl an Aktivit\u00e4ten, die Sie vor Ort entdecken k\u00f6nnen. <strong>Konzerte, Shows<\/strong>&#8230; Buchen Sie Ihr Zimmer in einem Hotel mit<strong> Animation f\u00fcr Erwachsene <\/strong>an der Franz\u00f6sische Riviera!<\/p>\n<\/div>\n\n\n\n<div class=\"wp-block-column is-vertically-aligned-center is-layout-flow wp-block-column-is-layout-flow\" style=\"flex-basis:60%\">\n<figure class=\"wp-block-gallery has-nested-images columns-default is-cropped animated fadeInRight slow wp-block-gallery-2 is-layout-flex wp-block-gallery-is-layout-flex\">\n<figure class=\"wp-block-image size-full\"><a href=\"https:\/\/www.marinahotelclub.com\/wp-content\/uploads\/2024\/04\/soirees-animationsfamiliales-hotel-Saint_tropez-Cote-Azur.webp\"><img decoding=\"async\" width=\"1440\" height=\"1440\" data-id=\"724\" src=\"https:\/\/www.marinahotelclub.com\/wp-content\/uploads\/2024\/04\/soirees-animationsfamiliales-hotel-Saint_tropez-Cote-Azur.webp\" alt=\"familien-animations-partys-hotel-Saint_tropez-Cote-Azur\" class=\"wp-image-724\" srcset=\"https:\/\/www.marinahotelclub.com\/wp-content\/uploads\/2024\/04\/soirees-animationsfamiliales-hotel-Saint_tropez-Cote-Azur.webp 1440w, https:\/\/www.marinahotelclub.com\/wp-content\/uploads\/2024\/04\/soirees-animationsfamiliales-hotel-Saint_tropez-Cote-Azur-300x300.webp 300w, https:\/\/www.marinahotelclub.com\/wp-content\/uploads\/2024\/04\/soirees-animationsfamiliales-hotel-Saint_tropez-Cote-Azur-1024x1024.webp 1024w, https:\/\/www.marinahotelclub.com\/wp-content\/uploads\/2024\/04\/soirees-animationsfamiliales-hotel-Saint_tropez-Cote-Azur-150x150.webp 150w, https:\/\/www.marinahotelclub.com\/wp-content\/uploads\/2024\/04\/soirees-animationsfamiliales-hotel-Saint_tropez-Cote-Azur-768x768.webp 768w\" sizes=\"(max-width: 1440px) 100vw, 1440px\" \/><\/a><\/figure>\n<\/figure>\n<\/div>\n<\/div>\n\n\r\n    <\/div>\r\n<\/section><section id=\"ls-section-block_deb0e8efd1e654b91ce3a6411764cdea\" class=\"ls-section  home-fourth page-three has-background-image has-parallax\" >\r\n    <div class=\"ls-section__background-image opacity-90\"><img decoding=\"async\" src=\"https:\/\/www.marinahotelclub.com\/wp-content\/uploads\/2024\/04\/structure-gonflable-jeux-anfants-cote-azur.webp\" alt=\"\"><\/div>    <div class=\"container container--wide\">\r\n        \n\n<h2 class=\"ls__heading wp-block-heading\">Kinderbereich, Spielplatz mit aufblasbaren Strukturen<\/h2>\n\n\n\n<div class=\"wp-block-columns is-layout-flex wp-container-core-columns-is-layout-9d6595d7 wp-block-columns-is-layout-flex\">\n<div class=\"wp-block-column is-layout-flow wp-block-column-is-layout-flow\">\n<p class=\"ls-paragraph\">Sie halten sich in der Nebensaison an der Franz\u00f6sische Riviera auf, aber Sie bef\u00fcrchten, dass ein Hotelaufenthalt f\u00fcr Ihre Kinder etwas langweilig sein k\u00f6nnte? Im Marina Hotel Club, einem Komplex mit Animation in Saint-Tropez, wird es ihnen nicht an Aktivit\u00e4ten fehlen!<\/p>\n<\/div>\n\n\n\n<div class=\"wp-block-column is-layout-flow wp-block-column-is-layout-flow\">\n<p class=\"ls-paragraph\">Es gibt einen kompletten <strong>Spielplatz <\/strong>mit<strong> sch\u00f6nen H\u00fc<\/strong> pfburgen und <strong>Rutschen:<\/strong> Lachen und Toben garantiert!<\/p>\n<\/div>\n<\/div>\n\n\r\n    <\/div>\r\n<\/section><section id=\"sport\" class=\"ls-section  home-first page-one\" >\r\n        <div class=\"container container--wide\">\r\n        \n\n<div class=\"wp-block-columns are-vertically-aligned-center is-layout-flex wp-container-core-columns-is-layout-9d6595d7 wp-block-columns-is-layout-flex\">\n<div class=\"wp-block-column is-vertically-aligned-center is-layout-flow wp-block-column-is-layout-flow\" style=\"flex-basis:60%\">\n<figure class=\"wp-block-gallery has-nested-images columns-default is-cropped wp-block-gallery-3 is-layout-flex wp-block-gallery-is-layout-flex\">\n<figure class=\"wp-block-image size-full animated fadeIn slow\"><a href=\"https:\/\/www.marinahotelclub.com\/wp-content\/uploads\/2024\/04\/homme-joue-terrain-tennis.webp\"><img decoding=\"async\" width=\"2000\" height=\"1333\" data-id=\"1386\" src=\"https:\/\/www.marinahotelclub.com\/wp-content\/uploads\/2024\/04\/homme-joue-terrain-tennis.webp\" alt=\"mann-spiel-platz-tennis\" class=\"wp-image-1386\" srcset=\"https:\/\/www.marinahotelclub.com\/wp-content\/uploads\/2024\/04\/homme-joue-terrain-tennis.webp 2000w, https:\/\/www.marinahotelclub.com\/wp-content\/uploads\/2024\/04\/homme-joue-terrain-tennis-300x200.webp 300w, https:\/\/www.marinahotelclub.com\/wp-content\/uploads\/2024\/04\/homme-joue-terrain-tennis-1024x682.webp 1024w, https:\/\/www.marinahotelclub.com\/wp-content\/uploads\/2024\/04\/homme-joue-terrain-tennis-768x512.webp 768w, https:\/\/www.marinahotelclub.com\/wp-content\/uploads\/2024\/04\/homme-joue-terrain-tennis-1536x1024.webp 1536w\" sizes=\"(max-width: 2000px) 100vw, 2000px\" \/><\/a><\/figure>\n\n\n\n<figure class=\"wp-block-image size-full animated fadeIn delay-200ms slow\"><a href=\"https:\/\/www.marinahotelclub.com\/wp-content\/uploads\/2024\/04\/volley-amis-jouent.webp\"><img decoding=\"async\" width=\"1500\" height=\"938\" data-id=\"1396\" src=\"https:\/\/www.marinahotelclub.com\/wp-content\/uploads\/2024\/04\/volley-amis-jouent.webp\" alt=\"Volleyball-Freunde spielen\" class=\"wp-image-1396\" srcset=\"https:\/\/www.marinahotelclub.com\/wp-content\/uploads\/2024\/04\/volley-amis-jouent.webp 1500w, https:\/\/www.marinahotelclub.com\/wp-content\/uploads\/2024\/04\/volley-amis-jouent-300x188.webp 300w, https:\/\/www.marinahotelclub.com\/wp-content\/uploads\/2024\/04\/volley-amis-jouent-1024x640.webp 1024w, https:\/\/www.marinahotelclub.com\/wp-content\/uploads\/2024\/04\/volley-amis-jouent-768x480.webp 768w\" sizes=\"(max-width: 1500px) 100vw, 1500px\" \/><\/a><\/figure>\n<\/figure>\n<\/div>\n\n\n\n<div class=\"wp-block-column is-vertically-aligned-center is-layout-flow wp-block-column-is-layout-flow\" style=\"flex-basis:40%\">\n<h2 class=\"ls__heading wp-block-heading\">Sport &amp; Freizeit im Hotel an der Franz\u00f6sische Riviera<\/h2>\n\n\n\n<p class=\"ls-paragraph\">Sie denken, dass f\u00fcr einen wirklich perfekten Urlaub ein <strong>Hotel mit Aktivit\u00e4ten an der C\u00f4te d&#8217;Azur<\/strong> ideal ist ? Im Marina Hotel Club finden Sie eine<strong> Reihe von Freizeit- <\/strong>und <strong>Sporteinrichtungen<\/strong>, um Ihre Erwartungen zu erf\u00fcllen.<\/p>\n\n\n\n<p class=\"ls-paragraph\">Ob Sonntagssportler oder erfahrener Athlet, nutzen Sie die <strong>Tennis-<\/strong> und <strong>Badmintonpl\u00e4tze<\/strong>, die <strong>Volleyball-<\/strong> und <strong>Beachvolleyballfelder<\/strong>, die <strong>Basketballk\u00f6rbe<\/strong>, die <strong>Fu\u00dfballpl\u00e4tze<\/strong> und die <strong>Tischtennisplatten <\/strong>. Kein Ball, kein Schl\u00e4ger? Wir leihen Ihnen das <strong>Material kostenlos <\/strong>!<\/p>\n<\/div>\n<\/div>\n\n\r\n    <\/div>\r\n<\/section><section id=\"ls-section-block_13f3cf9392a10fbca1b0155ef4dee58c\" class=\"ls-section  page-cta\" >\r\n        <div class=\"container container--wide\">\r\n        \n\r\n<div id=\"ls-heading ls-titre-div-block_35bf47296bd31f3657694ad3a297ab03\" class=\"ls-titre-div aligncenter h2-like\" >\r\n    Entdecken Sie den Pool, das Restaurant und unsere Dienstleistungen<\/div>\r\n\n\n<div id=\"ls-maillage-block_cccdea11eb09a1ad65b62eae290aa023\" class=\"ls-maillage cta-style-normal\" data-rows=\"3\">\r\n    <div class=\"wp-block-columns\"><div class=\"wp-block-column\">\r\n\r\n<a href=\"https:\/\/www.marinahotelclub.com\/de\/hotel-pool-saint-tropez\/\" target=\"\" rel=\"noopener\" class=\"ls-cta__link\" data-categ=\"\">\r\n\t<div class=\"ls-cta__image\"><img decoding=\"async\" src=\"https:\/\/www.marinahotelclub.com\/wp-content\/uploads\/2024\/04\/detente-piscine.webp\" alt=\"\"><\/div>\r\n\t<div class=\"ls-cta__title\">\r\n\t\tDer Pool\t<\/div>\r\n\r\n\t<\/a><\/div><div class=\"wp-block-column\">\r\n\r\n<a href=\"https:\/\/www.marinahotelclub.com\/de\/restaurant-saint-tropez\/\" target=\"\" rel=\"noopener\" class=\"ls-cta__link\" data-categ=\"\">\r\n\t<div class=\"ls-cta__image\"><img decoding=\"async\" src=\"https:\/\/www.marinahotelclub.com\/wp-content\/uploads\/2024\/04\/salade-oeufs-restaurant-hotel-marina-paradise.webp\" alt=\"\"><\/div>\r\n\t<div class=\"ls-cta__title\">\r\n\t\tDas Restaurant\t<\/div>\r\n\r\n\t<\/a><\/div><div class=\"wp-block-column\">\r\n\r\n<a href=\"https:\/\/www.marinahotelclub.com\/de\/hotel-dienstleistungen-saint-tropez\/\" target=\"\" rel=\"noopener\" class=\"ls-cta__link\" data-categ=\"\">\r\n\t<div class=\"ls-cta__image\"><img decoding=\"async\" src=\"https:\/\/www.marinahotelclub.com\/wp-content\/uploads\/2024\/04\/reception-Marina-Hotel-Club.webp\" alt=\"\"><\/div>\r\n\t<div class=\"ls-cta__title\">\r\n\t\tUnsere Dienstleistungen\t<\/div>\r\n\r\n\t<\/a><\/div><\/div><\/div>\n\r\n    <\/div>\r\n<\/section>","protected":false},"excerpt":{"rendered":"","protected":false},"author":1,"featured_media":590,"parent":0,"menu_order":0,"comment_status":"closed","ping_status":"closed","template":"","meta":{"_acf_changed":false,"footnotes":""},"sujet":[],"class_list":["post-1094","page","type-page","status-publish","has-post-thumbnail","hentry"],"acf":[],"yoast_head":"<!-- This site is optimized with the Yoast SEO plugin v22.6 - https:\/\/yoast.com\/wordpress\/plugins\/seo\/ -->\n<title>Familienanimation und sportliche Aktivit\u00e4ten im Hotel in Saint-Tropez<\/title>\n<meta name=\"description\" content=\"Hotel mit Animation und Familienaktivit\u00e4ten in Saint-Tropez: Kids Club, Spielplatz, Sport- und Freizeitaktivit\u00e4ten.\" \/>\n<meta name=\"robots\" content=\"index, follow, max-snippet:-1, max-image-preview:large, max-video-preview:-1\" \/>\n<link rel=\"canonical\" href=\"https:\/\/www.marinahotelclub.com\/de\/hotel-animations-saint-tropez\/\" \/>\n<meta property=\"og:locale\" content=\"de_DE\" \/>\n<meta property=\"og:type\" content=\"article\" \/>\n<meta property=\"og:title\" content=\"Familienanimation und sportliche Aktivit\u00e4ten im Hotel in Saint-Tropez\" \/>\n<meta property=\"og:description\" content=\"Hotel mit Animation und Familienaktivit\u00e4ten in Saint-Tropez: Kids Club, Spielplatz, Sport- und Freizeitaktivit\u00e4ten.\" \/>\n<meta property=\"og:url\" content=\"https:\/\/www.marinahotelclub.com\/de\/hotel-animations-saint-tropez\/\" \/>\n<meta property=\"og:site_name\" content=\"H\u00f4tel Marina Paradise\" \/>\n<meta property=\"article:modified_time\" content=\"2024-04-25T09:49:14+00:00\" \/>\n<meta property=\"og:image\" content=\"https:\/\/www.marinahotelclub.com\/wp-content\/uploads\/2024\/04\/enfants-activite-lettres-animation.webp\" \/>\n\t<meta property=\"og:image:width\" content=\"1920\" \/>\n\t<meta property=\"og:image:height\" content=\"1200\" \/>\n\t<meta property=\"og:image:type\" content=\"image\/webp\" \/>\n<meta name=\"twitter:card\" content=\"summary_large_image\" \/>\n<meta name=\"twitter:label1\" content=\"Gesch\u00e4tzte Lesezeit\" \/>\n\t<meta name=\"twitter:data1\" content=\"2\u00a0Minuten\" \/>\n<script type=\"application\/ld+json\" class=\"yoast-schema-graph\">{\"@context\":\"https:\/\/schema.org\",\"@graph\":[{\"@type\":\"WebPage\",\"@id\":\"https:\/\/www.marinahotelclub.com\/de\/hotel-animations-saint-tropez\/\",\"url\":\"https:\/\/www.marinahotelclub.com\/de\/hotel-animations-saint-tropez\/\",\"name\":\"Familienanimation und sportliche Aktivit\u00e4ten im Hotel in Saint-Tropez\",\"isPartOf\":{\"@id\":\"https:\/\/www.marinahotelclub.com\/de\/#website\"},\"primaryImageOfPage\":{\"@id\":\"https:\/\/www.marinahotelclub.com\/de\/hotel-animations-saint-tropez\/#primaryimage\"},\"image\":{\"@id\":\"https:\/\/www.marinahotelclub.com\/de\/hotel-animations-saint-tropez\/#primaryimage\"},\"thumbnailUrl\":\"https:\/\/www.marinahotelclub.com\/wp-content\/uploads\/2024\/04\/enfants-activite-lettres-animation.webp\",\"datePublished\":\"2024-04-17T14:24:15+00:00\",\"dateModified\":\"2024-04-25T09:49:14+00:00\",\"description\":\"Hotel mit Animation und Familienaktivit\u00e4ten in Saint-Tropez: Kids Club, Spielplatz, Sport- und Freizeitaktivit\u00e4ten.\",\"breadcrumb\":{\"@id\":\"https:\/\/www.marinahotelclub.com\/de\/hotel-animations-saint-tropez\/#breadcrumb\"},\"inLanguage\":\"de\",\"potentialAction\":[{\"@type\":\"ReadAction\",\"target\":[\"https:\/\/www.marinahotelclub.com\/de\/hotel-animations-saint-tropez\/\"]}]},{\"@type\":\"ImageObject\",\"inLanguage\":\"de\",\"@id\":\"https:\/\/www.marinahotelclub.com\/de\/hotel-animations-saint-tropez\/#primaryimage\",\"url\":\"https:\/\/www.marinahotelclub.com\/wp-content\/uploads\/2024\/04\/enfants-activite-lettres-animation.webp\",\"contentUrl\":\"https:\/\/www.marinahotelclub.com\/wp-content\/uploads\/2024\/04\/enfants-activite-lettres-animation.webp\",\"width\":1920,\"height\":1200},{\"@type\":\"BreadcrumbList\",\"@id\":\"https:\/\/www.marinahotelclub.com\/de\/hotel-animations-saint-tropez\/#breadcrumb\",\"itemListElement\":[{\"@type\":\"ListItem\",\"position\":1,\"name\":\"Marina H\u00f4tel Club\",\"item\":\"https:\/\/www.marinahotelclub.com\/de\/\"},{\"@type\":\"ListItem\",\"position\":2,\"name\":\"Aktivit\u00e4ten & Animationen\"}]},{\"@type\":\"WebSite\",\"@id\":\"https:\/\/www.marinahotelclub.com\/de\/#website\",\"url\":\"https:\/\/www.marinahotelclub.com\/de\/\",\"name\":\"H\u00f4tel Marina Paradise\",\"description\":\"\",\"publisher\":{\"@id\":\"https:\/\/www.marinahotelclub.com\/de\/#organization\"},\"inLanguage\":\"de\"},{\"@type\":\"Organization\",\"@id\":\"https:\/\/www.marinahotelclub.com\/de\/#organization\",\"name\":\"H\u00f4tel Marina Paradise\",\"url\":\"https:\/\/www.marinahotelclub.com\/de\/\",\"logo\":{\"@type\":\"ImageObject\",\"inLanguage\":\"de\",\"@id\":\"https:\/\/www.marinahotelclub.com\/de\/#\/schema\/logo\/image\/\",\"url\":\"https:\/\/www.marinahotelclub.com\/wp-content\/uploads\/2024\/03\/logo-marina-hotel-club.webp\",\"contentUrl\":\"https:\/\/www.marinahotelclub.com\/wp-content\/uploads\/2024\/03\/logo-marina-hotel-club.webp\",\"width\":686,\"height\":421,\"caption\":\"H\u00f4tel Marina Paradise\"},\"image\":{\"@id\":\"https:\/\/www.marinahotelclub.com\/de\/#\/schema\/logo\/image\/\"}}]}<\/script>\n<!-- \/ Yoast SEO plugin. -->","yoast_head_json":{"title":"Familienanimation und sportliche Aktivit\u00e4ten im Hotel in Saint-Tropez","description":"Hotel mit Animation und Familienaktivit\u00e4ten in Saint-Tropez: Kids Club, Spielplatz, Sport- und Freizeitaktivit\u00e4ten.","robots":{"index":"index","follow":"follow","max-snippet":"max-snippet:-1","max-image-preview":"max-image-preview:large","max-video-preview":"max-video-preview:-1"},"canonical":"https:\/\/www.marinahotelclub.com\/de\/hotel-animations-saint-tropez\/","og_locale":"de_DE","og_type":"article","og_title":"Familienanimation und sportliche Aktivit\u00e4ten im Hotel in Saint-Tropez","og_description":"Hotel mit Animation und Familienaktivit\u00e4ten in Saint-Tropez: Kids Club, Spielplatz, Sport- und Freizeitaktivit\u00e4ten.","og_url":"https:\/\/www.marinahotelclub.com\/de\/hotel-animations-saint-tropez\/","og_site_name":"H\u00f4tel Marina Paradise","article_modified_time":"2024-04-25T09:49:14+00:00","og_image":[{"width":1920,"height":1200,"url":"https:\/\/www.marinahotelclub.com\/wp-content\/uploads\/2024\/04\/enfants-activite-lettres-animation.webp","type":"image\/webp"}],"twitter_card":"summary_large_image","twitter_misc":{"Gesch\u00e4tzte Lesezeit":"2\u00a0Minuten"},"schema":{"@context":"https:\/\/schema.org","@graph":[{"@type":"WebPage","@id":"https:\/\/www.marinahotelclub.com\/de\/hotel-animations-saint-tropez\/","url":"https:\/\/www.marinahotelclub.com\/de\/hotel-animations-saint-tropez\/","name":"Familienanimation und sportliche Aktivit\u00e4ten im Hotel in Saint-Tropez","isPartOf":{"@id":"https:\/\/www.marinahotelclub.com\/de\/#website"},"primaryImageOfPage":{"@id":"https:\/\/www.marinahotelclub.com\/de\/hotel-animations-saint-tropez\/#primaryimage"},"image":{"@id":"https:\/\/www.marinahotelclub.com\/de\/hotel-animations-saint-tropez\/#primaryimage"},"thumbnailUrl":"https:\/\/www.marinahotelclub.com\/wp-content\/uploads\/2024\/04\/enfants-activite-lettres-animation.webp","datePublished":"2024-04-17T14:24:15+00:00","dateModified":"2024-04-25T09:49:14+00:00","description":"Hotel mit Animation und Familienaktivit\u00e4ten in Saint-Tropez: Kids Club, Spielplatz, Sport- und Freizeitaktivit\u00e4ten.","breadcrumb":{"@id":"https:\/\/www.marinahotelclub.com\/de\/hotel-animations-saint-tropez\/#breadcrumb"},"inLanguage":"de","potentialAction":[{"@type":"ReadAction","target":["https:\/\/www.marinahotelclub.com\/de\/hotel-animations-saint-tropez\/"]}]},{"@type":"ImageObject","inLanguage":"de","@id":"https:\/\/www.marinahotelclub.com\/de\/hotel-animations-saint-tropez\/#primaryimage","url":"https:\/\/www.marinahotelclub.com\/wp-content\/uploads\/2024\/04\/enfants-activite-lettres-animation.webp","contentUrl":"https:\/\/www.marinahotelclub.com\/wp-content\/uploads\/2024\/04\/enfants-activite-lettres-animation.webp","width":1920,"height":1200},{"@type":"BreadcrumbList","@id":"https:\/\/www.marinahotelclub.com\/de\/hotel-animations-saint-tropez\/#breadcrumb","itemListElement":[{"@type":"ListItem","position":1,"name":"Marina H\u00f4tel Club","item":"https:\/\/www.marinahotelclub.com\/de\/"},{"@type":"ListItem","position":2,"name":"Aktivit\u00e4ten & Animationen"}]},{"@type":"WebSite","@id":"https:\/\/www.marinahotelclub.com\/de\/#website","url":"https:\/\/www.marinahotelclub.com\/de\/","name":"H\u00f4tel Marina Paradise","description":"","publisher":{"@id":"https:\/\/www.marinahotelclub.com\/de\/#organization"},"inLanguage":"de"},{"@type":"Organization","@id":"https:\/\/www.marinahotelclub.com\/de\/#organization","name":"H\u00f4tel Marina Paradise","url":"https:\/\/www.marinahotelclub.com\/de\/","logo":{"@type":"ImageObject","inLanguage":"de","@id":"https:\/\/www.marinahotelclub.com\/de\/#\/schema\/logo\/image\/","url":"https:\/\/www.marinahotelclub.com\/wp-content\/uploads\/2024\/03\/logo-marina-hotel-club.webp","contentUrl":"https:\/\/www.marinahotelclub.com\/wp-content\/uploads\/2024\/03\/logo-marina-hotel-club.webp","width":686,"height":421,"caption":"H\u00f4tel Marina Paradise"},"image":{"@id":"https:\/\/www.marinahotelclub.com\/de\/#\/schema\/logo\/image\/"}}]}},"_links":{"self":[{"href":"https:\/\/www.marinahotelclub.com\/de\/wp-json\/wp\/v2\/pages\/1094","targetHints":{"allow":["GET"]}}],"collection":[{"href":"https:\/\/www.marinahotelclub.com\/de\/wp-json\/wp\/v2\/pages"}],"about":[{"href":"https:\/\/www.marinahotelclub.com\/de\/wp-json\/wp\/v2\/types\/page"}],"author":[{"embeddable":true,"href":"https:\/\/www.marinahotelclub.com\/de\/wp-json\/wp\/v2\/users\/1"}],"replies":[{"embeddable":true,"href":"https:\/\/www.marinahotelclub.com\/de\/wp-json\/wp\/v2\/comments?post=1094"}],"version-history":[{"count":5,"href":"https:\/\/www.marinahotelclub.com\/de\/wp-json\/wp\/v2\/pages\/1094\/revisions"}],"predecessor-version":[{"id":1416,"href":"https:\/\/www.marinahotelclub.com\/de\/wp-json\/wp\/v2\/pages\/1094\/revisions\/1416"}],"wp:featuredmedia":[{"embeddable":true,"href":"https:\/\/www.marinahotelclub.com\/de\/wp-json\/wp\/v2\/media\/590"}],"wp:attachment":[{"href":"https:\/\/www.marinahotelclub.com\/de\/wp-json\/wp\/v2\/media?parent=1094"}],"wp:term":[{"taxonomy":"sujet","embeddable":true,"href":"https:\/\/www.marinahotelclub.com\/de\/wp-json\/wp\/v2\/sujet?post=1094"}],"curies":[{"name":"wp","href":"https:\/\/api.w.org\/{rel}","templated":true}]}}