{"id":1102,"date":"2024-03-28T14:47:21","date_gmt":"2024-03-28T13:47:21","guid":{"rendered":"https:\/\/www.marinahotelclub.com\/hotel-veranstaltung-azurblaue-kuste\/"},"modified":"2024-04-23T15:00:49","modified_gmt":"2024-04-23T13:00:49","slug":"hotel-veranstaltung-azurblaue-kuste","status":"publish","type":"page","link":"https:\/\/www.marinahotelclub.com\/de\/hotel-veranstaltung-azurblaue-kuste\/","title":{"rendered":"Veranstaltung"},"content":{"rendered":"<section id=\"ls-section-block_ed05954e20b57a1742a68cbb02deb900\" class=\"ls-section  home-first page-one\" >\r\n        <div class=\"container container--wide\">\r\n        \n\n<h1 class=\"ls__heading wp-block-heading has-text-align-center\">Ihre ideale Unterkunft f\u00fcr Veranstaltungen an der Azurblaue K\u00fcste<\/h1>\n\n\n\n<div class=\"wp-block-columns are-vertically-aligned-center is-layout-flex wp-container-core-columns-is-layout-9d6595d7 wp-block-columns-is-layout-flex\">\n<div class=\"wp-block-column is-vertically-aligned-center is-layout-flow wp-block-column-is-layout-flow\" style=\"flex-basis:60%\">\n<figure class=\"wp-block-gallery has-nested-images columns-default is-cropped wp-block-gallery-1 is-layout-flex wp-block-gallery-is-layout-flex\">\n<figure class=\"wp-block-image size-full animated fadeIn slow\"><a href=\"https:\/\/www.marinahotelclub.com\/wp-content\/uploads\/2024\/04\/Saint-tropez-vue-aerienne-port.webp\"><img decoding=\"async\" width=\"1440\" height=\"1440\" data-id=\"759\" src=\"https:\/\/www.marinahotelclub.com\/wp-content\/uploads\/2024\/04\/Saint-tropez-vue-aerienne-port.webp\" alt=\"Saint Tropez-View-Aerienne-Hafen\" class=\"wp-image-759\" srcset=\"https:\/\/www.marinahotelclub.com\/wp-content\/uploads\/2024\/04\/Saint-tropez-vue-aerienne-port.webp 1440w, https:\/\/www.marinahotelclub.com\/wp-content\/uploads\/2024\/04\/Saint-tropez-vue-aerienne-port-300x300.webp 300w, https:\/\/www.marinahotelclub.com\/wp-content\/uploads\/2024\/04\/Saint-tropez-vue-aerienne-port-1024x1024.webp 1024w, https:\/\/www.marinahotelclub.com\/wp-content\/uploads\/2024\/04\/Saint-tropez-vue-aerienne-port-150x150.webp 150w, https:\/\/www.marinahotelclub.com\/wp-content\/uploads\/2024\/04\/Saint-tropez-vue-aerienne-port-768x768.webp 768w\" sizes=\"(max-width: 1440px) 100vw, 1440px\" \/><\/a><\/figure>\n\n\n\n<figure class=\"wp-block-image size-full animated fadeIn delay-200ms slow\"><a href=\"https:\/\/www.marinahotelclub.com\/wp-content\/uploads\/2024\/04\/voiles-Saint-Tropez.webp\"><img decoding=\"async\" width=\"2000\" height=\"1125\" data-id=\"667\" src=\"https:\/\/www.marinahotelclub.com\/wp-content\/uploads\/2024\/04\/voiles-Saint-Tropez.webp\" alt=\"Segel-Saint-Tropez\" class=\"wp-image-667\" srcset=\"https:\/\/www.marinahotelclub.com\/wp-content\/uploads\/2024\/04\/voiles-Saint-Tropez.webp 2000w, https:\/\/www.marinahotelclub.com\/wp-content\/uploads\/2024\/04\/voiles-Saint-Tropez-300x169.webp 300w, https:\/\/www.marinahotelclub.com\/wp-content\/uploads\/2024\/04\/voiles-Saint-Tropez-1024x576.webp 1024w, https:\/\/www.marinahotelclub.com\/wp-content\/uploads\/2024\/04\/voiles-Saint-Tropez-768x432.webp 768w, https:\/\/www.marinahotelclub.com\/wp-content\/uploads\/2024\/04\/voiles-Saint-Tropez-1536x864.webp 1536w\" sizes=\"(max-width: 2000px) 100vw, 2000px\" \/><\/a><\/figure>\n<\/figure>\n<\/div>\n\n\n\n<div class=\"wp-block-column is-vertically-aligned-center is-layout-flow wp-block-column-is-layout-flow\" style=\"flex-basis:40%\">\n<h2 class=\"ls__heading wp-block-heading\">Die Segel von Saint-Tropez<\/h2>\n\n\n\n<p class=\"ls-paragraph\">Von Ende September bis Anfang Oktober ist die Segelregatta <a href=\"https:\/\/www.lesvoilesdesaint-tropez.fr\/en\" target=\"_blank\" rel=\"noreferrer noopener\">Die Segel von Saint-Tropez <\/a> eine der <strong>wichtigsten Veranstaltungen in der Welt<\/strong> des Segelsports, die jedes Jahr ebenso viele Fans wie Neugierige, Profis wie Amateure, zusammenbringt.<\/p>\n\n\n\n<p class=\"ls-paragraph\">Die Segel von Saint-Tropez sind ein unumg\u00e4ngliches Segelereignis des Jahres, das in einer <strong>Atmosph\u00e4re gro\u00dfer Geselligkeit<\/strong> bewundert und erlebt werden kann. Das Segeldorf ist <strong>tags\u00fcber und abends mit St\u00e4nden<\/strong> belebt.<\/p>\n\n\n\n<p class=\"ls-paragraph\">Eine Show, die nun zwei Wochen lang zu erleben ist. \u00dcbernachten Sie in unserem Hotel f\u00fcr Gruppen!<\/p>\n<\/div>\n<\/div>\n\n\r\n    <\/div>\r\n<\/section><section id=\"ls-section-block_9a0217421ed7d40672470094a40ab93e\" class=\"ls-section  home-second page-two\" >\r\n        <div class=\"container container--wide\">\r\n        \n\n<div class=\"wp-block-columns are-vertically-aligned-center is-layout-flex wp-container-core-columns-is-layout-9d6595d7 wp-block-columns-is-layout-flex\">\n<div class=\"wp-block-column is-vertically-aligned-center is-layout-flow wp-block-column-is-layout-flow\" style=\"flex-basis:40%\">\n<h2 class=\"ls__heading wp-block-heading\">Longines Athina Onassis, Springturnier<\/h2>\n\n\n\n<p class=\"ls-paragraph\">Suchen Sie eine <a href=\"https:\/\/www.marinahotelclub.com\/reserver-chambre-cote-azur\/\">Unterkunft f\u00fcr eine Veranstaltung in Saint-Tropez<\/a> oder in der N\u00e4he? W\u00e4hlen Sie den <a href=\"https:\/\/www.marinahotelclub.com\/de\/\">Marina Hotel Club<\/a>, um die <a href=\"https:\/\/athinaonassis-horseshow.com\/\" target=\"_blank\" rel=\"noreferrer noopener\">Longines Athina Onassis Horse Show<\/a>,<strong>eines der wichtigsten internationalen Springrennen<\/strong>, zu besuchen oder daran teilzunehmen.<\/p>\n\n\n\n<p class=\"ls-paragraph\">Ein au\u00dfergew\u00f6hnliches Ereignis, das traditionell am <strong>letzten Wochenende im Mai<\/strong> stattfindet. Das Rennen findet am legend\u00e4ren <strong>Strand von Pampelonne<\/strong> statt, einem der ber\u00fchmtesten Sandstr\u00e4nde der Welt, im Herzen des Golfs von Saint-Tropez!<\/p>\n<\/div>\n\n\n\n<div class=\"wp-block-column is-vertically-aligned-center is-layout-flow wp-block-column-is-layout-flow\" style=\"flex-basis:60%\">\n<figure class=\"wp-block-gallery has-nested-images columns-default is-cropped animated fadeInRight slow wp-block-gallery-2 is-layout-flex wp-block-gallery-is-layout-flex\">\n<figure class=\"wp-block-image size-full\"><a href=\"https:\/\/www.marinahotelclub.com\/wp-content\/uploads\/2024\/04\/saut-obstacles-cheval.webp\"><img decoding=\"async\" width=\"1920\" height=\"1200\" data-id=\"767\" src=\"https:\/\/www.marinahotelclub.com\/wp-content\/uploads\/2024\/04\/saut-obstacles-cheval.webp\" alt=\"Springen-Hindernisse-Pferd\" class=\"wp-image-767\" srcset=\"https:\/\/www.marinahotelclub.com\/wp-content\/uploads\/2024\/04\/saut-obstacles-cheval.webp 1920w, https:\/\/www.marinahotelclub.com\/wp-content\/uploads\/2024\/04\/saut-obstacles-cheval-300x188.webp 300w, https:\/\/www.marinahotelclub.com\/wp-content\/uploads\/2024\/04\/saut-obstacles-cheval-1024x640.webp 1024w, https:\/\/www.marinahotelclub.com\/wp-content\/uploads\/2024\/04\/saut-obstacles-cheval-768x480.webp 768w, https:\/\/www.marinahotelclub.com\/wp-content\/uploads\/2024\/04\/saut-obstacles-cheval-1536x960.webp 1536w\" sizes=\"(max-width: 1920px) 100vw, 1920px\" \/><\/a><\/figure>\n<\/figure>\n<\/div>\n<\/div>\n\n\r\n    <\/div>\r\n<\/section><section id=\"evenements-nautiques-saint-tropez\" class=\"ls-section  home-fourth page-three has-background-image has-parallax\" >\r\n    <div class=\"ls-section__background-image opacity-90\"><img decoding=\"async\" src=\"https:\/\/www.marinahotelclub.com\/wp-content\/uploads\/2024\/04\/evenements-nautiques-Saint-Tropez.webp\" alt=\"\"><\/div>    <div class=\"container container--wide\">\r\n        \n\n<h2 class=\"ls__heading wp-block-heading\">Wassersportveranstaltungen in Saint Tropez<\/h2>\n\n\n\n<div class=\"wp-block-columns is-layout-flex wp-container-core-columns-is-layout-9d6595d7 wp-block-columns-is-layout-flex\">\n<div class=\"wp-block-column is-layout-flow wp-block-column-is-layout-flow\">\n<p class=\"ls-paragraph\">Saint-Tropez ist ber\u00fchmt f\u00fcr seinen Hafen, in dem Fischerboote neben <strong>den imposantesten Yachten der Welt<\/strong> liegen und in dem auch die <strong>ber\u00fchmtesten Regatten<\/strong> stattfinden.<\/p>\n\n\n\n<p class=\"ls-paragraph\">Buchen Sie Ihr Hotel, um an den<strong>nautischen<\/strong> <strong>Ereignissen <\/strong><strong>im Golf<\/strong> teilzunehmen:<\/p>\n<\/div>\n\n\n\n<div class=\"wp-block-column is-layout-flow wp-block-column-is-layout-flow\">\n<ul class=\"ls-list wp-block-list\">\n<li>Das Armen Festival mit \u00fcber 70 Segelbooten<\/li>\n\n\n\n<li>Das prestigetr\u00e4chtige franz\u00f6sisch-italienische Rennen Loro Piana Giraglia und seine dreit\u00e4gige Regatta<\/li>\n\n\n\n<li>Die elegante Troph\u00e4e des Bailli de Suffren im Juni<\/li>\n\n\n\n<li>Die sehr sportliche und schnelle Sail GP<\/li>\n<\/ul>\n<\/div>\n<\/div>\n\n\r\n    <\/div>\r\n<\/section><section id=\"ls-section-block_ed05954e20b57a1742a68cbb02deb900\" class=\"ls-section  home-first page-one\" >\r\n        <div class=\"container container--wide\">\r\n        \n\n<div class=\"wp-block-columns are-vertically-aligned-center is-layout-flex wp-container-core-columns-is-layout-9d6595d7 wp-block-columns-is-layout-flex\">\n<div class=\"wp-block-column is-vertically-aligned-center is-layout-flow wp-block-column-is-layout-flow\" style=\"flex-basis:60%\">\n<figure class=\"wp-block-gallery has-nested-images columns-default is-cropped wp-block-gallery-3 is-layout-flex wp-block-gallery-is-layout-flex\">\n<figure class=\"wp-block-image size-full animated fadeIn slow\"><a href=\"https:\/\/www.marinahotelclub.com\/wp-content\/uploads\/2024\/04\/visiter-Saint-Tropez-cote-Azur.webp\"><img decoding=\"async\" width=\"1600\" height=\"1600\" data-id=\"782\" src=\"https:\/\/www.marinahotelclub.com\/wp-content\/uploads\/2024\/04\/visiter-Saint-Tropez-cote-Azur.webp\" alt=\"Besuchen Sie Saint-Tropez Azurblaue K&#xFC;ste\" class=\"wp-image-782\" srcset=\"https:\/\/www.marinahotelclub.com\/wp-content\/uploads\/2024\/04\/visiter-Saint-Tropez-cote-Azur.webp 1600w, https:\/\/www.marinahotelclub.com\/wp-content\/uploads\/2024\/04\/visiter-Saint-Tropez-cote-Azur-300x300.webp 300w, https:\/\/www.marinahotelclub.com\/wp-content\/uploads\/2024\/04\/visiter-Saint-Tropez-cote-Azur-1024x1024.webp 1024w, https:\/\/www.marinahotelclub.com\/wp-content\/uploads\/2024\/04\/visiter-Saint-Tropez-cote-Azur-150x150.webp 150w, https:\/\/www.marinahotelclub.com\/wp-content\/uploads\/2024\/04\/visiter-Saint-Tropez-cote-Azur-768x768.webp 768w, https:\/\/www.marinahotelclub.com\/wp-content\/uploads\/2024\/04\/visiter-Saint-Tropez-cote-Azur-1536x1536.webp 1536w\" sizes=\"(max-width: 1600px) 100vw, 1600px\" \/><\/a><\/figure>\n\n\n\n<figure class=\"wp-block-image size-full animated fadeIn delay-200ms slow\"><a href=\"https:\/\/www.marinahotelclub.com\/wp-content\/uploads\/2024\/04\/Porsche-exhibition.webp\"><img decoding=\"async\" width=\"1920\" height=\"1200\" data-id=\"791\" src=\"https:\/\/www.marinahotelclub.com\/wp-content\/uploads\/2024\/04\/Porsche-exhibition.webp\" alt=\"Porsche-Ausstellung\" class=\"wp-image-791\" srcset=\"https:\/\/www.marinahotelclub.com\/wp-content\/uploads\/2024\/04\/Porsche-exhibition.webp 1920w, https:\/\/www.marinahotelclub.com\/wp-content\/uploads\/2024\/04\/Porsche-exhibition-300x188.webp 300w, https:\/\/www.marinahotelclub.com\/wp-content\/uploads\/2024\/04\/Porsche-exhibition-1024x640.webp 1024w, https:\/\/www.marinahotelclub.com\/wp-content\/uploads\/2024\/04\/Porsche-exhibition-768x480.webp 768w, https:\/\/www.marinahotelclub.com\/wp-content\/uploads\/2024\/04\/Porsche-exhibition-1536x960.webp 1536w\" sizes=\"(max-width: 1920px) 100vw, 1920px\" \/><\/a><\/figure>\n<\/figure>\n<\/div>\n\n\n\n<div class=\"wp-block-column is-vertically-aligned-center is-layout-flow wp-block-column-is-layout-flow\" style=\"flex-basis:40%\">\n<h2 class=\"ls__heading wp-block-heading\">Die Top-Veranstaltungen in Saint-Tropez<\/h2>\n\n\n\n<p class=\"ls-paragraph\"><strong>Zahlreiche Sport- und Kulturveranstaltungen <\/strong>bestimmen den Jahresrhythmus im Golf von Saint-Tropez. Wenn Sie als Gruppe oder Einzelperson teilnehmen m\u00f6chten, buchen Sie in unserem <a href=\"https:\/\/www.marinahotelclub.com\/de\/\">Hotel an der Azurblaue K\u00fcste<\/a>! Unsere Zimmer und Aparthotels in einem <strong>13 Hektar gro\u00dfen Park direkt am Meer<\/strong> sind ideal gelegen, um alle wichtigen Ereignisse in Saint-Tropez zu erleben:<\/p>\n\n\n\n<ul class=\"ls-list wp-block-list\">\n<li>Der gro\u00dfe Ausverkauf im Oktober<\/li>\n\n\n\n<li>Das j\u00e4hrliche Paradis Porsche Treffen<\/li>\n\n\n\n<li>Traditionelle Bravourst\u00fccke<\/li>\n\n\n\n<li>Lateinische Segel<\/li>\n\n\n\n<li>Golf-Marathon<\/li>\n\n\n\n<li>Die Rallye Meg\u00e8ve-Saint-Tropez<\/li>\n\n\n\n<li>Das Fest des Heiligen Petrus<\/li>\n\n\n\n<li>Die St. Anna-Handwerksmesse<\/li>\n\n\n\n<li>Die Saint-Tropez Art Show<\/li>\n<\/ul>\n<\/div>\n<\/div>\n\n\r\n    <\/div>\r\n<\/section><section id=\"ls-section-block_c99af5cd2f224aae9979bc4805ce230e\" class=\"ls-section  page-cta\" >\r\n        <div class=\"container container--wide\">\r\n        \n\r\n<div id=\"ls-heading ls-titre-div-block_b25162b4a16e4505cbf389f0806d9430\" class=\"ls-titre-div aligncenter h2-like\" >\r\n    Entdecken Sie die St\u00e4dte in der Umgebung des Hotels<\/div>\r\n\n\n<div id=\"ls-maillage-block_16ae671f9aa9927ae52621c05566b736\" class=\"ls-maillage cta-style-normal\" data-rows=\"3\">\r\n    <div class=\"wp-block-columns\"><div class=\"wp-block-column\">\r\n\r\n<a href=\"https:\/\/www.marinahotelclub.com\/de\/hotel-grimaud\/\" target=\"\" rel=\"noopener\" class=\"ls-cta__link\" data-categ=\"\">\r\n\t<div class=\"ls-cta__image\"><img decoding=\"async\" src=\"https:\/\/www.marinahotelclub.com\/wp-content\/uploads\/2024\/03\/grimaud-marina-hotel-club-scaled.webp\" alt=\"\"><\/div>\r\n\t<div class=\"ls-cta__title\">\r\n\t\tGrimaud\t<\/div>\r\n\r\n\t<\/a><\/div><div class=\"wp-block-column\">\r\n\r\n<a href=\"https:\/\/www.marinahotelclub.com\/de\/tourismus-saint-tropez\/\" target=\"\" rel=\"noopener\" class=\"ls-cta__link\" data-categ=\"\">\r\n\t<div class=\"ls-cta__image\"><img decoding=\"async\" src=\"https:\/\/www.marinahotelclub.com\/wp-content\/uploads\/2024\/03\/st-tropez-marina-hotel-club.webp\" alt=\"\"><\/div>\r\n\t<div class=\"ls-cta__title\">\r\n\t\tSaint-Tropez\t<\/div>\r\n\r\n\t<\/a><\/div><div class=\"wp-block-column\">\r\n\r\n<a href=\"https:\/\/www.marinahotelclub.com\/de\/hotel-sainte-maxime\/\" target=\"\" rel=\"noopener\" class=\"ls-cta__link\" data-categ=\"\">\r\n\t<div class=\"ls-cta__image\"><img decoding=\"async\" src=\"https:\/\/www.marinahotelclub.com\/wp-content\/uploads\/2024\/04\/port-Sainte-Maxime.webp\" alt=\"Sainte-Maxime\"><\/div>\r\n\t<div class=\"ls-cta__title\">\r\n\t\tSainte-Maxime\t<\/div>\r\n\r\n\t<\/a><\/div><\/div><\/div>\n\r\n    <\/div>\r\n<\/section>","protected":false},"excerpt":{"rendered":"","protected":false},"author":1,"featured_media":773,"parent":0,"menu_order":0,"comment_status":"closed","ping_status":"closed","template":"","meta":{"_acf_changed":false,"footnotes":""},"sujet":[],"class_list":["post-1102","page","type-page","status-publish","has-post-thumbnail","hentry"],"acf":[],"yoast_head":"<!-- This site is optimized with the Yoast SEO plugin v22.6 - https:\/\/yoast.com\/wordpress\/plugins\/seo\/ -->\n<title>Ihre Unterkunft f\u00fcr Veranstaltungen in Saint-Tropez<\/title>\n<meta name=\"description\" content=\"Buchen Sie Ihren Aufenthalt im Marina Paradise f\u00fcr Veranstaltungen in Saint-Tropez an der Azurblaue K\u00fcste.\" \/>\n<meta name=\"robots\" content=\"index, follow, max-snippet:-1, max-image-preview:large, max-video-preview:-1\" \/>\n<link rel=\"canonical\" href=\"https:\/\/www.marinahotelclub.com\/de\/hotel-veranstaltung-azurblaue-kuste\/\" \/>\n<meta property=\"og:locale\" content=\"de_DE\" \/>\n<meta property=\"og:type\" content=\"article\" \/>\n<meta property=\"og:title\" content=\"Ihre Unterkunft f\u00fcr Veranstaltungen in Saint-Tropez\" \/>\n<meta property=\"og:description\" content=\"Buchen Sie Ihren Aufenthalt im Marina Paradise f\u00fcr Veranstaltungen in Saint-Tropez an der Azurblaue K\u00fcste.\" \/>\n<meta property=\"og:url\" content=\"https:\/\/www.marinahotelclub.com\/de\/hotel-veranstaltung-azurblaue-kuste\/\" \/>\n<meta property=\"og:site_name\" content=\"H\u00f4tel Marina Paradise\" \/>\n<meta property=\"article:modified_time\" content=\"2024-04-23T13:00:49+00:00\" \/>\n<meta property=\"og:image\" content=\"https:\/\/www.marinahotelclub.com\/wp-content\/uploads\/2024\/04\/voilliers.webp\" \/>\n\t<meta property=\"og:image:width\" content=\"1920\" \/>\n\t<meta property=\"og:image:height\" content=\"1200\" \/>\n\t<meta property=\"og:image:type\" content=\"image\/webp\" \/>\n<meta name=\"twitter:card\" content=\"summary_large_image\" \/>\n<meta name=\"twitter:label1\" content=\"Gesch\u00e4tzte Lesezeit\" \/>\n\t<meta name=\"twitter:data1\" content=\"2\u00a0Minuten\" \/>\n<script type=\"application\/ld+json\" class=\"yoast-schema-graph\">{\"@context\":\"https:\/\/schema.org\",\"@graph\":[{\"@type\":\"WebPage\",\"@id\":\"https:\/\/www.marinahotelclub.com\/de\/hotel-veranstaltung-azurblaue-kuste\/\",\"url\":\"https:\/\/www.marinahotelclub.com\/de\/hotel-veranstaltung-azurblaue-kuste\/\",\"name\":\"Ihre Unterkunft f\u00fcr Veranstaltungen in Saint-Tropez\",\"isPartOf\":{\"@id\":\"https:\/\/www.marinahotelclub.com\/de\/#website\"},\"primaryImageOfPage\":{\"@id\":\"https:\/\/www.marinahotelclub.com\/de\/hotel-veranstaltung-azurblaue-kuste\/#primaryimage\"},\"image\":{\"@id\":\"https:\/\/www.marinahotelclub.com\/de\/hotel-veranstaltung-azurblaue-kuste\/#primaryimage\"},\"thumbnailUrl\":\"https:\/\/www.marinahotelclub.com\/wp-content\/uploads\/2024\/04\/voilliers.webp\",\"datePublished\":\"2024-03-28T13:47:21+00:00\",\"dateModified\":\"2024-04-23T13:00:49+00:00\",\"description\":\"Buchen Sie Ihren Aufenthalt im Marina Paradise f\u00fcr Veranstaltungen in Saint-Tropez an der Azurblaue K\u00fcste.\",\"breadcrumb\":{\"@id\":\"https:\/\/www.marinahotelclub.com\/de\/hotel-veranstaltung-azurblaue-kuste\/#breadcrumb\"},\"inLanguage\":\"de\",\"potentialAction\":[{\"@type\":\"ReadAction\",\"target\":[\"https:\/\/www.marinahotelclub.com\/de\/hotel-veranstaltung-azurblaue-kuste\/\"]}]},{\"@type\":\"ImageObject\",\"inLanguage\":\"de\",\"@id\":\"https:\/\/www.marinahotelclub.com\/de\/hotel-veranstaltung-azurblaue-kuste\/#primaryimage\",\"url\":\"https:\/\/www.marinahotelclub.com\/wp-content\/uploads\/2024\/04\/voilliers.webp\",\"contentUrl\":\"https:\/\/www.marinahotelclub.com\/wp-content\/uploads\/2024\/04\/voilliers.webp\",\"width\":1920,\"height\":1200},{\"@type\":\"BreadcrumbList\",\"@id\":\"https:\/\/www.marinahotelclub.com\/de\/hotel-veranstaltung-azurblaue-kuste\/#breadcrumb\",\"itemListElement\":[{\"@type\":\"ListItem\",\"position\":1,\"name\":\"Marina H\u00f4tel Club\",\"item\":\"https:\/\/www.marinahotelclub.com\/de\/\"},{\"@type\":\"ListItem\",\"position\":2,\"name\":\"Veranstaltung an der Azurblaue K\u00fcste\"}]},{\"@type\":\"WebSite\",\"@id\":\"https:\/\/www.marinahotelclub.com\/de\/#website\",\"url\":\"https:\/\/www.marinahotelclub.com\/de\/\",\"name\":\"H\u00f4tel Marina Paradise\",\"description\":\"\",\"publisher\":{\"@id\":\"https:\/\/www.marinahotelclub.com\/de\/#organization\"},\"inLanguage\":\"de\"},{\"@type\":\"Organization\",\"@id\":\"https:\/\/www.marinahotelclub.com\/de\/#organization\",\"name\":\"H\u00f4tel Marina Paradise\",\"url\":\"https:\/\/www.marinahotelclub.com\/de\/\",\"logo\":{\"@type\":\"ImageObject\",\"inLanguage\":\"de\",\"@id\":\"https:\/\/www.marinahotelclub.com\/de\/#\/schema\/logo\/image\/\",\"url\":\"https:\/\/www.marinahotelclub.com\/wp-content\/uploads\/2024\/03\/logo-marina-hotel-club.webp\",\"contentUrl\":\"https:\/\/www.marinahotelclub.com\/wp-content\/uploads\/2024\/03\/logo-marina-hotel-club.webp\",\"width\":686,\"height\":421,\"caption\":\"H\u00f4tel Marina Paradise\"},\"image\":{\"@id\":\"https:\/\/www.marinahotelclub.com\/de\/#\/schema\/logo\/image\/\"}}]}<\/script>\n<!-- \/ Yoast SEO plugin. -->","yoast_head_json":{"title":"Ihre Unterkunft f\u00fcr Veranstaltungen in Saint-Tropez","description":"Buchen Sie Ihren Aufenthalt im Marina Paradise f\u00fcr Veranstaltungen in Saint-Tropez an der Azurblaue K\u00fcste.","robots":{"index":"index","follow":"follow","max-snippet":"max-snippet:-1","max-image-preview":"max-image-preview:large","max-video-preview":"max-video-preview:-1"},"canonical":"https:\/\/www.marinahotelclub.com\/de\/hotel-veranstaltung-azurblaue-kuste\/","og_locale":"de_DE","og_type":"article","og_title":"Ihre Unterkunft f\u00fcr Veranstaltungen in Saint-Tropez","og_description":"Buchen Sie Ihren Aufenthalt im Marina Paradise f\u00fcr Veranstaltungen in Saint-Tropez an der Azurblaue K\u00fcste.","og_url":"https:\/\/www.marinahotelclub.com\/de\/hotel-veranstaltung-azurblaue-kuste\/","og_site_name":"H\u00f4tel Marina Paradise","article_modified_time":"2024-04-23T13:00:49+00:00","og_image":[{"width":1920,"height":1200,"url":"https:\/\/www.marinahotelclub.com\/wp-content\/uploads\/2024\/04\/voilliers.webp","type":"image\/webp"}],"twitter_card":"summary_large_image","twitter_misc":{"Gesch\u00e4tzte Lesezeit":"2\u00a0Minuten"},"schema":{"@context":"https:\/\/schema.org","@graph":[{"@type":"WebPage","@id":"https:\/\/www.marinahotelclub.com\/de\/hotel-veranstaltung-azurblaue-kuste\/","url":"https:\/\/www.marinahotelclub.com\/de\/hotel-veranstaltung-azurblaue-kuste\/","name":"Ihre Unterkunft f\u00fcr Veranstaltungen in Saint-Tropez","isPartOf":{"@id":"https:\/\/www.marinahotelclub.com\/de\/#website"},"primaryImageOfPage":{"@id":"https:\/\/www.marinahotelclub.com\/de\/hotel-veranstaltung-azurblaue-kuste\/#primaryimage"},"image":{"@id":"https:\/\/www.marinahotelclub.com\/de\/hotel-veranstaltung-azurblaue-kuste\/#primaryimage"},"thumbnailUrl":"https:\/\/www.marinahotelclub.com\/wp-content\/uploads\/2024\/04\/voilliers.webp","datePublished":"2024-03-28T13:47:21+00:00","dateModified":"2024-04-23T13:00:49+00:00","description":"Buchen Sie Ihren Aufenthalt im Marina Paradise f\u00fcr Veranstaltungen in Saint-Tropez an der Azurblaue K\u00fcste.","breadcrumb":{"@id":"https:\/\/www.marinahotelclub.com\/de\/hotel-veranstaltung-azurblaue-kuste\/#breadcrumb"},"inLanguage":"de","potentialAction":[{"@type":"ReadAction","target":["https:\/\/www.marinahotelclub.com\/de\/hotel-veranstaltung-azurblaue-kuste\/"]}]},{"@type":"ImageObject","inLanguage":"de","@id":"https:\/\/www.marinahotelclub.com\/de\/hotel-veranstaltung-azurblaue-kuste\/#primaryimage","url":"https:\/\/www.marinahotelclub.com\/wp-content\/uploads\/2024\/04\/voilliers.webp","contentUrl":"https:\/\/www.marinahotelclub.com\/wp-content\/uploads\/2024\/04\/voilliers.webp","width":1920,"height":1200},{"@type":"BreadcrumbList","@id":"https:\/\/www.marinahotelclub.com\/de\/hotel-veranstaltung-azurblaue-kuste\/#breadcrumb","itemListElement":[{"@type":"ListItem","position":1,"name":"Marina H\u00f4tel Club","item":"https:\/\/www.marinahotelclub.com\/de\/"},{"@type":"ListItem","position":2,"name":"Veranstaltung an der Azurblaue K\u00fcste"}]},{"@type":"WebSite","@id":"https:\/\/www.marinahotelclub.com\/de\/#website","url":"https:\/\/www.marinahotelclub.com\/de\/","name":"H\u00f4tel Marina Paradise","description":"","publisher":{"@id":"https:\/\/www.marinahotelclub.com\/de\/#organization"},"inLanguage":"de"},{"@type":"Organization","@id":"https:\/\/www.marinahotelclub.com\/de\/#organization","name":"H\u00f4tel Marina Paradise","url":"https:\/\/www.marinahotelclub.com\/de\/","logo":{"@type":"ImageObject","inLanguage":"de","@id":"https:\/\/www.marinahotelclub.com\/de\/#\/schema\/logo\/image\/","url":"https:\/\/www.marinahotelclub.com\/wp-content\/uploads\/2024\/03\/logo-marina-hotel-club.webp","contentUrl":"https:\/\/www.marinahotelclub.com\/wp-content\/uploads\/2024\/03\/logo-marina-hotel-club.webp","width":686,"height":421,"caption":"H\u00f4tel Marina Paradise"},"image":{"@id":"https:\/\/www.marinahotelclub.com\/de\/#\/schema\/logo\/image\/"}}]}},"_links":{"self":[{"href":"https:\/\/www.marinahotelclub.com\/de\/wp-json\/wp\/v2\/pages\/1102","targetHints":{"allow":["GET"]}}],"collection":[{"href":"https:\/\/www.marinahotelclub.com\/de\/wp-json\/wp\/v2\/pages"}],"about":[{"href":"https:\/\/www.marinahotelclub.com\/de\/wp-json\/wp\/v2\/types\/page"}],"author":[{"embeddable":true,"href":"https:\/\/www.marinahotelclub.com\/de\/wp-json\/wp\/v2\/users\/1"}],"replies":[{"embeddable":true,"href":"https:\/\/www.marinahotelclub.com\/de\/wp-json\/wp\/v2\/comments?post=1102"}],"version-history":[{"count":7,"href":"https:\/\/www.marinahotelclub.com\/de\/wp-json\/wp\/v2\/pages\/1102\/revisions"}],"predecessor-version":[{"id":1119,"href":"https:\/\/www.marinahotelclub.com\/de\/wp-json\/wp\/v2\/pages\/1102\/revisions\/1119"}],"wp:featuredmedia":[{"embeddable":true,"href":"https:\/\/www.marinahotelclub.com\/de\/wp-json\/wp\/v2\/media\/773"}],"wp:attachment":[{"href":"https:\/\/www.marinahotelclub.com\/de\/wp-json\/wp\/v2\/media?parent=1102"}],"wp:term":[{"taxonomy":"sujet","embeddable":true,"href":"https:\/\/www.marinahotelclub.com\/de\/wp-json\/wp\/v2\/sujet?post=1102"}],"curies":[{"name":"wp","href":"https:\/\/api.w.org\/{rel}","templated":true}]}}