{"id":1124,"date":"2024-03-28T14:47:51","date_gmt":"2024-03-28T13:47:51","guid":{"rendered":"https:\/\/www.marinahotelclub.com\/hotel-grimaud\/"},"modified":"2024-04-23T15:04:39","modified_gmt":"2024-04-23T13:04:39","slug":"hotel-grimaud","status":"publish","type":"page","link":"https:\/\/www.marinahotelclub.com\/de\/hotel-grimaud\/","title":{"rendered":"Grimaud"},"content":{"rendered":"<section id=\"ls-section-block_1d59afdd5f546513733d13d8c152a650\" class=\"ls-section  home-first page-one\" >\r\n        <div class=\"container container--wide\">\r\n        \n\n<h1 class=\"ls__heading wp-block-heading has-text-align-center\">Entdecken Sie das hochgelegene Dorf Grimaud<\/h1>\n\n\n\n<div class=\"wp-block-columns are-vertically-aligned-center is-layout-flex wp-container-core-columns-is-layout-9d6595d7 wp-block-columns-is-layout-flex\">\n<div class=\"wp-block-column is-vertically-aligned-center is-layout-flow wp-block-column-is-layout-flow\" style=\"flex-basis:60%\">\n<figure class=\"wp-block-gallery has-nested-images columns-default is-cropped wp-block-gallery-1 is-layout-flex wp-block-gallery-is-layout-flex\">\n<figure class=\"wp-block-image size-full animated fadeIn slow\"><a href=\"https:\/\/www.marinahotelclub.com\/wp-content\/uploads\/2024\/04\/Port-Grimaud.webp\"><img decoding=\"async\" width=\"2000\" height=\"1125\" data-id=\"896\" src=\"https:\/\/www.marinahotelclub.com\/wp-content\/uploads\/2024\/04\/Port-Grimaud.webp\" alt=\"Port-Grimaud\" class=\"wp-image-896\" srcset=\"https:\/\/www.marinahotelclub.com\/wp-content\/uploads\/2024\/04\/Port-Grimaud.webp 2000w, https:\/\/www.marinahotelclub.com\/wp-content\/uploads\/2024\/04\/Port-Grimaud-300x169.webp 300w, https:\/\/www.marinahotelclub.com\/wp-content\/uploads\/2024\/04\/Port-Grimaud-1024x576.webp 1024w, https:\/\/www.marinahotelclub.com\/wp-content\/uploads\/2024\/04\/Port-Grimaud-768x432.webp 768w, https:\/\/www.marinahotelclub.com\/wp-content\/uploads\/2024\/04\/Port-Grimaud-1536x864.webp 1536w\" sizes=\"(max-width: 2000px) 100vw, 2000px\" \/><\/a><\/figure>\n\n\n\n<figure class=\"wp-block-image size-full animated fadeIn delay-200ms slow\"><a href=\"https:\/\/www.marinahotelclub.com\/wp-content\/uploads\/2024\/04\/canaux-Grimaud-scaled.webp\"><img decoding=\"async\" width=\"1440\" height=\"2560\" data-id=\"900\" src=\"https:\/\/www.marinahotelclub.com\/wp-content\/uploads\/2024\/04\/canaux-Grimaud-scaled.webp\" alt=\"Grimaud-Kan&#xE4;le\" class=\"wp-image-900\" srcset=\"https:\/\/www.marinahotelclub.com\/wp-content\/uploads\/2024\/04\/canaux-Grimaud-scaled.webp 1440w, https:\/\/www.marinahotelclub.com\/wp-content\/uploads\/2024\/04\/canaux-Grimaud-169x300.webp 169w, https:\/\/www.marinahotelclub.com\/wp-content\/uploads\/2024\/04\/canaux-Grimaud-576x1024.webp 576w, https:\/\/www.marinahotelclub.com\/wp-content\/uploads\/2024\/04\/canaux-Grimaud-768x1366.webp 768w, https:\/\/www.marinahotelclub.com\/wp-content\/uploads\/2024\/04\/canaux-Grimaud-864x1536.webp 864w, https:\/\/www.marinahotelclub.com\/wp-content\/uploads\/2024\/04\/canaux-Grimaud-1152x2048.webp 1152w\" sizes=\"(max-width: 1440px) 100vw, 1440px\" \/><\/a><\/figure>\n<\/figure>\n<\/div>\n\n\n\n<div class=\"wp-block-column is-vertically-aligned-center is-layout-flow wp-block-column-is-layout-flow\" style=\"flex-basis:40%\">\n<p class=\"ls-paragraph\">Der <strong>Jachthafen von Port Grimaud <\/strong>liegt nur wenige Minuten von der mittelalterlichen Stadt entfernt an der K\u00fcste und l\u00e4dt Sie mit seinem<strong> venezianischen Flair<\/strong> zur Flucht aus dem Alltag ein. Sie k\u00f6nnen die Marina und ihre Kan\u00e4le zu Fu\u00df \u00fcber die Kais und Pontons oder mit dem Boot auf einer kleinen Kreuzfahrt mit F\u00fchrung erkunden.<\/p>\n\n\n\n<p class=\"ls-paragraph\">In der Seestadt k\u00f6nnen Sie <strong>malerische Trompe-l&#8217;oeil<\/strong> bewundern, zwischen den <strong>St\u00e4nden eines Kunsthandwerkermarktes <\/strong>im Schatten der B\u00e4ume auf dem Platz des 14. Juni flanieren und den Panoramablick von der Terrasse der Kirche Saint-Fran\u00e7ois d&#8217;Assise aus genie\u00dfen.<\/p>\n<\/div>\n<\/div>\n\n\r\n    <\/div>\r\n<\/section><section id=\"ls-section-block_c5132fd690d2a64a7e31b2cf6704212f\" class=\"ls-section  home-second page-two\" >\r\n        <div class=\"container container--wide\">\r\n        \n\n<div class=\"wp-block-columns are-vertically-aligned-center is-layout-flex wp-container-core-columns-is-layout-9d6595d7 wp-block-columns-is-layout-flex\">\n<div class=\"wp-block-column is-vertically-aligned-center is-layout-flow wp-block-column-is-layout-flow\" style=\"flex-basis:40%\">\n<h2 class=\"ls__heading wp-block-heading\">Naturwanderungen in Grimaux<\/h2>\n\n\n\n<p class=\"ls-paragraph\">Grimaud, ein traditionelles Dorf im Var, liegt in einer gr\u00fcnen Umgebung zwischen den Str\u00e4nden des Mittelmeers und dem Massif des Maures. Grimaud ist der perfekte Ort, um sich in der Natur zu erholen und ist der Ausgangspunkt f\u00fcr <strong>herrliche Spazierg\u00e4nge und Wanderungen<\/strong>.<\/p>\n\n\n\n<p class=\"ls-paragraph\"><strong>Wanderwege<\/strong> und <strong>Pfade<\/strong> f\u00fchren Sie in wenigen Schritten durch schattige W\u00e4lder oder durch die h\u00fcgelige Landschaft der Weinberge des Var. Ob zu Fu\u00df, mit dem Fahrrad oder auf dem Pferder\u00fccken, lassen Sie sich von der Vielfalt der M\u00f6glichkeiten begeistern!<\/p>\n<\/div>\n\n\n\n<div class=\"wp-block-column is-vertically-aligned-center is-layout-flow wp-block-column-is-layout-flow\" style=\"flex-basis:60%\">\n<figure class=\"wp-block-gallery has-nested-images columns-default is-cropped animated fadeInRight slow wp-block-gallery-2 is-layout-flex wp-block-gallery-is-layout-flex\">\n<figure class=\"wp-block-image size-full\"><a href=\"https:\/\/www.marinahotelclub.com\/wp-content\/uploads\/2024\/04\/randonnee.webp\"><img decoding=\"async\" width=\"1080\" height=\"1500\" data-id=\"910\" src=\"https:\/\/www.marinahotelclub.com\/wp-content\/uploads\/2024\/04\/randonnee.webp\" alt=\"Wanderung\" class=\"wp-image-910\" srcset=\"https:\/\/www.marinahotelclub.com\/wp-content\/uploads\/2024\/04\/randonnee.webp 1080w, https:\/\/www.marinahotelclub.com\/wp-content\/uploads\/2024\/04\/randonnee-216x300.webp 216w, https:\/\/www.marinahotelclub.com\/wp-content\/uploads\/2024\/04\/randonnee-737x1024.webp 737w, https:\/\/www.marinahotelclub.com\/wp-content\/uploads\/2024\/04\/randonnee-768x1067.webp 768w\" sizes=\"(max-width: 1080px) 100vw, 1080px\" \/><\/a><\/figure>\n<\/figure>\n<\/div>\n<\/div>\n\n\r\n    <\/div>\r\n<\/section><section id=\"ls-section-block_c842ab580723f0b249ba679b4b534998\" class=\"ls-section  home-fourth page-three has-background-image has-parallax\" >\r\n    <div class=\"ls-section__background-image opacity-90\"><img decoding=\"async\" src=\"https:\/\/www.marinahotelclub.com\/wp-content\/uploads\/2024\/04\/chateau-Grimaud.webp\" alt=\"\"><\/div>    <div class=\"container container--wide\">\r\n        \n\n<h2 class=\"ls__heading wp-block-heading\">Besichtigung des Kulturerbes<\/h2>\n\n\n\n<div class=\"wp-block-columns is-layout-flex wp-container-core-columns-is-layout-9d6595d7 wp-block-columns-is-layout-flex\">\n<div class=\"wp-block-column is-layout-flow wp-block-column-is-layout-flow\">\n<p class=\"ls-paragraph\">Zwischen dem<strong> typisch provenzalischen Dorf<\/strong> im Landesinneren und der <strong>Seestadt aus dem 20\u1d49 Jahrhundert<\/strong> h\u00e4lt das Erbe von Grimaud viele \u00dcberraschungen f\u00fcr Sie bereit. Auf dem h\u00f6chsten Punkt des Gebietes von Grimaudois dominiert das mittelalterliche Schloss noch immer die Landschaft mit seiner majest\u00e4tischen Silhouette.<\/p>\n<\/div>\n\n\n\n<div class=\"wp-block-column is-layout-flow wp-block-column-is-layout-flow\">\n<p class=\"ls-paragraph\">Im alten Dorf finden Sie auch die<strong>Kirche Saint-Michel<\/strong>, die <strong>Br\u00fccke Pont des F\u00e9es<\/strong>, die <strong>Rue des Templiers<\/strong> und den <strong>Place Neuve<\/strong>. Ihr <strong>Spaziergang<\/strong> durch Grimaud f\u00fchrt Sie schlie\u00dflich zu den <strong>letzten M\u00fchlen der Region<\/strong>, die von einem wertvollen Know-how bei der Herstellung von Oliven\u00f6l zeugen.<\/p>\n<\/div>\n<\/div>\n\n\r\n    <\/div>\r\n<\/section><section id=\"ls-section-block_1d59afdd5f546513733d13d8c152a650\" class=\"ls-section  home-first page-one\" >\r\n        <div class=\"container container--wide\">\r\n        \n\n<div class=\"wp-block-columns are-vertically-aligned-center is-layout-flex wp-container-core-columns-is-layout-9d6595d7 wp-block-columns-is-layout-flex\">\n<div class=\"wp-block-column is-vertically-aligned-center is-layout-flow wp-block-column-is-layout-flow\" style=\"flex-basis:60%\">\n<figure class=\"wp-block-gallery has-nested-images columns-default is-cropped wp-block-gallery-3 is-layout-flex wp-block-gallery-is-layout-flex\">\n<figure class=\"wp-block-image size-full animated fadeIn slow\"><a href=\"https:\/\/www.marinahotelclub.com\/wp-content\/uploads\/2024\/04\/terre-vigne.webp\"><img decoding=\"async\" width=\"1920\" height=\"1200\" data-id=\"925\" src=\"https:\/\/www.marinahotelclub.com\/wp-content\/uploads\/2024\/04\/terre-vigne.webp\" alt=\"Land-Reben\" class=\"wp-image-925\" srcset=\"https:\/\/www.marinahotelclub.com\/wp-content\/uploads\/2024\/04\/terre-vigne.webp 1920w, https:\/\/www.marinahotelclub.com\/wp-content\/uploads\/2024\/04\/terre-vigne-300x188.webp 300w, https:\/\/www.marinahotelclub.com\/wp-content\/uploads\/2024\/04\/terre-vigne-1024x640.webp 1024w, https:\/\/www.marinahotelclub.com\/wp-content\/uploads\/2024\/04\/terre-vigne-768x480.webp 768w, https:\/\/www.marinahotelclub.com\/wp-content\/uploads\/2024\/04\/terre-vigne-1536x960.webp 1536w\" sizes=\"(max-width: 1920px) 100vw, 1920px\" \/><\/a><\/figure>\n\n\n\n<figure class=\"wp-block-image size-full animated fadeIn delay-200ms slow\"><a href=\"https:\/\/www.marinahotelclub.com\/wp-content\/uploads\/2024\/04\/maisons-Grimaud-scaled.webp\"><img decoding=\"async\" width=\"1440\" height=\"2560\" data-id=\"940\" src=\"https:\/\/www.marinahotelclub.com\/wp-content\/uploads\/2024\/04\/maisons-Grimaud-scaled.webp\" alt=\"Grimaud-H&#xE4;user\" class=\"wp-image-940\" srcset=\"https:\/\/www.marinahotelclub.com\/wp-content\/uploads\/2024\/04\/maisons-Grimaud-scaled.webp 1440w, https:\/\/www.marinahotelclub.com\/wp-content\/uploads\/2024\/04\/maisons-Grimaud-169x300.webp 169w, https:\/\/www.marinahotelclub.com\/wp-content\/uploads\/2024\/04\/maisons-Grimaud-576x1024.webp 576w, https:\/\/www.marinahotelclub.com\/wp-content\/uploads\/2024\/04\/maisons-Grimaud-768x1366.webp 768w, https:\/\/www.marinahotelclub.com\/wp-content\/uploads\/2024\/04\/maisons-Grimaud-864x1536.webp 864w, https:\/\/www.marinahotelclub.com\/wp-content\/uploads\/2024\/04\/maisons-Grimaud-1152x2048.webp 1152w\" sizes=\"(max-width: 1440px) 100vw, 1440px\" \/><\/a><\/figure>\n<\/figure>\n<\/div>\n\n\n\n<div class=\"wp-block-column is-vertically-aligned-center is-layout-flow wp-block-column-is-layout-flow\" style=\"flex-basis:40%\">\n<h2 class=\"ls__heading wp-block-heading\">Probieren Sie zwischen Weinbergen und Olivenhainen.<\/h2>\n\n\n\n<p class=\"ls-paragraph\">Grimaud ist ein w\u00fcrdiger Vertreter des<strong> althergebrachten Know-hows der Provence<\/strong> und ein Land der <strong>Weinberge<\/strong> und <strong>Olivenb\u00e4ume<\/strong>, aber auch der <strong>Kastanienb\u00e4ume<\/strong>, des <strong>Honigs<\/strong> und der <strong>Pilze<\/strong>. Die Weine von Grimaud sind in der ganzen Welt f\u00fcr ihren au\u00dfergew\u00f6hnlichen Geschmack bekannt. <strong>Historische Wein<\/strong> g\u00fcter laden Sie zu <strong>Weinproben<\/strong> ein. Fr\u00fcher war das Dorf Grimaud mit \u00d6lm\u00fchlen \u00fcbers\u00e4t, heute gibt es nur noch einen <strong>einzigen Produzenten<\/strong>, der eine <strong>Tradition aus dem 11.<\/strong><\/p>\n<\/div>\n<\/div>\n\n\r\n    <\/div>\r\n<\/section><section id=\"ls-section-block_c5132fd690d2a64a7e31b2cf6704212f\" class=\"ls-section  home-second page-two\" >\r\n        <div class=\"container container--wide\">\r\n        \n\n<div class=\"wp-block-columns are-vertically-aligned-center is-layout-flex wp-container-core-columns-is-layout-9d6595d7 wp-block-columns-is-layout-flex\">\n<div class=\"wp-block-column is-vertically-aligned-center is-layout-flow wp-block-column-is-layout-flow\" style=\"flex-basis:40%\">\n<h2 class=\"ls__heading wp-block-heading\">Hotel in der N\u00e4he von Grimaud<\/h2>\n\n\n\n<p class=\"ls-paragraph\">Buchen Sie Ihr Zimmer im <a href=\"https:\/\/www.marinahotelclub.com\/de\/\">Marina H\u00f4tel Club<\/a> und erleben Sie einen Hotelurlaub ganz in der N\u00e4he von Grimaud und Port Grimaud! Das <strong>Herz des provenzalischen Dorfes ist 6 km entfernt<\/strong> und kann in nur 10 Minuten mit dem Auto, in weniger als 30 Minuten mit dem Fahrrad und in 25 Minuten mit dem Bus \u00fcber Cogolin erreicht werden.<\/p>\n\n\n\n<p class=\"ls-paragraph\">Die Seestadt Port Grimaud ist nur wenige Schritte von Ihrem Hotel entfernt. Ihre t\u00e4glichen Spazierg\u00e4nge k\u00f6nnen Sie zu den belebten Kais und den bunten H\u00e4usern f\u00fchren, die die Kan\u00e4le s\u00e4umen.<\/p>\n<\/div>\n\n\n\n<div class=\"wp-block-column is-vertically-aligned-center is-layout-flow wp-block-column-is-layout-flow\" style=\"flex-basis:60%\">\n<figure class=\"wp-block-gallery has-nested-images columns-default is-cropped animated fadeInRight slow wp-block-gallery-4 is-layout-flex wp-block-gallery-is-layout-flex\">\n<figure class=\"wp-block-image size-full\"><a href=\"https:\/\/www.marinahotelclub.com\/wp-content\/uploads\/2024\/04\/chambre-Marina-Hotel-club.webp\"><img decoding=\"async\" width=\"2048\" height=\"1152\" data-id=\"931\" src=\"https:\/\/www.marinahotelclub.com\/wp-content\/uploads\/2024\/04\/chambre-Marina-Hotel-club.webp\" alt=\"Zimmer-Marina-Hotel-Club\" class=\"wp-image-931\" srcset=\"https:\/\/www.marinahotelclub.com\/wp-content\/uploads\/2024\/04\/chambre-Marina-Hotel-club.webp 2048w, https:\/\/www.marinahotelclub.com\/wp-content\/uploads\/2024\/04\/chambre-Marina-Hotel-club-300x169.webp 300w, https:\/\/www.marinahotelclub.com\/wp-content\/uploads\/2024\/04\/chambre-Marina-Hotel-club-1024x576.webp 1024w, https:\/\/www.marinahotelclub.com\/wp-content\/uploads\/2024\/04\/chambre-Marina-Hotel-club-768x432.webp 768w, https:\/\/www.marinahotelclub.com\/wp-content\/uploads\/2024\/04\/chambre-Marina-Hotel-club-1536x864.webp 1536w\" sizes=\"(max-width: 2048px) 100vw, 2048px\" \/><\/a><\/figure>\n<\/figure>\n<\/div>\n<\/div>\n\n\r\n    <\/div>\r\n<\/section><section id=\"ls-section-block_c728c05871d44ba29c3de2601d015b63\" class=\"ls-section  page-cta\" >\r\n        <div class=\"container container--wide\">\r\n        \n\r\n<div id=\"ls-heading ls-titre-div-block_0792bcf47b8851814dd233f9ff703f7f\" class=\"ls-titre-div aligncenter h2-like\" >\r\n    Entdecken Sie Aktivit\u00e4ten und St\u00e4dte in der N\u00e4he des Hotels<\/div>\r\n\n\n<div id=\"ls-maillage-block_16252845fc9347d4be506bce8117dcda\" class=\"ls-maillage cta-style-normal\" data-rows=\"3\">\r\n    <div class=\"wp-block-columns\"><div class=\"wp-block-column\">\r\n\r\n<a href=\"https:\/\/www.marinahotelclub.com\/de\/aktivitaten-franzosische-riviera\/\" target=\"\" rel=\"noopener\" class=\"ls-cta__link\" data-categ=\"\">\r\n\t<div class=\"ls-cta__image\"><img decoding=\"async\" src=\"https:\/\/www.marinahotelclub.com\/wp-content\/uploads\/2024\/04\/activite-randonnee-foret.webp\" alt=\"\"><\/div>\r\n\t<div class=\"ls-cta__title\">\r\n\t\tAktivit\u00e4ten\t<\/div>\r\n\r\n\t<\/a><\/div><div class=\"wp-block-column\">\r\n\r\n<a href=\"https:\/\/www.marinahotelclub.com\/de\/tourismus-saint-tropez\/\" target=\"\" rel=\"noopener\" class=\"ls-cta__link\" data-categ=\"\">\r\n\t<div class=\"ls-cta__image\"><img decoding=\"async\" src=\"https:\/\/www.marinahotelclub.com\/wp-content\/uploads\/2024\/03\/st-tropez-marina-hotel-club.webp\" alt=\"\"><\/div>\r\n\t<div class=\"ls-cta__title\">\r\n\t\tSaint-Tropez\t<\/div>\r\n\r\n\t<\/a><\/div><div class=\"wp-block-column\">\r\n\r\n<a href=\"https:\/\/www.marinahotelclub.com\/de\/hotel-sainte-maxime\/\" target=\"\" rel=\"noopener\" class=\"ls-cta__link\" data-categ=\"\">\r\n\t<div class=\"ls-cta__image\"><img decoding=\"async\" src=\"https:\/\/www.marinahotelclub.com\/wp-content\/uploads\/2024\/04\/port-Sainte-Maxime.webp\" alt=\"Sainte-Maxime\"><\/div>\r\n\t<div class=\"ls-cta__title\">\r\n\t\tSainte-Maxime\t<\/div>\r\n\r\n\t<\/a><\/div><\/div><\/div>\n\r\n    <\/div>\r\n<\/section>","protected":false},"excerpt":{"rendered":"","protected":false},"author":1,"featured_media":922,"parent":0,"menu_order":0,"comment_status":"closed","ping_status":"closed","template":"","meta":{"_acf_changed":false,"footnotes":""},"sujet":[],"class_list":["post-1124","page","type-page","status-publish","has-post-thumbnail","hentry"],"acf":[],"yoast_head":"<!-- This site is optimized with the Yoast SEO plugin v22.6 - https:\/\/yoast.com\/wordpress\/plugins\/seo\/ -->\n<title>Entdeckung von Grimaud und seinem Hafen, einem hochgelegenen Dorf in der N\u00e4he des Hotels.<\/title>\n<meta name=\"description\" content=\"Erkunden Sie Grimaud: Hafen, provenzalisches Dorf, Wanderungen, Kulturerbe, Weinberge. Ein zauberhafter Aufenthalt zwischen Geschichte und Natur.\" \/>\n<meta name=\"robots\" content=\"index, follow, max-snippet:-1, max-image-preview:large, max-video-preview:-1\" \/>\n<link rel=\"canonical\" href=\"https:\/\/www.marinahotelclub.com\/de\/hotel-grimaud\/\" \/>\n<meta property=\"og:locale\" content=\"de_DE\" \/>\n<meta property=\"og:type\" content=\"article\" \/>\n<meta property=\"og:title\" content=\"Entdeckung von Grimaud und seinem Hafen, einem hochgelegenen Dorf in der N\u00e4he des Hotels.\" \/>\n<meta property=\"og:description\" content=\"Erkunden Sie Grimaud: Hafen, provenzalisches Dorf, Wanderungen, Kulturerbe, Weinberge. Ein zauberhafter Aufenthalt zwischen Geschichte und Natur.\" \/>\n<meta property=\"og:url\" content=\"https:\/\/www.marinahotelclub.com\/de\/hotel-grimaud\/\" \/>\n<meta property=\"og:site_name\" content=\"H\u00f4tel Marina Paradise\" \/>\n<meta property=\"article:modified_time\" content=\"2024-04-23T13:04:39+00:00\" \/>\n<meta property=\"og:image\" content=\"https:\/\/www.marinahotelclub.com\/wp-content\/uploads\/2024\/04\/grimaud-maisons-colorees.webp\" \/>\n\t<meta property=\"og:image:width\" content=\"1920\" \/>\n\t<meta property=\"og:image:height\" content=\"1200\" \/>\n\t<meta property=\"og:image:type\" content=\"image\/webp\" \/>\n<meta name=\"twitter:card\" content=\"summary_large_image\" \/>\n<meta name=\"twitter:label1\" content=\"Gesch\u00e4tzte Lesezeit\" \/>\n\t<meta name=\"twitter:data1\" content=\"2\u00a0Minuten\" \/>\n<script type=\"application\/ld+json\" class=\"yoast-schema-graph\">{\"@context\":\"https:\/\/schema.org\",\"@graph\":[{\"@type\":\"WebPage\",\"@id\":\"https:\/\/www.marinahotelclub.com\/de\/hotel-grimaud\/\",\"url\":\"https:\/\/www.marinahotelclub.com\/de\/hotel-grimaud\/\",\"name\":\"Entdeckung von Grimaud und seinem Hafen, einem hochgelegenen Dorf in der N\u00e4he des Hotels.\",\"isPartOf\":{\"@id\":\"https:\/\/www.marinahotelclub.com\/de\/#website\"},\"primaryImageOfPage\":{\"@id\":\"https:\/\/www.marinahotelclub.com\/de\/hotel-grimaud\/#primaryimage\"},\"image\":{\"@id\":\"https:\/\/www.marinahotelclub.com\/de\/hotel-grimaud\/#primaryimage\"},\"thumbnailUrl\":\"https:\/\/www.marinahotelclub.com\/wp-content\/uploads\/2024\/04\/grimaud-maisons-colorees.webp\",\"datePublished\":\"2024-03-28T13:47:51+00:00\",\"dateModified\":\"2024-04-23T13:04:39+00:00\",\"description\":\"Erkunden Sie Grimaud: Hafen, provenzalisches Dorf, Wanderungen, Kulturerbe, Weinberge. Ein zauberhafter Aufenthalt zwischen Geschichte und Natur.\",\"breadcrumb\":{\"@id\":\"https:\/\/www.marinahotelclub.com\/de\/hotel-grimaud\/#breadcrumb\"},\"inLanguage\":\"de\",\"potentialAction\":[{\"@type\":\"ReadAction\",\"target\":[\"https:\/\/www.marinahotelclub.com\/de\/hotel-grimaud\/\"]}]},{\"@type\":\"ImageObject\",\"inLanguage\":\"de\",\"@id\":\"https:\/\/www.marinahotelclub.com\/de\/hotel-grimaud\/#primaryimage\",\"url\":\"https:\/\/www.marinahotelclub.com\/wp-content\/uploads\/2024\/04\/grimaud-maisons-colorees.webp\",\"contentUrl\":\"https:\/\/www.marinahotelclub.com\/wp-content\/uploads\/2024\/04\/grimaud-maisons-colorees.webp\",\"width\":1920,\"height\":1200},{\"@type\":\"BreadcrumbList\",\"@id\":\"https:\/\/www.marinahotelclub.com\/de\/hotel-grimaud\/#breadcrumb\",\"itemListElement\":[{\"@type\":\"ListItem\",\"position\":1,\"name\":\"Marina H\u00f4tel Club\",\"item\":\"https:\/\/www.marinahotelclub.com\/de\/\"},{\"@type\":\"ListItem\",\"position\":2,\"name\":\"Campingplatz in der N\u00e4he von Grimaud\"}]},{\"@type\":\"WebSite\",\"@id\":\"https:\/\/www.marinahotelclub.com\/de\/#website\",\"url\":\"https:\/\/www.marinahotelclub.com\/de\/\",\"name\":\"H\u00f4tel Marina Paradise\",\"description\":\"\",\"publisher\":{\"@id\":\"https:\/\/www.marinahotelclub.com\/de\/#organization\"},\"inLanguage\":\"de\"},{\"@type\":\"Organization\",\"@id\":\"https:\/\/www.marinahotelclub.com\/de\/#organization\",\"name\":\"H\u00f4tel Marina Paradise\",\"url\":\"https:\/\/www.marinahotelclub.com\/de\/\",\"logo\":{\"@type\":\"ImageObject\",\"inLanguage\":\"de\",\"@id\":\"https:\/\/www.marinahotelclub.com\/de\/#\/schema\/logo\/image\/\",\"url\":\"https:\/\/www.marinahotelclub.com\/wp-content\/uploads\/2024\/03\/logo-marina-hotel-club.webp\",\"contentUrl\":\"https:\/\/www.marinahotelclub.com\/wp-content\/uploads\/2024\/03\/logo-marina-hotel-club.webp\",\"width\":686,\"height\":421,\"caption\":\"H\u00f4tel Marina Paradise\"},\"image\":{\"@id\":\"https:\/\/www.marinahotelclub.com\/de\/#\/schema\/logo\/image\/\"}}]}<\/script>\n<!-- \/ Yoast SEO plugin. -->","yoast_head_json":{"title":"Entdeckung von Grimaud und seinem Hafen, einem hochgelegenen Dorf in der N\u00e4he des Hotels.","description":"Erkunden Sie Grimaud: Hafen, provenzalisches Dorf, Wanderungen, Kulturerbe, Weinberge. Ein zauberhafter Aufenthalt zwischen Geschichte und Natur.","robots":{"index":"index","follow":"follow","max-snippet":"max-snippet:-1","max-image-preview":"max-image-preview:large","max-video-preview":"max-video-preview:-1"},"canonical":"https:\/\/www.marinahotelclub.com\/de\/hotel-grimaud\/","og_locale":"de_DE","og_type":"article","og_title":"Entdeckung von Grimaud und seinem Hafen, einem hochgelegenen Dorf in der N\u00e4he des Hotels.","og_description":"Erkunden Sie Grimaud: Hafen, provenzalisches Dorf, Wanderungen, Kulturerbe, Weinberge. Ein zauberhafter Aufenthalt zwischen Geschichte und Natur.","og_url":"https:\/\/www.marinahotelclub.com\/de\/hotel-grimaud\/","og_site_name":"H\u00f4tel Marina Paradise","article_modified_time":"2024-04-23T13:04:39+00:00","og_image":[{"width":1920,"height":1200,"url":"https:\/\/www.marinahotelclub.com\/wp-content\/uploads\/2024\/04\/grimaud-maisons-colorees.webp","type":"image\/webp"}],"twitter_card":"summary_large_image","twitter_misc":{"Gesch\u00e4tzte Lesezeit":"2\u00a0Minuten"},"schema":{"@context":"https:\/\/schema.org","@graph":[{"@type":"WebPage","@id":"https:\/\/www.marinahotelclub.com\/de\/hotel-grimaud\/","url":"https:\/\/www.marinahotelclub.com\/de\/hotel-grimaud\/","name":"Entdeckung von Grimaud und seinem Hafen, einem hochgelegenen Dorf in der N\u00e4he des Hotels.","isPartOf":{"@id":"https:\/\/www.marinahotelclub.com\/de\/#website"},"primaryImageOfPage":{"@id":"https:\/\/www.marinahotelclub.com\/de\/hotel-grimaud\/#primaryimage"},"image":{"@id":"https:\/\/www.marinahotelclub.com\/de\/hotel-grimaud\/#primaryimage"},"thumbnailUrl":"https:\/\/www.marinahotelclub.com\/wp-content\/uploads\/2024\/04\/grimaud-maisons-colorees.webp","datePublished":"2024-03-28T13:47:51+00:00","dateModified":"2024-04-23T13:04:39+00:00","description":"Erkunden Sie Grimaud: Hafen, provenzalisches Dorf, Wanderungen, Kulturerbe, Weinberge. Ein zauberhafter Aufenthalt zwischen Geschichte und Natur.","breadcrumb":{"@id":"https:\/\/www.marinahotelclub.com\/de\/hotel-grimaud\/#breadcrumb"},"inLanguage":"de","potentialAction":[{"@type":"ReadAction","target":["https:\/\/www.marinahotelclub.com\/de\/hotel-grimaud\/"]}]},{"@type":"ImageObject","inLanguage":"de","@id":"https:\/\/www.marinahotelclub.com\/de\/hotel-grimaud\/#primaryimage","url":"https:\/\/www.marinahotelclub.com\/wp-content\/uploads\/2024\/04\/grimaud-maisons-colorees.webp","contentUrl":"https:\/\/www.marinahotelclub.com\/wp-content\/uploads\/2024\/04\/grimaud-maisons-colorees.webp","width":1920,"height":1200},{"@type":"BreadcrumbList","@id":"https:\/\/www.marinahotelclub.com\/de\/hotel-grimaud\/#breadcrumb","itemListElement":[{"@type":"ListItem","position":1,"name":"Marina H\u00f4tel Club","item":"https:\/\/www.marinahotelclub.com\/de\/"},{"@type":"ListItem","position":2,"name":"Campingplatz in der N\u00e4he von Grimaud"}]},{"@type":"WebSite","@id":"https:\/\/www.marinahotelclub.com\/de\/#website","url":"https:\/\/www.marinahotelclub.com\/de\/","name":"H\u00f4tel Marina Paradise","description":"","publisher":{"@id":"https:\/\/www.marinahotelclub.com\/de\/#organization"},"inLanguage":"de"},{"@type":"Organization","@id":"https:\/\/www.marinahotelclub.com\/de\/#organization","name":"H\u00f4tel Marina Paradise","url":"https:\/\/www.marinahotelclub.com\/de\/","logo":{"@type":"ImageObject","inLanguage":"de","@id":"https:\/\/www.marinahotelclub.com\/de\/#\/schema\/logo\/image\/","url":"https:\/\/www.marinahotelclub.com\/wp-content\/uploads\/2024\/03\/logo-marina-hotel-club.webp","contentUrl":"https:\/\/www.marinahotelclub.com\/wp-content\/uploads\/2024\/03\/logo-marina-hotel-club.webp","width":686,"height":421,"caption":"H\u00f4tel Marina Paradise"},"image":{"@id":"https:\/\/www.marinahotelclub.com\/de\/#\/schema\/logo\/image\/"}}]}},"_links":{"self":[{"href":"https:\/\/www.marinahotelclub.com\/de\/wp-json\/wp\/v2\/pages\/1124","targetHints":{"allow":["GET"]}}],"collection":[{"href":"https:\/\/www.marinahotelclub.com\/de\/wp-json\/wp\/v2\/pages"}],"about":[{"href":"https:\/\/www.marinahotelclub.com\/de\/wp-json\/wp\/v2\/types\/page"}],"author":[{"embeddable":true,"href":"https:\/\/www.marinahotelclub.com\/de\/wp-json\/wp\/v2\/users\/1"}],"replies":[{"embeddable":true,"href":"https:\/\/www.marinahotelclub.com\/de\/wp-json\/wp\/v2\/comments?post=1124"}],"version-history":[{"count":3,"href":"https:\/\/www.marinahotelclub.com\/de\/wp-json\/wp\/v2\/pages\/1124\/revisions"}],"predecessor-version":[{"id":1127,"href":"https:\/\/www.marinahotelclub.com\/de\/wp-json\/wp\/v2\/pages\/1124\/revisions\/1127"}],"wp:featuredmedia":[{"embeddable":true,"href":"https:\/\/www.marinahotelclub.com\/de\/wp-json\/wp\/v2\/media\/922"}],"wp:attachment":[{"href":"https:\/\/www.marinahotelclub.com\/de\/wp-json\/wp\/v2\/media?parent=1124"}],"wp:term":[{"taxonomy":"sujet","embeddable":true,"href":"https:\/\/www.marinahotelclub.com\/de\/wp-json\/wp\/v2\/sujet?post=1124"}],"curies":[{"name":"wp","href":"https:\/\/api.w.org\/{rel}","templated":true}]}}