{"id":1136,"date":"2024-04-17T16:24:15","date_gmt":"2024-04-17T14:24:15","guid":{"rendered":"https:\/\/www.marinahotelclub.com\/hotel-pool-heizung-saint-tropez\/"},"modified":"2024-04-25T09:38:38","modified_gmt":"2024-04-25T07:38:38","slug":"hotel-pool-saint-tropez","status":"publish","type":"page","link":"https:\/\/www.marinahotelclub.com\/de\/hotel-pool-saint-tropez\/","title":{"rendered":"Der Pool"},"content":{"rendered":"<section id=\"ls-section-block_e23b32d78358894f7cc8c17a8cd0e922\" class=\"ls-section  home-first page-one\" >\r\n        <div class=\"container container--wide\">\r\n        \n\n<h1 class=\"ls__heading wp-block-heading has-text-align-center\">Der Pool des Hotels an der Azurblaue K\u00fcste<\/h1>\n\n\n\n<div class=\"wp-block-columns are-vertically-aligned-center is-layout-flex wp-container-core-columns-is-layout-9d6595d7 wp-block-columns-is-layout-flex\">\n<div class=\"wp-block-column is-vertically-aligned-center is-layout-flow wp-block-column-is-layout-flow\" style=\"flex-basis:60%\">\n<figure class=\"wp-block-gallery has-nested-images columns-default is-cropped wp-block-gallery-1 is-layout-flex wp-block-gallery-is-layout-flex\">\n<figure class=\"wp-block-image size-full animated fadeIn slow\"><a href=\"https:\/\/www.marinahotelclub.com\/wp-content\/uploads\/2024\/04\/piscine-chauffee-Saint-tropez-hotel-camping.webp\"><img decoding=\"async\" width=\"2000\" height=\"1125\" data-id=\"608\" src=\"https:\/\/www.marinahotelclub.com\/wp-content\/uploads\/2024\/04\/piscine-chauffee-Saint-tropez-hotel-camping.webp\" alt=\"beheizter Swimmingpool-Saint-tropez-hotel-camping\" class=\"wp-image-608\" srcset=\"https:\/\/www.marinahotelclub.com\/wp-content\/uploads\/2024\/04\/piscine-chauffee-Saint-tropez-hotel-camping.webp 2000w, https:\/\/www.marinahotelclub.com\/wp-content\/uploads\/2024\/04\/piscine-chauffee-Saint-tropez-hotel-camping-300x169.webp 300w, https:\/\/www.marinahotelclub.com\/wp-content\/uploads\/2024\/04\/piscine-chauffee-Saint-tropez-hotel-camping-1024x576.webp 1024w, https:\/\/www.marinahotelclub.com\/wp-content\/uploads\/2024\/04\/piscine-chauffee-Saint-tropez-hotel-camping-768x432.webp 768w, https:\/\/www.marinahotelclub.com\/wp-content\/uploads\/2024\/04\/piscine-chauffee-Saint-tropez-hotel-camping-1536x864.webp 1536w\" sizes=\"(max-width: 2000px) 100vw, 2000px\" \/><\/a><\/figure>\n\n\n\n<figure class=\"wp-block-image size-full animated fadeIn delay-200ms slow\"><a href=\"https:\/\/www.marinahotelclub.com\/wp-content\/uploads\/2024\/04\/couple-baignade-piscine-hotel-camping-Cote-Azur.webp\"><img decoding=\"async\" width=\"1080\" height=\"1500\" data-id=\"613\" src=\"https:\/\/www.marinahotelclub.com\/wp-content\/uploads\/2024\/04\/couple-baignade-piscine-hotel-camping-Cote-Azur.webp\" alt=\"Paar schwimmen Pool Hotel Camping C&#xF4;te d'Azur\" class=\"wp-image-613\" srcset=\"https:\/\/www.marinahotelclub.com\/wp-content\/uploads\/2024\/04\/couple-baignade-piscine-hotel-camping-Cote-Azur.webp 1080w, https:\/\/www.marinahotelclub.com\/wp-content\/uploads\/2024\/04\/couple-baignade-piscine-hotel-camping-Cote-Azur-216x300.webp 216w, https:\/\/www.marinahotelclub.com\/wp-content\/uploads\/2024\/04\/couple-baignade-piscine-hotel-camping-Cote-Azur-737x1024.webp 737w, https:\/\/www.marinahotelclub.com\/wp-content\/uploads\/2024\/04\/couple-baignade-piscine-hotel-camping-Cote-Azur-768x1067.webp 768w\" sizes=\"(max-width: 1080px) 100vw, 1080px\" \/><\/a><\/figure>\n<\/figure>\n<\/div>\n\n\n\n<div class=\"wp-block-column is-vertically-aligned-center is-layout-flow wp-block-column-is-layout-flow\" style=\"flex-basis:40%\">\n<h2 class=\"ls__heading wp-block-heading\">Schwimmen im beheizten Pool in Saint-Tropez<\/h2>\n\n\n\n<p class=\"ls-paragraph\">Brauchen Sie Ruhe und Entspannung? G\u00f6nnen Sie sich eine Pause in einem <strong>Hotel mit Pool in Saint-Tropez!<\/strong> Im <a href=\"https:\/\/www.marinahotelclub.com\/de\/\">Marina H\u00f4tel Club<\/a> ist der <strong>nat\u00fcrlich beheizte Pool<\/strong> ideal zum Schwimmen, Sport treiben und Entspannen.<\/p>\n\n\n\n<p class=\"ls-paragraph\">Es wird <strong>Wassergymnastik<\/strong> angeboten: eine perfekte Aktivit\u00e4t, um in Form zu kommen und sich den ganzen Tag \u00fcber wohl zu f\u00fchlen. Allein oder zu zweit, nehmen Sie am Vormittagskurs teil und genie\u00dfen Sie diesen Moment der Geselligkeit.<\/p>\n<\/div>\n<\/div>\n\n\r\n    <\/div>\r\n<\/section><section id=\"ls-section-block_27f8ddb6b8fdc2c6dfa23afd105d701d\" class=\"ls-section  home-second page-two\" >\r\n        <div class=\"container container--wide\">\r\n        \n\n<div class=\"wp-block-columns are-vertically-aligned-center is-layout-flex wp-container-core-columns-is-layout-9d6595d7 wp-block-columns-is-layout-flex\">\n<div class=\"wp-block-column is-vertically-aligned-center is-layout-flow wp-block-column-is-layout-flow\" style=\"flex-basis:40%\">\n<h2 class=\"ls__heading wp-block-heading\">Lachen im Planschbecken mit Ihrem Kind<\/h2>\n\n\n\n<p class=\"ls-paragraph\">Wenn Sie mit Ihren Kindern in das Hotel kommen, k\u00f6nnen auch sie das Schwimmen genie\u00dfen. Auch die J\u00fcngsten sind mit von der Partie! <strong> Im Planschbecken<\/strong> mit seiner geringen Tiefe und dem warmen Wasser sind sie sicher.<\/p>\n\n\n\n<p class=\"ls-paragraph\">Ein <strong>Swimmingpool mit Planschbecken<\/strong> ist eine Garantie daf\u00fcr, dass die ganze Familie die Vorteile des Wassers genie\u00dfen kann. Von den <strong>ersten Schritten im kleinen Becken<\/strong> bis zum <strong>Spielen<\/strong> in den <strong>Wellen<\/strong> wird der \u00dcbergang leicht sein!<\/p>\n<\/div>\n\n\n\n<div class=\"wp-block-column is-vertically-aligned-center is-layout-flow wp-block-column-is-layout-flow\" style=\"flex-basis:60%\">\n<figure class=\"wp-block-gallery has-nested-images columns-default is-cropped animated fadeInRight slow wp-block-gallery-2 is-layout-flex wp-block-gallery-is-layout-flex\">\n<figure class=\"wp-block-image size-full\"><a href=\"https:\/\/www.marinahotelclub.com\/wp-content\/uploads\/2024\/04\/Rires-pataugeoire-enfant.webp\"><img decoding=\"async\" width=\"1080\" height=\"1500\" data-id=\"617\" src=\"https:\/\/www.marinahotelclub.com\/wp-content\/uploads\/2024\/04\/Rires-pataugeoire-enfant.webp\" alt=\"Lachen-Planschbecken-Kind\" class=\"wp-image-617\" srcset=\"https:\/\/www.marinahotelclub.com\/wp-content\/uploads\/2024\/04\/Rires-pataugeoire-enfant.webp 1080w, https:\/\/www.marinahotelclub.com\/wp-content\/uploads\/2024\/04\/Rires-pataugeoire-enfant-216x300.webp 216w, https:\/\/www.marinahotelclub.com\/wp-content\/uploads\/2024\/04\/Rires-pataugeoire-enfant-737x1024.webp 737w, https:\/\/www.marinahotelclub.com\/wp-content\/uploads\/2024\/04\/Rires-pataugeoire-enfant-768x1067.webp 768w\" sizes=\"(max-width: 1080px) 100vw, 1080px\" \/><\/a><\/figure>\n<\/figure>\n<\/div>\n<\/div>\n\n\r\n    <\/div>\r\n<\/section><section id=\"ls-section-block_2daebe322dd3d7e85191aeb8be05b290\" class=\"ls-section  home-fourth page-three has-background-image has-parallax\" >\r\n    <div class=\"ls-section__background-image opacity-90\"><img decoding=\"async\" src=\"https:\/\/www.marinahotelclub.com\/wp-content\/uploads\/2024\/04\/transats-bord-piscine-Marina-Hotel-club-pres-Saint-Tropez-Cote-Azur.webp\" alt=\"\"><\/div>    <div class=\"container container--wide\">\r\n        \n\n<h2 class=\"ls__heading wp-block-heading\">Entspannung auf den Liegest\u00fchlen am Pool des Hotels<\/h2>\n\n\n\n<div class=\"wp-block-columns is-layout-flex wp-container-core-columns-is-layout-9d6595d7 wp-block-columns-is-layout-flex\">\n<div class=\"wp-block-column is-layout-flow wp-block-column-is-layout-flow\">\n<p class=\"ls-paragraph\">Nach einem Tag auf See oder einer Wanderung zum Cap Taillat k\u00f6nnen Sie sich in Ihrem Hotel mit Pool in Saint-Tropez entspannen! Um die Becken herum laden<strong> bequeme Liegest\u00fchle <\/strong>zum Nichtstun ein&#8230; Genie\u00dfen Sie einfach die Sonne der Azurblaue K\u00fcste!<\/p>\n<\/div>\n\n\n\n<div class=\"wp-block-column is-layout-flow wp-block-column-is-layout-flow\">\n<p class=\"ls-paragraph\">Es ist die Zeit, in der Sie <strong>Ihre Br\u00e4une perfektionieren<\/strong> und sich beim Klang der Zikaden <strong>entspannen<\/strong> k\u00f6nnen. Wenn Sie sich nach der <strong>Wassergymnastik<\/strong> ausruhen, sich zwischen zwei Tauchg\u00e4ngen abtrocknen oder im Schatten eines <strong>Sonnenschirms<\/strong> ein Nickerchen machen wollen, dann sollten Sie sich <strong>auf die Sonnenliegen<\/strong> begeben!<\/p>\n<\/div>\n<\/div>\n\n\r\n    <\/div>\r\n<\/section><section id=\"ls-section-block_ab7e27d4f73742f58bc2663c82e2b2d3\" class=\"ls-section  page-cta\" >\r\n        <div class=\"container container--wide\">\r\n        \n\r\n<div id=\"ls-heading ls-titre-div-block_f91cbb96039a84b2e1457130f76819e6\" class=\"ls-titre-div aligncenter h2-like\" >\r\n    Entdecken Sie unsere Dienstleistungen, das Restaurant und die Zimmer<\/div>\r\n\n\n<div id=\"ls-maillage-block_755dee91a06c58f7042d3134dedfd7a4\" class=\"ls-maillage cta-style-normal\" data-rows=\"3\">\r\n    <div class=\"wp-block-columns\"><div class=\"wp-block-column\">\r\n\r\n<a href=\"https:\/\/www.marinahotelclub.com\/de\/restaurant-saint-tropez\/\" target=\"\" rel=\"noopener\" class=\"ls-cta__link\" data-categ=\"\">\r\n\t<div class=\"ls-cta__image\"><img decoding=\"async\" src=\"https:\/\/www.marinahotelclub.com\/wp-content\/uploads\/2024\/04\/salade-oeufs-restaurant-hotel-marina-paradise.webp\" alt=\"\"><\/div>\r\n\t<div class=\"ls-cta__title\">\r\n\t\tDas Restaurant\t<\/div>\r\n\r\n\t<\/a><\/div><div class=\"wp-block-column\">\r\n\r\n<a href=\"https:\/\/www.marinahotelclub.com\/de\/hotel-dienstleistungen-saint-tropez\/\" target=\"\" rel=\"noopener\" class=\"ls-cta__link\" data-categ=\"\">\r\n\t<div class=\"ls-cta__image\"><img decoding=\"async\" src=\"https:\/\/www.marinahotelclub.com\/wp-content\/uploads\/2024\/04\/reception-Marina-Hotel-Club.webp\" alt=\"\"><\/div>\r\n\t<div class=\"ls-cta__title\">\r\n\t\tUnsere Dienstleistungen\t<\/div>\r\n\r\n\t<\/a><\/div><div class=\"wp-block-column\">\r\n\r\n<a href=\"https:\/\/www.marinahotelclub.com\/de\/ein-zimmer-buchen-azurblaue-kuste\/\" target=\"\" rel=\"noopener\" class=\"ls-cta__link\" data-categ=\"\">\r\n\t<div class=\"ls-cta__image\"><img decoding=\"async\" src=\"https:\/\/www.marinahotelclub.com\/wp-content\/uploads\/2024\/04\/chambre-familiale.webp\" alt=\"\"><\/div>\r\n\t<div class=\"ls-cta__title\">\r\n\t\tDie Zimmer\t<\/div>\r\n\r\n\t<\/a><\/div><\/div><\/div>\n\r\n    <\/div>\r\n<\/section>","protected":false},"excerpt":{"rendered":"","protected":false},"author":1,"featured_media":600,"parent":0,"menu_order":0,"comment_status":"closed","ping_status":"closed","template":"","meta":{"_acf_changed":false,"footnotes":""},"sujet":[],"class_list":["post-1136","page","type-page","status-publish","has-post-thumbnail","hentry"],"acf":[],"yoast_head":"<!-- This site is optimized with the Yoast SEO plugin v22.6 - https:\/\/yoast.com\/wordpress\/plugins\/seo\/ -->\n<title>Hotel mit Pool und Planschbecken in Saint-Tropez<\/title>\n<meta name=\"description\" content=\"Schwimmen im Hotelpool in Saint-Tropez: Wassergymnastik, Planschbecken f\u00fcr Kinder und Entspannung auf den Liegest\u00fchlen unter der Sonne der C\u00f4te d&#039;Azur.\" \/>\n<meta name=\"robots\" content=\"index, follow, max-snippet:-1, max-image-preview:large, max-video-preview:-1\" \/>\n<link rel=\"canonical\" href=\"https:\/\/www.marinahotelclub.com\/de\/hotel-pool-saint-tropez\/\" \/>\n<meta property=\"og:locale\" content=\"de_DE\" \/>\n<meta property=\"og:type\" content=\"article\" \/>\n<meta property=\"og:title\" content=\"Hotel mit Pool und Planschbecken in Saint-Tropez\" \/>\n<meta property=\"og:description\" content=\"Schwimmen im Hotelpool in Saint-Tropez: Wassergymnastik, Planschbecken f\u00fcr Kinder und Entspannung auf den Liegest\u00fchlen unter der Sonne der C\u00f4te d&#039;Azur.\" \/>\n<meta property=\"og:url\" content=\"https:\/\/www.marinahotelclub.com\/de\/hotel-pool-saint-tropez\/\" \/>\n<meta property=\"og:site_name\" content=\"H\u00f4tel Marina Paradise\" \/>\n<meta property=\"article:modified_time\" content=\"2024-04-25T07:38:38+00:00\" \/>\n<meta property=\"og:image\" content=\"https:\/\/www.marinahotelclub.com\/wp-content\/uploads\/2024\/04\/piscine-Marina-Hotel-Club-Cote-Azur.webp\" \/>\n\t<meta property=\"og:image:width\" content=\"2000\" \/>\n\t<meta property=\"og:image:height\" content=\"1125\" \/>\n\t<meta property=\"og:image:type\" content=\"image\/webp\" \/>\n<meta name=\"twitter:card\" content=\"summary_large_image\" \/>\n<meta name=\"twitter:label1\" content=\"Gesch\u00e4tzte Lesezeit\" \/>\n\t<meta name=\"twitter:data1\" content=\"1\u00a0Minute\" \/>\n<script type=\"application\/ld+json\" class=\"yoast-schema-graph\">{\"@context\":\"https:\/\/schema.org\",\"@graph\":[{\"@type\":\"WebPage\",\"@id\":\"https:\/\/www.marinahotelclub.com\/de\/hotel-pool-saint-tropez\/\",\"url\":\"https:\/\/www.marinahotelclub.com\/de\/hotel-pool-saint-tropez\/\",\"name\":\"Hotel mit Pool und Planschbecken in Saint-Tropez\",\"isPartOf\":{\"@id\":\"https:\/\/www.marinahotelclub.com\/de\/#website\"},\"primaryImageOfPage\":{\"@id\":\"https:\/\/www.marinahotelclub.com\/de\/hotel-pool-saint-tropez\/#primaryimage\"},\"image\":{\"@id\":\"https:\/\/www.marinahotelclub.com\/de\/hotel-pool-saint-tropez\/#primaryimage\"},\"thumbnailUrl\":\"https:\/\/www.marinahotelclub.com\/wp-content\/uploads\/2024\/04\/piscine-Marina-Hotel-Club-Cote-Azur.webp\",\"datePublished\":\"2024-04-17T14:24:15+00:00\",\"dateModified\":\"2024-04-25T07:38:38+00:00\",\"description\":\"Schwimmen im Hotelpool in Saint-Tropez: Wassergymnastik, Planschbecken f\u00fcr Kinder und Entspannung auf den Liegest\u00fchlen unter der Sonne der C\u00f4te d'Azur.\",\"breadcrumb\":{\"@id\":\"https:\/\/www.marinahotelclub.com\/de\/hotel-pool-saint-tropez\/#breadcrumb\"},\"inLanguage\":\"de\",\"potentialAction\":[{\"@type\":\"ReadAction\",\"target\":[\"https:\/\/www.marinahotelclub.com\/de\/hotel-pool-saint-tropez\/\"]}]},{\"@type\":\"ImageObject\",\"inLanguage\":\"de\",\"@id\":\"https:\/\/www.marinahotelclub.com\/de\/hotel-pool-saint-tropez\/#primaryimage\",\"url\":\"https:\/\/www.marinahotelclub.com\/wp-content\/uploads\/2024\/04\/piscine-Marina-Hotel-Club-Cote-Azur.webp\",\"contentUrl\":\"https:\/\/www.marinahotelclub.com\/wp-content\/uploads\/2024\/04\/piscine-Marina-Hotel-Club-Cote-Azur.webp\",\"width\":2000,\"height\":1125},{\"@type\":\"BreadcrumbList\",\"@id\":\"https:\/\/www.marinahotelclub.com\/de\/hotel-pool-saint-tropez\/#breadcrumb\",\"itemListElement\":[{\"@type\":\"ListItem\",\"position\":1,\"name\":\"Marina H\u00f4tel Club\",\"item\":\"https:\/\/www.marinahotelclub.com\/de\/\"},{\"@type\":\"ListItem\",\"position\":2,\"name\":\"Swimmingpool\"}]},{\"@type\":\"WebSite\",\"@id\":\"https:\/\/www.marinahotelclub.com\/de\/#website\",\"url\":\"https:\/\/www.marinahotelclub.com\/de\/\",\"name\":\"H\u00f4tel Marina Paradise\",\"description\":\"\",\"publisher\":{\"@id\":\"https:\/\/www.marinahotelclub.com\/de\/#organization\"},\"inLanguage\":\"de\"},{\"@type\":\"Organization\",\"@id\":\"https:\/\/www.marinahotelclub.com\/de\/#organization\",\"name\":\"H\u00f4tel Marina Paradise\",\"url\":\"https:\/\/www.marinahotelclub.com\/de\/\",\"logo\":{\"@type\":\"ImageObject\",\"inLanguage\":\"de\",\"@id\":\"https:\/\/www.marinahotelclub.com\/de\/#\/schema\/logo\/image\/\",\"url\":\"https:\/\/www.marinahotelclub.com\/wp-content\/uploads\/2024\/03\/logo-marina-hotel-club.webp\",\"contentUrl\":\"https:\/\/www.marinahotelclub.com\/wp-content\/uploads\/2024\/03\/logo-marina-hotel-club.webp\",\"width\":686,\"height\":421,\"caption\":\"H\u00f4tel Marina Paradise\"},\"image\":{\"@id\":\"https:\/\/www.marinahotelclub.com\/de\/#\/schema\/logo\/image\/\"}}]}<\/script>\n<!-- \/ Yoast SEO plugin. -->","yoast_head_json":{"title":"Hotel mit Pool und Planschbecken in Saint-Tropez","description":"Schwimmen im Hotelpool in Saint-Tropez: Wassergymnastik, Planschbecken f\u00fcr Kinder und Entspannung auf den Liegest\u00fchlen unter der Sonne der C\u00f4te d'Azur.","robots":{"index":"index","follow":"follow","max-snippet":"max-snippet:-1","max-image-preview":"max-image-preview:large","max-video-preview":"max-video-preview:-1"},"canonical":"https:\/\/www.marinahotelclub.com\/de\/hotel-pool-saint-tropez\/","og_locale":"de_DE","og_type":"article","og_title":"Hotel mit Pool und Planschbecken in Saint-Tropez","og_description":"Schwimmen im Hotelpool in Saint-Tropez: Wassergymnastik, Planschbecken f\u00fcr Kinder und Entspannung auf den Liegest\u00fchlen unter der Sonne der C\u00f4te d'Azur.","og_url":"https:\/\/www.marinahotelclub.com\/de\/hotel-pool-saint-tropez\/","og_site_name":"H\u00f4tel Marina Paradise","article_modified_time":"2024-04-25T07:38:38+00:00","og_image":[{"width":2000,"height":1125,"url":"https:\/\/www.marinahotelclub.com\/wp-content\/uploads\/2024\/04\/piscine-Marina-Hotel-Club-Cote-Azur.webp","type":"image\/webp"}],"twitter_card":"summary_large_image","twitter_misc":{"Gesch\u00e4tzte Lesezeit":"1\u00a0Minute"},"schema":{"@context":"https:\/\/schema.org","@graph":[{"@type":"WebPage","@id":"https:\/\/www.marinahotelclub.com\/de\/hotel-pool-saint-tropez\/","url":"https:\/\/www.marinahotelclub.com\/de\/hotel-pool-saint-tropez\/","name":"Hotel mit Pool und Planschbecken in Saint-Tropez","isPartOf":{"@id":"https:\/\/www.marinahotelclub.com\/de\/#website"},"primaryImageOfPage":{"@id":"https:\/\/www.marinahotelclub.com\/de\/hotel-pool-saint-tropez\/#primaryimage"},"image":{"@id":"https:\/\/www.marinahotelclub.com\/de\/hotel-pool-saint-tropez\/#primaryimage"},"thumbnailUrl":"https:\/\/www.marinahotelclub.com\/wp-content\/uploads\/2024\/04\/piscine-Marina-Hotel-Club-Cote-Azur.webp","datePublished":"2024-04-17T14:24:15+00:00","dateModified":"2024-04-25T07:38:38+00:00","description":"Schwimmen im Hotelpool in Saint-Tropez: Wassergymnastik, Planschbecken f\u00fcr Kinder und Entspannung auf den Liegest\u00fchlen unter der Sonne der C\u00f4te d'Azur.","breadcrumb":{"@id":"https:\/\/www.marinahotelclub.com\/de\/hotel-pool-saint-tropez\/#breadcrumb"},"inLanguage":"de","potentialAction":[{"@type":"ReadAction","target":["https:\/\/www.marinahotelclub.com\/de\/hotel-pool-saint-tropez\/"]}]},{"@type":"ImageObject","inLanguage":"de","@id":"https:\/\/www.marinahotelclub.com\/de\/hotel-pool-saint-tropez\/#primaryimage","url":"https:\/\/www.marinahotelclub.com\/wp-content\/uploads\/2024\/04\/piscine-Marina-Hotel-Club-Cote-Azur.webp","contentUrl":"https:\/\/www.marinahotelclub.com\/wp-content\/uploads\/2024\/04\/piscine-Marina-Hotel-Club-Cote-Azur.webp","width":2000,"height":1125},{"@type":"BreadcrumbList","@id":"https:\/\/www.marinahotelclub.com\/de\/hotel-pool-saint-tropez\/#breadcrumb","itemListElement":[{"@type":"ListItem","position":1,"name":"Marina H\u00f4tel Club","item":"https:\/\/www.marinahotelclub.com\/de\/"},{"@type":"ListItem","position":2,"name":"Swimmingpool"}]},{"@type":"WebSite","@id":"https:\/\/www.marinahotelclub.com\/de\/#website","url":"https:\/\/www.marinahotelclub.com\/de\/","name":"H\u00f4tel Marina Paradise","description":"","publisher":{"@id":"https:\/\/www.marinahotelclub.com\/de\/#organization"},"inLanguage":"de"},{"@type":"Organization","@id":"https:\/\/www.marinahotelclub.com\/de\/#organization","name":"H\u00f4tel Marina Paradise","url":"https:\/\/www.marinahotelclub.com\/de\/","logo":{"@type":"ImageObject","inLanguage":"de","@id":"https:\/\/www.marinahotelclub.com\/de\/#\/schema\/logo\/image\/","url":"https:\/\/www.marinahotelclub.com\/wp-content\/uploads\/2024\/03\/logo-marina-hotel-club.webp","contentUrl":"https:\/\/www.marinahotelclub.com\/wp-content\/uploads\/2024\/03\/logo-marina-hotel-club.webp","width":686,"height":421,"caption":"H\u00f4tel Marina Paradise"},"image":{"@id":"https:\/\/www.marinahotelclub.com\/de\/#\/schema\/logo\/image\/"}}]}},"_links":{"self":[{"href":"https:\/\/www.marinahotelclub.com\/de\/wp-json\/wp\/v2\/pages\/1136","targetHints":{"allow":["GET"]}}],"collection":[{"href":"https:\/\/www.marinahotelclub.com\/de\/wp-json\/wp\/v2\/pages"}],"about":[{"href":"https:\/\/www.marinahotelclub.com\/de\/wp-json\/wp\/v2\/types\/page"}],"author":[{"embeddable":true,"href":"https:\/\/www.marinahotelclub.com\/de\/wp-json\/wp\/v2\/users\/1"}],"replies":[{"embeddable":true,"href":"https:\/\/www.marinahotelclub.com\/de\/wp-json\/wp\/v2\/comments?post=1136"}],"version-history":[{"count":1,"href":"https:\/\/www.marinahotelclub.com\/de\/wp-json\/wp\/v2\/pages\/1136\/revisions"}],"predecessor-version":[{"id":1137,"href":"https:\/\/www.marinahotelclub.com\/de\/wp-json\/wp\/v2\/pages\/1136\/revisions\/1137"}],"wp:featuredmedia":[{"embeddable":true,"href":"https:\/\/www.marinahotelclub.com\/de\/wp-json\/wp\/v2\/media\/600"}],"wp:attachment":[{"href":"https:\/\/www.marinahotelclub.com\/de\/wp-json\/wp\/v2\/media?parent=1136"}],"wp:term":[{"taxonomy":"sujet","embeddable":true,"href":"https:\/\/www.marinahotelclub.com\/de\/wp-json\/wp\/v2\/sujet?post=1136"}],"curies":[{"name":"wp","href":"https:\/\/api.w.org\/{rel}","templated":true}]}}