{"id":1142,"date":"2024-03-28T14:46:06","date_gmt":"2024-03-28T13:46:06","guid":{"rendered":"https:\/\/www.marinahotelclub.com\/restaurant-saint-tropez\/"},"modified":"2024-04-24T16:05:15","modified_gmt":"2024-04-24T14:05:15","slug":"restaurant-saint-tropez","status":"publish","type":"page","link":"https:\/\/www.marinahotelclub.com\/de\/restaurant-saint-tropez\/","title":{"rendered":"Das Restaurant"},"content":{"rendered":"<section id=\"ls-section-block_83df0673fb5d7c2ac99e322b62daa45f\" class=\"ls-section  home-first page-one\" >\r\n        <div class=\"container container--wide\">\r\n        \n\n<h1 class=\"ls__heading wp-block-heading has-text-align-center\">  Restaurant, Ihr Gourmet-Moment in Saint-Tropez<\/h1>\n\n\n\n<div class=\"wp-block-columns are-vertically-aligned-center is-layout-flex wp-container-core-columns-is-layout-9d6595d7 wp-block-columns-is-layout-flex\">\n<div class=\"wp-block-column is-vertically-aligned-center is-layout-flow wp-block-column-is-layout-flow\" style=\"flex-basis:60%\">\n<figure class=\"wp-block-gallery has-nested-images columns-default is-cropped wp-block-gallery-1 is-layout-flex wp-block-gallery-is-layout-flex\">\n<figure class=\"wp-block-image size-full animated fadeIn slow\"><a href=\"https:\/\/www.marinahotelclub.com\/wp-content\/uploads\/2024\/04\/terrasse-bar-Marina-Hotel-club.webp\"><img decoding=\"async\" width=\"1152\" height=\"2048\" data-id=\"744\" src=\"https:\/\/www.marinahotelclub.com\/wp-content\/uploads\/2024\/04\/terrasse-bar-Marina-Hotel-club.webp\" alt=\"Terrassenbar Marina Hotel Club\" class=\"wp-image-744\" srcset=\"https:\/\/www.marinahotelclub.com\/wp-content\/uploads\/2024\/04\/terrasse-bar-Marina-Hotel-club.webp 1152w, https:\/\/www.marinahotelclub.com\/wp-content\/uploads\/2024\/04\/terrasse-bar-Marina-Hotel-club-169x300.webp 169w, https:\/\/www.marinahotelclub.com\/wp-content\/uploads\/2024\/04\/terrasse-bar-Marina-Hotel-club-576x1024.webp 576w, https:\/\/www.marinahotelclub.com\/wp-content\/uploads\/2024\/04\/terrasse-bar-Marina-Hotel-club-768x1365.webp 768w, https:\/\/www.marinahotelclub.com\/wp-content\/uploads\/2024\/04\/terrasse-bar-Marina-Hotel-club-864x1536.webp 864w\" sizes=\"(max-width: 1152px) 100vw, 1152px\" \/><\/a><\/figure>\n\n\n\n<figure class=\"wp-block-image size-full animated fadeIn delay-200ms slow\"><a href=\"https:\/\/www.marinahotelclub.com\/wp-content\/uploads\/2024\/04\/restaurant-hotel-marina-paradise-petit-dejeuner.webp\"><img decoding=\"async\" width=\"2000\" height=\"2000\" data-id=\"509\" src=\"https:\/\/www.marinahotelclub.com\/wp-content\/uploads\/2024\/04\/restaurant-hotel-marina-paradise-petit-dejeuner.webp\" alt=\"restaurant-hotel-marina-paradise-fr&#xFC;hst&#xFC;ck\" class=\"wp-image-509\" srcset=\"https:\/\/www.marinahotelclub.com\/wp-content\/uploads\/2024\/04\/restaurant-hotel-marina-paradise-petit-dejeuner.webp 2000w, https:\/\/www.marinahotelclub.com\/wp-content\/uploads\/2024\/04\/restaurant-hotel-marina-paradise-petit-dejeuner-300x300.webp 300w, https:\/\/www.marinahotelclub.com\/wp-content\/uploads\/2024\/04\/restaurant-hotel-marina-paradise-petit-dejeuner-1024x1024.webp 1024w, https:\/\/www.marinahotelclub.com\/wp-content\/uploads\/2024\/04\/restaurant-hotel-marina-paradise-petit-dejeuner-150x150.webp 150w, https:\/\/www.marinahotelclub.com\/wp-content\/uploads\/2024\/04\/restaurant-hotel-marina-paradise-petit-dejeuner-768x768.webp 768w, https:\/\/www.marinahotelclub.com\/wp-content\/uploads\/2024\/04\/restaurant-hotel-marina-paradise-petit-dejeuner-1536x1536.webp 1536w\" sizes=\"(max-width: 2000px) 100vw, 2000px\" \/><\/a><\/figure>\n<\/figure>\n<\/div>\n\n\n\n<div class=\"wp-block-column is-vertically-aligned-center is-layout-flow wp-block-column-is-layout-flow\" style=\"flex-basis:40%\">\n<h2 class=\"ls__heading wp-block-heading\">Fr\u00fchst\u00fcck im Restaurant<\/h2>\n\n\n\n<p class=\"ls-paragraph\">Entscheiden Sie sich bei Ihrem Aufenthalt in einem Hotel an der Azurblaue K\u00fcste f\u00fcr das<strong> Fr\u00fchst\u00fcck<\/strong>! Mit dem <strong>kontinentalen Fr\u00fchst\u00fccksbuffet<\/strong> k\u00f6nnen Sie sich f\u00fcr Ihre Ausfl\u00fcge in den Golf von Saint-Tropez st\u00e4rken!<\/p>\n\n\n\n<p class=\"ls-paragraph\">Sie finden eine gro\u00dfe Auswahl an <strong>hei\u00dfen <\/strong>(Kaffee, Tee, Schokolade, Milchprodukte) und <strong>kalten<\/strong> (Milchprodukte, Fruchts\u00e4fte&#8230;) <strong>Getr\u00e4nken <\/strong> f\u00fcr ein Fr\u00fchst\u00fcck, wie Sie es m\u00f6gen. Am Buffet gibt es Geb\u00e4ck, verschiedene Brotsorten, <strong>s\u00fc\u00dfe und salzige, warme und kalte Speisen,<\/strong> f\u00fcr jeden Geschmack und jeden Appetit!<\/p>\n<\/div>\n<\/div>\n\n\r\n    <\/div>\r\n<\/section><section id=\"ls-section-block_820c1517455cd33cb2aeaa386f933521\" class=\"ls-section  home-second page-two\" >\r\n        <div class=\"container container--wide\">\r\n        \n\n<div class=\"wp-block-columns are-vertically-aligned-center is-layout-flex wp-container-core-columns-is-layout-9d6595d7 wp-block-columns-is-layout-flex\">\n<div class=\"wp-block-column is-vertically-aligned-center is-layout-flow wp-block-column-is-layout-flow\" style=\"flex-basis:40%\">\n<h2 class=\"ls__heading wp-block-heading\">Genie\u00dfen Sie ein Restaurant an der Azurblaue K\u00fcste<\/h2>\n\n\n\n<p class=\"ls-paragraph\">W\u00e4hrend Ihres Urlaubs in Ihrem <a href=\"https:\/\/www.marinahotelclub.com\/de\/\">Clubhotel an der Azurblaue K\u00fcste<\/a> k\u00f6nnen Sie jederzeit die<strong> Karte eines Gourmet-Snacks <\/strong>und die Geselligkeit eines Restaurants genie\u00dfen.<\/p>\n\n\n\n<p class=\"ls-paragraph\">Mittags, am Nachmittag oder am Ende des Tages bietet die <strong>Snackbar<\/strong> <strong>Sandwiches<\/strong>, <strong>Pizza<\/strong>, <strong>gemischte Salate<\/strong> und <strong>s\u00fc\u00dfe Lecker<\/strong>eien.<\/p>\n\n\n\n<p class=\"ls-paragraph\">W\u00e4hlen Sie f\u00fcr Ihr Abendessen einen Tisch in unserem Restaurant in der N\u00e4he von Saint-Tropez. Auf der Speisekarte stehen <strong>Fisch<\/strong> vom Grill, Fleisch- und <strong>Fischcarpaccios<\/strong>, <strong>hausgemachte Burger<\/strong> und <strong>Pizzen aus dem Holzofen<\/strong>.<\/p>\n<\/div>\n\n\n\n<div class=\"wp-block-column is-vertically-aligned-center is-layout-flow wp-block-column-is-layout-flow\" style=\"flex-basis:60%\">\n<figure class=\"wp-block-gallery has-nested-images columns-default is-cropped animated fadeInRight slow wp-block-gallery-2 is-layout-flex wp-block-gallery-is-layout-flex\">\n<figure class=\"wp-block-image size-full\"><a href=\"https:\/\/www.marinahotelclub.com\/wp-content\/uploads\/2024\/04\/snack-pizza-hotel-Cote-Azur.webp\"><img decoding=\"async\" width=\"1080\" height=\"1500\" data-id=\"739\" src=\"https:\/\/www.marinahotelclub.com\/wp-content\/uploads\/2024\/04\/snack-pizza-hotel-Cote-Azur.webp\" alt=\"snack-pizza-hotel Azurblaue K&#xFC;ste\" class=\"wp-image-739\" srcset=\"https:\/\/www.marinahotelclub.com\/wp-content\/uploads\/2024\/04\/snack-pizza-hotel-Cote-Azur.webp 1080w, https:\/\/www.marinahotelclub.com\/wp-content\/uploads\/2024\/04\/snack-pizza-hotel-Cote-Azur-216x300.webp 216w, https:\/\/www.marinahotelclub.com\/wp-content\/uploads\/2024\/04\/snack-pizza-hotel-Cote-Azur-737x1024.webp 737w, https:\/\/www.marinahotelclub.com\/wp-content\/uploads\/2024\/04\/snack-pizza-hotel-Cote-Azur-768x1067.webp 768w\" sizes=\"(max-width: 1080px) 100vw, 1080px\" \/><\/a><\/figure>\n<\/figure>\n<\/div>\n<\/div>\n\n\r\n    <\/div>\r\n<\/section><section id=\"ls-section-block_a3090c9cc1e9f605e6802f0aa42ef068\" class=\"ls-section  home-fourth page-three has-background-image has-parallax\" >\r\n    <div class=\"ls-section__background-image opacity-90\"><img decoding=\"async\" src=\"https:\/\/www.marinahotelclub.com\/wp-content\/uploads\/2024\/04\/amis-cocktails-bar.webp\" alt=\"\"><\/div>    <div class=\"container container--wide\">\r\n        \n\n<h2 class=\"ls__heading wp-block-heading\">Erfrischungspause an der Bar in Saint-Tropez<\/h2>\n\n\n\n<div class=\"wp-block-columns is-layout-flex wp-container-core-columns-is-layout-9d6595d7 wp-block-columns-is-layout-flex\">\n<div class=\"wp-block-column is-layout-flow wp-block-column-is-layout-flow\">\n<p class=\"ls-paragraph\">Nach einem Nachmittag im Pool, nach einer Partie Tennis oder nach einem Spaziergang am Meer k\u00f6nnen Sie in der Hotelbar einen <strong>Cocktail<\/strong>, einen <strong>Aperitif<\/strong> oder einen <strong>erfrischenden Softdrink<\/strong> zu sich nehmen.<\/p>\n\n\n\n<p class=\"ls-paragraph\">Unsere<strong> Bar in Saint-Tropez <\/strong>empf\u00e4ngt Sie <strong>ab 18:00 Uhr <\/strong>bis <strong>Mitternacht <\/strong>, damit Sie sich entspannen und einen Drink in einer gem\u00fctlichen Atmosph\u00e4re genie\u00dfen k\u00f6nnen.<\/p>\n<\/div>\n\n\n\n<div class=\"wp-block-column is-layout-flow wp-block-column-is-layout-flow\">\n<p class=\"ls-paragraph\">Hunger? Schauen Sie sich die Snackkarte an und lassen Sie sich von einer s\u00fc\u00dfen Pizzette oder einem gemischten Salat verf\u00fchren!<\/p>\n\n\n\n<p class=\"ls-paragraph\">Entscheiden Sie sich bei Ihrem Aufenthalt in einem Hotel an der Azurblaue K\u00fcste f\u00fcr das<strong> Fr\u00fchst\u00fcck<\/strong>! Mit dem <strong>kontinentalen Fr\u00fchst\u00fccksbuffet<\/strong> k\u00f6nnen Sie sich f\u00fcr Ihre Ausfl\u00fcge in den Golf von Saint-Tropez st\u00e4rken!<\/p>\n<\/div>\n<\/div>\n\n\r\n    <\/div>\r\n<\/section><section id=\"ls-section-block_8235e04acb07e3d5e641e5d454a1f29c\" class=\"ls-section  page-cta\" >\r\n        <div class=\"container container--wide\">\r\n        \n\r\n<div id=\"ls-heading ls-titre-div-block_27613d6488b4a60f6e48868df60ef84b\" class=\"ls-titre-div aligncenter h2-like\" >\r\n    Unsere anderen Dienstleistungen<\/div>\r\n\n\n<div id=\"ls-maillage-block_9faa646a064c26b88d90cc2b79187306\" class=\"ls-maillage cta-style-normal\" data-rows=\"3\">\r\n    <div class=\"wp-block-columns\"><div class=\"wp-block-column\">\r\n\r\n<a href=\"https:\/\/www.marinahotelclub.com\/de\/hotel-animations-saint-tropez\/\" target=\"\" rel=\"noopener\" class=\"ls-cta__link\" data-categ=\"\">\r\n\t<div class=\"ls-cta__image\"><img decoding=\"async\" src=\"https:\/\/www.marinahotelclub.com\/wp-content\/uploads\/2024\/04\/enfants-activite-lettres-animation.webp\" alt=\"Aktivit\u00e4ten und Animationen\"><\/div>\r\n\t<div class=\"ls-cta__title\">\r\n\t\tAktivit\u00e4ten und Animationen\t<\/div>\r\n\r\n\t<\/a><\/div><div class=\"wp-block-column\">\r\n\r\n<a href=\"https:\/\/www.marinahotelclub.com\/de\/hotel-pool-saint-tropez\/\" target=\"\" rel=\"noopener\" class=\"ls-cta__link\" data-categ=\"\">\r\n\t<div class=\"ls-cta__image\"><img decoding=\"async\" src=\"https:\/\/www.marinahotelclub.com\/wp-content\/uploads\/2024\/04\/detente-piscine.webp\" alt=\"\"><\/div>\r\n\t<div class=\"ls-cta__title\">\r\n\t\tDer Pool\t<\/div>\r\n\r\n\t<\/a><\/div><div class=\"wp-block-column\">\r\n\r\n<a href=\"https:\/\/www.marinahotelclub.com\/de\/hotel-dienstleistungen-saint-tropez\/\" target=\"\" rel=\"noopener\" class=\"ls-cta__link\" data-categ=\"\">\r\n\t<div class=\"ls-cta__image\"><img decoding=\"async\" src=\"https:\/\/www.marinahotelclub.com\/wp-content\/uploads\/2024\/04\/reception-Marina-Hotel-Club.webp\" alt=\"\"><\/div>\r\n\t<div class=\"ls-cta__title\">\r\n\t\tUnsere Dienstleistungen\t<\/div>\r\n\r\n\t<\/a><\/div><\/div><\/div>\n\r\n    <\/div>\r\n<\/section>","protected":false},"excerpt":{"rendered":"","protected":false},"author":1,"featured_media":507,"parent":0,"menu_order":0,"comment_status":"closed","ping_status":"closed","template":"","meta":{"_acf_changed":false,"footnotes":""},"sujet":[],"class_list":["post-1142","page","type-page","status-publish","has-post-thumbnail","hentry"],"acf":[],"yoast_head":"<!-- This site is optimized with the Yoast SEO plugin v22.6 - https:\/\/yoast.com\/wordpress\/plugins\/seo\/ -->\n<title>Restaurant und Bar in Saint-Tropez: Snacks, Abendessen und Fr\u00fchst\u00fcck<\/title>\n<meta name=\"description\" content=\"Genie\u00dfen Sie jeden Moment in unserem Restaurant und der Bar: kontinentales Fr\u00fchst\u00fcck, gastronomische Abendessen und Snackpausen.\" \/>\n<meta name=\"robots\" content=\"index, follow, max-snippet:-1, max-image-preview:large, max-video-preview:-1\" \/>\n<link rel=\"canonical\" href=\"https:\/\/www.marinahotelclub.com\/de\/restaurant-saint-tropez\/\" \/>\n<meta property=\"og:locale\" content=\"de_DE\" \/>\n<meta property=\"og:type\" content=\"article\" \/>\n<meta property=\"og:title\" content=\"Restaurant und Bar in Saint-Tropez: Snacks, Abendessen und Fr\u00fchst\u00fcck\" \/>\n<meta property=\"og:description\" content=\"Genie\u00dfen Sie jeden Moment in unserem Restaurant und der Bar: kontinentales Fr\u00fchst\u00fcck, gastronomische Abendessen und Snackpausen.\" \/>\n<meta property=\"og:url\" content=\"https:\/\/www.marinahotelclub.com\/de\/restaurant-saint-tropez\/\" \/>\n<meta property=\"og:site_name\" content=\"H\u00f4tel Marina Paradise\" \/>\n<meta property=\"article:modified_time\" content=\"2024-04-24T14:05:15+00:00\" \/>\n<meta property=\"og:image\" content=\"https:\/\/www.marinahotelclub.com\/wp-content\/uploads\/2024\/04\/terrasse-marina-paradise.webp\" \/>\n\t<meta property=\"og:image:width\" content=\"2000\" \/>\n\t<meta property=\"og:image:height\" content=\"1125\" \/>\n\t<meta property=\"og:image:type\" content=\"image\/webp\" \/>\n<meta name=\"twitter:card\" content=\"summary_large_image\" \/>\n<meta name=\"twitter:label1\" content=\"Gesch\u00e4tzte Lesezeit\" \/>\n\t<meta name=\"twitter:data1\" content=\"2\u00a0Minuten\" \/>\n<script type=\"application\/ld+json\" class=\"yoast-schema-graph\">{\"@context\":\"https:\/\/schema.org\",\"@graph\":[{\"@type\":\"WebPage\",\"@id\":\"https:\/\/www.marinahotelclub.com\/de\/restaurant-saint-tropez\/\",\"url\":\"https:\/\/www.marinahotelclub.com\/de\/restaurant-saint-tropez\/\",\"name\":\"Restaurant und Bar in Saint-Tropez: Snacks, Abendessen und Fr\u00fchst\u00fcck\",\"isPartOf\":{\"@id\":\"https:\/\/www.marinahotelclub.com\/de\/#website\"},\"primaryImageOfPage\":{\"@id\":\"https:\/\/www.marinahotelclub.com\/de\/restaurant-saint-tropez\/#primaryimage\"},\"image\":{\"@id\":\"https:\/\/www.marinahotelclub.com\/de\/restaurant-saint-tropez\/#primaryimage\"},\"thumbnailUrl\":\"https:\/\/www.marinahotelclub.com\/wp-content\/uploads\/2024\/04\/terrasse-marina-paradise.webp\",\"datePublished\":\"2024-03-28T13:46:06+00:00\",\"dateModified\":\"2024-04-24T14:05:15+00:00\",\"description\":\"Genie\u00dfen Sie jeden Moment in unserem Restaurant und der Bar: kontinentales Fr\u00fchst\u00fcck, gastronomische Abendessen und Snackpausen.\",\"breadcrumb\":{\"@id\":\"https:\/\/www.marinahotelclub.com\/de\/restaurant-saint-tropez\/#breadcrumb\"},\"inLanguage\":\"de\",\"potentialAction\":[{\"@type\":\"ReadAction\",\"target\":[\"https:\/\/www.marinahotelclub.com\/de\/restaurant-saint-tropez\/\"]}]},{\"@type\":\"ImageObject\",\"inLanguage\":\"de\",\"@id\":\"https:\/\/www.marinahotelclub.com\/de\/restaurant-saint-tropez\/#primaryimage\",\"url\":\"https:\/\/www.marinahotelclub.com\/wp-content\/uploads\/2024\/04\/terrasse-marina-paradise.webp\",\"contentUrl\":\"https:\/\/www.marinahotelclub.com\/wp-content\/uploads\/2024\/04\/terrasse-marina-paradise.webp\",\"width\":2000,\"height\":1125},{\"@type\":\"BreadcrumbList\",\"@id\":\"https:\/\/www.marinahotelclub.com\/de\/restaurant-saint-tropez\/#breadcrumb\",\"itemListElement\":[{\"@type\":\"ListItem\",\"position\":1,\"name\":\"Marina H\u00f4tel Club\",\"item\":\"https:\/\/www.marinahotelclub.com\/de\/\"},{\"@type\":\"ListItem\",\"position\":2,\"name\":\"Restauration\"}]},{\"@type\":\"WebSite\",\"@id\":\"https:\/\/www.marinahotelclub.com\/de\/#website\",\"url\":\"https:\/\/www.marinahotelclub.com\/de\/\",\"name\":\"H\u00f4tel Marina Paradise\",\"description\":\"\",\"publisher\":{\"@id\":\"https:\/\/www.marinahotelclub.com\/de\/#organization\"},\"inLanguage\":\"de\"},{\"@type\":\"Organization\",\"@id\":\"https:\/\/www.marinahotelclub.com\/de\/#organization\",\"name\":\"H\u00f4tel Marina Paradise\",\"url\":\"https:\/\/www.marinahotelclub.com\/de\/\",\"logo\":{\"@type\":\"ImageObject\",\"inLanguage\":\"de\",\"@id\":\"https:\/\/www.marinahotelclub.com\/de\/#\/schema\/logo\/image\/\",\"url\":\"https:\/\/www.marinahotelclub.com\/wp-content\/uploads\/2024\/03\/logo-marina-hotel-club.webp\",\"contentUrl\":\"https:\/\/www.marinahotelclub.com\/wp-content\/uploads\/2024\/03\/logo-marina-hotel-club.webp\",\"width\":686,\"height\":421,\"caption\":\"H\u00f4tel Marina Paradise\"},\"image\":{\"@id\":\"https:\/\/www.marinahotelclub.com\/de\/#\/schema\/logo\/image\/\"}}]}<\/script>\n<!-- \/ Yoast SEO plugin. -->","yoast_head_json":{"title":"Restaurant und Bar in Saint-Tropez: Snacks, Abendessen und Fr\u00fchst\u00fcck","description":"Genie\u00dfen Sie jeden Moment in unserem Restaurant und der Bar: kontinentales Fr\u00fchst\u00fcck, gastronomische Abendessen und Snackpausen.","robots":{"index":"index","follow":"follow","max-snippet":"max-snippet:-1","max-image-preview":"max-image-preview:large","max-video-preview":"max-video-preview:-1"},"canonical":"https:\/\/www.marinahotelclub.com\/de\/restaurant-saint-tropez\/","og_locale":"de_DE","og_type":"article","og_title":"Restaurant und Bar in Saint-Tropez: Snacks, Abendessen und Fr\u00fchst\u00fcck","og_description":"Genie\u00dfen Sie jeden Moment in unserem Restaurant und der Bar: kontinentales Fr\u00fchst\u00fcck, gastronomische Abendessen und Snackpausen.","og_url":"https:\/\/www.marinahotelclub.com\/de\/restaurant-saint-tropez\/","og_site_name":"H\u00f4tel Marina Paradise","article_modified_time":"2024-04-24T14:05:15+00:00","og_image":[{"width":2000,"height":1125,"url":"https:\/\/www.marinahotelclub.com\/wp-content\/uploads\/2024\/04\/terrasse-marina-paradise.webp","type":"image\/webp"}],"twitter_card":"summary_large_image","twitter_misc":{"Gesch\u00e4tzte Lesezeit":"2\u00a0Minuten"},"schema":{"@context":"https:\/\/schema.org","@graph":[{"@type":"WebPage","@id":"https:\/\/www.marinahotelclub.com\/de\/restaurant-saint-tropez\/","url":"https:\/\/www.marinahotelclub.com\/de\/restaurant-saint-tropez\/","name":"Restaurant und Bar in Saint-Tropez: Snacks, Abendessen und Fr\u00fchst\u00fcck","isPartOf":{"@id":"https:\/\/www.marinahotelclub.com\/de\/#website"},"primaryImageOfPage":{"@id":"https:\/\/www.marinahotelclub.com\/de\/restaurant-saint-tropez\/#primaryimage"},"image":{"@id":"https:\/\/www.marinahotelclub.com\/de\/restaurant-saint-tropez\/#primaryimage"},"thumbnailUrl":"https:\/\/www.marinahotelclub.com\/wp-content\/uploads\/2024\/04\/terrasse-marina-paradise.webp","datePublished":"2024-03-28T13:46:06+00:00","dateModified":"2024-04-24T14:05:15+00:00","description":"Genie\u00dfen Sie jeden Moment in unserem Restaurant und der Bar: kontinentales Fr\u00fchst\u00fcck, gastronomische Abendessen und Snackpausen.","breadcrumb":{"@id":"https:\/\/www.marinahotelclub.com\/de\/restaurant-saint-tropez\/#breadcrumb"},"inLanguage":"de","potentialAction":[{"@type":"ReadAction","target":["https:\/\/www.marinahotelclub.com\/de\/restaurant-saint-tropez\/"]}]},{"@type":"ImageObject","inLanguage":"de","@id":"https:\/\/www.marinahotelclub.com\/de\/restaurant-saint-tropez\/#primaryimage","url":"https:\/\/www.marinahotelclub.com\/wp-content\/uploads\/2024\/04\/terrasse-marina-paradise.webp","contentUrl":"https:\/\/www.marinahotelclub.com\/wp-content\/uploads\/2024\/04\/terrasse-marina-paradise.webp","width":2000,"height":1125},{"@type":"BreadcrumbList","@id":"https:\/\/www.marinahotelclub.com\/de\/restaurant-saint-tropez\/#breadcrumb","itemListElement":[{"@type":"ListItem","position":1,"name":"Marina H\u00f4tel Club","item":"https:\/\/www.marinahotelclub.com\/de\/"},{"@type":"ListItem","position":2,"name":"Restauration"}]},{"@type":"WebSite","@id":"https:\/\/www.marinahotelclub.com\/de\/#website","url":"https:\/\/www.marinahotelclub.com\/de\/","name":"H\u00f4tel Marina Paradise","description":"","publisher":{"@id":"https:\/\/www.marinahotelclub.com\/de\/#organization"},"inLanguage":"de"},{"@type":"Organization","@id":"https:\/\/www.marinahotelclub.com\/de\/#organization","name":"H\u00f4tel Marina Paradise","url":"https:\/\/www.marinahotelclub.com\/de\/","logo":{"@type":"ImageObject","inLanguage":"de","@id":"https:\/\/www.marinahotelclub.com\/de\/#\/schema\/logo\/image\/","url":"https:\/\/www.marinahotelclub.com\/wp-content\/uploads\/2024\/03\/logo-marina-hotel-club.webp","contentUrl":"https:\/\/www.marinahotelclub.com\/wp-content\/uploads\/2024\/03\/logo-marina-hotel-club.webp","width":686,"height":421,"caption":"H\u00f4tel Marina Paradise"},"image":{"@id":"https:\/\/www.marinahotelclub.com\/de\/#\/schema\/logo\/image\/"}}]}},"_links":{"self":[{"href":"https:\/\/www.marinahotelclub.com\/de\/wp-json\/wp\/v2\/pages\/1142","targetHints":{"allow":["GET"]}}],"collection":[{"href":"https:\/\/www.marinahotelclub.com\/de\/wp-json\/wp\/v2\/pages"}],"about":[{"href":"https:\/\/www.marinahotelclub.com\/de\/wp-json\/wp\/v2\/types\/page"}],"author":[{"embeddable":true,"href":"https:\/\/www.marinahotelclub.com\/de\/wp-json\/wp\/v2\/users\/1"}],"replies":[{"embeddable":true,"href":"https:\/\/www.marinahotelclub.com\/de\/wp-json\/wp\/v2\/comments?post=1142"}],"version-history":[{"count":4,"href":"https:\/\/www.marinahotelclub.com\/de\/wp-json\/wp\/v2\/pages\/1142\/revisions"}],"predecessor-version":[{"id":1369,"href":"https:\/\/www.marinahotelclub.com\/de\/wp-json\/wp\/v2\/pages\/1142\/revisions\/1369"}],"wp:featuredmedia":[{"embeddable":true,"href":"https:\/\/www.marinahotelclub.com\/de\/wp-json\/wp\/v2\/media\/507"}],"wp:attachment":[{"href":"https:\/\/www.marinahotelclub.com\/de\/wp-json\/wp\/v2\/media?parent=1142"}],"wp:term":[{"taxonomy":"sujet","embeddable":true,"href":"https:\/\/www.marinahotelclub.com\/de\/wp-json\/wp\/v2\/sujet?post=1142"}],"curies":[{"name":"wp","href":"https:\/\/api.w.org\/{rel}","templated":true}]}}