{"id":1154,"date":"2024-04-17T16:24:15","date_gmt":"2024-04-17T14:24:15","guid":{"rendered":"https:\/\/www.marinahotelclub.com\/legalitatsvermerke\/"},"modified":"2024-04-23T15:20:01","modified_gmt":"2024-04-23T13:20:01","slug":"legalitatsvermerke","status":"publish","type":"page","link":"https:\/\/www.marinahotelclub.com\/de\/legalitatsvermerke\/","title":{"rendered":"Rechtliche Hinweise"},"content":{"rendered":"<section id=\"ls-section-block_dd65c6cd1f3e3724a06e5f93eb2a41e9\" class=\"ls-section \" >\r\n        <div class=\"container \">\r\n        \n\n<h1 class=\"ls__heading wp-block-heading has-text-align-center\">Rechtliche Hinweise<\/h1>\n\n\n\n<h2 class=\"ls__heading wp-block-heading has-text-align-center\">Verantwortlich f\u00fcr die Website<\/h2>\n\n\n\n<p class=\"ls-paragraph has-text-align-center\"><strong>HOTEL-CLUB MARINA PARADISE <br\/><\/strong>Adresse: 20 Av. Fr\u00e9d\u00e9ric Mistral, 83310 COGOLIN, Frankreich<br\/>Tel. : +33 (0)4 94 96 66 75<br\/>E-Mail: contact@marinahotelclub.com<br\/>SIRET: 82944799400023<br\/>Intrakommunale Mehrwertsteuer: FR84829447994<br\/>Verantwortlich f\u00fcr die Ver\u00f6ffentlichung: Zu kommen<\/p>\n\n\n\n<h2 class=\"ls__heading wp-block-heading has-text-align-center\">REALISIERUNG<\/h2>\n\n\n\n<p class=\"ls-paragraph has-text-align-center\"><strong>GEEK TONIC<\/strong><br\/>Vertreten durch Herrn Yohan Darmayan in seiner Eigenschaft als Gesch\u00e4ftsf\u00fchrer<br\/>Eingetragener Sitz: 50 avenue du Lac Marion, 64200 Biarritz<br\/>Tel.: 05 32 74 11 52<br\/>E-Mail: support@geek-tonic.com<br\/>Website: <a href=\"https:\/\/www.geek-tonic.com\/\">www.geek-tonic.com<\/a><br\/>SIRET: 89746755100015<br\/>APE: 6201Z<\/p>\n\n\n\n<h2 class=\"ls__heading wp-block-heading has-text-align-center\">URHEBERRECHT UND COPYRIGHTS<\/h2>\n\n\n\n<p class=\"ls-paragraph has-text-align-center\">Der gesamte Inhalt dieser Website unterliegt dem Urheberrecht und dem geistigen Eigentum der franz\u00f6sischen Gesetzgebung. Die Vervielf\u00e4ltigung der gesamten oder eines Teils der Website in Papierform oder in elektronischer Form auf einem elektronischen Datentr\u00e4ger ist verboten. GEEK TONIC \u00fcbernimmt keine Verantwortung f\u00fcr den Inhalt auf der Website. GEEK TONIC \u00fcbernimmt auch keine Verantwortung f\u00fcr externe Links, die auf diese Website verweisen.<\/p>\n\n\n\n<h3 class=\"ls__heading wp-block-heading has-text-align-center\">Fotos<\/h3>\n\n\n\n<p class=\"ls-paragraph has-text-align-center\">Die auf dieser Website verwendeten Bilder und Fotografien unterliegen dem Urheberrecht und werden mit Genehmigung der jeweiligen Inhaber dieser Rechte verwendet. Die meisten Fotos auf der Website <a href=\"https:\/\/www.marinahotelclub.com\/de\/\">https:\/\/www.marinahotelclub.com\/de\/<\/a> sind Eigentum des H\u00d4TEL-CLUB MARINA PARADISE oder der Webagentur Geek Tonic.<\/p>\n\n\n\n<ul class=\"ls-list wp-block-list\">\n<li>Die Fotografien, die Eigentum des HOTEL-CLUB MARINA PARADISE sind, d\u00fcrfen ohne vorherige schriftliche Genehmigung des Campingplatzes nicht reproduziert, ver\u00e4ndert, \u00fcbertragen oder in irgendeiner Weise wiederverwendet werden.<\/li>\n\n\n\n<li>Einige Fotos wurden von Geek Tonic zur Verf\u00fcgung gestellt und werden von H\u00d4TEL-CLUB MARINA PARADISE mit Genehmigung verwendet. Die Weiterverwendung dieser Bilder durch Dritte ist ohne ausdr\u00fcckliche Genehmigung von Geek Tonic strengstens untersagt.<\/li>\n<\/ul>\n\n\n\n<h3 class=\"ls__heading wp-block-heading has-text-align-center\">Symbole<\/h3>\n\n\n\n<p class=\"ls-paragraph has-text-align-center\">Die Ikonen auf der Website sind das ausschlie\u00dfliche Eigentum von Geek Tonic, der die Nutzungsrechte an den HOTEL-CLUB MARINA PARADISE im Rahmen seiner T\u00e4tigkeit und f\u00fcr eine strikt an die Website gebundene Nutzung \u00fcbertr\u00e4gt. Die Vervielf\u00e4ltigung, Nutzung, \u00c4nderung oder Verbreitung der Symbole ohne die vorherige schriftliche Genehmigung von Geek Tonic ist strengstens untersagt.<\/p>\n\n\n\n<h3 class=\"ls__heading wp-block-heading has-text-align-center\">Herunterladbare Dokumente<\/h3>\n\n\n\n<p class=\"ls-paragraph has-text-align-center\">Die herunterladbaren Dokumente auf der Website sind Eigentum des H\u00d4TEL-CLUB MARINA PARADISE. Diese Dokumente k\u00f6nnen von den Nutzern der Website zu Informationszwecken und ausschlie\u00dflich f\u00fcr den pers\u00f6nlichen Gebrauch zum Herunterladen zur Verf\u00fcgung gestellt werden. Jede andere Nutzung, \u00c4nderung, Verteilung oder Vervielf\u00e4ltigung dieser Dokumente in jeglicher Form ist ohne vorherige schriftliche Genehmigung des HOTEL-CLUB MARINA PARADISE strengstens untersagt.<\/p>\n\n\n\n<p class=\"ls-paragraph has-text-align-center\">Wenn Sie um Erlaubnis bitten oder eine nicht genehmigte Nutzung des Materials auf unserer Website melden m\u00f6chten, wenden Sie sich bitte an HOTEL-CLUB MARINA PARADISE \u00fcber die Kontaktdaten, die im Abschnitt &#8222;Kontakt&#8220; des Impressums angegeben sind.<\/p>\n\n\n\n<h2 class=\"ls__heading wp-block-heading has-text-align-center\" id=\"m-t-6\">PERS\u00d6NLICHE DATEN UND NAMENTLICHE INFORMATIONEN<\/h2>\n\n\n\n<p class=\"ls-paragraph has-text-align-center\">Sie haben ein Recht auf Zugang, \u00c4nderung, Berichtigung und L\u00f6schung der Sie betreffenden Daten gem\u00e4\u00df Artikel 34 des Gesetzes &#8222;Informatique et Libert\u00e9s&#8220; Nr. 78-17 vom 6. Januar 1978, ge\u00e4ndert am 6. August 2018. Um dieses Zugangsrecht auszu\u00fcben, k\u00f6nnen Sie eine einfache schriftliche Anfrage an den Herausgeber der Website richten.<\/p>\n\n\n\n<h2 class=\"ls__heading wp-block-heading has-text-align-center\">RECHTSGESETZE<\/h2>\n\n\n\n<p class=\"ls-paragraph has-text-align-center\">Gem\u00e4\u00df dem Gesetz vom 11. M\u00e4rz 1957 (Art. 41) und dem Gesetzbuch \u00fcber geistiges Eigentum vom 1. Juli 1992 ist es verboten, einen Teil der Website ohne vorherige Genehmigung des Herausgebers der Website teilweise oder vollst\u00e4ndig zu reproduzieren. Die Logos, Bilder, Fotos, Videos, Grafiken und Texte sind Eigentum ihrer jeweiligen Besitzer. Diese Website kann ohne ihr Wissen mit anderen Websites durch Hypermedia-Links verbunden sein. Der Herausgeber der Website \u00fcbernimmt keine Verantwortung f\u00fcr die Informationen auf diesen anderen Websites. Der Internetnutzer erkennt an, dass die Nutzung dieser Website dem franz\u00f6sischen Recht unterliegt.<\/p>\n\n\r\n    <\/div>\r\n<\/section>","protected":false},"excerpt":{"rendered":"","protected":false},"author":1,"featured_media":799,"parent":0,"menu_order":0,"comment_status":"closed","ping_status":"closed","template":"","meta":{"_acf_changed":false,"footnotes":""},"sujet":[],"class_list":["post-1154","page","type-page","status-publish","has-post-thumbnail","hentry"],"acf":[],"yoast_head":"<!-- This site is optimized with the Yoast SEO plugin v22.6 - https:\/\/yoast.com\/wordpress\/plugins\/seo\/ -->\n<title>Rechtliche Hinweise - H\u00f4tel Marina Paradise<\/title>\n<meta name=\"robots\" content=\"noindex, nofollow\" \/>\n<meta property=\"og:locale\" content=\"de_DE\" \/>\n<meta property=\"og:type\" content=\"article\" \/>\n<meta property=\"og:title\" content=\"Rechtliche Hinweise - H\u00f4tel Marina Paradise\" \/>\n<meta property=\"og:url\" content=\"https:\/\/www.marinahotelclub.com\/de\/legalitatsvermerke\/\" \/>\n<meta property=\"og:site_name\" content=\"H\u00f4tel Marina Paradise\" \/>\n<meta property=\"article:modified_time\" content=\"2024-04-23T13:20:01+00:00\" \/>\n<meta property=\"og:image\" content=\"https:\/\/www.marinahotelclub.com\/wp-content\/uploads\/2024\/04\/ocean-cote-azur.webp\" \/>\n\t<meta property=\"og:image:width\" content=\"2000\" \/>\n\t<meta property=\"og:image:height\" content=\"1125\" \/>\n\t<meta property=\"og:image:type\" content=\"image\/webp\" \/>\n<meta name=\"twitter:card\" content=\"summary_large_image\" \/>\n<meta name=\"twitter:label1\" content=\"Gesch\u00e4tzte Lesezeit\" \/>\n\t<meta name=\"twitter:data1\" content=\"3\u00a0Minuten\" \/>\n<script type=\"application\/ld+json\" class=\"yoast-schema-graph\">{\"@context\":\"https:\/\/schema.org\",\"@graph\":[{\"@type\":\"WebPage\",\"@id\":\"https:\/\/www.marinahotelclub.com\/de\/legalitatsvermerke\/\",\"url\":\"https:\/\/www.marinahotelclub.com\/de\/legalitatsvermerke\/\",\"name\":\"Rechtliche Hinweise - H\u00f4tel Marina Paradise\",\"isPartOf\":{\"@id\":\"https:\/\/www.marinahotelclub.com\/de\/#website\"},\"primaryImageOfPage\":{\"@id\":\"https:\/\/www.marinahotelclub.com\/de\/legalitatsvermerke\/#primaryimage\"},\"image\":{\"@id\":\"https:\/\/www.marinahotelclub.com\/de\/legalitatsvermerke\/#primaryimage\"},\"thumbnailUrl\":\"https:\/\/www.marinahotelclub.com\/wp-content\/uploads\/2024\/04\/ocean-cote-azur.webp\",\"datePublished\":\"2024-04-17T14:24:15+00:00\",\"dateModified\":\"2024-04-23T13:20:01+00:00\",\"breadcrumb\":{\"@id\":\"https:\/\/www.marinahotelclub.com\/de\/legalitatsvermerke\/#breadcrumb\"},\"inLanguage\":\"de\",\"potentialAction\":[{\"@type\":\"ReadAction\",\"target\":[\"https:\/\/www.marinahotelclub.com\/de\/legalitatsvermerke\/\"]}]},{\"@type\":\"ImageObject\",\"inLanguage\":\"de\",\"@id\":\"https:\/\/www.marinahotelclub.com\/de\/legalitatsvermerke\/#primaryimage\",\"url\":\"https:\/\/www.marinahotelclub.com\/wp-content\/uploads\/2024\/04\/ocean-cote-azur.webp\",\"contentUrl\":\"https:\/\/www.marinahotelclub.com\/wp-content\/uploads\/2024\/04\/ocean-cote-azur.webp\",\"width\":2000,\"height\":1125},{\"@type\":\"BreadcrumbList\",\"@id\":\"https:\/\/www.marinahotelclub.com\/de\/legalitatsvermerke\/#breadcrumb\",\"itemListElement\":[{\"@type\":\"ListItem\",\"position\":1,\"name\":\"Marina H\u00f4tel Club\",\"item\":\"https:\/\/www.marinahotelclub.com\/de\/\"},{\"@type\":\"ListItem\",\"position\":2,\"name\":\"Rechtliche Hinweise\"}]},{\"@type\":\"WebSite\",\"@id\":\"https:\/\/www.marinahotelclub.com\/de\/#website\",\"url\":\"https:\/\/www.marinahotelclub.com\/de\/\",\"name\":\"H\u00f4tel Marina Paradise\",\"description\":\"\",\"publisher\":{\"@id\":\"https:\/\/www.marinahotelclub.com\/de\/#organization\"},\"inLanguage\":\"de\"},{\"@type\":\"Organization\",\"@id\":\"https:\/\/www.marinahotelclub.com\/de\/#organization\",\"name\":\"H\u00f4tel Marina Paradise\",\"url\":\"https:\/\/www.marinahotelclub.com\/de\/\",\"logo\":{\"@type\":\"ImageObject\",\"inLanguage\":\"de\",\"@id\":\"https:\/\/www.marinahotelclub.com\/de\/#\/schema\/logo\/image\/\",\"url\":\"https:\/\/www.marinahotelclub.com\/wp-content\/uploads\/2024\/03\/logo-marina-hotel-club.webp\",\"contentUrl\":\"https:\/\/www.marinahotelclub.com\/wp-content\/uploads\/2024\/03\/logo-marina-hotel-club.webp\",\"width\":686,\"height\":421,\"caption\":\"H\u00f4tel Marina Paradise\"},\"image\":{\"@id\":\"https:\/\/www.marinahotelclub.com\/de\/#\/schema\/logo\/image\/\"}}]}<\/script>\n<!-- \/ Yoast SEO plugin. -->","yoast_head_json":{"title":"Rechtliche Hinweise - H\u00f4tel Marina Paradise","robots":{"index":"noindex","follow":"nofollow"},"og_locale":"de_DE","og_type":"article","og_title":"Rechtliche Hinweise - H\u00f4tel Marina Paradise","og_url":"https:\/\/www.marinahotelclub.com\/de\/legalitatsvermerke\/","og_site_name":"H\u00f4tel Marina Paradise","article_modified_time":"2024-04-23T13:20:01+00:00","og_image":[{"width":2000,"height":1125,"url":"https:\/\/www.marinahotelclub.com\/wp-content\/uploads\/2024\/04\/ocean-cote-azur.webp","type":"image\/webp"}],"twitter_card":"summary_large_image","twitter_misc":{"Gesch\u00e4tzte Lesezeit":"3\u00a0Minuten"},"schema":{"@context":"https:\/\/schema.org","@graph":[{"@type":"WebPage","@id":"https:\/\/www.marinahotelclub.com\/de\/legalitatsvermerke\/","url":"https:\/\/www.marinahotelclub.com\/de\/legalitatsvermerke\/","name":"Rechtliche Hinweise - H\u00f4tel Marina Paradise","isPartOf":{"@id":"https:\/\/www.marinahotelclub.com\/de\/#website"},"primaryImageOfPage":{"@id":"https:\/\/www.marinahotelclub.com\/de\/legalitatsvermerke\/#primaryimage"},"image":{"@id":"https:\/\/www.marinahotelclub.com\/de\/legalitatsvermerke\/#primaryimage"},"thumbnailUrl":"https:\/\/www.marinahotelclub.com\/wp-content\/uploads\/2024\/04\/ocean-cote-azur.webp","datePublished":"2024-04-17T14:24:15+00:00","dateModified":"2024-04-23T13:20:01+00:00","breadcrumb":{"@id":"https:\/\/www.marinahotelclub.com\/de\/legalitatsvermerke\/#breadcrumb"},"inLanguage":"de","potentialAction":[{"@type":"ReadAction","target":["https:\/\/www.marinahotelclub.com\/de\/legalitatsvermerke\/"]}]},{"@type":"ImageObject","inLanguage":"de","@id":"https:\/\/www.marinahotelclub.com\/de\/legalitatsvermerke\/#primaryimage","url":"https:\/\/www.marinahotelclub.com\/wp-content\/uploads\/2024\/04\/ocean-cote-azur.webp","contentUrl":"https:\/\/www.marinahotelclub.com\/wp-content\/uploads\/2024\/04\/ocean-cote-azur.webp","width":2000,"height":1125},{"@type":"BreadcrumbList","@id":"https:\/\/www.marinahotelclub.com\/de\/legalitatsvermerke\/#breadcrumb","itemListElement":[{"@type":"ListItem","position":1,"name":"Marina H\u00f4tel Club","item":"https:\/\/www.marinahotelclub.com\/de\/"},{"@type":"ListItem","position":2,"name":"Rechtliche Hinweise"}]},{"@type":"WebSite","@id":"https:\/\/www.marinahotelclub.com\/de\/#website","url":"https:\/\/www.marinahotelclub.com\/de\/","name":"H\u00f4tel Marina Paradise","description":"","publisher":{"@id":"https:\/\/www.marinahotelclub.com\/de\/#organization"},"inLanguage":"de"},{"@type":"Organization","@id":"https:\/\/www.marinahotelclub.com\/de\/#organization","name":"H\u00f4tel Marina Paradise","url":"https:\/\/www.marinahotelclub.com\/de\/","logo":{"@type":"ImageObject","inLanguage":"de","@id":"https:\/\/www.marinahotelclub.com\/de\/#\/schema\/logo\/image\/","url":"https:\/\/www.marinahotelclub.com\/wp-content\/uploads\/2024\/03\/logo-marina-hotel-club.webp","contentUrl":"https:\/\/www.marinahotelclub.com\/wp-content\/uploads\/2024\/03\/logo-marina-hotel-club.webp","width":686,"height":421,"caption":"H\u00f4tel Marina Paradise"},"image":{"@id":"https:\/\/www.marinahotelclub.com\/de\/#\/schema\/logo\/image\/"}}]}},"_links":{"self":[{"href":"https:\/\/www.marinahotelclub.com\/de\/wp-json\/wp\/v2\/pages\/1154","targetHints":{"allow":["GET"]}}],"collection":[{"href":"https:\/\/www.marinahotelclub.com\/de\/wp-json\/wp\/v2\/pages"}],"about":[{"href":"https:\/\/www.marinahotelclub.com\/de\/wp-json\/wp\/v2\/types\/page"}],"author":[{"embeddable":true,"href":"https:\/\/www.marinahotelclub.com\/de\/wp-json\/wp\/v2\/users\/1"}],"replies":[{"embeddable":true,"href":"https:\/\/www.marinahotelclub.com\/de\/wp-json\/wp\/v2\/comments?post=1154"}],"version-history":[{"count":5,"href":"https:\/\/www.marinahotelclub.com\/de\/wp-json\/wp\/v2\/pages\/1154\/revisions"}],"predecessor-version":[{"id":1163,"href":"https:\/\/www.marinahotelclub.com\/de\/wp-json\/wp\/v2\/pages\/1154\/revisions\/1163"}],"wp:featuredmedia":[{"embeddable":true,"href":"https:\/\/www.marinahotelclub.com\/de\/wp-json\/wp\/v2\/media\/799"}],"wp:attachment":[{"href":"https:\/\/www.marinahotelclub.com\/de\/wp-json\/wp\/v2\/media?parent=1154"}],"wp:term":[{"taxonomy":"sujet","embeddable":true,"href":"https:\/\/www.marinahotelclub.com\/de\/wp-json\/wp\/v2\/sujet?post=1154"}],"curies":[{"name":"wp","href":"https:\/\/api.w.org\/{rel}","templated":true}]}}