{"id":1170,"date":"2024-03-28T14:47:29","date_gmt":"2024-03-28T13:47:29","guid":{"rendered":"https:\/\/www.marinahotelclub.com\/tourismus-saint-tropez\/"},"modified":"2024-04-23T15:22:46","modified_gmt":"2024-04-23T13:22:46","slug":"tourismus-saint-tropez","status":"publish","type":"page","link":"https:\/\/www.marinahotelclub.com\/de\/tourismus-saint-tropez\/","title":{"rendered":"Saint-Tropez"},"content":{"rendered":"<section id=\"ls-section-block_59532f15db8ca9af0aded2c51216cb7d\" class=\"ls-section  home-first page-one\" >\r\n        <div class=\"container container--wide\">\r\n        \n\n<h1 class=\"ls__heading wp-block-heading has-text-align-center\">Besichtigung von Saint-Tropez zwischen Glamour und Jetset<\/h1>\n\n\n\n<div class=\"wp-block-columns are-vertically-aligned-center is-layout-flex wp-container-core-columns-is-layout-9d6595d7 wp-block-columns-is-layout-flex\">\n<div class=\"wp-block-column is-vertically-aligned-center is-layout-flow wp-block-column-is-layout-flow\" style=\"flex-basis:60%\">\n<figure class=\"wp-block-gallery has-nested-images columns-default is-cropped wp-block-gallery-1 is-layout-flex wp-block-gallery-is-layout-flex\">\n<figure class=\"wp-block-image size-full animated fadeIn slow\"><a href=\"https:\/\/www.marinahotelclub.com\/wp-content\/uploads\/2024\/04\/port-bateaux-maisons-Saint-Tropez.webp\"><img decoding=\"async\" width=\"2000\" height=\"867\" data-id=\"839\" src=\"https:\/\/www.marinahotelclub.com\/wp-content\/uploads\/2024\/04\/port-bateaux-maisons-Saint-Tropez.webp\" alt=\"port-bateaux-maisons-Saint-Tropez\" class=\"wp-image-839\" srcset=\"https:\/\/www.marinahotelclub.com\/wp-content\/uploads\/2024\/04\/port-bateaux-maisons-Saint-Tropez.webp 2000w, https:\/\/www.marinahotelclub.com\/wp-content\/uploads\/2024\/04\/port-bateaux-maisons-Saint-Tropez-300x130.webp 300w, https:\/\/www.marinahotelclub.com\/wp-content\/uploads\/2024\/04\/port-bateaux-maisons-Saint-Tropez-1024x444.webp 1024w, https:\/\/www.marinahotelclub.com\/wp-content\/uploads\/2024\/04\/port-bateaux-maisons-Saint-Tropez-768x333.webp 768w, https:\/\/www.marinahotelclub.com\/wp-content\/uploads\/2024\/04\/port-bateaux-maisons-Saint-Tropez-1536x666.webp 1536w\" sizes=\"(max-width: 2000px) 100vw, 2000px\" \/><\/a><\/figure>\n\n\n\n<figure class=\"wp-block-image size-full animated fadeIn delay-200ms slow\"><a href=\"https:\/\/www.marinahotelclub.com\/wp-content\/uploads\/2024\/04\/couple-bateau-Saint-Tropez-tourisme.webp\"><img decoding=\"async\" width=\"1080\" height=\"1500\" data-id=\"847\" src=\"https:\/\/www.marinahotelclub.com\/wp-content\/uploads\/2024\/04\/couple-bateau-Saint-Tropez-tourisme.webp\" alt=\"Paar-Boot-Saint-Tropez-Tourismus\" class=\"wp-image-847\" srcset=\"https:\/\/www.marinahotelclub.com\/wp-content\/uploads\/2024\/04\/couple-bateau-Saint-Tropez-tourisme.webp 1080w, https:\/\/www.marinahotelclub.com\/wp-content\/uploads\/2024\/04\/couple-bateau-Saint-Tropez-tourisme-216x300.webp 216w, https:\/\/www.marinahotelclub.com\/wp-content\/uploads\/2024\/04\/couple-bateau-Saint-Tropez-tourisme-737x1024.webp 737w, https:\/\/www.marinahotelclub.com\/wp-content\/uploads\/2024\/04\/couple-bateau-Saint-Tropez-tourisme-768x1067.webp 768w\" sizes=\"(max-width: 1080px) 100vw, 1080px\" \/><\/a><\/figure>\n<\/figure>\n<\/div>\n\n\n\n<div class=\"wp-block-column is-vertically-aligned-center is-layout-flow wp-block-column-is-layout-flow\" style=\"flex-basis:40%\">\n<h2 class=\"ls__heading wp-block-heading\">Spazierg\u00e4nge und Besichtigungen<\/h2>\n\n\n\n<p class=\"ls-paragraph\"><a href=\"https:\/\/www.sainttropeztourisme.com\/en\/\" target=\"_blank\" rel=\"noreferrer noopener\">Saint-Tropez<\/a> ist ein emblematisches Reiseziel an der Franz\u00f6sische Riviera und l\u00e4sst sich am besten zu Fu\u00df auf einem <strong>Spaziergang<\/strong> oder einer <strong>F\u00fchrung<\/strong> entdecken. Erkunden Sie den<strong> ber\u00fchmtesten Hafen der Provence <\/strong>und entdecken Sie die wichtigsten Sehensw\u00fcrdigkeiten:<\/p>\n\n\n\n<ul class=\"ls-list wp-block-list\">\n<li>Der alte Hafen und das alte Dorf<\/li>\n\n\n\n<li>Die Zitadelle<\/li>\n\n\n\n<li>Museen: Annonciade, Gendarmerie- und Kinomuseum, Museum f\u00fcr Seefahrtsgeschichte<\/li>\n\n\n\n<li>Das Haus der Schmetterlinge<\/li>\n\n\n\n<li>Restaurants und Strandbars<\/li>\n\n\n\n<li>Modeboutiquen und Kunstgalerien<\/li>\n\n\n\n<li>Bekannte Nachtlokale<\/li>\n<\/ul>\n<\/div>\n<\/div>\n\n\r\n    <\/div>\r\n<\/section><section id=\"ls-section-block_4b00595dfe7532cd4594e7159e5c0717\" class=\"ls-section  home-second page-two\" >\r\n        <div class=\"container container--wide\">\r\n        \n\n<div class=\"wp-block-columns are-vertically-aligned-center is-layout-flex wp-container-core-columns-is-layout-9d6595d7 wp-block-columns-is-layout-flex\">\n<div class=\"wp-block-column is-vertically-aligned-center is-layout-flow wp-block-column-is-layout-flow\" style=\"flex-basis:40%\">\n<h2 class=\"ls__heading wp-block-heading\">Die Str\u00e4nde des Badeortes<\/h2>\n\n\n\n<p class=\"ls-paragraph\">Die<strong> Str\u00e4nde <\/strong>von Saint-Tropez geh\u00f6ren zu den bekanntesten der Welt und sind ein Muss f\u00fcr jeden Touristen. Viele von ihnen beherbergen <strong>legend\u00e4re Clubs<\/strong>, die durch Filme popul\u00e4r wurden. W\u00e4hrend Ihres <a href=\"https:\/\/www.marinahotelclub.com\/de\/\">Aufenthalts im Hotel Marina H\u00f4tel Club<\/a> k\u00f6nnen Sie Ihr Handtuch am <strong>ber\u00fchmten Strand von Pampelonne<\/strong> oder am nicht weniger <strong>ber\u00fchmten Strand von Tahiti<\/strong> in Richtung Ramatuelle ablegen.<\/p>\n\n\n\n<p class=\"ls-paragraph\">Entdecken Sie den Charme der <strong>Bucht von Flolaudis <\/strong>etwas weiter oben an der K\u00fcste. In der N\u00e4he des Hafens k\u00f6nnen Sie an den<strong> kleinen Str\u00e4nden<\/strong> Ponche, Fontanette oder Granier flanieren.<\/p>\n<\/div>\n\n\n\n<div class=\"wp-block-column is-vertically-aligned-center is-layout-flow wp-block-column-is-layout-flow\" style=\"flex-basis:60%\">\n<figure class=\"wp-block-gallery has-nested-images columns-default is-cropped animated fadeInRight slow wp-block-gallery-2 is-layout-flex wp-block-gallery-is-layout-flex\">\n<figure class=\"wp-block-image size-full\"><a href=\"https:\/\/www.marinahotelclub.com\/wp-content\/uploads\/2024\/04\/plages-Saint-Tropez-Cote-Azur.webp\"><img decoding=\"async\" width=\"1600\" height=\"1600\" data-id=\"813\" src=\"https:\/\/www.marinahotelclub.com\/wp-content\/uploads\/2024\/04\/plages-Saint-Tropez-Cote-Azur.webp\" alt=\"Str&#xE4;nde-Saint-Tropez Franz&#xF6;sische Riviera\" class=\"wp-image-813\" srcset=\"https:\/\/www.marinahotelclub.com\/wp-content\/uploads\/2024\/04\/plages-Saint-Tropez-Cote-Azur.webp 1600w, https:\/\/www.marinahotelclub.com\/wp-content\/uploads\/2024\/04\/plages-Saint-Tropez-Cote-Azur-300x300.webp 300w, https:\/\/www.marinahotelclub.com\/wp-content\/uploads\/2024\/04\/plages-Saint-Tropez-Cote-Azur-1024x1024.webp 1024w, https:\/\/www.marinahotelclub.com\/wp-content\/uploads\/2024\/04\/plages-Saint-Tropez-Cote-Azur-150x150.webp 150w, https:\/\/www.marinahotelclub.com\/wp-content\/uploads\/2024\/04\/plages-Saint-Tropez-Cote-Azur-768x768.webp 768w, https:\/\/www.marinahotelclub.com\/wp-content\/uploads\/2024\/04\/plages-Saint-Tropez-Cote-Azur-1536x1536.webp 1536w\" sizes=\"(max-width: 1600px) 100vw, 1600px\" \/><\/a><\/figure>\n<\/figure>\n<\/div>\n<\/div>\n\n\r\n    <\/div>\r\n<\/section><section id=\"ls-section-block_59532f15db8ca9af0aded2c51216cb7d\" class=\"ls-section  home-first page-one\" >\r\n        <div class=\"container container--wide\">\r\n        \n\n<div class=\"wp-block-columns are-vertically-aligned-center is-layout-flex wp-container-core-columns-is-layout-9d6595d7 wp-block-columns-is-layout-flex\">\n<div class=\"wp-block-column is-vertically-aligned-center is-layout-flow wp-block-column-is-layout-flow\" style=\"flex-basis:60%\">\n<figure class=\"wp-block-gallery has-nested-images columns-default is-cropped wp-block-gallery-3 is-layout-flex wp-block-gallery-is-layout-flex\">\n<figure class=\"wp-block-image size-full animated fadeIn slow\"><a href=\"https:\/\/www.marinahotelclub.com\/wp-content\/uploads\/2024\/04\/Part-tarte-tropezienne.webp\"><img decoding=\"async\" width=\"1000\" height=\"1500\" data-id=\"818\" src=\"https:\/\/www.marinahotelclub.com\/wp-content\/uploads\/2024\/04\/Part-tarte-tropezienne.webp\" alt=\"Part-tarte-tropezienne\" class=\"wp-image-818\" srcset=\"https:\/\/www.marinahotelclub.com\/wp-content\/uploads\/2024\/04\/Part-tarte-tropezienne.webp 1000w, https:\/\/www.marinahotelclub.com\/wp-content\/uploads\/2024\/04\/Part-tarte-tropezienne-200x300.webp 200w, https:\/\/www.marinahotelclub.com\/wp-content\/uploads\/2024\/04\/Part-tarte-tropezienne-683x1024.webp 683w, https:\/\/www.marinahotelclub.com\/wp-content\/uploads\/2024\/04\/Part-tarte-tropezienne-768x1152.webp 768w\" sizes=\"(max-width: 1000px) 100vw, 1000px\" \/><\/a><\/figure>\n\n\n\n<figure class=\"wp-block-image size-full animated fadeIn delay-200ms slow\"><a href=\"https:\/\/www.marinahotelclub.com\/wp-content\/uploads\/2024\/04\/chef-cuisine-restaurant.webp\"><img decoding=\"async\" width=\"1471\" height=\"1200\" data-id=\"823\" src=\"https:\/\/www.marinahotelclub.com\/wp-content\/uploads\/2024\/04\/chef-cuisine-restaurant.webp\" alt=\"Chefkoch-Restaurant\" class=\"wp-image-823\" srcset=\"https:\/\/www.marinahotelclub.com\/wp-content\/uploads\/2024\/04\/chef-cuisine-restaurant.webp 1471w, https:\/\/www.marinahotelclub.com\/wp-content\/uploads\/2024\/04\/chef-cuisine-restaurant-300x245.webp 300w, https:\/\/www.marinahotelclub.com\/wp-content\/uploads\/2024\/04\/chef-cuisine-restaurant-1024x835.webp 1024w, https:\/\/www.marinahotelclub.com\/wp-content\/uploads\/2024\/04\/chef-cuisine-restaurant-768x627.webp 768w\" sizes=\"(max-width: 1471px) 100vw, 1471px\" \/><\/a><\/figure>\n<\/figure>\n<\/div>\n\n\n\n<div class=\"wp-block-column is-vertically-aligned-center is-layout-flow wp-block-column-is-layout-flow\" style=\"flex-basis:40%\">\n<h2 class=\"ls__heading wp-block-heading\">Die besten Restaurants in Saint-Tropez<\/h2>\n\n\n\n<p class=\"ls-paragraph\">Wir kennen seine Str\u00e4nde, sein Nachtleben und seine Regatten&#8230; Wussten Sie, dass Saint-Tropez auch eine F\u00fclle von<strong> gastronomischen Spezialit\u00e4ten <\/strong>zu bieten hat? Von der emblematischen <strong>Tarte Trop\u00e9zienne <\/strong>bis hin zu den<strong> Weinen des Golfs<\/strong>&#8211; die Geschmacksknospen sind in Feststimmung.<\/p>\n\n\n\n<p class=\"ls-paragraph\">Das Dorf an der C\u00f4te d&#8217;Azur ist ein beliebtes Reiseziel f\u00fcr den Jetset und beherbergt Sterne-Tafeln und die Einrichtungen <strong>gro\u00dfer Namen der franz\u00f6sischen K\u00fcche<\/strong> (Fr\u00e9chon, Ducasse&#8230;). Um frischen Fisch und Spezialit\u00e4ten aus Tropez zu genie\u00dfen, gehen Sie zu den Str\u00e4nden, zum Hafen oder in die Gassen des alten Dorfes!<\/p>\n<\/div>\n<\/div>\n\n\r\n    <\/div>\r\n<\/section><section id=\"ls-section-block_ec1f697a3b849a75adf7a6b5c3822f9f\" class=\"ls-section  home-fourth page-three has-background-image has-parallax\" >\r\n    <div class=\"ls-section__background-image opacity-90\"><img decoding=\"async\" src=\"https:\/\/www.marinahotelclub.com\/wp-content\/uploads\/2024\/04\/producteur-local-maraicher-vegetaux.webp\" alt=\"\"><\/div>    <div class=\"container container--wide\">\r\n        \n\n<h2 class=\"ls__heading wp-block-heading\">Der Markt zwischen Farben und Geschm\u00e4ckern<\/h2>\n\n\n\n<div class=\"wp-block-columns is-layout-flex wp-container-core-columns-is-layout-9d6595d7 wp-block-columns-is-layout-flex\">\n<div class=\"wp-block-column is-layout-flow wp-block-column-is-layout-flow\">\n<p class=\"ls-paragraph\">Entdecken Sie die wichtigsten Zutaten der<strong> provenzalischen K\u00fcche auf den M\u00e4rkten<\/strong> von Saint-Tropez:<\/p>\n<\/div>\n\n\n\n<div class=\"wp-block-column is-layout-flow wp-block-column-is-layout-flow\">\n<ul class=\"ls-list wp-block-list\">\n<li><strong>Dienstags<\/strong> und <strong>samstags<\/strong> auf dem Place des Lices, um sich mit <strong>Produkten aus der Region<\/strong> einzudecken.<\/li>\n\n\n\n<li><strong>T\u00e4glich<\/strong> auf dem <strong>Fischmarkt<\/strong> am Eingang des alten Dorfes.<\/li>\n\n\n\n<li>Auf dem malerischen <strong>Place aux Herbes<\/strong> treffen Sie t\u00e4glich auf<strong> kleine lokale Erzeuger: <\/strong>Gem\u00fcsebauern, Blumenh\u00e4ndler, K\u00e4ser, Weinh\u00e4ndler.<\/li>\n<\/ul>\n<\/div>\n<\/div>\n\n\r\n    <\/div>\r\n<\/section><section id=\"ls-section-block_4eae28be99d4447d97ba95be88d9a747\" class=\"ls-section  page-cta\" >\r\n        <div class=\"container container--wide\">\r\n        \n\r\n<div id=\"ls-heading ls-titre-div-block_22254617cc3de7ab73b8ab20da9f2388\" class=\"ls-titre-div aligncenter h2-like\" >\r\n    Entdecken Sie die St\u00e4dte und Aktivit\u00e4ten rund um das Hotel<\/div>\r\n\n\n<div id=\"ls-maillage-block_44338f78659f3c38e84cd512623e8510\" class=\"ls-maillage cta-style-normal\" data-rows=\"3\">\r\n    <div class=\"wp-block-columns\"><div class=\"wp-block-column\">\r\n\r\n<a href=\"https:\/\/www.marinahotelclub.com\/de\/aktivitaten-franzosische-riviera\/\" target=\"\" rel=\"noopener\" class=\"ls-cta__link\" data-categ=\"\">\r\n\t<div class=\"ls-cta__image\"><img decoding=\"async\" src=\"https:\/\/www.marinahotelclub.com\/wp-content\/uploads\/2024\/04\/activite-randonnee-foret.webp\" alt=\"\"><\/div>\r\n\t<div class=\"ls-cta__title\">\r\n\t\tAktivit\u00e4ten\t<\/div>\r\n\r\n\t<\/a><\/div><div class=\"wp-block-column\">\r\n\r\n<a href=\"https:\/\/www.marinahotelclub.com\/de\/hotel-grimaud\/\" target=\"\" rel=\"noopener\" class=\"ls-cta__link\" data-categ=\"\">\r\n\t<div class=\"ls-cta__image\"><img decoding=\"async\" src=\"https:\/\/www.marinahotelclub.com\/wp-content\/uploads\/2024\/03\/grimaud-marina-hotel-club-scaled.webp\" alt=\"\"><\/div>\r\n\t<div class=\"ls-cta__title\">\r\n\t\tGrimaud\t<\/div>\r\n\r\n\t<\/a><\/div><div class=\"wp-block-column\">\r\n\r\n<a href=\"https:\/\/www.marinahotelclub.com\/de\/hotel-sainte-maxime\/\" target=\"\" rel=\"noopener\" class=\"ls-cta__link\" data-categ=\"\">\r\n\t<div class=\"ls-cta__image\"><img decoding=\"async\" src=\"https:\/\/www.marinahotelclub.com\/wp-content\/uploads\/2024\/04\/port-Sainte-Maxime.webp\" alt=\"Sainte-Maxime\"><\/div>\r\n\t<div class=\"ls-cta__title\">\r\n\t\tSainte-Maxime\t<\/div>\r\n\r\n\t<\/a><\/div><\/div><\/div>\n\r\n    <\/div>\r\n<\/section>","protected":false},"excerpt":{"rendered":"","protected":false},"author":1,"featured_media":845,"parent":0,"menu_order":0,"comment_status":"closed","ping_status":"closed","template":"","meta":{"_acf_changed":false,"footnotes":""},"sujet":[],"class_list":["post-1170","page","type-page","status-publish","has-post-thumbnail","hentry"],"acf":[],"yoast_head":"<!-- This site is optimized with the Yoast SEO plugin v22.6 - https:\/\/yoast.com\/wordpress\/plugins\/seo\/ -->\n<title>Entdecken Sie Saint-Tropez: Glamour, Str\u00e4nde und gastronomische Spezialit\u00e4ten<\/title>\n<meta name=\"description\" content=\"Entdecken Sie Saint-Tropez: Spazierg\u00e4nge, ikonische Str\u00e4nde, Luxusgastronomie und farbenfrohe M\u00e4rkte. Ein glamour\u00f6ser Aufenthalt an der Franz\u00f6sische Riviera erwartet Sie.\" \/>\n<meta name=\"robots\" content=\"index, follow, max-snippet:-1, max-image-preview:large, max-video-preview:-1\" \/>\n<link rel=\"canonical\" href=\"https:\/\/www.marinahotelclub.com\/de\/tourismus-saint-tropez\/\" \/>\n<meta property=\"og:locale\" content=\"de_DE\" \/>\n<meta property=\"og:type\" content=\"article\" \/>\n<meta property=\"og:title\" content=\"Entdecken Sie Saint-Tropez: Glamour, Str\u00e4nde und gastronomische Spezialit\u00e4ten\" \/>\n<meta property=\"og:description\" content=\"Entdecken Sie Saint-Tropez: Spazierg\u00e4nge, ikonische Str\u00e4nde, Luxusgastronomie und farbenfrohe M\u00e4rkte. Ein glamour\u00f6ser Aufenthalt an der Franz\u00f6sische Riviera erwartet Sie.\" \/>\n<meta property=\"og:url\" content=\"https:\/\/www.marinahotelclub.com\/de\/tourismus-saint-tropez\/\" \/>\n<meta property=\"og:site_name\" content=\"H\u00f4tel Marina Paradise\" \/>\n<meta property=\"article:modified_time\" content=\"2024-04-23T13:22:46+00:00\" \/>\n<meta property=\"og:image\" content=\"https:\/\/www.marinahotelclub.com\/wp-content\/uploads\/2024\/04\/Saint-Tropez-baie.webp\" \/>\n\t<meta property=\"og:image:width\" content=\"1920\" \/>\n\t<meta property=\"og:image:height\" content=\"1200\" \/>\n\t<meta property=\"og:image:type\" content=\"image\/webp\" \/>\n<meta name=\"twitter:card\" content=\"summary_large_image\" \/>\n<meta name=\"twitter:label1\" content=\"Gesch\u00e4tzte Lesezeit\" \/>\n\t<meta name=\"twitter:data1\" content=\"2\u00a0Minuten\" \/>\n<script type=\"application\/ld+json\" class=\"yoast-schema-graph\">{\"@context\":\"https:\/\/schema.org\",\"@graph\":[{\"@type\":\"WebPage\",\"@id\":\"https:\/\/www.marinahotelclub.com\/de\/tourismus-saint-tropez\/\",\"url\":\"https:\/\/www.marinahotelclub.com\/de\/tourismus-saint-tropez\/\",\"name\":\"Entdecken Sie Saint-Tropez: Glamour, Str\u00e4nde und gastronomische Spezialit\u00e4ten\",\"isPartOf\":{\"@id\":\"https:\/\/www.marinahotelclub.com\/de\/#website\"},\"primaryImageOfPage\":{\"@id\":\"https:\/\/www.marinahotelclub.com\/de\/tourismus-saint-tropez\/#primaryimage\"},\"image\":{\"@id\":\"https:\/\/www.marinahotelclub.com\/de\/tourismus-saint-tropez\/#primaryimage\"},\"thumbnailUrl\":\"https:\/\/www.marinahotelclub.com\/wp-content\/uploads\/2024\/04\/Saint-Tropez-baie.webp\",\"datePublished\":\"2024-03-28T13:47:29+00:00\",\"dateModified\":\"2024-04-23T13:22:46+00:00\",\"description\":\"Entdecken Sie Saint-Tropez: Spazierg\u00e4nge, ikonische Str\u00e4nde, Luxusgastronomie und farbenfrohe M\u00e4rkte. Ein glamour\u00f6ser Aufenthalt an der Franz\u00f6sische Riviera erwartet Sie.\",\"breadcrumb\":{\"@id\":\"https:\/\/www.marinahotelclub.com\/de\/tourismus-saint-tropez\/#breadcrumb\"},\"inLanguage\":\"de\",\"potentialAction\":[{\"@type\":\"ReadAction\",\"target\":[\"https:\/\/www.marinahotelclub.com\/de\/tourismus-saint-tropez\/\"]}]},{\"@type\":\"ImageObject\",\"inLanguage\":\"de\",\"@id\":\"https:\/\/www.marinahotelclub.com\/de\/tourismus-saint-tropez\/#primaryimage\",\"url\":\"https:\/\/www.marinahotelclub.com\/wp-content\/uploads\/2024\/04\/Saint-Tropez-baie.webp\",\"contentUrl\":\"https:\/\/www.marinahotelclub.com\/wp-content\/uploads\/2024\/04\/Saint-Tropez-baie.webp\",\"width\":1920,\"height\":1200},{\"@type\":\"BreadcrumbList\",\"@id\":\"https:\/\/www.marinahotelclub.com\/de\/tourismus-saint-tropez\/#breadcrumb\",\"itemListElement\":[{\"@type\":\"ListItem\",\"position\":1,\"name\":\"Marina H\u00f4tel Club\",\"item\":\"https:\/\/www.marinahotelclub.com\/de\/\"},{\"@type\":\"ListItem\",\"position\":2,\"name\":\"Saint-Tropez\"}]},{\"@type\":\"WebSite\",\"@id\":\"https:\/\/www.marinahotelclub.com\/de\/#website\",\"url\":\"https:\/\/www.marinahotelclub.com\/de\/\",\"name\":\"H\u00f4tel Marina Paradise\",\"description\":\"\",\"publisher\":{\"@id\":\"https:\/\/www.marinahotelclub.com\/de\/#organization\"},\"inLanguage\":\"de\"},{\"@type\":\"Organization\",\"@id\":\"https:\/\/www.marinahotelclub.com\/de\/#organization\",\"name\":\"H\u00f4tel Marina Paradise\",\"url\":\"https:\/\/www.marinahotelclub.com\/de\/\",\"logo\":{\"@type\":\"ImageObject\",\"inLanguage\":\"de\",\"@id\":\"https:\/\/www.marinahotelclub.com\/de\/#\/schema\/logo\/image\/\",\"url\":\"https:\/\/www.marinahotelclub.com\/wp-content\/uploads\/2024\/03\/logo-marina-hotel-club.webp\",\"contentUrl\":\"https:\/\/www.marinahotelclub.com\/wp-content\/uploads\/2024\/03\/logo-marina-hotel-club.webp\",\"width\":686,\"height\":421,\"caption\":\"H\u00f4tel Marina Paradise\"},\"image\":{\"@id\":\"https:\/\/www.marinahotelclub.com\/de\/#\/schema\/logo\/image\/\"}}]}<\/script>\n<!-- \/ Yoast SEO plugin. -->","yoast_head_json":{"title":"Entdecken Sie Saint-Tropez: Glamour, Str\u00e4nde und gastronomische Spezialit\u00e4ten","description":"Entdecken Sie Saint-Tropez: Spazierg\u00e4nge, ikonische Str\u00e4nde, Luxusgastronomie und farbenfrohe M\u00e4rkte. Ein glamour\u00f6ser Aufenthalt an der Franz\u00f6sische Riviera erwartet Sie.","robots":{"index":"index","follow":"follow","max-snippet":"max-snippet:-1","max-image-preview":"max-image-preview:large","max-video-preview":"max-video-preview:-1"},"canonical":"https:\/\/www.marinahotelclub.com\/de\/tourismus-saint-tropez\/","og_locale":"de_DE","og_type":"article","og_title":"Entdecken Sie Saint-Tropez: Glamour, Str\u00e4nde und gastronomische Spezialit\u00e4ten","og_description":"Entdecken Sie Saint-Tropez: Spazierg\u00e4nge, ikonische Str\u00e4nde, Luxusgastronomie und farbenfrohe M\u00e4rkte. Ein glamour\u00f6ser Aufenthalt an der Franz\u00f6sische Riviera erwartet Sie.","og_url":"https:\/\/www.marinahotelclub.com\/de\/tourismus-saint-tropez\/","og_site_name":"H\u00f4tel Marina Paradise","article_modified_time":"2024-04-23T13:22:46+00:00","og_image":[{"width":1920,"height":1200,"url":"https:\/\/www.marinahotelclub.com\/wp-content\/uploads\/2024\/04\/Saint-Tropez-baie.webp","type":"image\/webp"}],"twitter_card":"summary_large_image","twitter_misc":{"Gesch\u00e4tzte Lesezeit":"2\u00a0Minuten"},"schema":{"@context":"https:\/\/schema.org","@graph":[{"@type":"WebPage","@id":"https:\/\/www.marinahotelclub.com\/de\/tourismus-saint-tropez\/","url":"https:\/\/www.marinahotelclub.com\/de\/tourismus-saint-tropez\/","name":"Entdecken Sie Saint-Tropez: Glamour, Str\u00e4nde und gastronomische Spezialit\u00e4ten","isPartOf":{"@id":"https:\/\/www.marinahotelclub.com\/de\/#website"},"primaryImageOfPage":{"@id":"https:\/\/www.marinahotelclub.com\/de\/tourismus-saint-tropez\/#primaryimage"},"image":{"@id":"https:\/\/www.marinahotelclub.com\/de\/tourismus-saint-tropez\/#primaryimage"},"thumbnailUrl":"https:\/\/www.marinahotelclub.com\/wp-content\/uploads\/2024\/04\/Saint-Tropez-baie.webp","datePublished":"2024-03-28T13:47:29+00:00","dateModified":"2024-04-23T13:22:46+00:00","description":"Entdecken Sie Saint-Tropez: Spazierg\u00e4nge, ikonische Str\u00e4nde, Luxusgastronomie und farbenfrohe M\u00e4rkte. Ein glamour\u00f6ser Aufenthalt an der Franz\u00f6sische Riviera erwartet Sie.","breadcrumb":{"@id":"https:\/\/www.marinahotelclub.com\/de\/tourismus-saint-tropez\/#breadcrumb"},"inLanguage":"de","potentialAction":[{"@type":"ReadAction","target":["https:\/\/www.marinahotelclub.com\/de\/tourismus-saint-tropez\/"]}]},{"@type":"ImageObject","inLanguage":"de","@id":"https:\/\/www.marinahotelclub.com\/de\/tourismus-saint-tropez\/#primaryimage","url":"https:\/\/www.marinahotelclub.com\/wp-content\/uploads\/2024\/04\/Saint-Tropez-baie.webp","contentUrl":"https:\/\/www.marinahotelclub.com\/wp-content\/uploads\/2024\/04\/Saint-Tropez-baie.webp","width":1920,"height":1200},{"@type":"BreadcrumbList","@id":"https:\/\/www.marinahotelclub.com\/de\/tourismus-saint-tropez\/#breadcrumb","itemListElement":[{"@type":"ListItem","position":1,"name":"Marina H\u00f4tel Club","item":"https:\/\/www.marinahotelclub.com\/de\/"},{"@type":"ListItem","position":2,"name":"Saint-Tropez"}]},{"@type":"WebSite","@id":"https:\/\/www.marinahotelclub.com\/de\/#website","url":"https:\/\/www.marinahotelclub.com\/de\/","name":"H\u00f4tel Marina Paradise","description":"","publisher":{"@id":"https:\/\/www.marinahotelclub.com\/de\/#organization"},"inLanguage":"de"},{"@type":"Organization","@id":"https:\/\/www.marinahotelclub.com\/de\/#organization","name":"H\u00f4tel Marina Paradise","url":"https:\/\/www.marinahotelclub.com\/de\/","logo":{"@type":"ImageObject","inLanguage":"de","@id":"https:\/\/www.marinahotelclub.com\/de\/#\/schema\/logo\/image\/","url":"https:\/\/www.marinahotelclub.com\/wp-content\/uploads\/2024\/03\/logo-marina-hotel-club.webp","contentUrl":"https:\/\/www.marinahotelclub.com\/wp-content\/uploads\/2024\/03\/logo-marina-hotel-club.webp","width":686,"height":421,"caption":"H\u00f4tel Marina Paradise"},"image":{"@id":"https:\/\/www.marinahotelclub.com\/de\/#\/schema\/logo\/image\/"}}]}},"_links":{"self":[{"href":"https:\/\/www.marinahotelclub.com\/de\/wp-json\/wp\/v2\/pages\/1170","targetHints":{"allow":["GET"]}}],"collection":[{"href":"https:\/\/www.marinahotelclub.com\/de\/wp-json\/wp\/v2\/pages"}],"about":[{"href":"https:\/\/www.marinahotelclub.com\/de\/wp-json\/wp\/v2\/types\/page"}],"author":[{"embeddable":true,"href":"https:\/\/www.marinahotelclub.com\/de\/wp-json\/wp\/v2\/users\/1"}],"replies":[{"embeddable":true,"href":"https:\/\/www.marinahotelclub.com\/de\/wp-json\/wp\/v2\/comments?post=1170"}],"version-history":[{"count":1,"href":"https:\/\/www.marinahotelclub.com\/de\/wp-json\/wp\/v2\/pages\/1170\/revisions"}],"predecessor-version":[{"id":1171,"href":"https:\/\/www.marinahotelclub.com\/de\/wp-json\/wp\/v2\/pages\/1170\/revisions\/1171"}],"wp:featuredmedia":[{"embeddable":true,"href":"https:\/\/www.marinahotelclub.com\/de\/wp-json\/wp\/v2\/media\/845"}],"wp:attachment":[{"href":"https:\/\/www.marinahotelclub.com\/de\/wp-json\/wp\/v2\/media?parent=1170"}],"wp:term":[{"taxonomy":"sujet","embeddable":true,"href":"https:\/\/www.marinahotelclub.com\/de\/wp-json\/wp\/v2\/sujet?post=1170"}],"curies":[{"name":"wp","href":"https:\/\/api.w.org\/{rel}","templated":true}]}}