{"id":1176,"date":"2024-03-28T14:47:42","date_gmt":"2024-03-28T13:47:42","guid":{"rendered":"https:\/\/www.marinahotelclub.com\/hotel-sainte-maxime\/"},"modified":"2024-04-23T15:28:27","modified_gmt":"2024-04-23T13:28:27","slug":"hotel-sainte-maxime","status":"publish","type":"page","link":"https:\/\/www.marinahotelclub.com\/de\/hotel-sainte-maxime\/","title":{"rendered":"Sainte-Maxime"},"content":{"rendered":"<section id=\"ls-section-block_a897c160430822eb180d12b8546d184b\" class=\"ls-section  home-first page-one\" >\r\n        <div class=\"container container--wide\">\r\n        \n\n<h1 class=\"ls__heading wp-block-heading has-text-align-center\">Sainte-Maxime, Ihre Oase der Ruhe<\/h1>\n\n\n\n<div class=\"wp-block-columns are-vertically-aligned-center is-layout-flex wp-container-core-columns-is-layout-9d6595d7 wp-block-columns-is-layout-flex\">\n<div class=\"wp-block-column is-vertically-aligned-center is-layout-flow wp-block-column-is-layout-flow\" style=\"flex-basis:60%\">\n<figure class=\"wp-block-gallery has-nested-images columns-default is-cropped wp-block-gallery-1 is-layout-flex wp-block-gallery-is-layout-flex\">\n<figure class=\"wp-block-image size-full animated fadeIn slow\"><a href=\"https:\/\/www.marinahotelclub.com\/wp-content\/uploads\/2024\/04\/Sainte-Maxime-plage.webp\"><img decoding=\"async\" width=\"1920\" height=\"1200\" data-id=\"861\" src=\"https:\/\/www.marinahotelclub.com\/wp-content\/uploads\/2024\/04\/Sainte-Maxime-plage.webp\" alt=\"Sainte-Maxime-plage\" class=\"wp-image-861\" srcset=\"https:\/\/www.marinahotelclub.com\/wp-content\/uploads\/2024\/04\/Sainte-Maxime-plage.webp 1920w, https:\/\/www.marinahotelclub.com\/wp-content\/uploads\/2024\/04\/Sainte-Maxime-plage-300x188.webp 300w, https:\/\/www.marinahotelclub.com\/wp-content\/uploads\/2024\/04\/Sainte-Maxime-plage-1024x640.webp 1024w, https:\/\/www.marinahotelclub.com\/wp-content\/uploads\/2024\/04\/Sainte-Maxime-plage-768x480.webp 768w, https:\/\/www.marinahotelclub.com\/wp-content\/uploads\/2024\/04\/Sainte-Maxime-plage-1536x960.webp 1536w\" sizes=\"(max-width: 1920px) 100vw, 1920px\" \/><\/a><\/figure>\n\n\n\n<figure class=\"wp-block-image size-full animated fadeIn delay-200ms slow\"><a href=\"https:\/\/www.marinahotelclub.com\/wp-content\/uploads\/2024\/04\/plage-snorkeling.webp\"><img decoding=\"async\" width=\"1080\" height=\"1500\" data-id=\"865\" src=\"https:\/\/www.marinahotelclub.com\/wp-content\/uploads\/2024\/04\/plage-snorkeling.webp\" alt=\"Strand-Snorkeling\" class=\"wp-image-865\" srcset=\"https:\/\/www.marinahotelclub.com\/wp-content\/uploads\/2024\/04\/plage-snorkeling.webp 1080w, https:\/\/www.marinahotelclub.com\/wp-content\/uploads\/2024\/04\/plage-snorkeling-216x300.webp 216w, https:\/\/www.marinahotelclub.com\/wp-content\/uploads\/2024\/04\/plage-snorkeling-737x1024.webp 737w, https:\/\/www.marinahotelclub.com\/wp-content\/uploads\/2024\/04\/plage-snorkeling-768x1067.webp 768w\" sizes=\"(max-width: 1080px) 100vw, 1080px\" \/><\/a><\/figure>\n<\/figure>\n<\/div>\n\n\n\n<div class=\"wp-block-column is-vertically-aligned-center is-layout-flow wp-block-column-is-layout-flow\" style=\"flex-basis:40%\">\n<h2 class=\"ls__heading wp-block-heading\">Baden und Wassersport an den Str\u00e4nden<\/h2>\n\n\n\n<p class=\"ls-paragraph\">Nutzen Sie Ihren Aufenthalt in einem <a href=\"https:\/\/www.marinahotelclub.com\/de\/\">Hotel in Saint-Tropez<\/a> f\u00fcr einen Ausflug <a href=\"https:\/\/www.sainte-maxime.com\/en\/?lang=en\" target=\"_blank\" rel=\"noreferrer noopener\">nach Sainte-Maxime<\/a>! Der <strong>Badeort<\/strong>, der f\u00fcr seine Ruhe und seine gesch\u00fctzte Umgebung gesch\u00e4tzt wird, beherbergt Familienstr\u00e4nde und wilde Buchten, die im Kontrast zu den trendigen Spots von Saint-Tropez und Ramatuelle stehen.<\/p>\n\n\n\n<p class=\"ls-paragraph\">Am <strong>Strand von La Madrague<\/strong>, am Strand des Stadtzentrums oder an der Pointe des Sardinaux k\u00f6nnen Sie baden, faulenzen, schnorcheln und Sandburgen bauen. Erinnern Sie sich noch an die<strong> Comicfiguren Babar und Celeste? <\/strong>Dann sollten Sie unbedingt am <strong>Elefantenstrand<\/strong> entlang schlendern, dessen Umgebung die Hochzeitsreise des ber\u00fchmten Dickh\u00e4uterpaares inspiriert hat!<\/p>\n<\/div>\n<\/div>\n\n\r\n    <\/div>\r\n<\/section><section id=\"ls-section-block_d51f4afe23f944e63fde2d11243830c1\" class=\"ls-section  home-second page-two\" >\r\n        <div class=\"container container--wide\">\r\n        \n\n<div class=\"wp-block-columns are-vertically-aligned-center is-layout-flex wp-container-core-columns-is-layout-9d6595d7 wp-block-columns-is-layout-flex\">\n<div class=\"wp-block-column is-vertically-aligned-center is-layout-flow wp-block-column-is-layout-flow\" style=\"flex-basis:40%\">\n<h2 class=\"ls__heading wp-block-heading\">Spaziergang am Hafen von Sainte-Maxime<\/h2>\n\n\n\n<p class=\"ls-paragraph\">Im<strong> Hafen von Sainte-Maxime<\/strong> k\u00f6nnen Sie noch immer die <strong>farbenfrohen &#8222;Pointus&#8220; der traditionellen provenzalischen Fischer<\/strong> bewundern, die neben den Booten der Segler liegen.<\/p>\n\n\n\n<p class=\"ls-paragraph\">Der Pendelbus von Les Bateaux Verts bietet Ihnen die M\u00f6glichkeit, den <strong>Golf nach Saint-Tropez zu \u00fcberqueren<\/strong>. Eine Gelegenheit f\u00fcr eine kleine Kreuzfahrt!<\/p>\n\n\n\n<p class=\"ls-paragraph\">Am Hafen k\u00f6nnen Sie auch auf einer Terrasse ein Getr\u00e4nk genie\u00dfen und <strong>durch die Gesch\u00e4fte bummeln<\/strong>. Halten Sie an den St\u00e4nden der Fischer an, um den Reichtum der Fische des Mittelmeers zu entdecken!<\/p>\n<\/div>\n\n\n\n<div class=\"wp-block-column is-vertically-aligned-center is-layout-flow wp-block-column-is-layout-flow\" style=\"flex-basis:60%\">\n<figure class=\"wp-block-gallery has-nested-images columns-default is-cropped animated fadeInRight slow wp-block-gallery-2 is-layout-flex wp-block-gallery-is-layout-flex\">\n<figure class=\"wp-block-image size-full\"><a href=\"https:\/\/www.marinahotelclub.com\/wp-content\/uploads\/2024\/04\/baie-Sainte-Maxime.webp\"><img decoding=\"async\" width=\"1920\" height=\"1200\" data-id=\"856\" src=\"https:\/\/www.marinahotelclub.com\/wp-content\/uploads\/2024\/04\/baie-Sainte-Maxime.webp\" alt=\"Sainte-Maxime Bay\" class=\"wp-image-856\" srcset=\"https:\/\/www.marinahotelclub.com\/wp-content\/uploads\/2024\/04\/baie-Sainte-Maxime.webp 1920w, https:\/\/www.marinahotelclub.com\/wp-content\/uploads\/2024\/04\/baie-Sainte-Maxime-300x188.webp 300w, https:\/\/www.marinahotelclub.com\/wp-content\/uploads\/2024\/04\/baie-Sainte-Maxime-1024x640.webp 1024w, https:\/\/www.marinahotelclub.com\/wp-content\/uploads\/2024\/04\/baie-Sainte-Maxime-768x480.webp 768w, https:\/\/www.marinahotelclub.com\/wp-content\/uploads\/2024\/04\/baie-Sainte-Maxime-1536x960.webp 1536w\" sizes=\"(max-width: 1920px) 100vw, 1920px\" \/><\/a><\/figure>\n<\/figure>\n<\/div>\n<\/div>\n\n\r\n    <\/div>\r\n<\/section><section id=\"ls-section-block_ee1d889e2f314e8b10358e7fcb35d927\" class=\"ls-section  home-fourth page-three has-background-image has-parallax\" >\r\n    <div class=\"ls-section__background-image opacity-90\"><img decoding=\"async\" src=\"https:\/\/www.marinahotelclub.com\/wp-content\/uploads\/2024\/04\/petit-train-touristique.webp\" alt=\"\"><\/div>    <div class=\"container container--wide\">\r\n        \n\n<h2 class=\"ls__heading wp-block-heading\">Stadtbesichtigung mit dem kleinen Zug<\/h2>\n\n\n\n<div class=\"wp-block-columns is-layout-flex wp-container-core-columns-is-layout-9d6595d7 wp-block-columns-is-layout-flex\">\n<div class=\"wp-block-column is-layout-flow wp-block-column-is-layout-flow\">\n<p class=\"ls-paragraph\">Eine <strong>Fahrt mit dem kleinen Touristenzug <\/strong>in Sainte-Maxime ist eine spielerische und erholsame Erfahrung, um <strong>das Kulturerbe des Dorfes auf einmal zu entdecken <\/strong>! Die <strong>45-min\u00fctige <\/strong>Strecke f\u00fchrt durch die Stra\u00dfen der Stadt und bietet einen <strong>atemberaubenden Blick auf den Golf<\/strong>.<\/p>\n<\/div>\n\n\n\n<div class=\"wp-block-column is-layout-flow wp-block-column-is-layout-flow\">\n<p class=\"ls-paragraph\">Sie werden an den emblematischen Orten von Sainte-Maxime vorbeikommen, vom Semaphor \u00fcber den Hafen und den quadratischen Turm bis hin zum Schloss Gaumont.<\/p>\n<\/div>\n<\/div>\n\n\r\n    <\/div>\r\n<\/section><section id=\"ls-section-block_a897c160430822eb180d12b8546d184b\" class=\"ls-section  home-first page-one\" >\r\n        <div class=\"container container--wide\">\r\n        \n\n<div class=\"wp-block-columns are-vertically-aligned-center is-layout-flex wp-container-core-columns-is-layout-9d6595d7 wp-block-columns-is-layout-flex\">\n<div class=\"wp-block-column is-vertically-aligned-center is-layout-flow wp-block-column-is-layout-flow\" style=\"flex-basis:60%\">\n<figure class=\"wp-block-gallery has-nested-images columns-default is-cropped wp-block-gallery-3 is-layout-flex wp-block-gallery-is-layout-flex\">\n<figure class=\"wp-block-image size-full animated fadeIn slow\"><a href=\"https:\/\/www.marinahotelclub.com\/wp-content\/uploads\/2024\/04\/vue-aerienne-Sainte-Maxime.webp\"><img decoding=\"async\" width=\"1920\" height=\"1200\" data-id=\"875\" src=\"https:\/\/www.marinahotelclub.com\/wp-content\/uploads\/2024\/04\/vue-aerienne-Sainte-Maxime.webp\" alt=\"ansicht-aerienne-Sainte-Maxime\" class=\"wp-image-875\" srcset=\"https:\/\/www.marinahotelclub.com\/wp-content\/uploads\/2024\/04\/vue-aerienne-Sainte-Maxime.webp 1920w, https:\/\/www.marinahotelclub.com\/wp-content\/uploads\/2024\/04\/vue-aerienne-Sainte-Maxime-300x188.webp 300w, https:\/\/www.marinahotelclub.com\/wp-content\/uploads\/2024\/04\/vue-aerienne-Sainte-Maxime-1024x640.webp 1024w, https:\/\/www.marinahotelclub.com\/wp-content\/uploads\/2024\/04\/vue-aerienne-Sainte-Maxime-768x480.webp 768w, https:\/\/www.marinahotelclub.com\/wp-content\/uploads\/2024\/04\/vue-aerienne-Sainte-Maxime-1536x960.webp 1536w\" sizes=\"(max-width: 1920px) 100vw, 1920px\" \/><\/a><\/figure>\n\n\n\n<figure class=\"wp-block-image size-full animated fadeIn delay-200ms slow\"><a href=\"https:\/\/www.marinahotelclub.com\/wp-content\/uploads\/2024\/04\/Sainte-Maxime-ville.webp\"><img decoding=\"async\" width=\"1920\" height=\"1200\" data-id=\"884\" src=\"https:\/\/www.marinahotelclub.com\/wp-content\/uploads\/2024\/04\/Sainte-Maxime-ville.webp\" alt=\"Sainte-Maxime-ville\" class=\"wp-image-884\" srcset=\"https:\/\/www.marinahotelclub.com\/wp-content\/uploads\/2024\/04\/Sainte-Maxime-ville.webp 1920w, https:\/\/www.marinahotelclub.com\/wp-content\/uploads\/2024\/04\/Sainte-Maxime-ville-300x188.webp 300w, https:\/\/www.marinahotelclub.com\/wp-content\/uploads\/2024\/04\/Sainte-Maxime-ville-1024x640.webp 1024w, https:\/\/www.marinahotelclub.com\/wp-content\/uploads\/2024\/04\/Sainte-Maxime-ville-768x480.webp 768w, https:\/\/www.marinahotelclub.com\/wp-content\/uploads\/2024\/04\/Sainte-Maxime-ville-1536x960.webp 1536w\" sizes=\"(max-width: 1920px) 100vw, 1920px\" \/><\/a><\/figure>\n<\/figure>\n<\/div>\n\n\n\n<div class=\"wp-block-column is-vertically-aligned-center is-layout-flow wp-block-column-is-layout-flow\" style=\"flex-basis:40%\">\n<h2 class=\"ls__heading wp-block-heading\">Kultur und Natur f\u00fcr Ihren Besuch<\/h2>\n\n\n\n<p class=\"ls-paragraph\">Entdecken Sie in Sainte-Maxime ein Reiseziel zwischen Kultur und Natur! Auf Ihrem Programm steht die Entdeckung der Architektur und des Kulturerbes der Stadt, zwischen Moderne, Art Deco und traditionellem provenzalischem Stil.<\/p>\n\n\n\n<p class=\"ls-paragraph\">Es gibt auch <strong>spannende Museen<\/strong> wie das <strong>Phonographenmuseum<\/strong> und das Museum f\u00fcr <strong>mechanische<\/strong> <strong>Musik<\/strong>.<\/p>\n\n\n\n<p class=\"ls-paragraph\">In der Natur k\u00f6nnen Sie auf dem <strong>Delfend-Pfad <\/strong>einen Ausflug in die H\u00f6hen des Golfs machen, mit Blick auf das Massif des Maures und das Est\u00e9rel.<\/p>\n<\/div>\n<\/div>\n\n\r\n    <\/div>\r\n<\/section><section id=\"ls-section-block_d51f4afe23f944e63fde2d11243830c1\" class=\"ls-section  home-second page-two\" >\r\n        <div class=\"container container--wide\">\r\n        \n\n<div class=\"wp-block-columns are-vertically-aligned-center is-layout-flex wp-container-core-columns-is-layout-9d6595d7 wp-block-columns-is-layout-flex\">\n<div class=\"wp-block-column is-vertically-aligned-center is-layout-flow wp-block-column-is-layout-flow\" style=\"flex-basis:40%\">\n<h2 class=\"ls__heading wp-block-heading\">Sainte-Maxime 15 Minuten vom Hotel entfernt<\/h2>\n\n\n\n<p class=\"ls-paragraph\">Das Hotel Marina H\u00f4tel Club ist ideal gelegen, um Sainte-Maxime zu besuchen und regelm\u00e4\u00dfig die Str\u00e4nde zu genie\u00dfen.<\/p>\n\n\n\n<p class=\"ls-paragraph\">Der Ort ist<strong> weniger als 10 km entfernt<\/strong> und kann mit dem Auto in 15 Minuten und mit dem Fahrrad in weniger als 30 Minuten erreicht werden.<\/p>\n\n\n\n<p class=\"ls-paragraph\">Sie k\u00f6nnen auch bequem mit dem Bus der Linie 876 von der Haltestelle La Foux, die nur 300 m von Ihrem Hotel entfernt ist, dorthin gelangen. Praktisch, um freitags zum gro\u00dfen Markt in Sainte-Maxime oder zu den mittwochs stattfindenden Flohm\u00e4rkten an der Strandpromenade zu gelangen!<\/p>\n<\/div>\n\n\n\n<div class=\"wp-block-column is-vertically-aligned-center is-layout-flow wp-block-column-is-layout-flow\" style=\"flex-basis:60%\">\n<figure class=\"wp-block-gallery has-nested-images columns-default is-cropped animated fadeInRight slow wp-block-gallery-4 is-layout-flex wp-block-gallery-is-layout-flex\">\n<figure class=\"wp-block-image size-full\"><a href=\"https:\/\/www.marinahotelclub.com\/wp-content\/uploads\/2024\/04\/vue-aerienne-piscines-hotel-camping-pres-Sainte-Maxime.webp\"><img decoding=\"async\" width=\"1600\" height=\"1600\" data-id=\"889\" src=\"https:\/\/www.marinahotelclub.com\/wp-content\/uploads\/2024\/04\/vue-aerienne-piscines-hotel-camping-pres-Sainte-Maxime.webp\" alt=\"ansicht-aerienne-piscines-hotel-camping-pres-Sainte-Maxime\" class=\"wp-image-889\" srcset=\"https:\/\/www.marinahotelclub.com\/wp-content\/uploads\/2024\/04\/vue-aerienne-piscines-hotel-camping-pres-Sainte-Maxime.webp 1600w, https:\/\/www.marinahotelclub.com\/wp-content\/uploads\/2024\/04\/vue-aerienne-piscines-hotel-camping-pres-Sainte-Maxime-300x300.webp 300w, https:\/\/www.marinahotelclub.com\/wp-content\/uploads\/2024\/04\/vue-aerienne-piscines-hotel-camping-pres-Sainte-Maxime-1024x1024.webp 1024w, https:\/\/www.marinahotelclub.com\/wp-content\/uploads\/2024\/04\/vue-aerienne-piscines-hotel-camping-pres-Sainte-Maxime-150x150.webp 150w, https:\/\/www.marinahotelclub.com\/wp-content\/uploads\/2024\/04\/vue-aerienne-piscines-hotel-camping-pres-Sainte-Maxime-768x768.webp 768w, https:\/\/www.marinahotelclub.com\/wp-content\/uploads\/2024\/04\/vue-aerienne-piscines-hotel-camping-pres-Sainte-Maxime-1536x1536.webp 1536w\" sizes=\"(max-width: 1600px) 100vw, 1600px\" \/><\/a><\/figure>\n<\/figure>\n<\/div>\n<\/div>\n\n\r\n    <\/div>\r\n<\/section><section id=\"ls-section-block_3246e33a55c46017f8f5a47298d8bba8\" class=\"ls-section  page-cta\" >\r\n        <div class=\"container container--wide\">\r\n        \n\r\n<div id=\"ls-heading ls-titre-div-block_5902d77658ad932dd40b336099985bfd\" class=\"ls-titre-div aligncenter h2-like\" >\r\n    Sehenswertes in der Umgebung des Hotels<\/div>\r\n\n\n<div id=\"ls-maillage-block_c3e3c56f3ac3367736e47cb301952909\" class=\"ls-maillage cta-style-normal\" data-rows=\"3\">\r\n    <div class=\"wp-block-columns\"><div class=\"wp-block-column\">\r\n\r\n<a href=\"https:\/\/www.marinahotelclub.com\/de\/aktivitaten-franzosische-riviera\/\" target=\"\" rel=\"noopener\" class=\"ls-cta__link\" data-categ=\"\">\r\n\t<div class=\"ls-cta__image\"><img decoding=\"async\" src=\"https:\/\/www.marinahotelclub.com\/wp-content\/uploads\/2024\/04\/activite-randonnee-foret.webp\" alt=\"\"><\/div>\r\n\t<div class=\"ls-cta__title\">\r\n\t\tAktivit\u00e4ten\t<\/div>\r\n\r\n\t<\/a><\/div><div class=\"wp-block-column\">\r\n\r\n<a href=\"https:\/\/www.marinahotelclub.com\/de\/hotel-grimaud\/\" target=\"\" rel=\"noopener\" class=\"ls-cta__link\" data-categ=\"\">\r\n\t<div class=\"ls-cta__image\"><img decoding=\"async\" src=\"https:\/\/www.marinahotelclub.com\/wp-content\/uploads\/2024\/03\/grimaud-marina-hotel-club-scaled.webp\" alt=\"\"><\/div>\r\n\t<div class=\"ls-cta__title\">\r\n\t\tGrimaud\t<\/div>\r\n\r\n\t<\/a><\/div><div class=\"wp-block-column\">\r\n\r\n<a href=\"https:\/\/www.marinahotelclub.com\/de\/tourismus-saint-tropez\/\" target=\"\" rel=\"noopener\" class=\"ls-cta__link\" data-categ=\"\">\r\n\t<div class=\"ls-cta__image\"><img decoding=\"async\" src=\"https:\/\/www.marinahotelclub.com\/wp-content\/uploads\/2024\/03\/st-tropez-marina-hotel-club.webp\" alt=\"\"><\/div>\r\n\t<div class=\"ls-cta__title\">\r\n\t\tSaint-Tropez\t<\/div>\r\n\r\n\t<\/a><\/div><\/div><\/div>\n\r\n    <\/div>\r\n<\/section>","protected":false},"excerpt":{"rendered":"","protected":false},"author":1,"featured_media":881,"parent":0,"menu_order":0,"comment_status":"closed","ping_status":"closed","template":"","meta":{"_acf_changed":false,"footnotes":""},"sujet":[],"class_list":["post-1176","page","type-page","status-publish","has-post-thumbnail","hentry"],"acf":[],"yoast_head":"<!-- This site is optimized with the Yoast SEO plugin v22.6 - https:\/\/yoast.com\/wordpress\/plugins\/seo\/ -->\n<title>Entdecken Sie Sainte-Maxime: Str\u00e4nde, charmanter Hafen, kulturelle Entdeckungen<\/title>\n<meta name=\"description\" content=\"Entdecken Sie Sainte-Maxime: ruhige Str\u00e4nde, Spazierg\u00e4nge am Hafen, ein kleiner Touristenzug und Kultur, alles nur 15 Minuten vom Marina Hotel Club entfernt.\" \/>\n<meta name=\"robots\" content=\"index, follow, max-snippet:-1, max-image-preview:large, max-video-preview:-1\" \/>\n<link rel=\"canonical\" href=\"https:\/\/www.marinahotelclub.com\/de\/hotel-sainte-maxime\/\" \/>\n<meta property=\"og:locale\" content=\"de_DE\" \/>\n<meta property=\"og:type\" content=\"article\" \/>\n<meta property=\"og:title\" content=\"Entdecken Sie Sainte-Maxime: Str\u00e4nde, charmanter Hafen, kulturelle Entdeckungen\" \/>\n<meta property=\"og:description\" content=\"Entdecken Sie Sainte-Maxime: ruhige Str\u00e4nde, Spazierg\u00e4nge am Hafen, ein kleiner Touristenzug und Kultur, alles nur 15 Minuten vom Marina Hotel Club entfernt.\" \/>\n<meta property=\"og:url\" content=\"https:\/\/www.marinahotelclub.com\/de\/hotel-sainte-maxime\/\" \/>\n<meta property=\"og:site_name\" content=\"H\u00f4tel Marina Paradise\" \/>\n<meta property=\"article:modified_time\" content=\"2024-04-23T13:28:27+00:00\" \/>\n<meta property=\"og:image\" content=\"https:\/\/www.marinahotelclub.com\/wp-content\/uploads\/2024\/04\/port-Sainte-Maxime.webp\" \/>\n\t<meta property=\"og:image:width\" content=\"1920\" \/>\n\t<meta property=\"og:image:height\" content=\"1200\" \/>\n\t<meta property=\"og:image:type\" content=\"image\/webp\" \/>\n<meta name=\"twitter:card\" content=\"summary_large_image\" \/>\n<meta name=\"twitter:label1\" content=\"Gesch\u00e4tzte Lesezeit\" \/>\n\t<meta name=\"twitter:data1\" content=\"2\u00a0Minuten\" \/>\n<script type=\"application\/ld+json\" class=\"yoast-schema-graph\">{\"@context\":\"https:\/\/schema.org\",\"@graph\":[{\"@type\":\"WebPage\",\"@id\":\"https:\/\/www.marinahotelclub.com\/de\/hotel-sainte-maxime\/\",\"url\":\"https:\/\/www.marinahotelclub.com\/de\/hotel-sainte-maxime\/\",\"name\":\"Entdecken Sie Sainte-Maxime: Str\u00e4nde, charmanter Hafen, kulturelle Entdeckungen\",\"isPartOf\":{\"@id\":\"https:\/\/www.marinahotelclub.com\/de\/#website\"},\"primaryImageOfPage\":{\"@id\":\"https:\/\/www.marinahotelclub.com\/de\/hotel-sainte-maxime\/#primaryimage\"},\"image\":{\"@id\":\"https:\/\/www.marinahotelclub.com\/de\/hotel-sainte-maxime\/#primaryimage\"},\"thumbnailUrl\":\"https:\/\/www.marinahotelclub.com\/wp-content\/uploads\/2024\/04\/port-Sainte-Maxime.webp\",\"datePublished\":\"2024-03-28T13:47:42+00:00\",\"dateModified\":\"2024-04-23T13:28:27+00:00\",\"description\":\"Entdecken Sie Sainte-Maxime: ruhige Str\u00e4nde, Spazierg\u00e4nge am Hafen, ein kleiner Touristenzug und Kultur, alles nur 15 Minuten vom Marina Hotel Club entfernt.\",\"breadcrumb\":{\"@id\":\"https:\/\/www.marinahotelclub.com\/de\/hotel-sainte-maxime\/#breadcrumb\"},\"inLanguage\":\"de\",\"potentialAction\":[{\"@type\":\"ReadAction\",\"target\":[\"https:\/\/www.marinahotelclub.com\/de\/hotel-sainte-maxime\/\"]}]},{\"@type\":\"ImageObject\",\"inLanguage\":\"de\",\"@id\":\"https:\/\/www.marinahotelclub.com\/de\/hotel-sainte-maxime\/#primaryimage\",\"url\":\"https:\/\/www.marinahotelclub.com\/wp-content\/uploads\/2024\/04\/port-Sainte-Maxime.webp\",\"contentUrl\":\"https:\/\/www.marinahotelclub.com\/wp-content\/uploads\/2024\/04\/port-Sainte-Maxime.webp\",\"width\":1920,\"height\":1200},{\"@type\":\"BreadcrumbList\",\"@id\":\"https:\/\/www.marinahotelclub.com\/de\/hotel-sainte-maxime\/#breadcrumb\",\"itemListElement\":[{\"@type\":\"ListItem\",\"position\":1,\"name\":\"Marina H\u00f4tel Club\",\"item\":\"https:\/\/www.marinahotelclub.com\/de\/\"},{\"@type\":\"ListItem\",\"position\":2,\"name\":\"Sainte-Maxime\"}]},{\"@type\":\"WebSite\",\"@id\":\"https:\/\/www.marinahotelclub.com\/de\/#website\",\"url\":\"https:\/\/www.marinahotelclub.com\/de\/\",\"name\":\"H\u00f4tel Marina Paradise\",\"description\":\"\",\"publisher\":{\"@id\":\"https:\/\/www.marinahotelclub.com\/de\/#organization\"},\"inLanguage\":\"de\"},{\"@type\":\"Organization\",\"@id\":\"https:\/\/www.marinahotelclub.com\/de\/#organization\",\"name\":\"H\u00f4tel Marina Paradise\",\"url\":\"https:\/\/www.marinahotelclub.com\/de\/\",\"logo\":{\"@type\":\"ImageObject\",\"inLanguage\":\"de\",\"@id\":\"https:\/\/www.marinahotelclub.com\/de\/#\/schema\/logo\/image\/\",\"url\":\"https:\/\/www.marinahotelclub.com\/wp-content\/uploads\/2024\/03\/logo-marina-hotel-club.webp\",\"contentUrl\":\"https:\/\/www.marinahotelclub.com\/wp-content\/uploads\/2024\/03\/logo-marina-hotel-club.webp\",\"width\":686,\"height\":421,\"caption\":\"H\u00f4tel Marina Paradise\"},\"image\":{\"@id\":\"https:\/\/www.marinahotelclub.com\/de\/#\/schema\/logo\/image\/\"}}]}<\/script>\n<!-- \/ Yoast SEO plugin. -->","yoast_head_json":{"title":"Entdecken Sie Sainte-Maxime: Str\u00e4nde, charmanter Hafen, kulturelle Entdeckungen","description":"Entdecken Sie Sainte-Maxime: ruhige Str\u00e4nde, Spazierg\u00e4nge am Hafen, ein kleiner Touristenzug und Kultur, alles nur 15 Minuten vom Marina Hotel Club entfernt.","robots":{"index":"index","follow":"follow","max-snippet":"max-snippet:-1","max-image-preview":"max-image-preview:large","max-video-preview":"max-video-preview:-1"},"canonical":"https:\/\/www.marinahotelclub.com\/de\/hotel-sainte-maxime\/","og_locale":"de_DE","og_type":"article","og_title":"Entdecken Sie Sainte-Maxime: Str\u00e4nde, charmanter Hafen, kulturelle Entdeckungen","og_description":"Entdecken Sie Sainte-Maxime: ruhige Str\u00e4nde, Spazierg\u00e4nge am Hafen, ein kleiner Touristenzug und Kultur, alles nur 15 Minuten vom Marina Hotel Club entfernt.","og_url":"https:\/\/www.marinahotelclub.com\/de\/hotel-sainte-maxime\/","og_site_name":"H\u00f4tel Marina Paradise","article_modified_time":"2024-04-23T13:28:27+00:00","og_image":[{"width":1920,"height":1200,"url":"https:\/\/www.marinahotelclub.com\/wp-content\/uploads\/2024\/04\/port-Sainte-Maxime.webp","type":"image\/webp"}],"twitter_card":"summary_large_image","twitter_misc":{"Gesch\u00e4tzte Lesezeit":"2\u00a0Minuten"},"schema":{"@context":"https:\/\/schema.org","@graph":[{"@type":"WebPage","@id":"https:\/\/www.marinahotelclub.com\/de\/hotel-sainte-maxime\/","url":"https:\/\/www.marinahotelclub.com\/de\/hotel-sainte-maxime\/","name":"Entdecken Sie Sainte-Maxime: Str\u00e4nde, charmanter Hafen, kulturelle Entdeckungen","isPartOf":{"@id":"https:\/\/www.marinahotelclub.com\/de\/#website"},"primaryImageOfPage":{"@id":"https:\/\/www.marinahotelclub.com\/de\/hotel-sainte-maxime\/#primaryimage"},"image":{"@id":"https:\/\/www.marinahotelclub.com\/de\/hotel-sainte-maxime\/#primaryimage"},"thumbnailUrl":"https:\/\/www.marinahotelclub.com\/wp-content\/uploads\/2024\/04\/port-Sainte-Maxime.webp","datePublished":"2024-03-28T13:47:42+00:00","dateModified":"2024-04-23T13:28:27+00:00","description":"Entdecken Sie Sainte-Maxime: ruhige Str\u00e4nde, Spazierg\u00e4nge am Hafen, ein kleiner Touristenzug und Kultur, alles nur 15 Minuten vom Marina Hotel Club entfernt.","breadcrumb":{"@id":"https:\/\/www.marinahotelclub.com\/de\/hotel-sainte-maxime\/#breadcrumb"},"inLanguage":"de","potentialAction":[{"@type":"ReadAction","target":["https:\/\/www.marinahotelclub.com\/de\/hotel-sainte-maxime\/"]}]},{"@type":"ImageObject","inLanguage":"de","@id":"https:\/\/www.marinahotelclub.com\/de\/hotel-sainte-maxime\/#primaryimage","url":"https:\/\/www.marinahotelclub.com\/wp-content\/uploads\/2024\/04\/port-Sainte-Maxime.webp","contentUrl":"https:\/\/www.marinahotelclub.com\/wp-content\/uploads\/2024\/04\/port-Sainte-Maxime.webp","width":1920,"height":1200},{"@type":"BreadcrumbList","@id":"https:\/\/www.marinahotelclub.com\/de\/hotel-sainte-maxime\/#breadcrumb","itemListElement":[{"@type":"ListItem","position":1,"name":"Marina H\u00f4tel Club","item":"https:\/\/www.marinahotelclub.com\/de\/"},{"@type":"ListItem","position":2,"name":"Sainte-Maxime"}]},{"@type":"WebSite","@id":"https:\/\/www.marinahotelclub.com\/de\/#website","url":"https:\/\/www.marinahotelclub.com\/de\/","name":"H\u00f4tel Marina Paradise","description":"","publisher":{"@id":"https:\/\/www.marinahotelclub.com\/de\/#organization"},"inLanguage":"de"},{"@type":"Organization","@id":"https:\/\/www.marinahotelclub.com\/de\/#organization","name":"H\u00f4tel Marina Paradise","url":"https:\/\/www.marinahotelclub.com\/de\/","logo":{"@type":"ImageObject","inLanguage":"de","@id":"https:\/\/www.marinahotelclub.com\/de\/#\/schema\/logo\/image\/","url":"https:\/\/www.marinahotelclub.com\/wp-content\/uploads\/2024\/03\/logo-marina-hotel-club.webp","contentUrl":"https:\/\/www.marinahotelclub.com\/wp-content\/uploads\/2024\/03\/logo-marina-hotel-club.webp","width":686,"height":421,"caption":"H\u00f4tel Marina Paradise"},"image":{"@id":"https:\/\/www.marinahotelclub.com\/de\/#\/schema\/logo\/image\/"}}]}},"_links":{"self":[{"href":"https:\/\/www.marinahotelclub.com\/de\/wp-json\/wp\/v2\/pages\/1176","targetHints":{"allow":["GET"]}}],"collection":[{"href":"https:\/\/www.marinahotelclub.com\/de\/wp-json\/wp\/v2\/pages"}],"about":[{"href":"https:\/\/www.marinahotelclub.com\/de\/wp-json\/wp\/v2\/types\/page"}],"author":[{"embeddable":true,"href":"https:\/\/www.marinahotelclub.com\/de\/wp-json\/wp\/v2\/users\/1"}],"replies":[{"embeddable":true,"href":"https:\/\/www.marinahotelclub.com\/de\/wp-json\/wp\/v2\/comments?post=1176"}],"version-history":[{"count":5,"href":"https:\/\/www.marinahotelclub.com\/de\/wp-json\/wp\/v2\/pages\/1176\/revisions"}],"predecessor-version":[{"id":1185,"href":"https:\/\/www.marinahotelclub.com\/de\/wp-json\/wp\/v2\/pages\/1176\/revisions\/1185"}],"wp:featuredmedia":[{"embeddable":true,"href":"https:\/\/www.marinahotelclub.com\/de\/wp-json\/wp\/v2\/media\/881"}],"wp:attachment":[{"href":"https:\/\/www.marinahotelclub.com\/de\/wp-json\/wp\/v2\/media?parent=1176"}],"wp:term":[{"taxonomy":"sujet","embeddable":true,"href":"https:\/\/www.marinahotelclub.com\/de\/wp-json\/wp\/v2\/sujet?post=1176"}],"curies":[{"name":"wp","href":"https:\/\/api.w.org\/{rel}","templated":true}]}}