{"id":1190,"date":"2024-04-17T16:24:16","date_gmt":"2024-04-17T14:24:16","guid":{"rendered":"https:\/\/www.marinahotelclub.com\/hotel-kurzurlaub-azur-kuste\/"},"modified":"2024-04-23T15:34:44","modified_gmt":"2024-04-23T13:34:44","slug":"hotel-kurzurlaub-azur-kuste","status":"publish","type":"page","link":"https:\/\/www.marinahotelclub.com\/de\/hotel-kurzurlaub-azur-kuste\/","title":{"rendered":"Preise"},"content":{"rendered":"<section id=\"ls-section-block_cf8e8ffa9d88203fbf71a30a35431252\" class=\"ls-section  home-first page-one\" >\r\n        <div class=\"container container--wide\">\r\n        \n\n<h1 class=\"ls__heading wp-block-heading has-text-align-center\">Ihre Nacht zum besten Preis in einem Hotel an der Azurblaue K\u00fcste<\/h1>\n\n\n\n<div class=\"wp-block-columns are-vertically-aligned-center is-layout-flex wp-container-core-columns-is-layout-9d6595d7 wp-block-columns-is-layout-flex\">\n<div class=\"wp-block-column is-vertically-aligned-center is-layout-flow wp-block-column-is-layout-flow\" style=\"flex-basis:60%\">\n<figure class=\"wp-block-gallery has-nested-images columns-default is-cropped wp-block-gallery-1 is-layout-flex wp-block-gallery-is-layout-flex\">\n<figure class=\"wp-block-image size-full animated fadeIn slow\"><a href=\"https:\/\/www.marinahotelclub.com\/wp-content\/uploads\/2024\/04\/voiles-Saint-Tropez.webp\"><img decoding=\"async\" width=\"2000\" height=\"1125\" data-id=\"667\" src=\"https:\/\/www.marinahotelclub.com\/wp-content\/uploads\/2024\/04\/voiles-Saint-Tropez.webp\" alt=\"Segel-Saint-Tropez\" class=\"wp-image-667\" srcset=\"https:\/\/www.marinahotelclub.com\/wp-content\/uploads\/2024\/04\/voiles-Saint-Tropez.webp 2000w, https:\/\/www.marinahotelclub.com\/wp-content\/uploads\/2024\/04\/voiles-Saint-Tropez-300x169.webp 300w, https:\/\/www.marinahotelclub.com\/wp-content\/uploads\/2024\/04\/voiles-Saint-Tropez-1024x576.webp 1024w, https:\/\/www.marinahotelclub.com\/wp-content\/uploads\/2024\/04\/voiles-Saint-Tropez-768x432.webp 768w, https:\/\/www.marinahotelclub.com\/wp-content\/uploads\/2024\/04\/voiles-Saint-Tropez-1536x864.webp 1536w\" sizes=\"(max-width: 2000px) 100vw, 2000px\" \/><\/a><\/figure>\n\n\n\n<figure class=\"wp-block-image size-full animated fadeIn delay-200ms slow\"><a href=\"https:\/\/www.marinahotelclub.com\/wp-content\/uploads\/2024\/04\/exterieur-chambres-Marina-Hotel-Club-Cote-Azur-scaled.webp\"><img decoding=\"async\" width=\"1440\" height=\"2560\" data-id=\"659\" src=\"https:\/\/www.marinahotelclub.com\/wp-content\/uploads\/2024\/04\/exterieur-chambres-Marina-Hotel-Club-Cote-Azur-scaled.webp\" alt=\"Exterieur-Zimmer-Marina-Hotel-Club Azurblaue K&#xFC;ste\" class=\"wp-image-659\" srcset=\"https:\/\/www.marinahotelclub.com\/wp-content\/uploads\/2024\/04\/exterieur-chambres-Marina-Hotel-Club-Cote-Azur-scaled.webp 1440w, https:\/\/www.marinahotelclub.com\/wp-content\/uploads\/2024\/04\/exterieur-chambres-Marina-Hotel-Club-Cote-Azur-169x300.webp 169w, https:\/\/www.marinahotelclub.com\/wp-content\/uploads\/2024\/04\/exterieur-chambres-Marina-Hotel-Club-Cote-Azur-576x1024.webp 576w, https:\/\/www.marinahotelclub.com\/wp-content\/uploads\/2024\/04\/exterieur-chambres-Marina-Hotel-Club-Cote-Azur-768x1366.webp 768w, https:\/\/www.marinahotelclub.com\/wp-content\/uploads\/2024\/04\/exterieur-chambres-Marina-Hotel-Club-Cote-Azur-864x1536.webp 864w, https:\/\/www.marinahotelclub.com\/wp-content\/uploads\/2024\/04\/exterieur-chambres-Marina-Hotel-Club-Cote-Azur-1152x2048.webp 1152w\" sizes=\"(max-width: 1440px) 100vw, 1440px\" \/><\/a><\/figure>\n<\/figure>\n<\/div>\n\n\n\n<div class=\"wp-block-column is-vertically-aligned-center is-layout-flow wp-block-column-is-layout-flow\" style=\"flex-basis:40%\">\n<h2 class=\"ls__heading wp-block-heading\">Unsere Zimmer zu den besten Preisen<\/h2>\n\n\n\n<p class=\"ls-paragraph\">Sie m\u00f6chten einen Urlaub an der Azurblaue K\u00fcste verbringen und suchen ein g\u00fcnstiges Hotel in der N\u00e4he von Saint-Tropez? Das <strong>g\u00fcnstigste Hotel am Golf<\/strong>, der <a href=\"https:\/\/www.marinahotelclub.com\/de\/\">Marina H\u00f4tel Club<\/a>, ist Ihr Ziel.<\/p>\n\n\n\n<p class=\"ls-paragraph\">Mit einer <strong>gro\u00dfen Auswahl an Zimmern <\/strong>(Doppel-, Zweibett- und <strong>Familienzimmer <\/strong>) und<strong>Aparthotels<\/strong> k\u00f6nnen Sie die perfekte Unterkunft f\u00fcr Ihren Urlaub, Ihr Wochenende oder Ihren Gesch\u00e4ftsaufenthalt w\u00e4hlen.<\/p>\n\n\n\n<p class=\"ls-paragraph\">Der Marina H\u00f4tel Club liegt ideal in der N\u00e4he von Saint-Tropez und ist ein bequemer Ausgangspunkt, um die gro\u00dfen Veranstaltungen des ber\u00fchmtesten Dorfes der Provence zu besuchen. Im Mai finden die Bravades statt, im September die Segel, im Oktober die gro\u00dfe Braderie und im Juni das Festival Do You Saint-Tropez!<\/p>\n\n\n\n<p class=\"ls-paragraph\">Unsere <strong>preisg\u00fcnstigen Hotelzimmer an der Azurblaue K\u00fcste <\/strong>erm\u00f6glichen es Ihnen auch, ein paar Tage im Golf von Saint-Tropez zu verbringen, um <strong>an Segelveranstaltungen <\/strong>wie den Latin Sailings, dem Giraglia Rolex Cup, den Wings of Saint-Tropez und den Autumn Sailings teilzunehmen.<\/p>\n<\/div>\n<\/div>\n\n\r\n    <\/div>\r\n<\/section><section id=\"ls-section-block_4bde27c70881751fd93cad5a869854f6\" class=\"ls-section  home-second page-two\" >\r\n        <div class=\"container container--wide\">\r\n        \n\n<div class=\"wp-block-columns are-vertically-aligned-center is-layout-flex wp-container-core-columns-is-layout-9d6595d7 wp-block-columns-is-layout-flex\">\n<div class=\"wp-block-column is-vertically-aligned-center is-layout-flow wp-block-column-is-layout-flow\" style=\"flex-basis:40%\">\n<h2 class=\"ls__heading wp-block-heading\">Live-Buchung, um von unseren besten Preisen zu profitieren<\/h2>\n\n\n\n<p class=\"ls-paragraph\">Suchen Sie das g\u00fcnstigste Hotel f\u00fcr Ihren Urlaub an der Azurblaue K\u00fcste oder f\u00fcr <strong>eine Gruppenreise in den Golf von St. Tropez?<\/strong> Sie brauchen keine Zeit damit zu verschwenden, die Preise auf den verschiedenen Plattformen zu vergleichen. Buchen Sie direkt, um von den <strong>besten garantierten Preisen zu profitieren!<\/strong><\/p>\n\n\n\n<p class=\"ls-paragraph\">Wenn Sie \u00fcber unsere Website gehen oder uns direkt kontaktieren, k\u00f6nnen Sie sicher sein, dass Sie die <strong>niedrigsten Preise<\/strong> erhalten. Und das Beste ist, dass Sie oft von<strong> exklusiven Sonder<\/strong>angeboten profitieren k\u00f6nnen!<\/p>\n<\/div>\n\n\n\n<div class=\"wp-block-column is-vertically-aligned-center is-layout-flow wp-block-column-is-layout-flow\" style=\"flex-basis:60%\">\n<figure class=\"wp-block-gallery has-nested-images columns-default is-cropped animated fadeInRight slow wp-block-gallery-2 is-layout-flex wp-block-gallery-is-layout-flex\">\n<figure class=\"wp-block-image size-full\"><a href=\"https:\/\/www.marinahotelclub.com\/wp-content\/uploads\/2024\/04\/vacances-sejour-bord-riviere-port.webp\"><img decoding=\"async\" width=\"1080\" height=\"1500\" data-id=\"672\" src=\"https:\/\/www.marinahotelclub.com\/wp-content\/uploads\/2024\/04\/vacances-sejour-bord-riviere-port.webp\" alt=\"urlaub-aufenthalt-ord-riviere-port\" class=\"wp-image-672\" srcset=\"https:\/\/www.marinahotelclub.com\/wp-content\/uploads\/2024\/04\/vacances-sejour-bord-riviere-port.webp 1080w, https:\/\/www.marinahotelclub.com\/wp-content\/uploads\/2024\/04\/vacances-sejour-bord-riviere-port-216x300.webp 216w, https:\/\/www.marinahotelclub.com\/wp-content\/uploads\/2024\/04\/vacances-sejour-bord-riviere-port-737x1024.webp 737w, https:\/\/www.marinahotelclub.com\/wp-content\/uploads\/2024\/04\/vacances-sejour-bord-riviere-port-768x1067.webp 768w\" sizes=\"(max-width: 1080px) 100vw, 1080px\" \/><\/a><\/figure>\n<\/figure>\n<\/div>\n<\/div>\n\n\r\n    <\/div>\r\n<\/section><section id=\"ls-section-block_7841cdf8cf342a76c6adc08abf204481\" class=\"ls-section  page-cta\" >\r\n        <div class=\"container container--wide\">\r\n        \n\r\n<div id=\"ls-heading ls-titre-div-block_267ed87e346a893c682b1b35582bc3e8\" class=\"ls-titre-div aligncenter h2-like\" >\r\n    Entdecken Sie unsere Dienstleistungen, den Pool und die Zimmer<\/div>\r\n\n\n<div id=\"ls-maillage-block_60e07ba986c906b39e02b2ca9e23debd\" class=\"ls-maillage cta-style-normal\" data-rows=\"3\">\r\n    <div class=\"wp-block-columns\"><div class=\"wp-block-column\">\r\n\r\n<a href=\"https:\/\/www.marinahotelclub.com\/de\/hotel-pool-saint-tropez\/\" target=\"\" rel=\"noopener\" class=\"ls-cta__link\" data-categ=\"\">\r\n\t<div class=\"ls-cta__image\"><img decoding=\"async\" src=\"https:\/\/www.marinahotelclub.com\/wp-content\/uploads\/2024\/04\/detente-piscine.webp\" alt=\"\"><\/div>\r\n\t<div class=\"ls-cta__title\">\r\n\t\tDer Pool\t<\/div>\r\n\r\n\t<\/a><\/div><div class=\"wp-block-column\">\r\n\r\n<a href=\"https:\/\/www.marinahotelclub.com\/de\/hotel-dienstleistungen-saint-tropez\/\" target=\"\" rel=\"noopener\" class=\"ls-cta__link\" data-categ=\"\">\r\n\t<div class=\"ls-cta__image\"><img decoding=\"async\" src=\"https:\/\/www.marinahotelclub.com\/wp-content\/uploads\/2024\/04\/reception-Marina-Hotel-Club.webp\" alt=\"\"><\/div>\r\n\t<div class=\"ls-cta__title\">\r\n\t\tUnsere Dienstleistungen\t<\/div>\r\n\r\n\t<\/a><\/div><div class=\"wp-block-column\">\r\n\r\n<a href=\"https:\/\/www.marinahotelclub.com\/de\/ein-zimmer-buchen-azurblaue-kuste\/\" target=\"\" rel=\"noopener\" class=\"ls-cta__link\" data-categ=\"\">\r\n\t<div class=\"ls-cta__image\"><img decoding=\"async\" src=\"https:\/\/www.marinahotelclub.com\/wp-content\/uploads\/2024\/04\/chambre-familiale.webp\" alt=\"\"><\/div>\r\n\t<div class=\"ls-cta__title\">\r\n\t\tDie Zimmer\t<\/div>\r\n\r\n\t<\/a><\/div><\/div><\/div>\n\r\n    <\/div>\r\n<\/section>","protected":false},"excerpt":{"rendered":"","protected":false},"author":1,"featured_media":716,"parent":0,"menu_order":0,"comment_status":"closed","ping_status":"closed","template":"","meta":{"_acf_changed":false,"footnotes":""},"sujet":[],"class_list":["post-1190","page","type-page","status-publish","has-post-thumbnail","hentry"],"acf":[],"yoast_head":"<!-- This site is optimized with the Yoast SEO plugin v22.6 - https:\/\/yoast.com\/wordpress\/plugins\/seo\/ -->\n<title>G\u00fcnstiges Hotelzimmer f\u00fcr einen Aufenthalt an der Azurblaue K\u00fcste<\/title>\n<meta name=\"description\" content=\"Marina Hotel Club, das preisg\u00fcnstigste Hotel am Golf von Saint-Tropez. Ideale Zimmer f\u00fcr Urlaub und Veranstaltungen zu den besten Preisen an der Azurblaue K\u00fcste.\" \/>\n<meta name=\"robots\" content=\"index, follow, max-snippet:-1, max-image-preview:large, max-video-preview:-1\" \/>\n<link rel=\"canonical\" href=\"https:\/\/www.marinahotelclub.com\/de\/hotel-kurzurlaub-azur-kuste\/\" \/>\n<meta property=\"og:locale\" content=\"de_DE\" \/>\n<meta property=\"og:type\" content=\"article\" \/>\n<meta property=\"og:title\" content=\"G\u00fcnstiges Hotelzimmer f\u00fcr einen Aufenthalt an der Azurblaue K\u00fcste\" \/>\n<meta property=\"og:description\" content=\"Marina Hotel Club, das preisg\u00fcnstigste Hotel am Golf von Saint-Tropez. Ideale Zimmer f\u00fcr Urlaub und Veranstaltungen zu den besten Preisen an der Azurblaue K\u00fcste.\" \/>\n<meta property=\"og:url\" content=\"https:\/\/www.marinahotelclub.com\/de\/hotel-kurzurlaub-azur-kuste\/\" \/>\n<meta property=\"og:site_name\" content=\"H\u00f4tel Marina Paradise\" \/>\n<meta property=\"article:modified_time\" content=\"2024-04-23T13:34:44+00:00\" \/>\n<meta property=\"og:image\" content=\"https:\/\/www.marinahotelclub.com\/wp-content\/uploads\/2024\/04\/chambre-familiale-hotel-Cote-Azur.webp\" \/>\n\t<meta property=\"og:image:width\" content=\"2000\" \/>\n\t<meta property=\"og:image:height\" content=\"1333\" \/>\n\t<meta property=\"og:image:type\" content=\"image\/webp\" \/>\n<meta name=\"twitter:card\" content=\"summary_large_image\" \/>\n<meta name=\"twitter:label1\" content=\"Gesch\u00e4tzte Lesezeit\" \/>\n\t<meta name=\"twitter:data1\" content=\"1\u00a0Minute\" \/>\n<script type=\"application\/ld+json\" class=\"yoast-schema-graph\">{\"@context\":\"https:\/\/schema.org\",\"@graph\":[{\"@type\":\"WebPage\",\"@id\":\"https:\/\/www.marinahotelclub.com\/de\/hotel-kurzurlaub-azur-kuste\/\",\"url\":\"https:\/\/www.marinahotelclub.com\/de\/hotel-kurzurlaub-azur-kuste\/\",\"name\":\"G\u00fcnstiges Hotelzimmer f\u00fcr einen Aufenthalt an der Azurblaue K\u00fcste\",\"isPartOf\":{\"@id\":\"https:\/\/www.marinahotelclub.com\/de\/#website\"},\"primaryImageOfPage\":{\"@id\":\"https:\/\/www.marinahotelclub.com\/de\/hotel-kurzurlaub-azur-kuste\/#primaryimage\"},\"image\":{\"@id\":\"https:\/\/www.marinahotelclub.com\/de\/hotel-kurzurlaub-azur-kuste\/#primaryimage\"},\"thumbnailUrl\":\"https:\/\/www.marinahotelclub.com\/wp-content\/uploads\/2024\/04\/chambre-familiale-hotel-Cote-Azur.webp\",\"datePublished\":\"2024-04-17T14:24:16+00:00\",\"dateModified\":\"2024-04-23T13:34:44+00:00\",\"description\":\"Marina Hotel Club, das preisg\u00fcnstigste Hotel am Golf von Saint-Tropez. Ideale Zimmer f\u00fcr Urlaub und Veranstaltungen zu den besten Preisen an der Azurblaue K\u00fcste.\",\"breadcrumb\":{\"@id\":\"https:\/\/www.marinahotelclub.com\/de\/hotel-kurzurlaub-azur-kuste\/#breadcrumb\"},\"inLanguage\":\"de\",\"potentialAction\":[{\"@type\":\"ReadAction\",\"target\":[\"https:\/\/www.marinahotelclub.com\/de\/hotel-kurzurlaub-azur-kuste\/\"]}]},{\"@type\":\"ImageObject\",\"inLanguage\":\"de\",\"@id\":\"https:\/\/www.marinahotelclub.com\/de\/hotel-kurzurlaub-azur-kuste\/#primaryimage\",\"url\":\"https:\/\/www.marinahotelclub.com\/wp-content\/uploads\/2024\/04\/chambre-familiale-hotel-Cote-Azur.webp\",\"contentUrl\":\"https:\/\/www.marinahotelclub.com\/wp-content\/uploads\/2024\/04\/chambre-familiale-hotel-Cote-Azur.webp\",\"width\":2000,\"height\":1333},{\"@type\":\"BreadcrumbList\",\"@id\":\"https:\/\/www.marinahotelclub.com\/de\/hotel-kurzurlaub-azur-kuste\/#breadcrumb\",\"itemListElement\":[{\"@type\":\"ListItem\",\"position\":1,\"name\":\"Marina H\u00f4tel Club\",\"item\":\"https:\/\/www.marinahotelclub.com\/de\/\"},{\"@type\":\"ListItem\",\"position\":2,\"name\":\"Preise\"}]},{\"@type\":\"WebSite\",\"@id\":\"https:\/\/www.marinahotelclub.com\/de\/#website\",\"url\":\"https:\/\/www.marinahotelclub.com\/de\/\",\"name\":\"H\u00f4tel Marina Paradise\",\"description\":\"\",\"publisher\":{\"@id\":\"https:\/\/www.marinahotelclub.com\/de\/#organization\"},\"inLanguage\":\"de\"},{\"@type\":\"Organization\",\"@id\":\"https:\/\/www.marinahotelclub.com\/de\/#organization\",\"name\":\"H\u00f4tel Marina Paradise\",\"url\":\"https:\/\/www.marinahotelclub.com\/de\/\",\"logo\":{\"@type\":\"ImageObject\",\"inLanguage\":\"de\",\"@id\":\"https:\/\/www.marinahotelclub.com\/de\/#\/schema\/logo\/image\/\",\"url\":\"https:\/\/www.marinahotelclub.com\/wp-content\/uploads\/2024\/03\/logo-marina-hotel-club.webp\",\"contentUrl\":\"https:\/\/www.marinahotelclub.com\/wp-content\/uploads\/2024\/03\/logo-marina-hotel-club.webp\",\"width\":686,\"height\":421,\"caption\":\"H\u00f4tel Marina Paradise\"},\"image\":{\"@id\":\"https:\/\/www.marinahotelclub.com\/de\/#\/schema\/logo\/image\/\"}}]}<\/script>\n<!-- \/ Yoast SEO plugin. -->","yoast_head_json":{"title":"G\u00fcnstiges Hotelzimmer f\u00fcr einen Aufenthalt an der Azurblaue K\u00fcste","description":"Marina Hotel Club, das preisg\u00fcnstigste Hotel am Golf von Saint-Tropez. Ideale Zimmer f\u00fcr Urlaub und Veranstaltungen zu den besten Preisen an der Azurblaue K\u00fcste.","robots":{"index":"index","follow":"follow","max-snippet":"max-snippet:-1","max-image-preview":"max-image-preview:large","max-video-preview":"max-video-preview:-1"},"canonical":"https:\/\/www.marinahotelclub.com\/de\/hotel-kurzurlaub-azur-kuste\/","og_locale":"de_DE","og_type":"article","og_title":"G\u00fcnstiges Hotelzimmer f\u00fcr einen Aufenthalt an der Azurblaue K\u00fcste","og_description":"Marina Hotel Club, das preisg\u00fcnstigste Hotel am Golf von Saint-Tropez. Ideale Zimmer f\u00fcr Urlaub und Veranstaltungen zu den besten Preisen an der Azurblaue K\u00fcste.","og_url":"https:\/\/www.marinahotelclub.com\/de\/hotel-kurzurlaub-azur-kuste\/","og_site_name":"H\u00f4tel Marina Paradise","article_modified_time":"2024-04-23T13:34:44+00:00","og_image":[{"width":2000,"height":1333,"url":"https:\/\/www.marinahotelclub.com\/wp-content\/uploads\/2024\/04\/chambre-familiale-hotel-Cote-Azur.webp","type":"image\/webp"}],"twitter_card":"summary_large_image","twitter_misc":{"Gesch\u00e4tzte Lesezeit":"1\u00a0Minute"},"schema":{"@context":"https:\/\/schema.org","@graph":[{"@type":"WebPage","@id":"https:\/\/www.marinahotelclub.com\/de\/hotel-kurzurlaub-azur-kuste\/","url":"https:\/\/www.marinahotelclub.com\/de\/hotel-kurzurlaub-azur-kuste\/","name":"G\u00fcnstiges Hotelzimmer f\u00fcr einen Aufenthalt an der Azurblaue K\u00fcste","isPartOf":{"@id":"https:\/\/www.marinahotelclub.com\/de\/#website"},"primaryImageOfPage":{"@id":"https:\/\/www.marinahotelclub.com\/de\/hotel-kurzurlaub-azur-kuste\/#primaryimage"},"image":{"@id":"https:\/\/www.marinahotelclub.com\/de\/hotel-kurzurlaub-azur-kuste\/#primaryimage"},"thumbnailUrl":"https:\/\/www.marinahotelclub.com\/wp-content\/uploads\/2024\/04\/chambre-familiale-hotel-Cote-Azur.webp","datePublished":"2024-04-17T14:24:16+00:00","dateModified":"2024-04-23T13:34:44+00:00","description":"Marina Hotel Club, das preisg\u00fcnstigste Hotel am Golf von Saint-Tropez. Ideale Zimmer f\u00fcr Urlaub und Veranstaltungen zu den besten Preisen an der Azurblaue K\u00fcste.","breadcrumb":{"@id":"https:\/\/www.marinahotelclub.com\/de\/hotel-kurzurlaub-azur-kuste\/#breadcrumb"},"inLanguage":"de","potentialAction":[{"@type":"ReadAction","target":["https:\/\/www.marinahotelclub.com\/de\/hotel-kurzurlaub-azur-kuste\/"]}]},{"@type":"ImageObject","inLanguage":"de","@id":"https:\/\/www.marinahotelclub.com\/de\/hotel-kurzurlaub-azur-kuste\/#primaryimage","url":"https:\/\/www.marinahotelclub.com\/wp-content\/uploads\/2024\/04\/chambre-familiale-hotel-Cote-Azur.webp","contentUrl":"https:\/\/www.marinahotelclub.com\/wp-content\/uploads\/2024\/04\/chambre-familiale-hotel-Cote-Azur.webp","width":2000,"height":1333},{"@type":"BreadcrumbList","@id":"https:\/\/www.marinahotelclub.com\/de\/hotel-kurzurlaub-azur-kuste\/#breadcrumb","itemListElement":[{"@type":"ListItem","position":1,"name":"Marina H\u00f4tel Club","item":"https:\/\/www.marinahotelclub.com\/de\/"},{"@type":"ListItem","position":2,"name":"Preise"}]},{"@type":"WebSite","@id":"https:\/\/www.marinahotelclub.com\/de\/#website","url":"https:\/\/www.marinahotelclub.com\/de\/","name":"H\u00f4tel Marina Paradise","description":"","publisher":{"@id":"https:\/\/www.marinahotelclub.com\/de\/#organization"},"inLanguage":"de"},{"@type":"Organization","@id":"https:\/\/www.marinahotelclub.com\/de\/#organization","name":"H\u00f4tel Marina Paradise","url":"https:\/\/www.marinahotelclub.com\/de\/","logo":{"@type":"ImageObject","inLanguage":"de","@id":"https:\/\/www.marinahotelclub.com\/de\/#\/schema\/logo\/image\/","url":"https:\/\/www.marinahotelclub.com\/wp-content\/uploads\/2024\/03\/logo-marina-hotel-club.webp","contentUrl":"https:\/\/www.marinahotelclub.com\/wp-content\/uploads\/2024\/03\/logo-marina-hotel-club.webp","width":686,"height":421,"caption":"H\u00f4tel Marina Paradise"},"image":{"@id":"https:\/\/www.marinahotelclub.com\/de\/#\/schema\/logo\/image\/"}}]}},"_links":{"self":[{"href":"https:\/\/www.marinahotelclub.com\/de\/wp-json\/wp\/v2\/pages\/1190","targetHints":{"allow":["GET"]}}],"collection":[{"href":"https:\/\/www.marinahotelclub.com\/de\/wp-json\/wp\/v2\/pages"}],"about":[{"href":"https:\/\/www.marinahotelclub.com\/de\/wp-json\/wp\/v2\/types\/page"}],"author":[{"embeddable":true,"href":"https:\/\/www.marinahotelclub.com\/de\/wp-json\/wp\/v2\/users\/1"}],"replies":[{"embeddable":true,"href":"https:\/\/www.marinahotelclub.com\/de\/wp-json\/wp\/v2\/comments?post=1190"}],"version-history":[{"count":1,"href":"https:\/\/www.marinahotelclub.com\/de\/wp-json\/wp\/v2\/pages\/1190\/revisions"}],"predecessor-version":[{"id":1191,"href":"https:\/\/www.marinahotelclub.com\/de\/wp-json\/wp\/v2\/pages\/1190\/revisions\/1191"}],"wp:featuredmedia":[{"embeddable":true,"href":"https:\/\/www.marinahotelclub.com\/de\/wp-json\/wp\/v2\/media\/716"}],"wp:attachment":[{"href":"https:\/\/www.marinahotelclub.com\/de\/wp-json\/wp\/v2\/media?parent=1190"}],"wp:term":[{"taxonomy":"sujet","embeddable":true,"href":"https:\/\/www.marinahotelclub.com\/de\/wp-json\/wp\/v2\/sujet?post=1190"}],"curies":[{"name":"wp","href":"https:\/\/api.w.org\/{rel}","templated":true}]}}