{"id":1080,"date":"2024-03-28T14:48:03","date_gmt":"2024-03-28T13:48:03","guid":{"rendered":"https:\/\/www.marinahotelclub.com\/activities-french-riviera\/"},"modified":"2024-04-25T11:51:08","modified_gmt":"2024-04-25T09:51:08","slug":"activities-french-riviera","status":"publish","type":"page","link":"https:\/\/www.marinahotelclub.com\/en\/activities-french-riviera\/","title":{"rendered":"Activities around the hotel"},"content":{"rendered":"<section id=\"ls-section-block_dbac51ee607bf4dcf983099cebfabe80\" class=\"ls-section  home-first page-one\" >\r\n        <div class=\"container container--wide\">\r\n        \n\n<h1 class=\"ls__heading wp-block-heading has-text-align-center\">Things to do near the hotel on the French Riviera<\/h1>\n\n\n\n<div class=\"wp-block-columns are-vertically-aligned-center is-layout-flex wp-container-core-columns-is-layout-9d6595d7 wp-block-columns-is-layout-flex\">\n<div class=\"wp-block-column is-vertically-aligned-center is-layout-flow wp-block-column-is-layout-flow\" style=\"flex-basis:60%\">\n<figure class=\"wp-block-gallery has-nested-images columns-default is-cropped wp-block-gallery-1 is-layout-flex wp-block-gallery-is-layout-flex\">\n<figure class=\"wp-block-image size-full animated fadeIn slow\"><a href=\"https:\/\/www.marinahotelclub.com\/wp-content\/uploads\/2024\/04\/Saint-Tropez-entre-mer-montagne.webp\"><img decoding=\"async\" width=\"1920\" height=\"1200\" data-id=\"945\" src=\"https:\/\/www.marinahotelclub.com\/wp-content\/uploads\/2024\/04\/Saint-Tropez-entre-mer-montagne.webp\" alt=\"Saint-Tropez-entre-mer-montagne\" class=\"wp-image-945\" srcset=\"https:\/\/www.marinahotelclub.com\/wp-content\/uploads\/2024\/04\/Saint-Tropez-entre-mer-montagne.webp 1920w, https:\/\/www.marinahotelclub.com\/wp-content\/uploads\/2024\/04\/Saint-Tropez-entre-mer-montagne-300x188.webp 300w, https:\/\/www.marinahotelclub.com\/wp-content\/uploads\/2024\/04\/Saint-Tropez-entre-mer-montagne-1024x640.webp 1024w, https:\/\/www.marinahotelclub.com\/wp-content\/uploads\/2024\/04\/Saint-Tropez-entre-mer-montagne-768x480.webp 768w, https:\/\/www.marinahotelclub.com\/wp-content\/uploads\/2024\/04\/Saint-Tropez-entre-mer-montagne-1536x960.webp 1536w\" sizes=\"(max-width: 1920px) 100vw, 1920px\" \/><\/a><\/figure>\n\n\n\n<figure class=\"wp-block-image size-full animated fadeIn delay-200ms slow\"><a href=\"https:\/\/www.marinahotelclub.com\/wp-content\/uploads\/2024\/04\/randonnees-en-famille-cote-Azur.webp\"><img decoding=\"async\" width=\"1920\" height=\"1200\" data-id=\"951\" src=\"https:\/\/www.marinahotelclub.com\/wp-content\/uploads\/2024\/04\/randonnees-en-famille-cote-Azur.webp\" alt=\"family-hikes-on-the-french-riviera\" class=\"wp-image-951\" srcset=\"https:\/\/www.marinahotelclub.com\/wp-content\/uploads\/2024\/04\/randonnees-en-famille-cote-Azur.webp 1920w, https:\/\/www.marinahotelclub.com\/wp-content\/uploads\/2024\/04\/randonnees-en-famille-cote-Azur-300x188.webp 300w, https:\/\/www.marinahotelclub.com\/wp-content\/uploads\/2024\/04\/randonnees-en-famille-cote-Azur-1024x640.webp 1024w, https:\/\/www.marinahotelclub.com\/wp-content\/uploads\/2024\/04\/randonnees-en-famille-cote-Azur-768x480.webp 768w, https:\/\/www.marinahotelclub.com\/wp-content\/uploads\/2024\/04\/randonnees-en-famille-cote-Azur-1536x960.webp 1536w\" sizes=\"(max-width: 1920px) 100vw, 1920px\" \/><\/a><\/figure>\n<\/figure>\n<\/div>\n\n\n\n<div class=\"wp-block-column is-vertically-aligned-center is-layout-flow wp-block-column-is-layout-flow\" style=\"flex-basis:40%\">\n<h2 class=\"ls__heading wp-block-heading\">Hiking on the French Riviera<\/h2>\n\n\n\n<p class=\"ls-paragraph\">The <strong>Gulf of Saint-Tropez <\/strong>is famous for its breathtaking scenery. <strong>Hiking<\/strong> is one of the most popular sporting activities during a stay at a hotel near Saint-Tropez! On the coast, in the vineyards or in the heart of the Massif des Maures, itineraries for<strong> all levels<\/strong> await you.<\/p>\n\n\n\n<p class=\"ls-paragraph\">Ready for a <strong>half-day outing?<\/strong> Take the <strong>sentier des cr\u00eates loop<\/strong> from Cogolin for a magnificent hike in the Maures forest. In Grimaud, the &#8221; <strong>sentier des F\u00e9es <\/strong>&#8221; is a must-do family walk along the La Garde river. On the gulf, don&#8217;t miss the coastal path, which offers some of the finest views of the Mediterranean from beach to beach.<\/p>\n<\/div>\n<\/div>\n\n\r\n    <\/div>\r\n<\/section><section id=\"ls-section-block_07444191fad89eceed37aa14c0684c71\" class=\"ls-section  home-fourth page-three has-background-image has-parallax\" >\r\n    <div class=\"ls-section__background-image opacity-90\"><img decoding=\"async\" src=\"https:\/\/www.marinahotelclub.com\/wp-content\/uploads\/2024\/04\/chateau-Grimaud-Cote-Azur.webp\" alt=\"\"><\/div>    <div class=\"container container--wide\">\r\n        \n\n<h2 class=\"ls__heading wp-block-heading\">Castle near the hotel<\/h2>\n\n\n\n<div class=\"wp-block-columns is-layout-flex wp-container-core-columns-is-layout-9d6595d7 wp-block-columns-is-layout-flex\">\n<div class=\"wp-block-column is-layout-flow wp-block-column-is-layout-flow\">\n<p class=\"ls-paragraph\">The French Riviera is marked by a <strong>tumultuous history<\/strong>, and there are many <strong>relics of the past to visit<\/strong>.<\/p>\n\n\n\n<p class=\"ls-paragraph\">The <strong>citadel of Saint-Tropez<\/strong> is a must-see, as is the <strong>Ch\u00e2teau de la Napoule in Mandelieu<\/strong>, an ancient medieval fortress with red stone towers. Discover the remains of the <strong>Ch\u00e2teau de Grimaud<\/strong>, the <strong>Ch\u00e2teau de Roquebrune<\/strong> and its panoramic views, or the <strong>Ch\u00e2teau Mus\u00e9e Grimaldi <\/strong>in Cagnes-sur-Mer.<\/p>\n<\/div>\n\n\n\n<div class=\"wp-block-column is-layout-flow wp-block-column-is-layout-flow\">\n<p class=\"ls-paragraph\">The ch\u00e2teaux of the Var also include<strong> many wine estates:<\/strong> at Ch\u00e2teau de Cr\u00e9mat, Bastidon, Garcini\u00e8res, Bellet or Ch\u00e2teau de Br\u00e9gan\u00e7on, combine architectural interest with culinary pleasure!<\/p>\n<\/div>\n<\/div>\n\n\r\n    <\/div>\r\n<\/section><section id=\"ls-section-block_6b4b5bc3b7f624e3b1c89f38a967804a\" class=\"ls-section  home-second page-two\" >\r\n        <div class=\"container container--wide\">\r\n        \n\n<div class=\"wp-block-columns are-vertically-aligned-center is-layout-flex wp-container-core-columns-is-layout-9d6595d7 wp-block-columns-is-layout-flex\">\n<div class=\"wp-block-column is-vertically-aligned-center is-layout-flow wp-block-column-is-layout-flow\" style=\"flex-basis:40%\">\n<h2 class=\"ls__heading wp-block-heading\">Markets on the French Riviera<\/h2>\n\n\n\n<p class=\"ls-paragraph\">On a <a href=\"https:\/\/www.marinahotelclub.com\/en\/\">hotel vacationnear Saint-Tropez<\/a>, discover the<strong> finest markets on the French Riviera <\/strong>and stock up on <strong>local produce!<\/strong> At the Marina H\u00f4tel Club, you&#8217;ll be ideally located if you like to stroll between the stalls and enjoy the<strong>bustle of the Provencal markets<\/strong>.<\/p>\n\n\n\n<p class=\"ls-paragraph\">Each of these Proven\u00e7al markets has unique attractions that captivate the senses and offer visitors an authentic and memorable experience of the region:<\/p>\n\n\n\r\n<div class=\"ls-lire-plus\">\r\n    <input id=\"ls-lire-plus-block_41bc1328c871e20074cbd9ae6f1ab54c69d04073e00a4\" type=\"checkbox\" class=\"ls-lire-plus__toggle\"  \/>\r\n    <label for=\"ls-lire-plus-block_41bc1328c871e20074cbd9ae6f1ab54c69d04073e00a4\" class=\"ls-lire-plus__toggle-label\">\r\n        <span>Read more<\/span>\r\n        <span>Read less<\/span>\r\n    <\/label>\r\n    <div class=\"ls-lire-plus__content\">\r\n        \n\n<ul class=\"ls-list wp-block-list\">\n<li><strong>Port Grimaud market:<\/strong> fresh local produce, regional specialties and a selection of Provencal crafts.<\/li>\n<\/ul>\n\n\n\n<ul class=\"ls-list wp-block-list\">\n<li><strong>March\u00e9 de Cogolin:<\/strong> The Cogolin market is renowned for its authenticity and the quality of its produce. It is particularly well known for its local crafts, including Cogolin pipes and tapestries, offering a unique cultural touch. Local products such as honey, olives and cheeses are also featured.<\/li>\n<\/ul>\n\n\n\n<ul class=\"ls-list wp-block-list\">\n<li><strong>March\u00e9 de Saint-Tropez: <\/strong>This market is the place to go for fashion and art.  <\/li>\n<\/ul>\n\n\n\n<ul class=\"ls-list wp-block-list\">\n<li><strong>March\u00e9 de Sainte-Maxime: <\/strong>This market charms with its friendly atmosphere and diversity of products. From local gastronomy to Provence wines and fresh seafood, it&#8217;s a celebration of Mediterranean flavors. It also offers the opportunity to taste typical dishes in an enchanting setting.<\/li>\n<\/ul>\n\n\n\n<ul class=\"ls-list wp-block-list\">\n<li><strong>March\u00e9 des Issambres: <\/strong>The market at Les Issambres has a more intimate atmosphere and is located right along the coast. It&#8217;s the ideal place to discover incomparably fresh seafood and seasonal fruit and vegetables. This market is a peaceful stopover, perfect for those looking to avoid the hustle and bustle of the big markets while enjoying the sea breeze.<\/li>\n<\/ul>\n\n        <div class=\"ls-lire-plus__gradient\" style=\"background: linear-gradient(to bottom,rgba(10,10,10,0) 0%,rgba(10,10,10,1) 100%);\"><\/div>\r\n    <\/div>\r\n<\/div><\/div>\n\n\n\n<div class=\"wp-block-column is-vertically-aligned-center is-layout-flow wp-block-column-is-layout-flow\" style=\"flex-basis:60%\">\n<figure class=\"wp-block-gallery has-nested-images columns-default is-cropped animated fadeInRight slow wp-block-gallery-2 is-layout-flex wp-block-gallery-is-layout-flex\">\n<figure class=\"wp-block-image size-full\"><a href=\"https:\/\/www.marinahotelclub.com\/wp-content\/uploads\/2024\/04\/poterie-artisanat-Provence.webp\"><img decoding=\"async\" width=\"1920\" height=\"1200\" data-id=\"961\" src=\"https:\/\/www.marinahotelclub.com\/wp-content\/uploads\/2024\/04\/poterie-artisanat-Provence.webp\" alt=\"pottery-crafts-Provence\" class=\"wp-image-961\" srcset=\"https:\/\/www.marinahotelclub.com\/wp-content\/uploads\/2024\/04\/poterie-artisanat-Provence.webp 1920w, https:\/\/www.marinahotelclub.com\/wp-content\/uploads\/2024\/04\/poterie-artisanat-Provence-300x188.webp 300w, https:\/\/www.marinahotelclub.com\/wp-content\/uploads\/2024\/04\/poterie-artisanat-Provence-1024x640.webp 1024w, https:\/\/www.marinahotelclub.com\/wp-content\/uploads\/2024\/04\/poterie-artisanat-Provence-768x480.webp 768w, https:\/\/www.marinahotelclub.com\/wp-content\/uploads\/2024\/04\/poterie-artisanat-Provence-1536x960.webp 1536w\" sizes=\"(max-width: 1920px) 100vw, 1920px\" \/><\/a><\/figure>\n<\/figure>\n<\/div>\n<\/div>\n\n\r\n    <\/div>\r\n<\/section><section id=\"ls-section-block_6aeaa225ae30d98e2a1c74f7cf2de256\" class=\"ls-section  page-cta\" >\r\n        <div class=\"container container--wide\">\r\n        \n\r\n<div id=\"ls-heading ls-titre-div-block_fca2f3bc0f181e3893f28adbe7a7f750\" class=\"ls-titre-div aligncenter h2-like\" >\r\n    Discover cities near the hotel<\/div>\r\n\n\n<div id=\"ls-maillage-block_c5a75b076ff4858c7b41ae9e9002d225\" class=\"ls-maillage cta-style-normal\" data-rows=\"3\">\r\n    <div class=\"wp-block-columns\"><div class=\"wp-block-column\">\r\n\r\n<a href=\"https:\/\/www.marinahotelclub.com\/en\/hotel-grimaud\/\" target=\"\" rel=\"noopener\" class=\"ls-cta__link\" data-categ=\"\">\r\n\t<div class=\"ls-cta__image\"><img decoding=\"async\" src=\"https:\/\/www.marinahotelclub.com\/wp-content\/uploads\/2024\/03\/grimaud-marina-hotel-club-scaled.webp\" alt=\"\"><\/div>\r\n\t<div class=\"ls-cta__title\">\r\n\t\tGrimaud\t<\/div>\r\n\r\n\t<\/a><\/div><div class=\"wp-block-column\">\r\n\r\n<a href=\"https:\/\/www.marinahotelclub.com\/en\/tourism-saint-tropez\/\" target=\"\" rel=\"noopener\" class=\"ls-cta__link\" data-categ=\"\">\r\n\t<div class=\"ls-cta__image\"><img decoding=\"async\" src=\"https:\/\/www.marinahotelclub.com\/wp-content\/uploads\/2024\/03\/st-tropez-marina-hotel-club.webp\" alt=\"\"><\/div>\r\n\t<div class=\"ls-cta__title\">\r\n\t\tSaint-Tropez\t<\/div>\r\n\r\n\t<\/a><\/div><div class=\"wp-block-column\">\r\n\r\n<a href=\"https:\/\/www.marinahotelclub.com\/en\/hotel-sainte-maxime\/\" target=\"\" rel=\"noopener\" class=\"ls-cta__link\" data-categ=\"\">\r\n\t<div class=\"ls-cta__image\"><img decoding=\"async\" src=\"https:\/\/www.marinahotelclub.com\/wp-content\/uploads\/2024\/04\/port-Sainte-Maxime.webp\" alt=\"Sainte-Maxime\"><\/div>\r\n\t<div class=\"ls-cta__title\">\r\n\t\tSainte-Maxime\t<\/div>\r\n\r\n\t<\/a><\/div><\/div><\/div>\n\r\n    <\/div>\r\n<\/section>","protected":false},"excerpt":{"rendered":"","protected":false},"author":1,"featured_media":968,"parent":0,"menu_order":0,"comment_status":"closed","ping_status":"closed","template":"","meta":{"_acf_changed":false,"footnotes":""},"sujet":[],"class_list":["post-1080","page","type-page","status-publish","has-post-thumbnail","hentry"],"acf":[],"yoast_head":"<!-- This site is optimized with the Yoast SEO plugin v22.6 - https:\/\/yoast.com\/wordpress\/plugins\/seo\/ -->\n<title>Must-see activities and sightseeing on the French Riviera<\/title>\n<meta name=\"description\" content=\"Go hiking, visit castles and markets near your French Riviera hotel for a holiday rich in adventure and local discovery.\" \/>\n<meta name=\"robots\" content=\"index, follow, max-snippet:-1, max-image-preview:large, max-video-preview:-1\" \/>\n<link rel=\"canonical\" href=\"https:\/\/www.marinahotelclub.com\/en\/activities-french-riviera\/\" \/>\n<meta property=\"og:locale\" content=\"en_US\" \/>\n<meta property=\"og:type\" content=\"article\" \/>\n<meta property=\"og:title\" content=\"Must-see activities and sightseeing on the French Riviera\" \/>\n<meta property=\"og:description\" content=\"Go hiking, visit castles and markets near your French Riviera hotel for a holiday rich in adventure and local discovery.\" \/>\n<meta property=\"og:url\" content=\"https:\/\/www.marinahotelclub.com\/en\/activities-french-riviera\/\" \/>\n<meta property=\"og:site_name\" content=\"H\u00f4tel Marina Paradise\" \/>\n<meta property=\"article:modified_time\" content=\"2024-04-25T09:51:08+00:00\" \/>\n<meta property=\"og:image\" content=\"https:\/\/www.marinahotelclub.com\/wp-content\/uploads\/2024\/04\/plage-de-lEscalet-Ramatuelle-Cote-Azur.webp\" \/>\n\t<meta property=\"og:image:width\" content=\"2000\" \/>\n\t<meta property=\"og:image:height\" content=\"1125\" \/>\n\t<meta property=\"og:image:type\" content=\"image\/webp\" \/>\n<meta name=\"twitter:card\" content=\"summary_large_image\" \/>\n<meta name=\"twitter:label1\" content=\"Est. reading time\" \/>\n\t<meta name=\"twitter:data1\" content=\"2 minutes\" \/>\n<script type=\"application\/ld+json\" class=\"yoast-schema-graph\">{\"@context\":\"https:\/\/schema.org\",\"@graph\":[{\"@type\":\"WebPage\",\"@id\":\"https:\/\/www.marinahotelclub.com\/en\/activities-french-riviera\/\",\"url\":\"https:\/\/www.marinahotelclub.com\/en\/activities-french-riviera\/\",\"name\":\"Must-see activities and sightseeing on the French Riviera\",\"isPartOf\":{\"@id\":\"https:\/\/www.marinahotelclub.com\/en\/#website\"},\"primaryImageOfPage\":{\"@id\":\"https:\/\/www.marinahotelclub.com\/en\/activities-french-riviera\/#primaryimage\"},\"image\":{\"@id\":\"https:\/\/www.marinahotelclub.com\/en\/activities-french-riviera\/#primaryimage\"},\"thumbnailUrl\":\"https:\/\/www.marinahotelclub.com\/wp-content\/uploads\/2024\/04\/plage-de-lEscalet-Ramatuelle-Cote-Azur.webp\",\"datePublished\":\"2024-03-28T13:48:03+00:00\",\"dateModified\":\"2024-04-25T09:51:08+00:00\",\"description\":\"Go hiking, visit castles and markets near your French Riviera hotel for a holiday rich in adventure and local discovery.\",\"breadcrumb\":{\"@id\":\"https:\/\/www.marinahotelclub.com\/en\/activities-french-riviera\/#breadcrumb\"},\"inLanguage\":\"en-US\",\"potentialAction\":[{\"@type\":\"ReadAction\",\"target\":[\"https:\/\/www.marinahotelclub.com\/en\/activities-french-riviera\/\"]}]},{\"@type\":\"ImageObject\",\"inLanguage\":\"en-US\",\"@id\":\"https:\/\/www.marinahotelclub.com\/en\/activities-french-riviera\/#primaryimage\",\"url\":\"https:\/\/www.marinahotelclub.com\/wp-content\/uploads\/2024\/04\/plage-de-lEscalet-Ramatuelle-Cote-Azur.webp\",\"contentUrl\":\"https:\/\/www.marinahotelclub.com\/wp-content\/uploads\/2024\/04\/plage-de-lEscalet-Ramatuelle-Cote-Azur.webp\",\"width\":2000,\"height\":1125},{\"@type\":\"BreadcrumbList\",\"@id\":\"https:\/\/www.marinahotelclub.com\/en\/activities-french-riviera\/#breadcrumb\",\"itemListElement\":[{\"@type\":\"ListItem\",\"position\":1,\"name\":\"Marina H\u00f4tel Club\",\"item\":\"https:\/\/www.marinahotelclub.com\/en\/\"},{\"@type\":\"ListItem\",\"position\":2,\"name\":\"Activities and visits\"}]},{\"@type\":\"WebSite\",\"@id\":\"https:\/\/www.marinahotelclub.com\/en\/#website\",\"url\":\"https:\/\/www.marinahotelclub.com\/en\/\",\"name\":\"H\u00f4tel Marina Paradise\",\"description\":\"\",\"publisher\":{\"@id\":\"https:\/\/www.marinahotelclub.com\/en\/#organization\"},\"inLanguage\":\"en-US\"},{\"@type\":\"Organization\",\"@id\":\"https:\/\/www.marinahotelclub.com\/en\/#organization\",\"name\":\"H\u00f4tel Marina Paradise\",\"url\":\"https:\/\/www.marinahotelclub.com\/en\/\",\"logo\":{\"@type\":\"ImageObject\",\"inLanguage\":\"en-US\",\"@id\":\"https:\/\/www.marinahotelclub.com\/en\/#\/schema\/logo\/image\/\",\"url\":\"https:\/\/www.marinahotelclub.com\/wp-content\/uploads\/2024\/03\/logo-marina-hotel-club.webp\",\"contentUrl\":\"https:\/\/www.marinahotelclub.com\/wp-content\/uploads\/2024\/03\/logo-marina-hotel-club.webp\",\"width\":686,\"height\":421,\"caption\":\"H\u00f4tel Marina Paradise\"},\"image\":{\"@id\":\"https:\/\/www.marinahotelclub.com\/en\/#\/schema\/logo\/image\/\"}}]}<\/script>\n<!-- \/ Yoast SEO plugin. -->","yoast_head_json":{"title":"Must-see activities and sightseeing on the French Riviera","description":"Go hiking, visit castles and markets near your French Riviera hotel for a holiday rich in adventure and local discovery.","robots":{"index":"index","follow":"follow","max-snippet":"max-snippet:-1","max-image-preview":"max-image-preview:large","max-video-preview":"max-video-preview:-1"},"canonical":"https:\/\/www.marinahotelclub.com\/en\/activities-french-riviera\/","og_locale":"en_US","og_type":"article","og_title":"Must-see activities and sightseeing on the French Riviera","og_description":"Go hiking, visit castles and markets near your French Riviera hotel for a holiday rich in adventure and local discovery.","og_url":"https:\/\/www.marinahotelclub.com\/en\/activities-french-riviera\/","og_site_name":"H\u00f4tel Marina Paradise","article_modified_time":"2024-04-25T09:51:08+00:00","og_image":[{"width":2000,"height":1125,"url":"https:\/\/www.marinahotelclub.com\/wp-content\/uploads\/2024\/04\/plage-de-lEscalet-Ramatuelle-Cote-Azur.webp","type":"image\/webp"}],"twitter_card":"summary_large_image","twitter_misc":{"Est. reading time":"2 minutes"},"schema":{"@context":"https:\/\/schema.org","@graph":[{"@type":"WebPage","@id":"https:\/\/www.marinahotelclub.com\/en\/activities-french-riviera\/","url":"https:\/\/www.marinahotelclub.com\/en\/activities-french-riviera\/","name":"Must-see activities and sightseeing on the French Riviera","isPartOf":{"@id":"https:\/\/www.marinahotelclub.com\/en\/#website"},"primaryImageOfPage":{"@id":"https:\/\/www.marinahotelclub.com\/en\/activities-french-riviera\/#primaryimage"},"image":{"@id":"https:\/\/www.marinahotelclub.com\/en\/activities-french-riviera\/#primaryimage"},"thumbnailUrl":"https:\/\/www.marinahotelclub.com\/wp-content\/uploads\/2024\/04\/plage-de-lEscalet-Ramatuelle-Cote-Azur.webp","datePublished":"2024-03-28T13:48:03+00:00","dateModified":"2024-04-25T09:51:08+00:00","description":"Go hiking, visit castles and markets near your French Riviera hotel for a holiday rich in adventure and local discovery.","breadcrumb":{"@id":"https:\/\/www.marinahotelclub.com\/en\/activities-french-riviera\/#breadcrumb"},"inLanguage":"en-US","potentialAction":[{"@type":"ReadAction","target":["https:\/\/www.marinahotelclub.com\/en\/activities-french-riviera\/"]}]},{"@type":"ImageObject","inLanguage":"en-US","@id":"https:\/\/www.marinahotelclub.com\/en\/activities-french-riviera\/#primaryimage","url":"https:\/\/www.marinahotelclub.com\/wp-content\/uploads\/2024\/04\/plage-de-lEscalet-Ramatuelle-Cote-Azur.webp","contentUrl":"https:\/\/www.marinahotelclub.com\/wp-content\/uploads\/2024\/04\/plage-de-lEscalet-Ramatuelle-Cote-Azur.webp","width":2000,"height":1125},{"@type":"BreadcrumbList","@id":"https:\/\/www.marinahotelclub.com\/en\/activities-french-riviera\/#breadcrumb","itemListElement":[{"@type":"ListItem","position":1,"name":"Marina H\u00f4tel Club","item":"https:\/\/www.marinahotelclub.com\/en\/"},{"@type":"ListItem","position":2,"name":"Activities and visits"}]},{"@type":"WebSite","@id":"https:\/\/www.marinahotelclub.com\/en\/#website","url":"https:\/\/www.marinahotelclub.com\/en\/","name":"H\u00f4tel Marina Paradise","description":"","publisher":{"@id":"https:\/\/www.marinahotelclub.com\/en\/#organization"},"inLanguage":"en-US"},{"@type":"Organization","@id":"https:\/\/www.marinahotelclub.com\/en\/#organization","name":"H\u00f4tel Marina Paradise","url":"https:\/\/www.marinahotelclub.com\/en\/","logo":{"@type":"ImageObject","inLanguage":"en-US","@id":"https:\/\/www.marinahotelclub.com\/en\/#\/schema\/logo\/image\/","url":"https:\/\/www.marinahotelclub.com\/wp-content\/uploads\/2024\/03\/logo-marina-hotel-club.webp","contentUrl":"https:\/\/www.marinahotelclub.com\/wp-content\/uploads\/2024\/03\/logo-marina-hotel-club.webp","width":686,"height":421,"caption":"H\u00f4tel Marina Paradise"},"image":{"@id":"https:\/\/www.marinahotelclub.com\/en\/#\/schema\/logo\/image\/"}}]}},"_links":{"self":[{"href":"https:\/\/www.marinahotelclub.com\/en\/wp-json\/wp\/v2\/pages\/1080","targetHints":{"allow":["GET"]}}],"collection":[{"href":"https:\/\/www.marinahotelclub.com\/en\/wp-json\/wp\/v2\/pages"}],"about":[{"href":"https:\/\/www.marinahotelclub.com\/en\/wp-json\/wp\/v2\/types\/page"}],"author":[{"embeddable":true,"href":"https:\/\/www.marinahotelclub.com\/en\/wp-json\/wp\/v2\/users\/1"}],"replies":[{"embeddable":true,"href":"https:\/\/www.marinahotelclub.com\/en\/wp-json\/wp\/v2\/comments?post=1080"}],"version-history":[{"count":4,"href":"https:\/\/www.marinahotelclub.com\/en\/wp-json\/wp\/v2\/pages\/1080\/revisions"}],"predecessor-version":[{"id":1437,"href":"https:\/\/www.marinahotelclub.com\/en\/wp-json\/wp\/v2\/pages\/1080\/revisions\/1437"}],"wp:featuredmedia":[{"embeddable":true,"href":"https:\/\/www.marinahotelclub.com\/en\/wp-json\/wp\/v2\/media\/968"}],"wp:attachment":[{"href":"https:\/\/www.marinahotelclub.com\/en\/wp-json\/wp\/v2\/media?parent=1080"}],"wp:term":[{"taxonomy":"sujet","embeddable":true,"href":"https:\/\/www.marinahotelclub.com\/en\/wp-json\/wp\/v2\/sujet?post=1080"}],"curies":[{"name":"wp","href":"https:\/\/api.w.org\/{rel}","templated":true}]}}