{"id":1096,"date":"2024-04-17T16:24:15","date_gmt":"2024-04-17T14:24:15","guid":{"rendered":"https:\/\/www.marinahotelclub.com\/hotel-animazione-saint-tropez\/"},"modified":"2024-04-25T11:49:33","modified_gmt":"2024-04-25T09:49:33","slug":"hotel-animazione-saint-tropez","status":"publish","type":"page","link":"https:\/\/www.marinahotelclub.com\/it\/hotel-animazione-saint-tropez\/","title":{"rendered":"Attivit\u00e0 e intrattenimento"},"content":{"rendered":"<section id=\"kids-club\" class=\"ls-section  home-first page-one\" >\r\n        <div class=\"container container--wide\">\r\n        \n\n<h1 class=\"ls__heading wp-block-heading has-text-align-center\">Intrattenimento in hotel in Riviera francese<\/h1>\n\n\n\n<div class=\"wp-block-columns are-vertically-aligned-center is-layout-flex wp-container-core-columns-is-layout-9d6595d7 wp-block-columns-is-layout-flex\">\n<div class=\"wp-block-column is-vertically-aligned-center is-layout-flow wp-block-column-is-layout-flow\" style=\"flex-basis:60%\">\n<figure class=\"wp-block-gallery has-nested-images columns-default is-cropped wp-block-gallery-1 is-layout-flex wp-block-gallery-is-layout-flex\">\n<figure class=\"wp-block-image size-full animated fadeIn slow\"><a href=\"https:\/\/www.marinahotelclub.com\/wp-content\/uploads\/2024\/04\/aire-jeux-camping-hotel-Cote-Azur.webp\"><img decoding=\"async\" width=\"2000\" height=\"1334\" data-id=\"734\" src=\"https:\/\/www.marinahotelclub.com\/wp-content\/uploads\/2024\/04\/aire-jeux-camping-hotel-Cote-Azur.webp\" alt=\"aire-jeux-camping-hotel-Cote-Azur\" class=\"wp-image-734\" srcset=\"https:\/\/www.marinahotelclub.com\/wp-content\/uploads\/2024\/04\/aire-jeux-camping-hotel-Cote-Azur.webp 2000w, https:\/\/www.marinahotelclub.com\/wp-content\/uploads\/2024\/04\/aire-jeux-camping-hotel-Cote-Azur-300x200.webp 300w, https:\/\/www.marinahotelclub.com\/wp-content\/uploads\/2024\/04\/aire-jeux-camping-hotel-Cote-Azur-1024x683.webp 1024w, https:\/\/www.marinahotelclub.com\/wp-content\/uploads\/2024\/04\/aire-jeux-camping-hotel-Cote-Azur-768x512.webp 768w, https:\/\/www.marinahotelclub.com\/wp-content\/uploads\/2024\/04\/aire-jeux-camping-hotel-Cote-Azur-1536x1025.webp 1536w\" sizes=\"(max-width: 2000px) 100vw, 2000px\" \/><\/a><\/figure>\n\n\n\n<figure class=\"wp-block-image size-full animated fadeIn delay-200ms slow\"><a href=\"https:\/\/www.marinahotelclub.com\/wp-content\/uploads\/2024\/04\/enfants-peinture-activites-creatives.webp\"><img decoding=\"async\" width=\"1500\" height=\"938\" data-id=\"1406\" src=\"https:\/\/www.marinahotelclub.com\/wp-content\/uploads\/2024\/04\/enfants-peinture-activites-creatives.webp\" alt=\"bambini-pittura-attivit&#xE0; creative\" class=\"wp-image-1406\" srcset=\"https:\/\/www.marinahotelclub.com\/wp-content\/uploads\/2024\/04\/enfants-peinture-activites-creatives.webp 1500w, https:\/\/www.marinahotelclub.com\/wp-content\/uploads\/2024\/04\/enfants-peinture-activites-creatives-300x188.webp 300w, https:\/\/www.marinahotelclub.com\/wp-content\/uploads\/2024\/04\/enfants-peinture-activites-creatives-1024x640.webp 1024w, https:\/\/www.marinahotelclub.com\/wp-content\/uploads\/2024\/04\/enfants-peinture-activites-creatives-768x480.webp 768w\" sizes=\"(max-width: 1500px) 100vw, 1500px\" \/><\/a><\/figure>\n<\/figure>\n<\/div>\n\n\n\n<div class=\"wp-block-column is-vertically-aligned-center is-layout-flow wp-block-column-is-layout-flow\" style=\"flex-basis:40%\">\n<h2 class=\"ls__heading wp-block-heading\"><strong>Kids club<\/strong>, creativit\u00e0 e divertimento per i tuoi bambini<\/h2>\n\n\n\n<p class=\"ls-paragraph\">Soggiorni a Saint-Tropez con la tua famiglia? Affidando i tuoi figli al team di animazione del tuo <a href=\"https:\/\/www.marinahotelclub.com\/it\/\">hotel in Riviera francese<\/a>, potrai trascorrere del tempo insieme con la certezza che i tuoi figli si divertiranno molto.<\/p>\n\n\n\n<p class=\"ls-paragraph\">Non rinunciare al comfort di un hotel solo perch\u00e9 sei alla ricerca di una destinazione turistica con intrattenimento! Al Marina H\u00f4tel Club, il <strong>Kids Club <\/strong>si occupa dei pi\u00f9 piccoli e il<strong> Teens Club<\/strong> dei pi\u00f9 grandi.<\/p>\n<\/div>\n<\/div>\n\n\r\n    <\/div>\r\n<\/section><section id=\"animations-familiales\" class=\"ls-section  home-second page-two\" >\r\n        <div class=\"container container--wide\">\r\n        \n\n<div class=\"wp-block-columns are-vertically-aligned-center is-layout-flex wp-container-core-columns-is-layout-9d6595d7 wp-block-columns-is-layout-flex\">\n<div class=\"wp-block-column is-vertically-aligned-center is-layout-flow wp-block-column-is-layout-flow\" style=\"flex-basis:40%\">\n<h2 class=\"ls__heading wp-block-heading\">Animazione per famiglie in hotel a Saint-Tropez<\/h2>\n\n\n\n<p class=\"ls-paragraph\">Nel tuo hotel club a Saint-Tropez potrai godere del comfort e dei <strong>servizi<\/strong> che ti aspetti da un hotel, con l&#8217;<strong>intrattenimento<\/strong> e le strutture che ti aspetti da un campeggio.<\/p>\n\n\n\n<p class=\"ls-paragraph\">La sera o durante il giorno, approfitta dell&#8217;<strong> intrattenimento sportivo<\/strong> offerto dal nostro team e di un&#8217;ampia scelta di attivit\u00e0 da scoprire in loco. <strong>Concerti, spettacoli<\/strong>&#8230; Prenota la tua camera in un hotel con<strong> intrattenimento per adulti <\/strong>in Riviera francese!<\/p>\n<\/div>\n\n\n\n<div class=\"wp-block-column is-vertically-aligned-center is-layout-flow wp-block-column-is-layout-flow\" style=\"flex-basis:60%\">\n<figure class=\"wp-block-gallery has-nested-images columns-default is-cropped animated fadeInRight slow wp-block-gallery-2 is-layout-flex wp-block-gallery-is-layout-flex\">\n<figure class=\"wp-block-image size-full\"><a href=\"https:\/\/www.marinahotelclub.com\/wp-content\/uploads\/2024\/04\/soirees-animationsfamiliales-hotel-Saint_tropez-Cote-Azur.webp\"><img decoding=\"async\" width=\"1440\" height=\"1440\" data-id=\"724\" src=\"https:\/\/www.marinahotelclub.com\/wp-content\/uploads\/2024\/04\/soirees-animationsfamiliales-hotel-Saint_tropez-Cote-Azur.webp\" alt=\"serate-famiglia-intrattenimenti-hotel-Saint_tropez-Cote-Azur\" class=\"wp-image-724\" srcset=\"https:\/\/www.marinahotelclub.com\/wp-content\/uploads\/2024\/04\/soirees-animationsfamiliales-hotel-Saint_tropez-Cote-Azur.webp 1440w, https:\/\/www.marinahotelclub.com\/wp-content\/uploads\/2024\/04\/soirees-animationsfamiliales-hotel-Saint_tropez-Cote-Azur-300x300.webp 300w, https:\/\/www.marinahotelclub.com\/wp-content\/uploads\/2024\/04\/soirees-animationsfamiliales-hotel-Saint_tropez-Cote-Azur-1024x1024.webp 1024w, https:\/\/www.marinahotelclub.com\/wp-content\/uploads\/2024\/04\/soirees-animationsfamiliales-hotel-Saint_tropez-Cote-Azur-150x150.webp 150w, https:\/\/www.marinahotelclub.com\/wp-content\/uploads\/2024\/04\/soirees-animationsfamiliales-hotel-Saint_tropez-Cote-Azur-768x768.webp 768w\" sizes=\"(max-width: 1440px) 100vw, 1440px\" \/><\/a><\/figure>\n<\/figure>\n<\/div>\n<\/div>\n\n\r\n    <\/div>\r\n<\/section><section id=\"ls-section-block_5271de82add1577d91a4a9684ef67ecb\" class=\"ls-section  home-fourth page-three has-background-image has-parallax\" >\r\n    <div class=\"ls-section__background-image opacity-90\"><img decoding=\"async\" src=\"https:\/\/www.marinahotelclub.com\/wp-content\/uploads\/2024\/04\/structure-gonflable-jeux-anfants-cote-azur.webp\" alt=\"\"><\/div>    <div class=\"container container--wide\">\r\n        \n\n<h2 class=\"ls__heading wp-block-heading\">Area giochi per bambini con strutture gonfiabili<\/h2>\n\n\n\n<div class=\"wp-block-columns is-layout-flex wp-container-core-columns-is-layout-9d6595d7 wp-block-columns-is-layout-flex\">\n<div class=\"wp-block-column is-layout-flow wp-block-column-is-layout-flow\">\n<p class=\"ls-paragraph\">Stai soggiornando in Costa Azzurra in bassa stagione, ma temi che un soggiorno in hotel possa essere un po&#8217; noioso per i tuoi bambini? Al Marina H\u00f4tel Club, un complesso di intrattenimento a Saint-Tropez, le attivit\u00e0 non mancano!<\/p>\n<\/div>\n\n\n\n<div class=\"wp-block-column is-layout-flow wp-block-column-is-layout-flow\">\n<p class=\"ls-paragraph\">C&#8217;\u00e8 un&#8217;<strong>area giochi <\/strong>completa con<strong> gonfiabili<\/strong> e <strong>scivoli, quindi<\/strong> il divertimento \u00e8 assicurato!<\/p>\n<\/div>\n<\/div>\n\n\r\n    <\/div>\r\n<\/section><section id=\"sport\" class=\"ls-section  home-first page-one\" >\r\n        <div class=\"container container--wide\">\r\n        \n\n<div class=\"wp-block-columns are-vertically-aligned-center is-layout-flex wp-container-core-columns-is-layout-9d6595d7 wp-block-columns-is-layout-flex\">\n<div class=\"wp-block-column is-vertically-aligned-center is-layout-flow wp-block-column-is-layout-flow\" style=\"flex-basis:60%\">\n<figure class=\"wp-block-gallery has-nested-images columns-default is-cropped wp-block-gallery-3 is-layout-flex wp-block-gallery-is-layout-flex\">\n<figure class=\"wp-block-image size-full animated fadeIn slow\"><a href=\"https:\/\/www.marinahotelclub.com\/wp-content\/uploads\/2024\/04\/homme-joue-terrain-tennis.webp\"><img decoding=\"async\" width=\"2000\" height=\"1333\" data-id=\"1386\" src=\"https:\/\/www.marinahotelclub.com\/wp-content\/uploads\/2024\/04\/homme-joue-terrain-tennis.webp\" alt=\"campo da tennis maschile\" class=\"wp-image-1386\" srcset=\"https:\/\/www.marinahotelclub.com\/wp-content\/uploads\/2024\/04\/homme-joue-terrain-tennis.webp 2000w, https:\/\/www.marinahotelclub.com\/wp-content\/uploads\/2024\/04\/homme-joue-terrain-tennis-300x200.webp 300w, https:\/\/www.marinahotelclub.com\/wp-content\/uploads\/2024\/04\/homme-joue-terrain-tennis-1024x682.webp 1024w, https:\/\/www.marinahotelclub.com\/wp-content\/uploads\/2024\/04\/homme-joue-terrain-tennis-768x512.webp 768w, https:\/\/www.marinahotelclub.com\/wp-content\/uploads\/2024\/04\/homme-joue-terrain-tennis-1536x1024.webp 1536w\" sizes=\"(max-width: 2000px) 100vw, 2000px\" \/><\/a><\/figure>\n\n\n\n<figure class=\"wp-block-image size-full animated fadeIn delay-200ms slow\"><a href=\"https:\/\/www.marinahotelclub.com\/wp-content\/uploads\/2024\/04\/volley-amis-jouent.webp\"><img decoding=\"async\" width=\"1500\" height=\"938\" data-id=\"1396\" src=\"https:\/\/www.marinahotelclub.com\/wp-content\/uploads\/2024\/04\/volley-amis-jouent.webp\" alt=\"volley-amis-jouent\" class=\"wp-image-1396\" srcset=\"https:\/\/www.marinahotelclub.com\/wp-content\/uploads\/2024\/04\/volley-amis-jouent.webp 1500w, https:\/\/www.marinahotelclub.com\/wp-content\/uploads\/2024\/04\/volley-amis-jouent-300x188.webp 300w, https:\/\/www.marinahotelclub.com\/wp-content\/uploads\/2024\/04\/volley-amis-jouent-1024x640.webp 1024w, https:\/\/www.marinahotelclub.com\/wp-content\/uploads\/2024\/04\/volley-amis-jouent-768x480.webp 768w\" sizes=\"(max-width: 1500px) 100vw, 1500px\" \/><\/a><\/figure>\n<\/figure>\n<\/div>\n\n\n\n<div class=\"wp-block-column is-vertically-aligned-center is-layout-flow wp-block-column-is-layout-flow\" style=\"flex-basis:40%\">\n<h2 class=\"ls__heading wp-block-heading\">Attivit\u00e0 sportive e di svago negli hotel della Riviera francese<\/h2>\n\n\n\n<p class=\"ls-paragraph\">Per un soggiorno davvero perfetto, il luogo ideale sarebbe un <strong>hotel con attivit\u00e0 in Riviera francese<\/strong>? Al Marina H\u00f4tel Club troverai una<strong> serie di strutture per il tempo libero <\/strong>e lo <strong>sport<\/strong> pensate per soddisfare le tue aspettative.<\/p>\n\n\n\n<p class=\"ls-paragraph\">Che tu sia un guerriero del weekend o un atleta esperto, sei libero di utilizzare i <strong>campi da tennis<\/strong> e <strong>badminton<\/strong>, i campi da <strong>pallavolo<\/strong> e <strong>beach volley<\/strong>, i canestri <strong>da basket<\/strong>, i campi da <strong>calcio<\/strong> e i tavoli da ping <strong>pong <\/strong>. Non hai una palla o una racchetta? Ti presteremo l&#8217;<strong>attrezzatura gratuitamente <\/strong>!<\/p>\n<\/div>\n<\/div>\n\n\r\n    <\/div>\r\n<\/section><section id=\"ls-section-block_02d4bdf0c3d8fb247dd97184e4c2ee3a\" class=\"ls-section  page-cta\" >\r\n        <div class=\"container container--wide\">\r\n        \n\r\n<div id=\"ls-heading ls-titre-div-block_665fc79238a5f55f457b42990cdd6900\" class=\"ls-titre-div aligncenter h2-like\" >\r\n    Scopri la piscina, il ristorante e i nostri servizi<\/div>\r\n\n\n<div id=\"ls-maillage-block_9ae9d6d7b07dcb7b9931b0c7295925fb\" class=\"ls-maillage cta-style-normal\" data-rows=\"3\">\r\n    <div class=\"wp-block-columns\"><div class=\"wp-block-column\">\r\n\r\n<a href=\"https:\/\/www.marinahotelclub.com\/it\/hotel-piscina-saint-tropez\/\" target=\"\" rel=\"noopener\" class=\"ls-cta__link\" data-categ=\"\">\r\n\t<div class=\"ls-cta__image\"><img decoding=\"async\" src=\"https:\/\/www.marinahotelclub.com\/wp-content\/uploads\/2024\/04\/detente-piscine.webp\" alt=\"\"><\/div>\r\n\t<div class=\"ls-cta__title\">\r\n\t\tLa piscina\t<\/div>\r\n\r\n\t<\/a><\/div><div class=\"wp-block-column\">\r\n\r\n<a href=\"https:\/\/www.marinahotelclub.com\/it\/ristorante-saint-tropez\/\" target=\"\" rel=\"noopener\" class=\"ls-cta__link\" data-categ=\"\">\r\n\t<div class=\"ls-cta__image\"><img decoding=\"async\" src=\"https:\/\/www.marinahotelclub.com\/wp-content\/uploads\/2024\/04\/salade-oeufs-restaurant-hotel-marina-paradise.webp\" alt=\"\"><\/div>\r\n\t<div class=\"ls-cta__title\">\r\n\t\tIl ristorante\t<\/div>\r\n\r\n\t<\/a><\/div><div class=\"wp-block-column\">\r\n\r\n<a href=\"https:\/\/www.marinahotelclub.com\/it\/servizi-hotel-saint-tropez\/\" target=\"\" rel=\"noopener\" class=\"ls-cta__link\" data-categ=\"\">\r\n\t<div class=\"ls-cta__image\"><img decoding=\"async\" src=\"https:\/\/www.marinahotelclub.com\/wp-content\/uploads\/2024\/04\/reception-Marina-Hotel-Club.webp\" alt=\"\"><\/div>\r\n\t<div class=\"ls-cta__title\">\r\n\t\tI nostri servizi\t<\/div>\r\n\r\n\t<\/a><\/div><\/div><\/div>\n\r\n    <\/div>\r\n<\/section>","protected":false},"excerpt":{"rendered":"","protected":false},"author":1,"featured_media":591,"parent":0,"menu_order":0,"comment_status":"closed","ping_status":"closed","template":"","meta":{"_acf_changed":false,"footnotes":""},"sujet":[],"class_list":["post-1096","page","type-page","status-publish","has-post-thumbnail","hentry"],"acf":[],"yoast_head":"<!-- This site is optimized with the Yoast SEO plugin v22.6 - https:\/\/yoast.com\/wordpress\/plugins\/seo\/ -->\n<title>Animazione e attivit\u00e0 sportive per famiglie nell&#039;hotel di Saint-Tropez<\/title>\n<meta name=\"description\" content=\"Hotel con animazione e attivit\u00e0 per famiglie a Saint-Tropez: miniclub, area giochi, attivit\u00e0 sportive e ricreative.\" \/>\n<meta name=\"robots\" content=\"index, follow, max-snippet:-1, max-image-preview:large, max-video-preview:-1\" \/>\n<link rel=\"canonical\" href=\"https:\/\/www.marinahotelclub.com\/it\/hotel-animazione-saint-tropez\/\" \/>\n<meta property=\"og:locale\" content=\"it_IT\" \/>\n<meta property=\"og:type\" content=\"article\" \/>\n<meta property=\"og:title\" content=\"Animazione e attivit\u00e0 sportive per famiglie nell&#039;hotel di Saint-Tropez\" \/>\n<meta property=\"og:description\" content=\"Hotel con animazione e attivit\u00e0 per famiglie a Saint-Tropez: miniclub, area giochi, attivit\u00e0 sportive e ricreative.\" \/>\n<meta property=\"og:url\" content=\"https:\/\/www.marinahotelclub.com\/it\/hotel-animazione-saint-tropez\/\" \/>\n<meta property=\"og:site_name\" content=\"H\u00f4tel Marina Paradise\" \/>\n<meta property=\"article:modified_time\" content=\"2024-04-25T09:49:33+00:00\" \/>\n<meta property=\"og:image\" content=\"https:\/\/www.marinahotelclub.com\/wp-content\/uploads\/2024\/04\/enfants-activite-lettres-animation.webp\" \/>\n\t<meta property=\"og:image:width\" content=\"1920\" \/>\n\t<meta property=\"og:image:height\" content=\"1200\" \/>\n\t<meta property=\"og:image:type\" content=\"image\/webp\" \/>\n<meta name=\"twitter:card\" content=\"summary_large_image\" \/>\n<meta name=\"twitter:label1\" content=\"Tempo di lettura stimato\" \/>\n\t<meta name=\"twitter:data1\" content=\"2 minuti\" \/>\n<script type=\"application\/ld+json\" class=\"yoast-schema-graph\">{\"@context\":\"https:\/\/schema.org\",\"@graph\":[{\"@type\":\"WebPage\",\"@id\":\"https:\/\/www.marinahotelclub.com\/it\/hotel-animazione-saint-tropez\/\",\"url\":\"https:\/\/www.marinahotelclub.com\/it\/hotel-animazione-saint-tropez\/\",\"name\":\"Animazione e attivit\u00e0 sportive per famiglie nell'hotel di Saint-Tropez\",\"isPartOf\":{\"@id\":\"https:\/\/www.marinahotelclub.com\/it\/#website\"},\"primaryImageOfPage\":{\"@id\":\"https:\/\/www.marinahotelclub.com\/it\/hotel-animazione-saint-tropez\/#primaryimage\"},\"image\":{\"@id\":\"https:\/\/www.marinahotelclub.com\/it\/hotel-animazione-saint-tropez\/#primaryimage\"},\"thumbnailUrl\":\"https:\/\/www.marinahotelclub.com\/wp-content\/uploads\/2024\/04\/enfants-activite-lettres-animation.webp\",\"datePublished\":\"2024-04-17T14:24:15+00:00\",\"dateModified\":\"2024-04-25T09:49:33+00:00\",\"description\":\"Hotel con animazione e attivit\u00e0 per famiglie a Saint-Tropez: miniclub, area giochi, attivit\u00e0 sportive e ricreative.\",\"breadcrumb\":{\"@id\":\"https:\/\/www.marinahotelclub.com\/it\/hotel-animazione-saint-tropez\/#breadcrumb\"},\"inLanguage\":\"it-IT\",\"potentialAction\":[{\"@type\":\"ReadAction\",\"target\":[\"https:\/\/www.marinahotelclub.com\/it\/hotel-animazione-saint-tropez\/\"]}]},{\"@type\":\"ImageObject\",\"inLanguage\":\"it-IT\",\"@id\":\"https:\/\/www.marinahotelclub.com\/it\/hotel-animazione-saint-tropez\/#primaryimage\",\"url\":\"https:\/\/www.marinahotelclub.com\/wp-content\/uploads\/2024\/04\/enfants-activite-lettres-animation.webp\",\"contentUrl\":\"https:\/\/www.marinahotelclub.com\/wp-content\/uploads\/2024\/04\/enfants-activite-lettres-animation.webp\",\"width\":1920,\"height\":1200},{\"@type\":\"BreadcrumbList\",\"@id\":\"https:\/\/www.marinahotelclub.com\/it\/hotel-animazione-saint-tropez\/#breadcrumb\",\"itemListElement\":[{\"@type\":\"ListItem\",\"position\":1,\"name\":\"Marina H\u00f4tel Club\",\"item\":\"https:\/\/www.marinahotelclub.com\/it\/\"},{\"@type\":\"ListItem\",\"position\":2,\"name\":\"Attivit\u00e0 e intrattenimento\"}]},{\"@type\":\"WebSite\",\"@id\":\"https:\/\/www.marinahotelclub.com\/it\/#website\",\"url\":\"https:\/\/www.marinahotelclub.com\/it\/\",\"name\":\"H\u00f4tel Marina Paradise\",\"description\":\"\",\"publisher\":{\"@id\":\"https:\/\/www.marinahotelclub.com\/it\/#organization\"},\"inLanguage\":\"it-IT\"},{\"@type\":\"Organization\",\"@id\":\"https:\/\/www.marinahotelclub.com\/it\/#organization\",\"name\":\"H\u00f4tel Marina Paradise\",\"url\":\"https:\/\/www.marinahotelclub.com\/it\/\",\"logo\":{\"@type\":\"ImageObject\",\"inLanguage\":\"it-IT\",\"@id\":\"https:\/\/www.marinahotelclub.com\/it\/#\/schema\/logo\/image\/\",\"url\":\"https:\/\/www.marinahotelclub.com\/wp-content\/uploads\/2024\/03\/logo-marina-hotel-club.webp\",\"contentUrl\":\"https:\/\/www.marinahotelclub.com\/wp-content\/uploads\/2024\/03\/logo-marina-hotel-club.webp\",\"width\":686,\"height\":421,\"caption\":\"H\u00f4tel Marina Paradise\"},\"image\":{\"@id\":\"https:\/\/www.marinahotelclub.com\/it\/#\/schema\/logo\/image\/\"}}]}<\/script>\n<!-- \/ Yoast SEO plugin. -->","yoast_head_json":{"title":"Animazione e attivit\u00e0 sportive per famiglie nell'hotel di Saint-Tropez","description":"Hotel con animazione e attivit\u00e0 per famiglie a Saint-Tropez: miniclub, area giochi, attivit\u00e0 sportive e ricreative.","robots":{"index":"index","follow":"follow","max-snippet":"max-snippet:-1","max-image-preview":"max-image-preview:large","max-video-preview":"max-video-preview:-1"},"canonical":"https:\/\/www.marinahotelclub.com\/it\/hotel-animazione-saint-tropez\/","og_locale":"it_IT","og_type":"article","og_title":"Animazione e attivit\u00e0 sportive per famiglie nell'hotel di Saint-Tropez","og_description":"Hotel con animazione e attivit\u00e0 per famiglie a Saint-Tropez: miniclub, area giochi, attivit\u00e0 sportive e ricreative.","og_url":"https:\/\/www.marinahotelclub.com\/it\/hotel-animazione-saint-tropez\/","og_site_name":"H\u00f4tel Marina Paradise","article_modified_time":"2024-04-25T09:49:33+00:00","og_image":[{"width":1920,"height":1200,"url":"https:\/\/www.marinahotelclub.com\/wp-content\/uploads\/2024\/04\/enfants-activite-lettres-animation.webp","type":"image\/webp"}],"twitter_card":"summary_large_image","twitter_misc":{"Tempo di lettura stimato":"2 minuti"},"schema":{"@context":"https:\/\/schema.org","@graph":[{"@type":"WebPage","@id":"https:\/\/www.marinahotelclub.com\/it\/hotel-animazione-saint-tropez\/","url":"https:\/\/www.marinahotelclub.com\/it\/hotel-animazione-saint-tropez\/","name":"Animazione e attivit\u00e0 sportive per famiglie nell'hotel di Saint-Tropez","isPartOf":{"@id":"https:\/\/www.marinahotelclub.com\/it\/#website"},"primaryImageOfPage":{"@id":"https:\/\/www.marinahotelclub.com\/it\/hotel-animazione-saint-tropez\/#primaryimage"},"image":{"@id":"https:\/\/www.marinahotelclub.com\/it\/hotel-animazione-saint-tropez\/#primaryimage"},"thumbnailUrl":"https:\/\/www.marinahotelclub.com\/wp-content\/uploads\/2024\/04\/enfants-activite-lettres-animation.webp","datePublished":"2024-04-17T14:24:15+00:00","dateModified":"2024-04-25T09:49:33+00:00","description":"Hotel con animazione e attivit\u00e0 per famiglie a Saint-Tropez: miniclub, area giochi, attivit\u00e0 sportive e ricreative.","breadcrumb":{"@id":"https:\/\/www.marinahotelclub.com\/it\/hotel-animazione-saint-tropez\/#breadcrumb"},"inLanguage":"it-IT","potentialAction":[{"@type":"ReadAction","target":["https:\/\/www.marinahotelclub.com\/it\/hotel-animazione-saint-tropez\/"]}]},{"@type":"ImageObject","inLanguage":"it-IT","@id":"https:\/\/www.marinahotelclub.com\/it\/hotel-animazione-saint-tropez\/#primaryimage","url":"https:\/\/www.marinahotelclub.com\/wp-content\/uploads\/2024\/04\/enfants-activite-lettres-animation.webp","contentUrl":"https:\/\/www.marinahotelclub.com\/wp-content\/uploads\/2024\/04\/enfants-activite-lettres-animation.webp","width":1920,"height":1200},{"@type":"BreadcrumbList","@id":"https:\/\/www.marinahotelclub.com\/it\/hotel-animazione-saint-tropez\/#breadcrumb","itemListElement":[{"@type":"ListItem","position":1,"name":"Marina H\u00f4tel Club","item":"https:\/\/www.marinahotelclub.com\/it\/"},{"@type":"ListItem","position":2,"name":"Attivit\u00e0 e intrattenimento"}]},{"@type":"WebSite","@id":"https:\/\/www.marinahotelclub.com\/it\/#website","url":"https:\/\/www.marinahotelclub.com\/it\/","name":"H\u00f4tel Marina Paradise","description":"","publisher":{"@id":"https:\/\/www.marinahotelclub.com\/it\/#organization"},"inLanguage":"it-IT"},{"@type":"Organization","@id":"https:\/\/www.marinahotelclub.com\/it\/#organization","name":"H\u00f4tel Marina Paradise","url":"https:\/\/www.marinahotelclub.com\/it\/","logo":{"@type":"ImageObject","inLanguage":"it-IT","@id":"https:\/\/www.marinahotelclub.com\/it\/#\/schema\/logo\/image\/","url":"https:\/\/www.marinahotelclub.com\/wp-content\/uploads\/2024\/03\/logo-marina-hotel-club.webp","contentUrl":"https:\/\/www.marinahotelclub.com\/wp-content\/uploads\/2024\/03\/logo-marina-hotel-club.webp","width":686,"height":421,"caption":"H\u00f4tel Marina Paradise"},"image":{"@id":"https:\/\/www.marinahotelclub.com\/it\/#\/schema\/logo\/image\/"}}]}},"_links":{"self":[{"href":"https:\/\/www.marinahotelclub.com\/it\/wp-json\/wp\/v2\/pages\/1096","targetHints":{"allow":["GET"]}}],"collection":[{"href":"https:\/\/www.marinahotelclub.com\/it\/wp-json\/wp\/v2\/pages"}],"about":[{"href":"https:\/\/www.marinahotelclub.com\/it\/wp-json\/wp\/v2\/types\/page"}],"author":[{"embeddable":true,"href":"https:\/\/www.marinahotelclub.com\/it\/wp-json\/wp\/v2\/users\/1"}],"replies":[{"embeddable":true,"href":"https:\/\/www.marinahotelclub.com\/it\/wp-json\/wp\/v2\/comments?post=1096"}],"version-history":[{"count":5,"href":"https:\/\/www.marinahotelclub.com\/it\/wp-json\/wp\/v2\/pages\/1096\/revisions"}],"predecessor-version":[{"id":1419,"href":"https:\/\/www.marinahotelclub.com\/it\/wp-json\/wp\/v2\/pages\/1096\/revisions\/1419"}],"wp:featuredmedia":[{"embeddable":true,"href":"https:\/\/www.marinahotelclub.com\/it\/wp-json\/wp\/v2\/media\/591"}],"wp:attachment":[{"href":"https:\/\/www.marinahotelclub.com\/it\/wp-json\/wp\/v2\/media?parent=1096"}],"wp:term":[{"taxonomy":"sujet","embeddable":true,"href":"https:\/\/www.marinahotelclub.com\/it\/wp-json\/wp\/v2\/sujet?post=1096"}],"curies":[{"name":"wp","href":"https:\/\/api.w.org\/{rel}","templated":true}]}}