{"id":1128,"date":"2024-03-28T14:47:51","date_gmt":"2024-03-28T13:47:51","guid":{"rendered":"https:\/\/www.marinahotelclub.com\/hotel-grimaud\/"},"modified":"2024-04-23T15:05:46","modified_gmt":"2024-04-23T13:05:46","slug":"hotel-grimaud","status":"publish","type":"page","link":"https:\/\/www.marinahotelclub.com\/it\/hotel-grimaud\/","title":{"rendered":"Grimaud"},"content":{"rendered":"<section id=\"ls-section-block_94eaadc9510c6e845ca1f4b040189c07\" class=\"ls-section  home-first page-one\" >\r\n        <div class=\"container container--wide\">\r\n        \n\n<h1 class=\"ls__heading wp-block-heading has-text-align-center\">Scopri Grimaud, il villaggio in cima alla collina<\/h1>\n\n\n\n<div class=\"wp-block-columns are-vertically-aligned-center is-layout-flex wp-container-core-columns-is-layout-9d6595d7 wp-block-columns-is-layout-flex\">\n<div class=\"wp-block-column is-vertically-aligned-center is-layout-flow wp-block-column-is-layout-flow\" style=\"flex-basis:60%\">\n<figure class=\"wp-block-gallery has-nested-images columns-default is-cropped wp-block-gallery-1 is-layout-flex wp-block-gallery-is-layout-flex\">\n<figure class=\"wp-block-image size-full animated fadeIn slow\"><a href=\"https:\/\/www.marinahotelclub.com\/wp-content\/uploads\/2024\/04\/Port-Grimaud.webp\"><img decoding=\"async\" width=\"2000\" height=\"1125\" data-id=\"896\" src=\"https:\/\/www.marinahotelclub.com\/wp-content\/uploads\/2024\/04\/Port-Grimaud.webp\" alt=\"Port-Grimaud\" class=\"wp-image-896\" srcset=\"https:\/\/www.marinahotelclub.com\/wp-content\/uploads\/2024\/04\/Port-Grimaud.webp 2000w, https:\/\/www.marinahotelclub.com\/wp-content\/uploads\/2024\/04\/Port-Grimaud-300x169.webp 300w, https:\/\/www.marinahotelclub.com\/wp-content\/uploads\/2024\/04\/Port-Grimaud-1024x576.webp 1024w, https:\/\/www.marinahotelclub.com\/wp-content\/uploads\/2024\/04\/Port-Grimaud-768x432.webp 768w, https:\/\/www.marinahotelclub.com\/wp-content\/uploads\/2024\/04\/Port-Grimaud-1536x864.webp 1536w\" sizes=\"(max-width: 2000px) 100vw, 2000px\" \/><\/a><\/figure>\n\n\n\n<figure class=\"wp-block-image size-full animated fadeIn delay-200ms slow\"><a href=\"https:\/\/www.marinahotelclub.com\/wp-content\/uploads\/2024\/04\/canaux-Grimaud-scaled.webp\"><img decoding=\"async\" width=\"1440\" height=\"2560\" data-id=\"900\" src=\"https:\/\/www.marinahotelclub.com\/wp-content\/uploads\/2024\/04\/canaux-Grimaud-scaled.webp\" alt=\"canali-Grimaud\" class=\"wp-image-900\" srcset=\"https:\/\/www.marinahotelclub.com\/wp-content\/uploads\/2024\/04\/canaux-Grimaud-scaled.webp 1440w, https:\/\/www.marinahotelclub.com\/wp-content\/uploads\/2024\/04\/canaux-Grimaud-169x300.webp 169w, https:\/\/www.marinahotelclub.com\/wp-content\/uploads\/2024\/04\/canaux-Grimaud-576x1024.webp 576w, https:\/\/www.marinahotelclub.com\/wp-content\/uploads\/2024\/04\/canaux-Grimaud-768x1366.webp 768w, https:\/\/www.marinahotelclub.com\/wp-content\/uploads\/2024\/04\/canaux-Grimaud-864x1536.webp 864w, https:\/\/www.marinahotelclub.com\/wp-content\/uploads\/2024\/04\/canaux-Grimaud-1152x2048.webp 1152w\" sizes=\"(max-width: 1440px) 100vw, 1440px\" \/><\/a><\/figure>\n<\/figure>\n<\/div>\n\n\n\n<div class=\"wp-block-column is-vertically-aligned-center is-layout-flow wp-block-column-is-layout-flow\" style=\"flex-basis:40%\">\n<p class=\"ls-paragraph\">A pochi minuti dalla citt\u00e0 medievale sulla costa, il <strong>porto turistico di Port Grimaud <\/strong>ti invita a fuggire con la sua<strong> aria da Venezia provenzale<\/strong>. Puoi esplorare il porto turistico e i suoi canali a piedi, passeggiando lungo le banchine e i pontili, oppure in barca con una breve crociera commentata.<\/p>\n\n\n\n<p class=\"ls-paragraph\">Nella citt\u00e0 lacustre potrai ammirare i <strong>pittoreschi trompe-l&#8217;\u0153il<\/strong>, <strong>passeggiare <\/strong>tra le <strong>bancarelle del mercato artigianale <\/strong>all&#8217;ombra degli alberi della Place du 14 juin e ammirare la vista panoramica dalla terrazza della chiesa di Saint-Fran\u00e7ois d&#8217;Assise.<\/p>\n<\/div>\n<\/div>\n\n\r\n    <\/div>\r\n<\/section><section id=\"ls-section-block_ec090c1ead5ec2725b92e3a95fa269d4\" class=\"ls-section  home-second page-two\" >\r\n        <div class=\"container container--wide\">\r\n        \n\n<div class=\"wp-block-columns are-vertically-aligned-center is-layout-flex wp-container-core-columns-is-layout-9d6595d7 wp-block-columns-is-layout-flex\">\n<div class=\"wp-block-column is-vertically-aligned-center is-layout-flow wp-block-column-is-layout-flow\" style=\"flex-basis:40%\">\n<h2 class=\"ls__heading wp-block-heading\">Passeggiate nella natura a Grimaux<\/h2>\n\n\n\n<p class=\"ls-paragraph\">Villaggio tradizionale del Var, Grimaud \u00e8 immerso nel verde tra le spiagge del Mediterraneo e il Massiccio dei Maures. Grimaud \u00e8 il luogo perfetto per ricaricarsi nel cuore della natura ed \u00e8 il punto di partenza per <strong>magnifiche passeggiate ed escursioni<\/strong>.<\/p>\n\n\n\n<p class=\"ls-paragraph\"><strong>Sentieri<\/strong> e <strong>percorsi pedonali<\/strong> ti portano in pochi passi nel cuore di boschi ombrosi o nella campagna ondulata dei vigneti del Var. A piedi, in bicicletta o a cavallo, non aver paura di provare qualcosa di diverso!<\/p>\n<\/div>\n\n\n\n<div class=\"wp-block-column is-vertically-aligned-center is-layout-flow wp-block-column-is-layout-flow\" style=\"flex-basis:60%\">\n<figure class=\"wp-block-gallery has-nested-images columns-default is-cropped animated fadeInRight slow wp-block-gallery-2 is-layout-flex wp-block-gallery-is-layout-flex\">\n<figure class=\"wp-block-image size-full\"><a href=\"https:\/\/www.marinahotelclub.com\/wp-content\/uploads\/2024\/04\/randonnee.webp\"><img decoding=\"async\" width=\"1080\" height=\"1500\" data-id=\"910\" src=\"https:\/\/www.marinahotelclub.com\/wp-content\/uploads\/2024\/04\/randonnee.webp\" alt=\"escursione\" class=\"wp-image-910\" srcset=\"https:\/\/www.marinahotelclub.com\/wp-content\/uploads\/2024\/04\/randonnee.webp 1080w, https:\/\/www.marinahotelclub.com\/wp-content\/uploads\/2024\/04\/randonnee-216x300.webp 216w, https:\/\/www.marinahotelclub.com\/wp-content\/uploads\/2024\/04\/randonnee-737x1024.webp 737w, https:\/\/www.marinahotelclub.com\/wp-content\/uploads\/2024\/04\/randonnee-768x1067.webp 768w\" sizes=\"(max-width: 1080px) 100vw, 1080px\" \/><\/a><\/figure>\n<\/figure>\n<\/div>\n<\/div>\n\n\r\n    <\/div>\r\n<\/section><section id=\"ls-section-block_cf637a6baf650a83dbd5868f3f7ca3ff\" class=\"ls-section  home-fourth page-three has-background-image has-parallax\" >\r\n    <div class=\"ls-section__background-image opacity-90\"><img decoding=\"async\" src=\"https:\/\/www.marinahotelclub.com\/wp-content\/uploads\/2024\/04\/chateau-Grimaud.webp\" alt=\"\"><\/div>    <div class=\"container container--wide\">\r\n        \n\n<h2 class=\"ls__heading wp-block-heading\">Visita il suo patrimonio<\/h2>\n\n\n\n<div class=\"wp-block-columns is-layout-flex wp-container-core-columns-is-layout-9d6595d7 wp-block-columns-is-layout-flex\">\n<div class=\"wp-block-column is-layout-flow wp-block-column-is-layout-flow\">\n<p class=\"ls-paragraph\">Tra il<strong> tipico villaggio provenzale<\/strong> dell&#8217;entroterra e la <strong>citt\u00e0 lacustre del 20\u1d49 secolo,<\/strong> il patrimonio di Grimaud riserva molte sorprese. In cima al territorio grimaudois, il castello medievale domina ancora il paesaggio con la sua maestosa silhouette.<\/p>\n<\/div>\n\n\n\n<div class=\"wp-block-column is-layout-flow wp-block-column-is-layout-flow\">\n<p class=\"ls-paragraph\">Nel borgo antico potrai scoprire anche la<strong>chiesa di Saint-Michel<\/strong>, il <strong>Pont des F\u00e9es<\/strong>, la <strong>Rue des Templiers<\/strong> e la <strong>Place Neuve<\/strong>. Il tuo <strong>giro turistico<\/strong> di Grimaud ti porter\u00e0 a visitare alcuni degli <strong>ultimi frantoi rimasti nella regione<\/strong>, a testimonianza dell&#8217;inestimabile abilit\u00e0 nella produzione dell&#8217;olio d&#8217;oliva.<\/p>\n<\/div>\n<\/div>\n\n\r\n    <\/div>\r\n<\/section><section id=\"ls-section-block_94eaadc9510c6e845ca1f4b040189c07\" class=\"ls-section  home-first page-one\" >\r\n        <div class=\"container container--wide\">\r\n        \n\n<div class=\"wp-block-columns are-vertically-aligned-center is-layout-flex wp-container-core-columns-is-layout-9d6595d7 wp-block-columns-is-layout-flex\">\n<div class=\"wp-block-column is-vertically-aligned-center is-layout-flow wp-block-column-is-layout-flow\" style=\"flex-basis:60%\">\n<figure class=\"wp-block-gallery has-nested-images columns-default is-cropped wp-block-gallery-3 is-layout-flex wp-block-gallery-is-layout-flex\">\n<figure class=\"wp-block-image size-full animated fadeIn slow\"><a href=\"https:\/\/www.marinahotelclub.com\/wp-content\/uploads\/2024\/04\/terre-vigne.webp\"><img decoding=\"async\" width=\"1920\" height=\"1200\" data-id=\"925\" src=\"https:\/\/www.marinahotelclub.com\/wp-content\/uploads\/2024\/04\/terre-vigne.webp\" alt=\"terre-vigne\" class=\"wp-image-925\" srcset=\"https:\/\/www.marinahotelclub.com\/wp-content\/uploads\/2024\/04\/terre-vigne.webp 1920w, https:\/\/www.marinahotelclub.com\/wp-content\/uploads\/2024\/04\/terre-vigne-300x188.webp 300w, https:\/\/www.marinahotelclub.com\/wp-content\/uploads\/2024\/04\/terre-vigne-1024x640.webp 1024w, https:\/\/www.marinahotelclub.com\/wp-content\/uploads\/2024\/04\/terre-vigne-768x480.webp 768w, https:\/\/www.marinahotelclub.com\/wp-content\/uploads\/2024\/04\/terre-vigne-1536x960.webp 1536w\" sizes=\"(max-width: 1920px) 100vw, 1920px\" \/><\/a><\/figure>\n\n\n\n<figure class=\"wp-block-image size-full animated fadeIn delay-200ms slow\"><a href=\"https:\/\/www.marinahotelclub.com\/wp-content\/uploads\/2024\/04\/maisons-Grimaud-scaled.webp\"><img decoding=\"async\" width=\"1440\" height=\"2560\" data-id=\"940\" src=\"https:\/\/www.marinahotelclub.com\/wp-content\/uploads\/2024\/04\/maisons-Grimaud-scaled.webp\" alt=\"case Grimaud\" class=\"wp-image-940\" srcset=\"https:\/\/www.marinahotelclub.com\/wp-content\/uploads\/2024\/04\/maisons-Grimaud-scaled.webp 1440w, https:\/\/www.marinahotelclub.com\/wp-content\/uploads\/2024\/04\/maisons-Grimaud-169x300.webp 169w, https:\/\/www.marinahotelclub.com\/wp-content\/uploads\/2024\/04\/maisons-Grimaud-576x1024.webp 576w, https:\/\/www.marinahotelclub.com\/wp-content\/uploads\/2024\/04\/maisons-Grimaud-768x1366.webp 768w, https:\/\/www.marinahotelclub.com\/wp-content\/uploads\/2024\/04\/maisons-Grimaud-864x1536.webp 864w, https:\/\/www.marinahotelclub.com\/wp-content\/uploads\/2024\/04\/maisons-Grimaud-1152x2048.webp 1152w\" sizes=\"(max-width: 1440px) 100vw, 1440px\" \/><\/a><\/figure>\n<\/figure>\n<\/div>\n\n\n\n<div class=\"wp-block-column is-vertically-aligned-center is-layout-flow wp-block-column-is-layout-flow\" style=\"flex-basis:40%\">\n<h2 class=\"ls__heading wp-block-heading\">Tra vigneti e uliveti, assaggia<\/h2>\n\n\n\n<p class=\"ls-paragraph\">Degna rappresentante del<strong> know-how ancestrale della Provenza<\/strong>, Grimaud \u00e8 una terra di <strong>vigneti<\/strong> e <strong>uliveti<\/strong>, oltre che di <strong>castagni<\/strong>, <strong>miele<\/strong> e <strong>funghi<\/strong>. I vini di Grimaud sono conosciuti in tutto il mondo per i loro sapori eccezionali. Le <strong>tenute storiche<\/strong> ti accolgono per le <strong>degustazioni<\/strong>. Un tempo costellato di frantoi, il villaggio di Grimaud ospita oggi un <strong>unico produttore<\/strong> che mantiene viva una <strong>tradizione che risale all&#8217;11\u1d49 secolo<\/strong>.<\/p>\n<\/div>\n<\/div>\n\n\r\n    <\/div>\r\n<\/section><section id=\"ls-section-block_ec090c1ead5ec2725b92e3a95fa269d4\" class=\"ls-section  home-second page-two\" >\r\n        <div class=\"container container--wide\">\r\n        \n\n<div class=\"wp-block-columns are-vertically-aligned-center is-layout-flex wp-container-core-columns-is-layout-9d6595d7 wp-block-columns-is-layout-flex\">\n<div class=\"wp-block-column is-vertically-aligned-center is-layout-flow wp-block-column-is-layout-flow\" style=\"flex-basis:40%\">\n<h2 class=\"ls__heading wp-block-heading\">Hotel vicino a Grimaud<\/h2>\n\n\n\n<p class=\"ls-paragraph\">Prenota la tua camera al <a href=\"https:\/\/www.marinahotelclub.com\/it\/\">Marina H\u00f4tel Club<\/a> per un soggiorno in hotel il pi\u00f9 vicino possibile a Grimaud e a Port Grimaud! Il <strong>cuore del villaggio provenzale si trova a 6 km di distanza<\/strong>, raggiungibile in soli 10 minuti di auto, meno di 30 minuti in bicicletta e 25 minuti in autobus via Cogolin.<\/p>\n\n\n\n<p class=\"ls-paragraph\">La citt\u00e0 lacustre di Port Grimaud \u00e8 a pochi passi dal tuo hotel! Ogni giorno, le tue passeggiate possono portarti alle vivaci banchine e alle case colorate che costeggiano i suoi canali.<\/p>\n<\/div>\n\n\n\n<div class=\"wp-block-column is-vertically-aligned-center is-layout-flow wp-block-column-is-layout-flow\" style=\"flex-basis:60%\">\n<figure class=\"wp-block-gallery has-nested-images columns-default is-cropped animated fadeInRight slow wp-block-gallery-4 is-layout-flex wp-block-gallery-is-layout-flex\">\n<figure class=\"wp-block-image size-full\"><a href=\"https:\/\/www.marinahotelclub.com\/wp-content\/uploads\/2024\/04\/chambre-Marina-Hotel-club.webp\"><img decoding=\"async\" width=\"2048\" height=\"1152\" data-id=\"931\" src=\"https:\/\/www.marinahotelclub.com\/wp-content\/uploads\/2024\/04\/chambre-Marina-Hotel-club.webp\" alt=\"camera-Marina-Hotel-club\" class=\"wp-image-931\" srcset=\"https:\/\/www.marinahotelclub.com\/wp-content\/uploads\/2024\/04\/chambre-Marina-Hotel-club.webp 2048w, https:\/\/www.marinahotelclub.com\/wp-content\/uploads\/2024\/04\/chambre-Marina-Hotel-club-300x169.webp 300w, https:\/\/www.marinahotelclub.com\/wp-content\/uploads\/2024\/04\/chambre-Marina-Hotel-club-1024x576.webp 1024w, https:\/\/www.marinahotelclub.com\/wp-content\/uploads\/2024\/04\/chambre-Marina-Hotel-club-768x432.webp 768w, https:\/\/www.marinahotelclub.com\/wp-content\/uploads\/2024\/04\/chambre-Marina-Hotel-club-1536x864.webp 1536w\" sizes=\"(max-width: 2048px) 100vw, 2048px\" \/><\/a><\/figure>\n<\/figure>\n<\/div>\n<\/div>\n\n\r\n    <\/div>\r\n<\/section><section id=\"ls-section-block_dd99747cfa78e59cc2c881ccd3edd00c\" class=\"ls-section  page-cta\" >\r\n        <div class=\"container container--wide\">\r\n        \n\r\n<div id=\"ls-heading ls-titre-div-block_d48fc3d9391fba0a8bbfb017d42d10f1\" class=\"ls-titre-div aligncenter h2-like\" >\r\n    Scopri le cose da fare e le citt\u00e0 vicine all&#8217;hotel<\/div>\r\n\n\n<div id=\"ls-maillage-block_1f56eb87e3b57a5fd7bd091997b43686\" class=\"ls-maillage cta-style-normal\" data-rows=\"3\">\r\n    <div class=\"wp-block-columns\"><div class=\"wp-block-column\">\r\n\r\n<a href=\"https:\/\/www.marinahotelclub.com\/it\/attivita-riviera-francese\/\" target=\"\" rel=\"noopener\" class=\"ls-cta__link\" data-categ=\"\">\r\n\t<div class=\"ls-cta__image\"><img decoding=\"async\" src=\"https:\/\/www.marinahotelclub.com\/wp-content\/uploads\/2024\/04\/activite-randonnee-foret.webp\" alt=\"\"><\/div>\r\n\t<div class=\"ls-cta__title\">\r\n\t\tAttivit\u00e0\t<\/div>\r\n\r\n\t<\/a><\/div><div class=\"wp-block-column\">\r\n\r\n<a href=\"https:\/\/www.marinahotelclub.com\/it\/turismo-saint-tropez\/\" target=\"\" rel=\"noopener\" class=\"ls-cta__link\" data-categ=\"\">\r\n\t<div class=\"ls-cta__image\"><img decoding=\"async\" src=\"https:\/\/www.marinahotelclub.com\/wp-content\/uploads\/2024\/03\/st-tropez-marina-hotel-club.webp\" alt=\"\"><\/div>\r\n\t<div class=\"ls-cta__title\">\r\n\t\tSaint-Tropez\t<\/div>\r\n\r\n\t<\/a><\/div><div class=\"wp-block-column\">\r\n\r\n<a href=\"https:\/\/www.marinahotelclub.com\/it\/hotel-sainte-maxime\/\" target=\"\" rel=\"noopener\" class=\"ls-cta__link\" data-categ=\"\">\r\n\t<div class=\"ls-cta__image\"><img decoding=\"async\" src=\"https:\/\/www.marinahotelclub.com\/wp-content\/uploads\/2024\/04\/port-Sainte-Maxime.webp\" alt=\"Sainte-Maxime\"><\/div>\r\n\t<div class=\"ls-cta__title\">\r\n\t\tSainte-Maxime\t<\/div>\r\n\r\n\t<\/a><\/div><\/div><\/div>\n\r\n    <\/div>\r\n<\/section>","protected":false},"excerpt":{"rendered":"","protected":false},"author":1,"featured_media":923,"parent":0,"menu_order":0,"comment_status":"closed","ping_status":"closed","template":"","meta":{"_acf_changed":false,"footnotes":""},"sujet":[],"class_list":["post-1128","page","type-page","status-publish","has-post-thumbnail","hentry"],"acf":[],"yoast_head":"<!-- This site is optimized with the Yoast SEO plugin v22.6 - https:\/\/yoast.com\/wordpress\/plugins\/seo\/ -->\n<title>Scopri Grimaud e il suo porto, un villaggio in collina vicino all&#039;hotel<\/title>\n<meta name=\"description\" content=\"Esplora Grimaud: porto, villaggio provenzale, passeggiate, patrimonio, vigneti. Un&#039;incantevole miscela di storia e natura.\" \/>\n<meta name=\"robots\" content=\"index, follow, max-snippet:-1, max-image-preview:large, max-video-preview:-1\" \/>\n<link rel=\"canonical\" href=\"https:\/\/www.marinahotelclub.com\/it\/hotel-grimaud\/\" \/>\n<meta property=\"og:locale\" content=\"it_IT\" \/>\n<meta property=\"og:type\" content=\"article\" \/>\n<meta property=\"og:title\" content=\"Scopri Grimaud e il suo porto, un villaggio in collina vicino all&#039;hotel\" \/>\n<meta property=\"og:description\" content=\"Esplora Grimaud: porto, villaggio provenzale, passeggiate, patrimonio, vigneti. Un&#039;incantevole miscela di storia e natura.\" \/>\n<meta property=\"og:url\" content=\"https:\/\/www.marinahotelclub.com\/it\/hotel-grimaud\/\" \/>\n<meta property=\"og:site_name\" content=\"H\u00f4tel Marina Paradise\" \/>\n<meta property=\"article:modified_time\" content=\"2024-04-23T13:05:46+00:00\" \/>\n<meta property=\"og:image\" content=\"https:\/\/www.marinahotelclub.com\/wp-content\/uploads\/2024\/04\/grimaud-maisons-colorees.webp\" \/>\n\t<meta property=\"og:image:width\" content=\"1920\" \/>\n\t<meta property=\"og:image:height\" content=\"1200\" \/>\n\t<meta property=\"og:image:type\" content=\"image\/webp\" \/>\n<meta name=\"twitter:card\" content=\"summary_large_image\" \/>\n<meta name=\"twitter:label1\" content=\"Tempo di lettura stimato\" \/>\n\t<meta name=\"twitter:data1\" content=\"2 minuti\" \/>\n<script type=\"application\/ld+json\" class=\"yoast-schema-graph\">{\"@context\":\"https:\/\/schema.org\",\"@graph\":[{\"@type\":\"WebPage\",\"@id\":\"https:\/\/www.marinahotelclub.com\/it\/hotel-grimaud\/\",\"url\":\"https:\/\/www.marinahotelclub.com\/it\/hotel-grimaud\/\",\"name\":\"Scopri Grimaud e il suo porto, un villaggio in collina vicino all'hotel\",\"isPartOf\":{\"@id\":\"https:\/\/www.marinahotelclub.com\/it\/#website\"},\"primaryImageOfPage\":{\"@id\":\"https:\/\/www.marinahotelclub.com\/it\/hotel-grimaud\/#primaryimage\"},\"image\":{\"@id\":\"https:\/\/www.marinahotelclub.com\/it\/hotel-grimaud\/#primaryimage\"},\"thumbnailUrl\":\"https:\/\/www.marinahotelclub.com\/wp-content\/uploads\/2024\/04\/grimaud-maisons-colorees.webp\",\"datePublished\":\"2024-03-28T13:47:51+00:00\",\"dateModified\":\"2024-04-23T13:05:46+00:00\",\"description\":\"Esplora Grimaud: porto, villaggio provenzale, passeggiate, patrimonio, vigneti. Un'incantevole miscela di storia e natura.\",\"breadcrumb\":{\"@id\":\"https:\/\/www.marinahotelclub.com\/it\/hotel-grimaud\/#breadcrumb\"},\"inLanguage\":\"it-IT\",\"potentialAction\":[{\"@type\":\"ReadAction\",\"target\":[\"https:\/\/www.marinahotelclub.com\/it\/hotel-grimaud\/\"]}]},{\"@type\":\"ImageObject\",\"inLanguage\":\"it-IT\",\"@id\":\"https:\/\/www.marinahotelclub.com\/it\/hotel-grimaud\/#primaryimage\",\"url\":\"https:\/\/www.marinahotelclub.com\/wp-content\/uploads\/2024\/04\/grimaud-maisons-colorees.webp\",\"contentUrl\":\"https:\/\/www.marinahotelclub.com\/wp-content\/uploads\/2024\/04\/grimaud-maisons-colorees.webp\",\"width\":1920,\"height\":1200},{\"@type\":\"BreadcrumbList\",\"@id\":\"https:\/\/www.marinahotelclub.com\/it\/hotel-grimaud\/#breadcrumb\",\"itemListElement\":[{\"@type\":\"ListItem\",\"position\":1,\"name\":\"Marina H\u00f4tel Club\",\"item\":\"https:\/\/www.marinahotelclub.com\/it\/\"},{\"@type\":\"ListItem\",\"position\":2,\"name\":\"Campeggio vicino a Grimaud\"}]},{\"@type\":\"WebSite\",\"@id\":\"https:\/\/www.marinahotelclub.com\/it\/#website\",\"url\":\"https:\/\/www.marinahotelclub.com\/it\/\",\"name\":\"H\u00f4tel Marina Paradise\",\"description\":\"\",\"publisher\":{\"@id\":\"https:\/\/www.marinahotelclub.com\/it\/#organization\"},\"inLanguage\":\"it-IT\"},{\"@type\":\"Organization\",\"@id\":\"https:\/\/www.marinahotelclub.com\/it\/#organization\",\"name\":\"H\u00f4tel Marina Paradise\",\"url\":\"https:\/\/www.marinahotelclub.com\/it\/\",\"logo\":{\"@type\":\"ImageObject\",\"inLanguage\":\"it-IT\",\"@id\":\"https:\/\/www.marinahotelclub.com\/it\/#\/schema\/logo\/image\/\",\"url\":\"https:\/\/www.marinahotelclub.com\/wp-content\/uploads\/2024\/03\/logo-marina-hotel-club.webp\",\"contentUrl\":\"https:\/\/www.marinahotelclub.com\/wp-content\/uploads\/2024\/03\/logo-marina-hotel-club.webp\",\"width\":686,\"height\":421,\"caption\":\"H\u00f4tel Marina Paradise\"},\"image\":{\"@id\":\"https:\/\/www.marinahotelclub.com\/it\/#\/schema\/logo\/image\/\"}}]}<\/script>\n<!-- \/ Yoast SEO plugin. -->","yoast_head_json":{"title":"Scopri Grimaud e il suo porto, un villaggio in collina vicino all'hotel","description":"Esplora Grimaud: porto, villaggio provenzale, passeggiate, patrimonio, vigneti. Un'incantevole miscela di storia e natura.","robots":{"index":"index","follow":"follow","max-snippet":"max-snippet:-1","max-image-preview":"max-image-preview:large","max-video-preview":"max-video-preview:-1"},"canonical":"https:\/\/www.marinahotelclub.com\/it\/hotel-grimaud\/","og_locale":"it_IT","og_type":"article","og_title":"Scopri Grimaud e il suo porto, un villaggio in collina vicino all'hotel","og_description":"Esplora Grimaud: porto, villaggio provenzale, passeggiate, patrimonio, vigneti. Un'incantevole miscela di storia e natura.","og_url":"https:\/\/www.marinahotelclub.com\/it\/hotel-grimaud\/","og_site_name":"H\u00f4tel Marina Paradise","article_modified_time":"2024-04-23T13:05:46+00:00","og_image":[{"width":1920,"height":1200,"url":"https:\/\/www.marinahotelclub.com\/wp-content\/uploads\/2024\/04\/grimaud-maisons-colorees.webp","type":"image\/webp"}],"twitter_card":"summary_large_image","twitter_misc":{"Tempo di lettura stimato":"2 minuti"},"schema":{"@context":"https:\/\/schema.org","@graph":[{"@type":"WebPage","@id":"https:\/\/www.marinahotelclub.com\/it\/hotel-grimaud\/","url":"https:\/\/www.marinahotelclub.com\/it\/hotel-grimaud\/","name":"Scopri Grimaud e il suo porto, un villaggio in collina vicino all'hotel","isPartOf":{"@id":"https:\/\/www.marinahotelclub.com\/it\/#website"},"primaryImageOfPage":{"@id":"https:\/\/www.marinahotelclub.com\/it\/hotel-grimaud\/#primaryimage"},"image":{"@id":"https:\/\/www.marinahotelclub.com\/it\/hotel-grimaud\/#primaryimage"},"thumbnailUrl":"https:\/\/www.marinahotelclub.com\/wp-content\/uploads\/2024\/04\/grimaud-maisons-colorees.webp","datePublished":"2024-03-28T13:47:51+00:00","dateModified":"2024-04-23T13:05:46+00:00","description":"Esplora Grimaud: porto, villaggio provenzale, passeggiate, patrimonio, vigneti. Un'incantevole miscela di storia e natura.","breadcrumb":{"@id":"https:\/\/www.marinahotelclub.com\/it\/hotel-grimaud\/#breadcrumb"},"inLanguage":"it-IT","potentialAction":[{"@type":"ReadAction","target":["https:\/\/www.marinahotelclub.com\/it\/hotel-grimaud\/"]}]},{"@type":"ImageObject","inLanguage":"it-IT","@id":"https:\/\/www.marinahotelclub.com\/it\/hotel-grimaud\/#primaryimage","url":"https:\/\/www.marinahotelclub.com\/wp-content\/uploads\/2024\/04\/grimaud-maisons-colorees.webp","contentUrl":"https:\/\/www.marinahotelclub.com\/wp-content\/uploads\/2024\/04\/grimaud-maisons-colorees.webp","width":1920,"height":1200},{"@type":"BreadcrumbList","@id":"https:\/\/www.marinahotelclub.com\/it\/hotel-grimaud\/#breadcrumb","itemListElement":[{"@type":"ListItem","position":1,"name":"Marina H\u00f4tel Club","item":"https:\/\/www.marinahotelclub.com\/it\/"},{"@type":"ListItem","position":2,"name":"Campeggio vicino a Grimaud"}]},{"@type":"WebSite","@id":"https:\/\/www.marinahotelclub.com\/it\/#website","url":"https:\/\/www.marinahotelclub.com\/it\/","name":"H\u00f4tel Marina Paradise","description":"","publisher":{"@id":"https:\/\/www.marinahotelclub.com\/it\/#organization"},"inLanguage":"it-IT"},{"@type":"Organization","@id":"https:\/\/www.marinahotelclub.com\/it\/#organization","name":"H\u00f4tel Marina Paradise","url":"https:\/\/www.marinahotelclub.com\/it\/","logo":{"@type":"ImageObject","inLanguage":"it-IT","@id":"https:\/\/www.marinahotelclub.com\/it\/#\/schema\/logo\/image\/","url":"https:\/\/www.marinahotelclub.com\/wp-content\/uploads\/2024\/03\/logo-marina-hotel-club.webp","contentUrl":"https:\/\/www.marinahotelclub.com\/wp-content\/uploads\/2024\/03\/logo-marina-hotel-club.webp","width":686,"height":421,"caption":"H\u00f4tel Marina Paradise"},"image":{"@id":"https:\/\/www.marinahotelclub.com\/it\/#\/schema\/logo\/image\/"}}]}},"_links":{"self":[{"href":"https:\/\/www.marinahotelclub.com\/it\/wp-json\/wp\/v2\/pages\/1128","targetHints":{"allow":["GET"]}}],"collection":[{"href":"https:\/\/www.marinahotelclub.com\/it\/wp-json\/wp\/v2\/pages"}],"about":[{"href":"https:\/\/www.marinahotelclub.com\/it\/wp-json\/wp\/v2\/types\/page"}],"author":[{"embeddable":true,"href":"https:\/\/www.marinahotelclub.com\/it\/wp-json\/wp\/v2\/users\/1"}],"replies":[{"embeddable":true,"href":"https:\/\/www.marinahotelclub.com\/it\/wp-json\/wp\/v2\/comments?post=1128"}],"version-history":[{"count":3,"href":"https:\/\/www.marinahotelclub.com\/it\/wp-json\/wp\/v2\/pages\/1128\/revisions"}],"predecessor-version":[{"id":1131,"href":"https:\/\/www.marinahotelclub.com\/it\/wp-json\/wp\/v2\/pages\/1128\/revisions\/1131"}],"wp:featuredmedia":[{"embeddable":true,"href":"https:\/\/www.marinahotelclub.com\/it\/wp-json\/wp\/v2\/media\/923"}],"wp:attachment":[{"href":"https:\/\/www.marinahotelclub.com\/it\/wp-json\/wp\/v2\/media?parent=1128"}],"wp:term":[{"taxonomy":"sujet","embeddable":true,"href":"https:\/\/www.marinahotelclub.com\/it\/wp-json\/wp\/v2\/sujet?post=1128"}],"curies":[{"name":"wp","href":"https:\/\/api.w.org\/{rel}","templated":true}]}}