{"id":1180,"date":"2024-03-28T14:47:42","date_gmt":"2024-03-28T13:47:42","guid":{"rendered":"https:\/\/www.marinahotelclub.com\/hotel-sainte-maxime\/"},"modified":"2024-04-23T15:29:14","modified_gmt":"2024-04-23T13:29:14","slug":"hotel-sainte-maxime","status":"publish","type":"page","link":"https:\/\/www.marinahotelclub.com\/it\/hotel-sainte-maxime\/","title":{"rendered":"Sainte-Maxime"},"content":{"rendered":"<section id=\"ls-section-block_89c8888429e29c1f80171763f70bd2b7\" class=\"ls-section  home-first page-one\" >\r\n        <div class=\"container container--wide\">\r\n        \n\n<h1 class=\"ls__heading wp-block-heading has-text-align-center\">Sainte-Maxime, il tuo rifugio di pace<\/h1>\n\n\n\n<div class=\"wp-block-columns are-vertically-aligned-center is-layout-flex wp-container-core-columns-is-layout-9d6595d7 wp-block-columns-is-layout-flex\">\n<div class=\"wp-block-column is-vertically-aligned-center is-layout-flow wp-block-column-is-layout-flow\" style=\"flex-basis:60%\">\n<figure class=\"wp-block-gallery has-nested-images columns-default is-cropped wp-block-gallery-1 is-layout-flex wp-block-gallery-is-layout-flex\">\n<figure class=\"wp-block-image size-full animated fadeIn slow\"><a href=\"https:\/\/www.marinahotelclub.com\/wp-content\/uploads\/2024\/04\/Sainte-Maxime-plage.webp\"><img decoding=\"async\" width=\"1920\" height=\"1200\" data-id=\"861\" src=\"https:\/\/www.marinahotelclub.com\/wp-content\/uploads\/2024\/04\/Sainte-Maxime-plage.webp\" alt=\"Sainte-Maxime-plage\" class=\"wp-image-861\" srcset=\"https:\/\/www.marinahotelclub.com\/wp-content\/uploads\/2024\/04\/Sainte-Maxime-plage.webp 1920w, https:\/\/www.marinahotelclub.com\/wp-content\/uploads\/2024\/04\/Sainte-Maxime-plage-300x188.webp 300w, https:\/\/www.marinahotelclub.com\/wp-content\/uploads\/2024\/04\/Sainte-Maxime-plage-1024x640.webp 1024w, https:\/\/www.marinahotelclub.com\/wp-content\/uploads\/2024\/04\/Sainte-Maxime-plage-768x480.webp 768w, https:\/\/www.marinahotelclub.com\/wp-content\/uploads\/2024\/04\/Sainte-Maxime-plage-1536x960.webp 1536w\" sizes=\"(max-width: 1920px) 100vw, 1920px\" \/><\/a><\/figure>\n\n\n\n<figure class=\"wp-block-image size-full animated fadeIn delay-200ms slow\"><a href=\"https:\/\/www.marinahotelclub.com\/wp-content\/uploads\/2024\/04\/plage-snorkeling.webp\"><img decoding=\"async\" width=\"1080\" height=\"1500\" data-id=\"865\" src=\"https:\/\/www.marinahotelclub.com\/wp-content\/uploads\/2024\/04\/plage-snorkeling.webp\" alt=\"spiaggia-snorkeling\" class=\"wp-image-865\" srcset=\"https:\/\/www.marinahotelclub.com\/wp-content\/uploads\/2024\/04\/plage-snorkeling.webp 1080w, https:\/\/www.marinahotelclub.com\/wp-content\/uploads\/2024\/04\/plage-snorkeling-216x300.webp 216w, https:\/\/www.marinahotelclub.com\/wp-content\/uploads\/2024\/04\/plage-snorkeling-737x1024.webp 737w, https:\/\/www.marinahotelclub.com\/wp-content\/uploads\/2024\/04\/plage-snorkeling-768x1067.webp 768w\" sizes=\"(max-width: 1080px) 100vw, 1080px\" \/><\/a><\/figure>\n<\/figure>\n<\/div>\n\n\n\n<div class=\"wp-block-column is-vertically-aligned-center is-layout-flow wp-block-column-is-layout-flow\" style=\"flex-basis:40%\">\n<h2 class=\"ls__heading wp-block-heading\">Nuoto e sport acquatici sulle spiagge<\/h2>\n\n\n\n<p class=\"ls-paragraph\">Approfitta del tuo soggiorno in <a href=\"https:\/\/www.marinahotelclub.com\/it\/\">hotel a Saint-Tropez<\/a> per <a href=\"https:\/\/www.sainte-maxime.com\/it\/?lang=it\" target=\"_blank\" rel=\"noreferrer noopener\">visitare Sainte-Maxime<\/a>! Apprezzata per il suo ambiente tranquillo e incontaminato, questa <strong>localit\u00e0 balneare<\/strong> ospita spiagge familiari e insenature selvagge che contrastano con i luoghi alla moda di Saint-Tropez e Ramatuelle.<\/p>\n\n\n\n<p class=\"ls-paragraph\">Sulla <strong>spiaggia di Madrague<\/strong>, sulla spiaggia del centro o sulla Pointe des Sardinaux puoi nuotare, rilassarti, fare snorkeling e costruire castelli di sabbia. Ti ricordi i personaggi dei cartoni animati<strong> Babar e C\u00e9leste? <\/strong>Non perderti una passeggiata lungo <strong>Elephant Beach<\/strong>, il cui scenario ha ispirato la luna di miele della famosa coppia di pachidermi!<\/p>\n<\/div>\n<\/div>\n\n\r\n    <\/div>\r\n<\/section><section id=\"ls-section-block_9fef96188aa1660e2c7d4e436d9b5cc0\" class=\"ls-section  home-second page-two\" >\r\n        <div class=\"container container--wide\">\r\n        \n\n<div class=\"wp-block-columns are-vertically-aligned-center is-layout-flex wp-container-core-columns-is-layout-9d6595d7 wp-block-columns-is-layout-flex\">\n<div class=\"wp-block-column is-vertically-aligned-center is-layout-flow wp-block-column-is-layout-flow\" style=\"flex-basis:40%\">\n<h2 class=\"ls__heading wp-block-heading\">Una passeggiata nel porto di Sainte-Maxime<\/h2>\n\n\n\n<p class=\"ls-paragraph\">Nel<strong> porto di Sainte-Maxime<\/strong> puoi ancora ammirare i <strong>colorati &#8220;pointus&#8221; dei tradizionali pescatori provenzali<\/strong>, accanto alle barche da diporto.<\/p>\n\n\n\n<p class=\"ls-paragraph\">La navetta Bateaux Verts ti offre un <strong>viaggio attraverso il Golfo fino a Saint-Tropez<\/strong>. L&#8217;occasione perfetta per fare una piccola crociera in mare!<\/p>\n\n\n\n<p class=\"ls-paragraph\">Sulla banchina puoi anche sorseggiare un drink sulla terrazza e <strong>curiosare tra i negozi<\/strong>. Fermati alle bancarelle dei pescatori per scoprire la ricchezza del pesce del Mediterraneo!<\/p>\n<\/div>\n\n\n\n<div class=\"wp-block-column is-vertically-aligned-center is-layout-flow wp-block-column-is-layout-flow\" style=\"flex-basis:60%\">\n<figure class=\"wp-block-gallery has-nested-images columns-default is-cropped animated fadeInRight slow wp-block-gallery-2 is-layout-flex wp-block-gallery-is-layout-flex\">\n<figure class=\"wp-block-image size-full\"><a href=\"https:\/\/www.marinahotelclub.com\/wp-content\/uploads\/2024\/04\/baie-Sainte-Maxime.webp\"><img decoding=\"async\" width=\"1920\" height=\"1200\" data-id=\"856\" src=\"https:\/\/www.marinahotelclub.com\/wp-content\/uploads\/2024\/04\/baie-Sainte-Maxime.webp\" alt=\"Baie-Sainte-Maxime\" class=\"wp-image-856\" srcset=\"https:\/\/www.marinahotelclub.com\/wp-content\/uploads\/2024\/04\/baie-Sainte-Maxime.webp 1920w, https:\/\/www.marinahotelclub.com\/wp-content\/uploads\/2024\/04\/baie-Sainte-Maxime-300x188.webp 300w, https:\/\/www.marinahotelclub.com\/wp-content\/uploads\/2024\/04\/baie-Sainte-Maxime-1024x640.webp 1024w, https:\/\/www.marinahotelclub.com\/wp-content\/uploads\/2024\/04\/baie-Sainte-Maxime-768x480.webp 768w, https:\/\/www.marinahotelclub.com\/wp-content\/uploads\/2024\/04\/baie-Sainte-Maxime-1536x960.webp 1536w\" sizes=\"(max-width: 1920px) 100vw, 1920px\" \/><\/a><\/figure>\n<\/figure>\n<\/div>\n<\/div>\n\n\r\n    <\/div>\r\n<\/section><section id=\"ls-section-block_739c9b8e8ec4ba7b86bc161e69a5d2d9\" class=\"ls-section  home-fourth page-three has-background-image has-parallax\" >\r\n    <div class=\"ls-section__background-image opacity-90\"><img decoding=\"async\" src=\"https:\/\/www.marinahotelclub.com\/wp-content\/uploads\/2024\/04\/petit-train-touristique.webp\" alt=\"\"><\/div>    <div class=\"container container--wide\">\r\n        \n\n<h2 class=\"ls__heading wp-block-heading\">Visita la citt\u00e0 a bordo del trenino<\/h2>\n\n\n\n<div class=\"wp-block-columns is-layout-flex wp-container-core-columns-is-layout-9d6595d7 wp-block-columns-is-layout-flex\">\n<div class=\"wp-block-column is-layout-flow wp-block-column-is-layout-flow\">\n<p class=\"ls-paragraph\">Un modo divertente e rilassante per <strong>scoprire il patrimonio del villaggio <\/strong>in una sola volta, scegli un <strong>giro sul trenino <\/strong>turistico di Sainte-Maxime! Il percorso di <strong>45 minuti <\/strong>si snoda per le strade della citt\u00e0 e offre <strong>viste mozzafiato sul Golfo<\/strong>.<\/p>\n<\/div>\n\n\n\n<div class=\"wp-block-column is-layout-flow wp-block-column-is-layout-flow\">\n<p class=\"ls-paragraph\">Passerai davanti ad alcuni dei luoghi pi\u00f9 emblematici di Sainte-Maxime, dal semaforo allo Ch\u00e2teau Gaumont, passando per il porto e la torre quadrata.<\/p>\n<\/div>\n<\/div>\n\n\r\n    <\/div>\r\n<\/section><section id=\"ls-section-block_89c8888429e29c1f80171763f70bd2b7\" class=\"ls-section  home-first page-one\" >\r\n        <div class=\"container container--wide\">\r\n        \n\n<div class=\"wp-block-columns are-vertically-aligned-center is-layout-flex wp-container-core-columns-is-layout-9d6595d7 wp-block-columns-is-layout-flex\">\n<div class=\"wp-block-column is-vertically-aligned-center is-layout-flow wp-block-column-is-layout-flow\" style=\"flex-basis:60%\">\n<figure class=\"wp-block-gallery has-nested-images columns-default is-cropped wp-block-gallery-3 is-layout-flex wp-block-gallery-is-layout-flex\">\n<figure class=\"wp-block-image size-full animated fadeIn slow\"><a href=\"https:\/\/www.marinahotelclub.com\/wp-content\/uploads\/2024\/04\/vue-aerienne-Sainte-Maxime.webp\"><img decoding=\"async\" width=\"1920\" height=\"1200\" data-id=\"875\" src=\"https:\/\/www.marinahotelclub.com\/wp-content\/uploads\/2024\/04\/vue-aerienne-Sainte-Maxime.webp\" alt=\"vue-aerienne-Sainte-Maxime\" class=\"wp-image-875\" srcset=\"https:\/\/www.marinahotelclub.com\/wp-content\/uploads\/2024\/04\/vue-aerienne-Sainte-Maxime.webp 1920w, https:\/\/www.marinahotelclub.com\/wp-content\/uploads\/2024\/04\/vue-aerienne-Sainte-Maxime-300x188.webp 300w, https:\/\/www.marinahotelclub.com\/wp-content\/uploads\/2024\/04\/vue-aerienne-Sainte-Maxime-1024x640.webp 1024w, https:\/\/www.marinahotelclub.com\/wp-content\/uploads\/2024\/04\/vue-aerienne-Sainte-Maxime-768x480.webp 768w, https:\/\/www.marinahotelclub.com\/wp-content\/uploads\/2024\/04\/vue-aerienne-Sainte-Maxime-1536x960.webp 1536w\" sizes=\"(max-width: 1920px) 100vw, 1920px\" \/><\/a><\/figure>\n\n\n\n<figure class=\"wp-block-image size-full animated fadeIn delay-200ms slow\"><a href=\"https:\/\/www.marinahotelclub.com\/wp-content\/uploads\/2024\/04\/Sainte-Maxime-ville.webp\"><img decoding=\"async\" width=\"1920\" height=\"1200\" data-id=\"884\" src=\"https:\/\/www.marinahotelclub.com\/wp-content\/uploads\/2024\/04\/Sainte-Maxime-ville.webp\" alt=\"Sainte-Maxime-ville\" class=\"wp-image-884\" srcset=\"https:\/\/www.marinahotelclub.com\/wp-content\/uploads\/2024\/04\/Sainte-Maxime-ville.webp 1920w, https:\/\/www.marinahotelclub.com\/wp-content\/uploads\/2024\/04\/Sainte-Maxime-ville-300x188.webp 300w, https:\/\/www.marinahotelclub.com\/wp-content\/uploads\/2024\/04\/Sainte-Maxime-ville-1024x640.webp 1024w, https:\/\/www.marinahotelclub.com\/wp-content\/uploads\/2024\/04\/Sainte-Maxime-ville-768x480.webp 768w, https:\/\/www.marinahotelclub.com\/wp-content\/uploads\/2024\/04\/Sainte-Maxime-ville-1536x960.webp 1536w\" sizes=\"(max-width: 1920px) 100vw, 1920px\" \/><\/a><\/figure>\n<\/figure>\n<\/div>\n\n\n\n<div class=\"wp-block-column is-vertically-aligned-center is-layout-flow wp-block-column-is-layout-flow\" style=\"flex-basis:40%\">\n<h2 class=\"ls__heading wp-block-heading\">Cultura e natura per le tue visite<\/h2>\n\n\n\n<p class=\"ls-paragraph\">A Sainte-Maxime, scopri una destinazione dove la cultura incontra la natura! Durante il tuo soggiorno, scoprirai l&#8217;architettura e il patrimonio della citt\u00e0, con il suo mix di modernit\u00e0, Art D\u00e9co e stile tradizionale provenzale.<\/p>\n\n\n\n<p class=\"ls-paragraph\">Ci sono anche <strong>musei affascinanti<\/strong>, come il Museo del <strong>Fonografo<\/strong> e della <strong>Musica<\/strong> <strong>Meccanica<\/strong>.<\/p>\n\n\n\n<p class=\"ls-paragraph\">Per quanto riguarda la natura, dirigiti verso il <strong>sentiero del Delfend <\/strong>per un&#8217;escursione sulle alture del Golfo, con vista fino ai massicci dei Maures e dell&#8217;Est\u00e9rel.<\/p>\n<\/div>\n<\/div>\n\n\r\n    <\/div>\r\n<\/section><section id=\"ls-section-block_9fef96188aa1660e2c7d4e436d9b5cc0\" class=\"ls-section  home-second page-two\" >\r\n        <div class=\"container container--wide\">\r\n        \n\n<div class=\"wp-block-columns are-vertically-aligned-center is-layout-flex wp-container-core-columns-is-layout-9d6595d7 wp-block-columns-is-layout-flex\">\n<div class=\"wp-block-column is-vertically-aligned-center is-layout-flow wp-block-column-is-layout-flow\" style=\"flex-basis:40%\">\n<h2 class=\"ls__heading wp-block-heading\">Sainte-Maxime a 15 minuti dall&#8217;hotel<\/h2>\n\n\n\n<p class=\"ls-paragraph\">Il Marina H\u00f4tel Club si trova in una posizione ideale per visitare Sainte-Maxime e godere regolarmente delle sue spiagge.<\/p>\n\n\n\n<p class=\"ls-paragraph\">Il resort si trova a<strong> meno di 10 km di distanza<\/strong>, raggiungibile in auto in 15 minuti e in bicicletta in meno di 30 minuti.<\/p>\n\n\n\n<p class=\"ls-paragraph\">Puoi arrivare facilmente anche in autobus (linea 876), dalla fermata La Foux a soli 300 m dal tuo hotel. \u00c8 un modo comodo per raggiungere il grande mercato di Sainte-Maxime il venerd\u00ec o i mercatini delle pulci del mercoled\u00ec sul lungomare!<\/p>\n<\/div>\n\n\n\n<div class=\"wp-block-column is-vertically-aligned-center is-layout-flow wp-block-column-is-layout-flow\" style=\"flex-basis:60%\">\n<figure class=\"wp-block-gallery has-nested-images columns-default is-cropped animated fadeInRight slow wp-block-gallery-4 is-layout-flex wp-block-gallery-is-layout-flex\">\n<figure class=\"wp-block-image size-full\"><a href=\"https:\/\/www.marinahotelclub.com\/wp-content\/uploads\/2024\/04\/vue-aerienne-piscines-hotel-camping-pres-Sainte-Maxime.webp\"><img decoding=\"async\" width=\"1600\" height=\"1600\" data-id=\"889\" src=\"https:\/\/www.marinahotelclub.com\/wp-content\/uploads\/2024\/04\/vue-aerienne-piscines-hotel-camping-pres-Sainte-Maxime.webp\" alt=\"vue-aerienne-piscine-hotel-camping-pres-Sainte-Maxime\" class=\"wp-image-889\" srcset=\"https:\/\/www.marinahotelclub.com\/wp-content\/uploads\/2024\/04\/vue-aerienne-piscines-hotel-camping-pres-Sainte-Maxime.webp 1600w, https:\/\/www.marinahotelclub.com\/wp-content\/uploads\/2024\/04\/vue-aerienne-piscines-hotel-camping-pres-Sainte-Maxime-300x300.webp 300w, https:\/\/www.marinahotelclub.com\/wp-content\/uploads\/2024\/04\/vue-aerienne-piscines-hotel-camping-pres-Sainte-Maxime-1024x1024.webp 1024w, https:\/\/www.marinahotelclub.com\/wp-content\/uploads\/2024\/04\/vue-aerienne-piscines-hotel-camping-pres-Sainte-Maxime-150x150.webp 150w, https:\/\/www.marinahotelclub.com\/wp-content\/uploads\/2024\/04\/vue-aerienne-piscines-hotel-camping-pres-Sainte-Maxime-768x768.webp 768w, https:\/\/www.marinahotelclub.com\/wp-content\/uploads\/2024\/04\/vue-aerienne-piscines-hotel-camping-pres-Sainte-Maxime-1536x1536.webp 1536w\" sizes=\"(max-width: 1600px) 100vw, 1600px\" \/><\/a><\/figure>\n<\/figure>\n<\/div>\n<\/div>\n\n\r\n    <\/div>\r\n<\/section><section id=\"ls-section-block_d956eae8ae657142926a4fddaa860229\" class=\"ls-section  page-cta\" >\r\n        <div class=\"container container--wide\">\r\n        \n\r\n<div id=\"ls-heading ls-titre-div-block_44c5341e2ef9329a564eb14f338e0de9\" class=\"ls-titre-div aligncenter h2-like\" >\r\n    Luoghi da visitare nei dintorni dell&#8217;hotel<\/div>\r\n\n\n<div id=\"ls-maillage-block_ae18148455ffafddb250d9cb656ac133\" class=\"ls-maillage cta-style-normal\" data-rows=\"3\">\r\n    <div class=\"wp-block-columns\"><div class=\"wp-block-column\">\r\n\r\n<a href=\"https:\/\/www.marinahotelclub.com\/it\/attivita-riviera-francese\/\" target=\"\" rel=\"noopener\" class=\"ls-cta__link\" data-categ=\"\">\r\n\t<div class=\"ls-cta__image\"><img decoding=\"async\" src=\"https:\/\/www.marinahotelclub.com\/wp-content\/uploads\/2024\/04\/activite-randonnee-foret.webp\" alt=\"\"><\/div>\r\n\t<div class=\"ls-cta__title\">\r\n\t\tAttivit\u00e0\t<\/div>\r\n\r\n\t<\/a><\/div><div class=\"wp-block-column\">\r\n\r\n<a href=\"https:\/\/www.marinahotelclub.com\/it\/hotel-grimaud\/\" target=\"\" rel=\"noopener\" class=\"ls-cta__link\" data-categ=\"\">\r\n\t<div class=\"ls-cta__image\"><img decoding=\"async\" src=\"https:\/\/www.marinahotelclub.com\/wp-content\/uploads\/2024\/03\/grimaud-marina-hotel-club-scaled.webp\" alt=\"\"><\/div>\r\n\t<div class=\"ls-cta__title\">\r\n\t\tGrimaud\t<\/div>\r\n\r\n\t<\/a><\/div><div class=\"wp-block-column\">\r\n\r\n<a href=\"https:\/\/www.marinahotelclub.com\/it\/turismo-saint-tropez\/\" target=\"\" rel=\"noopener\" class=\"ls-cta__link\" data-categ=\"\">\r\n\t<div class=\"ls-cta__image\"><img decoding=\"async\" src=\"https:\/\/www.marinahotelclub.com\/wp-content\/uploads\/2024\/03\/st-tropez-marina-hotel-club.webp\" alt=\"\"><\/div>\r\n\t<div class=\"ls-cta__title\">\r\n\t\tSaint-Tropez\t<\/div>\r\n\r\n\t<\/a><\/div><\/div><\/div>\n\r\n    <\/div>\r\n<\/section>","protected":false},"excerpt":{"rendered":"","protected":false},"author":1,"featured_media":882,"parent":0,"menu_order":0,"comment_status":"closed","ping_status":"closed","template":"","meta":{"_acf_changed":false,"footnotes":""},"sujet":[],"class_list":["post-1180","page","type-page","status-publish","has-post-thumbnail","hentry"],"acf":[],"yoast_head":"<!-- This site is optimized with the Yoast SEO plugin v22.6 - https:\/\/yoast.com\/wordpress\/plugins\/seo\/ -->\n<title>Esplora Sainte-Maxime: spiagge, porto affascinante e scoperte culturali<\/title>\n<meta name=\"description\" content=\"Scopri Sainte-Maxime: spiagge tranquille, passeggiate nel porto, treni turistici e cultura, tutto a 15 minuti dall&#039;hotel Marina H\u00f4tel Club.\" \/>\n<meta name=\"robots\" content=\"index, follow, max-snippet:-1, max-image-preview:large, max-video-preview:-1\" \/>\n<link rel=\"canonical\" href=\"https:\/\/www.marinahotelclub.com\/it\/hotel-sainte-maxime\/\" \/>\n<meta property=\"og:locale\" content=\"it_IT\" \/>\n<meta property=\"og:type\" content=\"article\" \/>\n<meta property=\"og:title\" content=\"Esplora Sainte-Maxime: spiagge, porto affascinante e scoperte culturali\" \/>\n<meta property=\"og:description\" content=\"Scopri Sainte-Maxime: spiagge tranquille, passeggiate nel porto, treni turistici e cultura, tutto a 15 minuti dall&#039;hotel Marina H\u00f4tel Club.\" \/>\n<meta property=\"og:url\" content=\"https:\/\/www.marinahotelclub.com\/it\/hotel-sainte-maxime\/\" \/>\n<meta property=\"og:site_name\" content=\"H\u00f4tel Marina Paradise\" \/>\n<meta property=\"article:modified_time\" content=\"2024-04-23T13:29:14+00:00\" \/>\n<meta property=\"og:image\" content=\"https:\/\/www.marinahotelclub.com\/wp-content\/uploads\/2024\/04\/port-Sainte-Maxime.webp\" \/>\n\t<meta property=\"og:image:width\" content=\"1920\" \/>\n\t<meta property=\"og:image:height\" content=\"1200\" \/>\n\t<meta property=\"og:image:type\" content=\"image\/webp\" \/>\n<meta name=\"twitter:card\" content=\"summary_large_image\" \/>\n<meta name=\"twitter:label1\" content=\"Tempo di lettura stimato\" \/>\n\t<meta name=\"twitter:data1\" content=\"2 minuti\" \/>\n<script type=\"application\/ld+json\" class=\"yoast-schema-graph\">{\"@context\":\"https:\/\/schema.org\",\"@graph\":[{\"@type\":\"WebPage\",\"@id\":\"https:\/\/www.marinahotelclub.com\/it\/hotel-sainte-maxime\/\",\"url\":\"https:\/\/www.marinahotelclub.com\/it\/hotel-sainte-maxime\/\",\"name\":\"Esplora Sainte-Maxime: spiagge, porto affascinante e scoperte culturali\",\"isPartOf\":{\"@id\":\"https:\/\/www.marinahotelclub.com\/it\/#website\"},\"primaryImageOfPage\":{\"@id\":\"https:\/\/www.marinahotelclub.com\/it\/hotel-sainte-maxime\/#primaryimage\"},\"image\":{\"@id\":\"https:\/\/www.marinahotelclub.com\/it\/hotel-sainte-maxime\/#primaryimage\"},\"thumbnailUrl\":\"https:\/\/www.marinahotelclub.com\/wp-content\/uploads\/2024\/04\/port-Sainte-Maxime.webp\",\"datePublished\":\"2024-03-28T13:47:42+00:00\",\"dateModified\":\"2024-04-23T13:29:14+00:00\",\"description\":\"Scopri Sainte-Maxime: spiagge tranquille, passeggiate nel porto, treni turistici e cultura, tutto a 15 minuti dall'hotel Marina H\u00f4tel Club.\",\"breadcrumb\":{\"@id\":\"https:\/\/www.marinahotelclub.com\/it\/hotel-sainte-maxime\/#breadcrumb\"},\"inLanguage\":\"it-IT\",\"potentialAction\":[{\"@type\":\"ReadAction\",\"target\":[\"https:\/\/www.marinahotelclub.com\/it\/hotel-sainte-maxime\/\"]}]},{\"@type\":\"ImageObject\",\"inLanguage\":\"it-IT\",\"@id\":\"https:\/\/www.marinahotelclub.com\/it\/hotel-sainte-maxime\/#primaryimage\",\"url\":\"https:\/\/www.marinahotelclub.com\/wp-content\/uploads\/2024\/04\/port-Sainte-Maxime.webp\",\"contentUrl\":\"https:\/\/www.marinahotelclub.com\/wp-content\/uploads\/2024\/04\/port-Sainte-Maxime.webp\",\"width\":1920,\"height\":1200},{\"@type\":\"BreadcrumbList\",\"@id\":\"https:\/\/www.marinahotelclub.com\/it\/hotel-sainte-maxime\/#breadcrumb\",\"itemListElement\":[{\"@type\":\"ListItem\",\"position\":1,\"name\":\"Marina H\u00f4tel Club\",\"item\":\"https:\/\/www.marinahotelclub.com\/it\/\"},{\"@type\":\"ListItem\",\"position\":2,\"name\":\"Sainte-Maxime\"}]},{\"@type\":\"WebSite\",\"@id\":\"https:\/\/www.marinahotelclub.com\/it\/#website\",\"url\":\"https:\/\/www.marinahotelclub.com\/it\/\",\"name\":\"H\u00f4tel Marina Paradise\",\"description\":\"\",\"publisher\":{\"@id\":\"https:\/\/www.marinahotelclub.com\/it\/#organization\"},\"inLanguage\":\"it-IT\"},{\"@type\":\"Organization\",\"@id\":\"https:\/\/www.marinahotelclub.com\/it\/#organization\",\"name\":\"H\u00f4tel Marina Paradise\",\"url\":\"https:\/\/www.marinahotelclub.com\/it\/\",\"logo\":{\"@type\":\"ImageObject\",\"inLanguage\":\"it-IT\",\"@id\":\"https:\/\/www.marinahotelclub.com\/it\/#\/schema\/logo\/image\/\",\"url\":\"https:\/\/www.marinahotelclub.com\/wp-content\/uploads\/2024\/03\/logo-marina-hotel-club.webp\",\"contentUrl\":\"https:\/\/www.marinahotelclub.com\/wp-content\/uploads\/2024\/03\/logo-marina-hotel-club.webp\",\"width\":686,\"height\":421,\"caption\":\"H\u00f4tel Marina Paradise\"},\"image\":{\"@id\":\"https:\/\/www.marinahotelclub.com\/it\/#\/schema\/logo\/image\/\"}}]}<\/script>\n<!-- \/ Yoast SEO plugin. -->","yoast_head_json":{"title":"Esplora Sainte-Maxime: spiagge, porto affascinante e scoperte culturali","description":"Scopri Sainte-Maxime: spiagge tranquille, passeggiate nel porto, treni turistici e cultura, tutto a 15 minuti dall'hotel Marina H\u00f4tel Club.","robots":{"index":"index","follow":"follow","max-snippet":"max-snippet:-1","max-image-preview":"max-image-preview:large","max-video-preview":"max-video-preview:-1"},"canonical":"https:\/\/www.marinahotelclub.com\/it\/hotel-sainte-maxime\/","og_locale":"it_IT","og_type":"article","og_title":"Esplora Sainte-Maxime: spiagge, porto affascinante e scoperte culturali","og_description":"Scopri Sainte-Maxime: spiagge tranquille, passeggiate nel porto, treni turistici e cultura, tutto a 15 minuti dall'hotel Marina H\u00f4tel Club.","og_url":"https:\/\/www.marinahotelclub.com\/it\/hotel-sainte-maxime\/","og_site_name":"H\u00f4tel Marina Paradise","article_modified_time":"2024-04-23T13:29:14+00:00","og_image":[{"width":1920,"height":1200,"url":"https:\/\/www.marinahotelclub.com\/wp-content\/uploads\/2024\/04\/port-Sainte-Maxime.webp","type":"image\/webp"}],"twitter_card":"summary_large_image","twitter_misc":{"Tempo di lettura stimato":"2 minuti"},"schema":{"@context":"https:\/\/schema.org","@graph":[{"@type":"WebPage","@id":"https:\/\/www.marinahotelclub.com\/it\/hotel-sainte-maxime\/","url":"https:\/\/www.marinahotelclub.com\/it\/hotel-sainte-maxime\/","name":"Esplora Sainte-Maxime: spiagge, porto affascinante e scoperte culturali","isPartOf":{"@id":"https:\/\/www.marinahotelclub.com\/it\/#website"},"primaryImageOfPage":{"@id":"https:\/\/www.marinahotelclub.com\/it\/hotel-sainte-maxime\/#primaryimage"},"image":{"@id":"https:\/\/www.marinahotelclub.com\/it\/hotel-sainte-maxime\/#primaryimage"},"thumbnailUrl":"https:\/\/www.marinahotelclub.com\/wp-content\/uploads\/2024\/04\/port-Sainte-Maxime.webp","datePublished":"2024-03-28T13:47:42+00:00","dateModified":"2024-04-23T13:29:14+00:00","description":"Scopri Sainte-Maxime: spiagge tranquille, passeggiate nel porto, treni turistici e cultura, tutto a 15 minuti dall'hotel Marina H\u00f4tel Club.","breadcrumb":{"@id":"https:\/\/www.marinahotelclub.com\/it\/hotel-sainte-maxime\/#breadcrumb"},"inLanguage":"it-IT","potentialAction":[{"@type":"ReadAction","target":["https:\/\/www.marinahotelclub.com\/it\/hotel-sainte-maxime\/"]}]},{"@type":"ImageObject","inLanguage":"it-IT","@id":"https:\/\/www.marinahotelclub.com\/it\/hotel-sainte-maxime\/#primaryimage","url":"https:\/\/www.marinahotelclub.com\/wp-content\/uploads\/2024\/04\/port-Sainte-Maxime.webp","contentUrl":"https:\/\/www.marinahotelclub.com\/wp-content\/uploads\/2024\/04\/port-Sainte-Maxime.webp","width":1920,"height":1200},{"@type":"BreadcrumbList","@id":"https:\/\/www.marinahotelclub.com\/it\/hotel-sainte-maxime\/#breadcrumb","itemListElement":[{"@type":"ListItem","position":1,"name":"Marina H\u00f4tel Club","item":"https:\/\/www.marinahotelclub.com\/it\/"},{"@type":"ListItem","position":2,"name":"Sainte-Maxime"}]},{"@type":"WebSite","@id":"https:\/\/www.marinahotelclub.com\/it\/#website","url":"https:\/\/www.marinahotelclub.com\/it\/","name":"H\u00f4tel Marina Paradise","description":"","publisher":{"@id":"https:\/\/www.marinahotelclub.com\/it\/#organization"},"inLanguage":"it-IT"},{"@type":"Organization","@id":"https:\/\/www.marinahotelclub.com\/it\/#organization","name":"H\u00f4tel Marina Paradise","url":"https:\/\/www.marinahotelclub.com\/it\/","logo":{"@type":"ImageObject","inLanguage":"it-IT","@id":"https:\/\/www.marinahotelclub.com\/it\/#\/schema\/logo\/image\/","url":"https:\/\/www.marinahotelclub.com\/wp-content\/uploads\/2024\/03\/logo-marina-hotel-club.webp","contentUrl":"https:\/\/www.marinahotelclub.com\/wp-content\/uploads\/2024\/03\/logo-marina-hotel-club.webp","width":686,"height":421,"caption":"H\u00f4tel Marina Paradise"},"image":{"@id":"https:\/\/www.marinahotelclub.com\/it\/#\/schema\/logo\/image\/"}}]}},"_links":{"self":[{"href":"https:\/\/www.marinahotelclub.com\/it\/wp-json\/wp\/v2\/pages\/1180","targetHints":{"allow":["GET"]}}],"collection":[{"href":"https:\/\/www.marinahotelclub.com\/it\/wp-json\/wp\/v2\/pages"}],"about":[{"href":"https:\/\/www.marinahotelclub.com\/it\/wp-json\/wp\/v2\/types\/page"}],"author":[{"embeddable":true,"href":"https:\/\/www.marinahotelclub.com\/it\/wp-json\/wp\/v2\/users\/1"}],"replies":[{"embeddable":true,"href":"https:\/\/www.marinahotelclub.com\/it\/wp-json\/wp\/v2\/comments?post=1180"}],"version-history":[{"count":3,"href":"https:\/\/www.marinahotelclub.com\/it\/wp-json\/wp\/v2\/pages\/1180\/revisions"}],"predecessor-version":[{"id":1187,"href":"https:\/\/www.marinahotelclub.com\/it\/wp-json\/wp\/v2\/pages\/1180\/revisions\/1187"}],"wp:featuredmedia":[{"embeddable":true,"href":"https:\/\/www.marinahotelclub.com\/it\/wp-json\/wp\/v2\/media\/882"}],"wp:attachment":[{"href":"https:\/\/www.marinahotelclub.com\/it\/wp-json\/wp\/v2\/media?parent=1180"}],"wp:term":[{"taxonomy":"sujet","embeddable":true,"href":"https:\/\/www.marinahotelclub.com\/it\/wp-json\/wp\/v2\/sujet?post=1180"}],"curies":[{"name":"wp","href":"https:\/\/api.w.org\/{rel}","templated":true}]}}