{"id":1192,"date":"2024-04-17T16:24:16","date_gmt":"2024-04-17T14:24:16","guid":{"rendered":"https:\/\/www.marinahotelclub.com\/hotel-economico-costa-azzurra\/"},"modified":"2024-04-23T15:35:48","modified_gmt":"2024-04-23T13:35:48","slug":"hotel-economico-costa-azzurra","status":"publish","type":"page","link":"https:\/\/www.marinahotelclub.com\/it\/hotel-economico-costa-azzurra\/","title":{"rendered":"Tariffe"},"content":{"rendered":"<section id=\"ls-section-block_6d3ef481034e906254b7b73aa5fb2d9d\" class=\"ls-section  home-first page-one\" >\r\n        <div class=\"container container--wide\">\r\n        \n\n<h1 class=\"ls__heading wp-block-heading has-text-align-center\">Il tuo pernottamento al miglior prezzo in un hotel della Costa Azzurra<\/h1>\n\n\n\n<div class=\"wp-block-columns are-vertically-aligned-center is-layout-flex wp-container-core-columns-is-layout-9d6595d7 wp-block-columns-is-layout-flex\">\n<div class=\"wp-block-column is-vertically-aligned-center is-layout-flow wp-block-column-is-layout-flow\" style=\"flex-basis:60%\">\n<figure class=\"wp-block-gallery has-nested-images columns-default is-cropped wp-block-gallery-1 is-layout-flex wp-block-gallery-is-layout-flex\">\n<figure class=\"wp-block-image size-full animated fadeIn slow\"><a href=\"https:\/\/www.marinahotelclub.com\/wp-content\/uploads\/2024\/04\/voiles-Saint-Tropez.webp\"><img decoding=\"async\" width=\"2000\" height=\"1125\" data-id=\"667\" src=\"https:\/\/www.marinahotelclub.com\/wp-content\/uploads\/2024\/04\/voiles-Saint-Tropez.webp\" alt=\"vele-Saint-Tropez\" class=\"wp-image-667\" srcset=\"https:\/\/www.marinahotelclub.com\/wp-content\/uploads\/2024\/04\/voiles-Saint-Tropez.webp 2000w, https:\/\/www.marinahotelclub.com\/wp-content\/uploads\/2024\/04\/voiles-Saint-Tropez-300x169.webp 300w, https:\/\/www.marinahotelclub.com\/wp-content\/uploads\/2024\/04\/voiles-Saint-Tropez-1024x576.webp 1024w, https:\/\/www.marinahotelclub.com\/wp-content\/uploads\/2024\/04\/voiles-Saint-Tropez-768x432.webp 768w, https:\/\/www.marinahotelclub.com\/wp-content\/uploads\/2024\/04\/voiles-Saint-Tropez-1536x864.webp 1536w\" sizes=\"(max-width: 2000px) 100vw, 2000px\" \/><\/a><\/figure>\n\n\n\n<figure class=\"wp-block-image size-full animated fadeIn delay-200ms slow\"><a href=\"https:\/\/www.marinahotelclub.com\/wp-content\/uploads\/2024\/04\/exterieur-chambres-Marina-Hotel-Club-Cote-Azur-scaled.webp\"><img decoding=\"async\" width=\"1440\" height=\"2560\" data-id=\"659\" src=\"https:\/\/www.marinahotelclub.com\/wp-content\/uploads\/2024\/04\/exterieur-chambres-Marina-Hotel-Club-Cote-Azur-scaled.webp\" alt=\"camere esterne-Marina-Hotel-Club-Cote-Azur\" class=\"wp-image-659\" srcset=\"https:\/\/www.marinahotelclub.com\/wp-content\/uploads\/2024\/04\/exterieur-chambres-Marina-Hotel-Club-Cote-Azur-scaled.webp 1440w, https:\/\/www.marinahotelclub.com\/wp-content\/uploads\/2024\/04\/exterieur-chambres-Marina-Hotel-Club-Cote-Azur-169x300.webp 169w, https:\/\/www.marinahotelclub.com\/wp-content\/uploads\/2024\/04\/exterieur-chambres-Marina-Hotel-Club-Cote-Azur-576x1024.webp 576w, https:\/\/www.marinahotelclub.com\/wp-content\/uploads\/2024\/04\/exterieur-chambres-Marina-Hotel-Club-Cote-Azur-768x1366.webp 768w, https:\/\/www.marinahotelclub.com\/wp-content\/uploads\/2024\/04\/exterieur-chambres-Marina-Hotel-Club-Cote-Azur-864x1536.webp 864w, https:\/\/www.marinahotelclub.com\/wp-content\/uploads\/2024\/04\/exterieur-chambres-Marina-Hotel-Club-Cote-Azur-1152x2048.webp 1152w\" sizes=\"(max-width: 1440px) 100vw, 1440px\" \/><\/a><\/figure>\n<\/figure>\n<\/div>\n\n\n\n<div class=\"wp-block-column is-vertically-aligned-center is-layout-flow wp-block-column-is-layout-flow\" style=\"flex-basis:40%\">\n<h2 class=\"ls__heading wp-block-heading\">Le nostre camere alle migliori tariffe<\/h2>\n\n\n\n<p class=\"ls-paragraph\">Vuoi trascorrere una vacanza in Costa Azzurra e stai cercando un hotel economico vicino a Saint-Tropez? L&#8217;<strong> hotel pi\u00f9 economico del Golfo<\/strong>, il <a href=\"https:\/\/www.marinahotelclub.com\/it\/\">Marina H\u00f4tel Club<\/a>, \u00e8 la tua destinazione.<\/p>\n\n\n\n<p class=\"ls-paragraph\">Con un&#8217;<strong>ampia scelta di camere <\/strong>(doppie, matrimoniali, familiari) e di<strong>aparthotel<\/strong>, potrai scegliere la sistemazione perfetta per le tue vacanze, il tuo weekend o il tuo viaggio di lavoro.<\/p>\n\n\n\n<p class=\"ls-paragraph\">Situato in una posizione ideale vicino a Saint-Tropez, il Marina H\u00f4tel Club \u00e8 una base comoda per partecipare ai principali eventi del villaggio pi\u00f9 famoso della Provenza. Ci vediamo a maggio per le bravate, a settembre per le vele, a ottobre per la grande braderie o a giugno per il festival Do You Saint-Tropez!<\/p>\n\n\n\n<p class=\"ls-paragraph\">Le nostre <strong>camere d&#8217;albergo economiche in Costa Azzurra <\/strong>ti permettono anche di trascorrere qualche giorno nel Golfo di Saint-Tropez per <strong>assistere a eventi nautici <\/strong>come le Vele Latine, la Giraglia Rolex Cup, le Ali di Saint-Tropez e le Vele d&#8217;Autunno.<\/p>\n<\/div>\n<\/div>\n\n\r\n    <\/div>\r\n<\/section><section id=\"ls-section-block_5c3be3fe36cc0edb4aeadc64da93e86d\" class=\"ls-section  home-second page-two\" >\r\n        <div class=\"container container--wide\">\r\n        \n\n<div class=\"wp-block-columns are-vertically-aligned-center is-layout-flex wp-container-core-columns-is-layout-9d6595d7 wp-block-columns-is-layout-flex\">\n<div class=\"wp-block-column is-vertically-aligned-center is-layout-flow wp-block-column-is-layout-flow\" style=\"flex-basis:40%\">\n<h2 class=\"ls__heading wp-block-heading\">Prenota direttamente per approfittare dei nostri prezzi migliori<\/h2>\n\n\n\n<p class=\"ls-paragraph\">Stai cercando l&#8217;hotel pi\u00f9 economico per la tua vacanza in Costa Azzurra o per <strong>organizzare una vacanza di gruppo nel Golfo di Saint-Tropez?<\/strong> Non c&#8217;\u00e8 bisogno di perdere tempo a confrontare i prezzi su tutte le piattaforme di intermediazione. Prenota direttamente per approfittare <strong>delle migliori tariffe garantite!<\/strong><\/p>\n\n\n\n<p class=\"ls-paragraph\">Utilizzando il nostro sito web o contattandoci direttamente, puoi essere certo di ricevere i <strong>prezzi pi\u00f9 bassi<\/strong>. Meglio ancora, spesso puoi approfittare di<strong> promozioni esclusive!<\/strong><\/p>\n<\/div>\n\n\n\n<div class=\"wp-block-column is-vertically-aligned-center is-layout-flow wp-block-column-is-layout-flow\" style=\"flex-basis:60%\">\n<figure class=\"wp-block-gallery has-nested-images columns-default is-cropped animated fadeInRight slow wp-block-gallery-2 is-layout-flex wp-block-gallery-is-layout-flex\">\n<figure class=\"wp-block-image size-full\"><a href=\"https:\/\/www.marinahotelclub.com\/wp-content\/uploads\/2024\/04\/vacances-sejour-bord-riviere-port.webp\"><img decoding=\"async\" width=\"1080\" height=\"1500\" data-id=\"672\" src=\"https:\/\/www.marinahotelclub.com\/wp-content\/uploads\/2024\/04\/vacances-sejour-bord-riviere-port.webp\" alt=\"soggiorno-vacanza-bord-riviere-port\" class=\"wp-image-672\" srcset=\"https:\/\/www.marinahotelclub.com\/wp-content\/uploads\/2024\/04\/vacances-sejour-bord-riviere-port.webp 1080w, https:\/\/www.marinahotelclub.com\/wp-content\/uploads\/2024\/04\/vacances-sejour-bord-riviere-port-216x300.webp 216w, https:\/\/www.marinahotelclub.com\/wp-content\/uploads\/2024\/04\/vacances-sejour-bord-riviere-port-737x1024.webp 737w, https:\/\/www.marinahotelclub.com\/wp-content\/uploads\/2024\/04\/vacances-sejour-bord-riviere-port-768x1067.webp 768w\" sizes=\"(max-width: 1080px) 100vw, 1080px\" \/><\/a><\/figure>\n<\/figure>\n<\/div>\n<\/div>\n\n\r\n    <\/div>\r\n<\/section><section id=\"ls-section-block_ff49567888ac3547e815e32c982fec38\" class=\"ls-section  page-cta\" >\r\n        <div class=\"container container--wide\">\r\n        \n\r\n<div id=\"ls-heading ls-titre-div-block_b3b91f19c74b817cede9e152488a3609\" class=\"ls-titre-div aligncenter h2-like\" >\r\n    Scopri i nostri servizi, la piscina e le camere<\/div>\r\n\n\n<div id=\"ls-maillage-block_16c170dd390a1b3abcd04df3315a6a97\" class=\"ls-maillage cta-style-normal\" data-rows=\"3\">\r\n    <div class=\"wp-block-columns\"><div class=\"wp-block-column\">\r\n\r\n<a href=\"https:\/\/www.marinahotelclub.com\/it\/hotel-piscina-saint-tropez\/\" target=\"\" rel=\"noopener\" class=\"ls-cta__link\" data-categ=\"\">\r\n\t<div class=\"ls-cta__image\"><img decoding=\"async\" src=\"https:\/\/www.marinahotelclub.com\/wp-content\/uploads\/2024\/04\/detente-piscine.webp\" alt=\"\"><\/div>\r\n\t<div class=\"ls-cta__title\">\r\n\t\tLa piscina\t<\/div>\r\n\r\n\t<\/a><\/div><div class=\"wp-block-column\">\r\n\r\n<a href=\"https:\/\/www.marinahotelclub.com\/it\/servizi-hotel-saint-tropez\/\" target=\"\" rel=\"noopener\" class=\"ls-cta__link\" data-categ=\"\">\r\n\t<div class=\"ls-cta__image\"><img decoding=\"async\" src=\"https:\/\/www.marinahotelclub.com\/wp-content\/uploads\/2024\/04\/reception-Marina-Hotel-Club.webp\" alt=\"\"><\/div>\r\n\t<div class=\"ls-cta__title\">\r\n\t\tI nostri servizi\t<\/div>\r\n\r\n\t<\/a><\/div><div class=\"wp-block-column\">\r\n\r\n<a href=\"https:\/\/www.marinahotelclub.com\/it\/prenota-camera-costa-azzurra\/\" target=\"\" rel=\"noopener\" class=\"ls-cta__link\" data-categ=\"\">\r\n\t<div class=\"ls-cta__image\"><img decoding=\"async\" src=\"https:\/\/www.marinahotelclub.com\/wp-content\/uploads\/2024\/04\/chambre-familiale.webp\" alt=\"\"><\/div>\r\n\t<div class=\"ls-cta__title\">\r\n\t\tLe camere\t<\/div>\r\n\r\n\t<\/a><\/div><\/div><\/div>\n\r\n    <\/div>\r\n<\/section>","protected":false},"excerpt":{"rendered":"","protected":false},"author":1,"featured_media":717,"parent":0,"menu_order":0,"comment_status":"closed","ping_status":"closed","template":"","meta":{"_acf_changed":false,"footnotes":""},"sujet":[],"class_list":["post-1192","page","type-page","status-publish","has-post-thumbnail","hentry"],"acf":[],"yoast_head":"<!-- This site is optimized with the Yoast SEO plugin v22.6 - https:\/\/yoast.com\/wordpress\/plugins\/seo\/ -->\n<title>Camere d&#039;albergo economiche per un soggiorno in Costa Azzurra<\/title>\n<meta name=\"description\" content=\"Marina H\u00f4tel Club, l&#039;hotel pi\u00f9 conveniente del Golfo di Saint-Tropez. Camere ideali per vacanze ed eventi alle migliori tariffe della Costa Azzurra.\" \/>\n<meta name=\"robots\" content=\"index, follow, max-snippet:-1, max-image-preview:large, max-video-preview:-1\" \/>\n<link rel=\"canonical\" href=\"https:\/\/www.marinahotelclub.com\/it\/hotel-economico-costa-azzurra\/\" \/>\n<meta property=\"og:locale\" content=\"it_IT\" \/>\n<meta property=\"og:type\" content=\"article\" \/>\n<meta property=\"og:title\" content=\"Camere d&#039;albergo economiche per un soggiorno in Costa Azzurra\" \/>\n<meta property=\"og:description\" content=\"Marina H\u00f4tel Club, l&#039;hotel pi\u00f9 conveniente del Golfo di Saint-Tropez. Camere ideali per vacanze ed eventi alle migliori tariffe della Costa Azzurra.\" \/>\n<meta property=\"og:url\" content=\"https:\/\/www.marinahotelclub.com\/it\/hotel-economico-costa-azzurra\/\" \/>\n<meta property=\"og:site_name\" content=\"H\u00f4tel Marina Paradise\" \/>\n<meta property=\"article:modified_time\" content=\"2024-04-23T13:35:48+00:00\" \/>\n<meta property=\"og:image\" content=\"https:\/\/www.marinahotelclub.com\/wp-content\/uploads\/2024\/04\/chambre-familiale-hotel-Cote-Azur.webp\" \/>\n\t<meta property=\"og:image:width\" content=\"2000\" \/>\n\t<meta property=\"og:image:height\" content=\"1333\" \/>\n\t<meta property=\"og:image:type\" content=\"image\/webp\" \/>\n<meta name=\"twitter:card\" content=\"summary_large_image\" \/>\n<meta name=\"twitter:label1\" content=\"Tempo di lettura stimato\" \/>\n\t<meta name=\"twitter:data1\" content=\"1 minuto\" \/>\n<script type=\"application\/ld+json\" class=\"yoast-schema-graph\">{\"@context\":\"https:\/\/schema.org\",\"@graph\":[{\"@type\":\"WebPage\",\"@id\":\"https:\/\/www.marinahotelclub.com\/it\/hotel-economico-costa-azzurra\/\",\"url\":\"https:\/\/www.marinahotelclub.com\/it\/hotel-economico-costa-azzurra\/\",\"name\":\"Camere d'albergo economiche per un soggiorno in Costa Azzurra\",\"isPartOf\":{\"@id\":\"https:\/\/www.marinahotelclub.com\/it\/#website\"},\"primaryImageOfPage\":{\"@id\":\"https:\/\/www.marinahotelclub.com\/it\/hotel-economico-costa-azzurra\/#primaryimage\"},\"image\":{\"@id\":\"https:\/\/www.marinahotelclub.com\/it\/hotel-economico-costa-azzurra\/#primaryimage\"},\"thumbnailUrl\":\"https:\/\/www.marinahotelclub.com\/wp-content\/uploads\/2024\/04\/chambre-familiale-hotel-Cote-Azur.webp\",\"datePublished\":\"2024-04-17T14:24:16+00:00\",\"dateModified\":\"2024-04-23T13:35:48+00:00\",\"description\":\"Marina H\u00f4tel Club, l'hotel pi\u00f9 conveniente del Golfo di Saint-Tropez. Camere ideali per vacanze ed eventi alle migliori tariffe della Costa Azzurra.\",\"breadcrumb\":{\"@id\":\"https:\/\/www.marinahotelclub.com\/it\/hotel-economico-costa-azzurra\/#breadcrumb\"},\"inLanguage\":\"it-IT\",\"potentialAction\":[{\"@type\":\"ReadAction\",\"target\":[\"https:\/\/www.marinahotelclub.com\/it\/hotel-economico-costa-azzurra\/\"]}]},{\"@type\":\"ImageObject\",\"inLanguage\":\"it-IT\",\"@id\":\"https:\/\/www.marinahotelclub.com\/it\/hotel-economico-costa-azzurra\/#primaryimage\",\"url\":\"https:\/\/www.marinahotelclub.com\/wp-content\/uploads\/2024\/04\/chambre-familiale-hotel-Cote-Azur.webp\",\"contentUrl\":\"https:\/\/www.marinahotelclub.com\/wp-content\/uploads\/2024\/04\/chambre-familiale-hotel-Cote-Azur.webp\",\"width\":2000,\"height\":1333},{\"@type\":\"BreadcrumbList\",\"@id\":\"https:\/\/www.marinahotelclub.com\/it\/hotel-economico-costa-azzurra\/#breadcrumb\",\"itemListElement\":[{\"@type\":\"ListItem\",\"position\":1,\"name\":\"Marina H\u00f4tel Club\",\"item\":\"https:\/\/www.marinahotelclub.com\/it\/\"},{\"@type\":\"ListItem\",\"position\":2,\"name\":\"Tariffe\"}]},{\"@type\":\"WebSite\",\"@id\":\"https:\/\/www.marinahotelclub.com\/it\/#website\",\"url\":\"https:\/\/www.marinahotelclub.com\/it\/\",\"name\":\"H\u00f4tel Marina Paradise\",\"description\":\"\",\"publisher\":{\"@id\":\"https:\/\/www.marinahotelclub.com\/it\/#organization\"},\"inLanguage\":\"it-IT\"},{\"@type\":\"Organization\",\"@id\":\"https:\/\/www.marinahotelclub.com\/it\/#organization\",\"name\":\"H\u00f4tel Marina Paradise\",\"url\":\"https:\/\/www.marinahotelclub.com\/it\/\",\"logo\":{\"@type\":\"ImageObject\",\"inLanguage\":\"it-IT\",\"@id\":\"https:\/\/www.marinahotelclub.com\/it\/#\/schema\/logo\/image\/\",\"url\":\"https:\/\/www.marinahotelclub.com\/wp-content\/uploads\/2024\/03\/logo-marina-hotel-club.webp\",\"contentUrl\":\"https:\/\/www.marinahotelclub.com\/wp-content\/uploads\/2024\/03\/logo-marina-hotel-club.webp\",\"width\":686,\"height\":421,\"caption\":\"H\u00f4tel Marina Paradise\"},\"image\":{\"@id\":\"https:\/\/www.marinahotelclub.com\/it\/#\/schema\/logo\/image\/\"}}]}<\/script>\n<!-- \/ Yoast SEO plugin. -->","yoast_head_json":{"title":"Camere d'albergo economiche per un soggiorno in Costa Azzurra","description":"Marina H\u00f4tel Club, l'hotel pi\u00f9 conveniente del Golfo di Saint-Tropez. Camere ideali per vacanze ed eventi alle migliori tariffe della Costa Azzurra.","robots":{"index":"index","follow":"follow","max-snippet":"max-snippet:-1","max-image-preview":"max-image-preview:large","max-video-preview":"max-video-preview:-1"},"canonical":"https:\/\/www.marinahotelclub.com\/it\/hotel-economico-costa-azzurra\/","og_locale":"it_IT","og_type":"article","og_title":"Camere d'albergo economiche per un soggiorno in Costa Azzurra","og_description":"Marina H\u00f4tel Club, l'hotel pi\u00f9 conveniente del Golfo di Saint-Tropez. Camere ideali per vacanze ed eventi alle migliori tariffe della Costa Azzurra.","og_url":"https:\/\/www.marinahotelclub.com\/it\/hotel-economico-costa-azzurra\/","og_site_name":"H\u00f4tel Marina Paradise","article_modified_time":"2024-04-23T13:35:48+00:00","og_image":[{"width":2000,"height":1333,"url":"https:\/\/www.marinahotelclub.com\/wp-content\/uploads\/2024\/04\/chambre-familiale-hotel-Cote-Azur.webp","type":"image\/webp"}],"twitter_card":"summary_large_image","twitter_misc":{"Tempo di lettura stimato":"1 minuto"},"schema":{"@context":"https:\/\/schema.org","@graph":[{"@type":"WebPage","@id":"https:\/\/www.marinahotelclub.com\/it\/hotel-economico-costa-azzurra\/","url":"https:\/\/www.marinahotelclub.com\/it\/hotel-economico-costa-azzurra\/","name":"Camere d'albergo economiche per un soggiorno in Costa Azzurra","isPartOf":{"@id":"https:\/\/www.marinahotelclub.com\/it\/#website"},"primaryImageOfPage":{"@id":"https:\/\/www.marinahotelclub.com\/it\/hotel-economico-costa-azzurra\/#primaryimage"},"image":{"@id":"https:\/\/www.marinahotelclub.com\/it\/hotel-economico-costa-azzurra\/#primaryimage"},"thumbnailUrl":"https:\/\/www.marinahotelclub.com\/wp-content\/uploads\/2024\/04\/chambre-familiale-hotel-Cote-Azur.webp","datePublished":"2024-04-17T14:24:16+00:00","dateModified":"2024-04-23T13:35:48+00:00","description":"Marina H\u00f4tel Club, l'hotel pi\u00f9 conveniente del Golfo di Saint-Tropez. Camere ideali per vacanze ed eventi alle migliori tariffe della Costa Azzurra.","breadcrumb":{"@id":"https:\/\/www.marinahotelclub.com\/it\/hotel-economico-costa-azzurra\/#breadcrumb"},"inLanguage":"it-IT","potentialAction":[{"@type":"ReadAction","target":["https:\/\/www.marinahotelclub.com\/it\/hotel-economico-costa-azzurra\/"]}]},{"@type":"ImageObject","inLanguage":"it-IT","@id":"https:\/\/www.marinahotelclub.com\/it\/hotel-economico-costa-azzurra\/#primaryimage","url":"https:\/\/www.marinahotelclub.com\/wp-content\/uploads\/2024\/04\/chambre-familiale-hotel-Cote-Azur.webp","contentUrl":"https:\/\/www.marinahotelclub.com\/wp-content\/uploads\/2024\/04\/chambre-familiale-hotel-Cote-Azur.webp","width":2000,"height":1333},{"@type":"BreadcrumbList","@id":"https:\/\/www.marinahotelclub.com\/it\/hotel-economico-costa-azzurra\/#breadcrumb","itemListElement":[{"@type":"ListItem","position":1,"name":"Marina H\u00f4tel Club","item":"https:\/\/www.marinahotelclub.com\/it\/"},{"@type":"ListItem","position":2,"name":"Tariffe"}]},{"@type":"WebSite","@id":"https:\/\/www.marinahotelclub.com\/it\/#website","url":"https:\/\/www.marinahotelclub.com\/it\/","name":"H\u00f4tel Marina Paradise","description":"","publisher":{"@id":"https:\/\/www.marinahotelclub.com\/it\/#organization"},"inLanguage":"it-IT"},{"@type":"Organization","@id":"https:\/\/www.marinahotelclub.com\/it\/#organization","name":"H\u00f4tel Marina Paradise","url":"https:\/\/www.marinahotelclub.com\/it\/","logo":{"@type":"ImageObject","inLanguage":"it-IT","@id":"https:\/\/www.marinahotelclub.com\/it\/#\/schema\/logo\/image\/","url":"https:\/\/www.marinahotelclub.com\/wp-content\/uploads\/2024\/03\/logo-marina-hotel-club.webp","contentUrl":"https:\/\/www.marinahotelclub.com\/wp-content\/uploads\/2024\/03\/logo-marina-hotel-club.webp","width":686,"height":421,"caption":"H\u00f4tel Marina Paradise"},"image":{"@id":"https:\/\/www.marinahotelclub.com\/it\/#\/schema\/logo\/image\/"}}]}},"_links":{"self":[{"href":"https:\/\/www.marinahotelclub.com\/it\/wp-json\/wp\/v2\/pages\/1192","targetHints":{"allow":["GET"]}}],"collection":[{"href":"https:\/\/www.marinahotelclub.com\/it\/wp-json\/wp\/v2\/pages"}],"about":[{"href":"https:\/\/www.marinahotelclub.com\/it\/wp-json\/wp\/v2\/types\/page"}],"author":[{"embeddable":true,"href":"https:\/\/www.marinahotelclub.com\/it\/wp-json\/wp\/v2\/users\/1"}],"replies":[{"embeddable":true,"href":"https:\/\/www.marinahotelclub.com\/it\/wp-json\/wp\/v2\/comments?post=1192"}],"version-history":[{"count":1,"href":"https:\/\/www.marinahotelclub.com\/it\/wp-json\/wp\/v2\/pages\/1192\/revisions"}],"predecessor-version":[{"id":1193,"href":"https:\/\/www.marinahotelclub.com\/it\/wp-json\/wp\/v2\/pages\/1192\/revisions\/1193"}],"wp:featuredmedia":[{"embeddable":true,"href":"https:\/\/www.marinahotelclub.com\/it\/wp-json\/wp\/v2\/media\/717"}],"wp:attachment":[{"href":"https:\/\/www.marinahotelclub.com\/it\/wp-json\/wp\/v2\/media?parent=1192"}],"wp:term":[{"taxonomy":"sujet","embeddable":true,"href":"https:\/\/www.marinahotelclub.com\/it\/wp-json\/wp\/v2\/sujet?post=1192"}],"curies":[{"name":"wp","href":"https:\/\/api.w.org\/{rel}","templated":true}]}}