{"id":1203,"date":"2024-04-17T16:24:15","date_gmt":"2024-04-17T14:24:15","guid":{"rendered":"https:\/\/www.marinahotelclub.com\/servizi-hotel-saint-tropez\/"},"modified":"2024-04-24T16:03:03","modified_gmt":"2024-04-24T14:03:03","slug":"servizi-hotel-saint-tropez","status":"publish","type":"page","link":"https:\/\/www.marinahotelclub.com\/it\/servizi-hotel-saint-tropez\/","title":{"rendered":"I servizi"},"content":{"rendered":"<section id=\"ls-section-block_f912348bff1af8e509f444f9c3cfeea1\" class=\"ls-section  home-first page-one\" >\r\n        <div class=\"container container--wide\">\r\n        \n\n<h1 class=\"ls__heading wp-block-heading has-text-align-center\">Servizi alberghieri in Costa Azzurra<\/h1>\n\n\n\n<p class=\"ls-paragraph has-text-align-center\">La nostra reception, aperta tutti i giorni, si adatta per offrirti un servizio di qualit\u00e0. Durante l&#8217;<strong>alta stagione<\/strong>, da luglio ad agosto, siamo disponibili dalle<strong> 8 a mezzanotte<\/strong> per rispondere in modo efficiente a tutte le tue richieste, rendendo il tuo soggiorno con noi ancora pi\u00f9 piacevole.<\/p>\n\n\n\n<p class=\"ls-paragraph has-text-align-center\">Al di fuori di questo periodo, i nostri orari di apertura sono dalle <strong>9.00 alle 12.00 e dalle 14.00 alle 23.00<\/strong>, per consentire un&#8217;attenzione pi\u00f9 personalizzata. Il nostro team si impegna a rendere il tuo soggiorno nel nostro<a href=\"https:\/\/www.marinahotelclub.com\/it\/\">hotel in Costa<\/a> Azzurra un&#8217;esperienza straordinaria.<\/p>\n\n\n\n<div class=\"wp-block-columns are-vertically-aligned-center is-layout-flex wp-container-core-columns-is-layout-9d6595d7 wp-block-columns-is-layout-flex\">\n<div class=\"wp-block-column is-vertically-aligned-center is-layout-flow wp-block-column-is-layout-flow\" style=\"flex-basis:60%\">\n<figure class=\"wp-block-gallery has-nested-images columns-default is-cropped wp-block-gallery-1 is-layout-flex wp-block-gallery-is-layout-flex\">\n<figure class=\"wp-block-image size-full animated fadeIn slow\"><a href=\"https:\/\/www.marinahotelclub.com\/wp-content\/uploads\/2024\/04\/terrasse-snack-restaurant-hotel-marina-paradise-scaled.webp\"><img decoding=\"async\" width=\"1440\" height=\"2560\" data-id=\"519\" src=\"https:\/\/www.marinahotelclub.com\/wp-content\/uploads\/2024\/04\/terrasse-snack-restaurant-hotel-marina-paradise-scaled.webp\" alt=\"terrazza-snack-ristorante-hotel-marina-paradise\" class=\"wp-image-519\" srcset=\"https:\/\/www.marinahotelclub.com\/wp-content\/uploads\/2024\/04\/terrasse-snack-restaurant-hotel-marina-paradise-scaled.webp 1440w, https:\/\/www.marinahotelclub.com\/wp-content\/uploads\/2024\/04\/terrasse-snack-restaurant-hotel-marina-paradise-169x300.webp 169w, https:\/\/www.marinahotelclub.com\/wp-content\/uploads\/2024\/04\/terrasse-snack-restaurant-hotel-marina-paradise-576x1024.webp 576w, https:\/\/www.marinahotelclub.com\/wp-content\/uploads\/2024\/04\/terrasse-snack-restaurant-hotel-marina-paradise-768x1365.webp 768w, https:\/\/www.marinahotelclub.com\/wp-content\/uploads\/2024\/04\/terrasse-snack-restaurant-hotel-marina-paradise-864x1536.webp 864w, https:\/\/www.marinahotelclub.com\/wp-content\/uploads\/2024\/04\/terrasse-snack-restaurant-hotel-marina-paradise-1152x2048.webp 1152w\" sizes=\"(max-width: 1440px) 100vw, 1440px\" \/><\/a><\/figure>\n\n\n\n<figure class=\"wp-block-image size-full animated fadeIn delay-200ms slow\"><a href=\"https:\/\/www.marinahotelclub.com\/wp-content\/uploads\/2024\/04\/femme-terrasse-bar-tablette-connexion-wifi.webp\"><img decoding=\"async\" width=\"1080\" height=\"1500\" data-id=\"523\" src=\"https:\/\/www.marinahotelclub.com\/wp-content\/uploads\/2024\/04\/femme-terrasse-bar-tablette-connexion-wifi.webp\" alt=\"donna-terrazza-bar-tablet-wifi\" class=\"wp-image-523\" srcset=\"https:\/\/www.marinahotelclub.com\/wp-content\/uploads\/2024\/04\/femme-terrasse-bar-tablette-connexion-wifi.webp 1080w, https:\/\/www.marinahotelclub.com\/wp-content\/uploads\/2024\/04\/femme-terrasse-bar-tablette-connexion-wifi-216x300.webp 216w, https:\/\/www.marinahotelclub.com\/wp-content\/uploads\/2024\/04\/femme-terrasse-bar-tablette-connexion-wifi-737x1024.webp 737w, https:\/\/www.marinahotelclub.com\/wp-content\/uploads\/2024\/04\/femme-terrasse-bar-tablette-connexion-wifi-768x1067.webp 768w\" sizes=\"(max-width: 1080px) 100vw, 1080px\" \/><\/a><\/figure>\n<\/figure>\n<\/div>\n\n\n\n<div class=\"wp-block-column is-vertically-aligned-center is-layout-flow wp-block-column-is-layout-flow\" style=\"flex-basis:40%\">\n<h2 class=\"ls__heading wp-block-heading\">Connessione Wifi<\/h2>\n\n\n\n<p class=\"ls-paragraph\">Il nostro hotel offre la <strong>connessione Wi-Fi ad alta velocit\u00e0 gratuita<\/strong>, che ti permette di rimanere connesso con il mondo senza costi aggiuntivi. Che tu sia per lavoro o in vacanza, il nostro servizio Wi-Fi affidabile e sicuro ti garantisce un&#8217;esperienza online senza problemi. Goditi l&#8217;accesso immediato alle tue e-mail, ai social network o a qualsiasi contenuto online dalla comodit\u00e0 della nostra sede.<\/p>\n<\/div>\n<\/div>\n\n\r\n    <\/div>\r\n<\/section><section id=\"ls-section-block_9ce72bc022a8e59591f2c3aa698bfc72\" class=\"ls-section  home-second page-two\" >\r\n        <div class=\"container container--wide\">\r\n        \n\n<div class=\"wp-block-columns are-vertically-aligned-center is-layout-flex wp-container-core-columns-is-layout-9d6595d7 wp-block-columns-is-layout-flex\">\n<div class=\"wp-block-column is-vertically-aligned-center is-layout-flow wp-block-column-is-layout-flow\" style=\"flex-basis:40%\">\n<h2 class=\"ls__heading wp-block-heading\">Servizio di lavanderia<\/h2>\n\n\n\n<p class=\"ls-paragraph\">Nel nostro club hotel in Costa Azzurra offriamo un <strong>servizio di lavanderia completo<\/strong>, garantendoti una facilit\u00e0 e una convenienza senza pari.<\/p>\n\n\n\n<p class=\"ls-paragraph\">Per soli<strong> 7\u20ac a macchina<\/strong> e <strong>5\u20ac per l&#8217;asciugatrice,<\/strong> puoi utilizzare gratuitamente l&#8217;<strong>asse da stiro e il ferro da stiro <\/strong>alla reception, dietro presentazione di un documento d&#8217;identit\u00e0.<\/p>\n\n\n\n<p class=\"ls-paragraph\">Inoltre, offriamo un <strong>servizio di pulizia giornaliero<\/strong> che include un <strong>cambio di asciugamani ogni giorno<\/strong> dopo due notti. Per le famiglie \u00e8 disponibile <strong>gratuitamente<\/strong> una <strong>culla<\/strong>.<\/p>\n<\/div>\n\n\n\n<div class=\"wp-block-column is-vertically-aligned-center is-layout-flow wp-block-column-is-layout-flow\" style=\"flex-basis:60%\">\n<figure class=\"wp-block-gallery has-nested-images columns-default is-cropped animated fadeInRight slow wp-block-gallery-2 is-layout-flex wp-block-gallery-is-layout-flex\">\n<figure class=\"wp-block-image size-full\"><a href=\"https:\/\/www.marinahotelclub.com\/wp-content\/uploads\/2024\/04\/laverie-linge-hotel.webp\"><img decoding=\"async\" width=\"1344\" height=\"896\" data-id=\"680\" src=\"https:\/\/www.marinahotelclub.com\/wp-content\/uploads\/2024\/04\/laverie-linge-hotel.webp\" alt=\"lavanderia-biancheria-hotel\" class=\"wp-image-680\" srcset=\"https:\/\/www.marinahotelclub.com\/wp-content\/uploads\/2024\/04\/laverie-linge-hotel.webp 1344w, https:\/\/www.marinahotelclub.com\/wp-content\/uploads\/2024\/04\/laverie-linge-hotel-300x200.webp 300w, https:\/\/www.marinahotelclub.com\/wp-content\/uploads\/2024\/04\/laverie-linge-hotel-1024x683.webp 1024w, https:\/\/www.marinahotelclub.com\/wp-content\/uploads\/2024\/04\/laverie-linge-hotel-768x512.webp 768w\" sizes=\"(max-width: 1344px) 100vw, 1344px\" \/><\/a><\/figure>\n<\/figure>\n<\/div>\n<\/div>\n\n\r\n    <\/div>\r\n<\/section><section id=\"ls-section-block_6d75fe10227f89dedffaddfe0990a518\" class=\"ls-section  home-fourth page-three has-background-image has-parallax\" >\r\n    <div class=\"ls-section__background-image opacity-90\"><img decoding=\"async\" src=\"https:\/\/www.marinahotelclub.com\/wp-content\/uploads\/2024\/04\/epicerie-depannage.webp\" alt=\"\"><\/div>    <div class=\"container container--wide\">\r\n        \n\n<h2 class=\"ls__heading wp-block-heading\">Negozio di alimentari<\/h2>\n\n\n\n<div class=\"wp-block-columns is-layout-flex wp-container-core-columns-is-layout-9d6595d7 wp-block-columns-is-layout-flex\">\n<div class=\"wp-block-column is-layout-flow wp-block-column-is-layout-flow\">\n<p class=\"ls-paragraph\"><strong>Il minimarket<\/strong>, situato vicino alla reception dell&#8217;hotel,<strong> <\/strong>sar\u00e0 facilmente accessibile. Che tu abbia bisogno di spuntini per una gita sulle spiagge della Costa Azzurra, di prodotti di prima necessit\u00e0 o semplicemente di ingredienti per un pasto improvvisato, al negozio di alimentari troverai tutto quello che ti serve.<\/p>\n<\/div>\n\n\n\n<div class=\"wp-block-column is-layout-flow wp-block-column-is-layout-flow\">\n<p class=\"ls-paragraph\">In bassa stagione, il negozio \u00e8 aperto dalle 7 alle 12, mentre in alta stagione gli orari di apertura sono dalle 7 alle 12 e dalle 14 alle 18.<\/p>\n<\/div>\n<\/div>\n\n\r\n    <\/div>\r\n<\/section><section id=\"ls-section-block_f912348bff1af8e509f444f9c3cfeea1\" class=\"ls-section  home-first page-one\" >\r\n        <div class=\"container container--wide\">\r\n        \n\n<div class=\"wp-block-columns are-vertically-aligned-center is-layout-flex wp-container-core-columns-is-layout-9d6595d7 wp-block-columns-is-layout-flex\">\n<div class=\"wp-block-column is-vertically-aligned-center is-layout-flow wp-block-column-is-layout-flow\" style=\"flex-basis:60%\">\n<figure class=\"wp-block-gallery has-nested-images columns-default is-cropped wp-block-gallery-3 is-layout-flex wp-block-gallery-is-layout-flex\">\n<figure class=\"wp-block-image size-full animated fadeIn slow\"><a href=\"https:\/\/www.marinahotelclub.com\/wp-content\/uploads\/2024\/04\/vue-aerienne-marina-paradise-Cote-Azur.webp\"><img decoding=\"async\" width=\"2000\" height=\"1125\" data-id=\"547\" src=\"https:\/\/www.marinahotelclub.com\/wp-content\/uploads\/2024\/04\/vue-aerienne-marina-paradise-Cote-Azur.webp\" alt=\"vue-aerienne-marina-paradise-Cote-Azur\" class=\"wp-image-547\" srcset=\"https:\/\/www.marinahotelclub.com\/wp-content\/uploads\/2024\/04\/vue-aerienne-marina-paradise-Cote-Azur.webp 2000w, https:\/\/www.marinahotelclub.com\/wp-content\/uploads\/2024\/04\/vue-aerienne-marina-paradise-Cote-Azur-300x169.webp 300w, https:\/\/www.marinahotelclub.com\/wp-content\/uploads\/2024\/04\/vue-aerienne-marina-paradise-Cote-Azur-1024x576.webp 1024w, https:\/\/www.marinahotelclub.com\/wp-content\/uploads\/2024\/04\/vue-aerienne-marina-paradise-Cote-Azur-768x432.webp 768w, https:\/\/www.marinahotelclub.com\/wp-content\/uploads\/2024\/04\/vue-aerienne-marina-paradise-Cote-Azur-1536x864.webp 1536w\" sizes=\"(max-width: 2000px) 100vw, 2000px\" \/><\/a><\/figure>\n\n\n\n<figure class=\"wp-block-image size-full animated fadeIn delay-200ms slow\"><a href=\"https:\/\/www.marinahotelclub.com\/wp-content\/uploads\/2024\/04\/voyage-en-voiture-calme.webp\"><img decoding=\"async\" width=\"1920\" height=\"1200\" data-id=\"543\" src=\"https:\/\/www.marinahotelclub.com\/wp-content\/uploads\/2024\/04\/voyage-en-voiture-calme.webp\" alt=\"voyage-en-voiture-calme\" class=\"wp-image-543\" srcset=\"https:\/\/www.marinahotelclub.com\/wp-content\/uploads\/2024\/04\/voyage-en-voiture-calme.webp 1920w, https:\/\/www.marinahotelclub.com\/wp-content\/uploads\/2024\/04\/voyage-en-voiture-calme-300x188.webp 300w, https:\/\/www.marinahotelclub.com\/wp-content\/uploads\/2024\/04\/voyage-en-voiture-calme-1024x640.webp 1024w, https:\/\/www.marinahotelclub.com\/wp-content\/uploads\/2024\/04\/voyage-en-voiture-calme-768x480.webp 768w, https:\/\/www.marinahotelclub.com\/wp-content\/uploads\/2024\/04\/voyage-en-voiture-calme-1536x960.webp 1536w\" sizes=\"(max-width: 1920px) 100vw, 1920px\" \/><\/a><\/figure>\n<\/figure>\n<\/div>\n\n\n\n<div class=\"wp-block-column is-vertically-aligned-center is-layout-flow wp-block-column-is-layout-flow\" style=\"flex-basis:40%\">\n<h2 class=\"ls__heading wp-block-heading\">Parcheggio privato e sicuro<\/h2>\n\n\n\n<p class=\"ls-paragraph\">Ti offriamo l&#8217;<strong>accesso gratuito al nostro parcheggio custodito<\/strong> <strong>senza costi aggiuntivi<\/strong>. Il tuo veicolo sar\u00e0 perfettamente al sicuro per tutta la durata del tuo soggiorno. Goditi la tranquillit\u00e0 di sapere che la tua auto \u00e8 al sicuro con noi, mentre scopri il fascino della Costa Azzurra.<\/p>\n<\/div>\n<\/div>\n\n\r\n    <\/div>\r\n<\/section><section id=\"ls-section-block_9ce72bc022a8e59591f2c3aa698bfc72\" class=\"ls-section  home-second page-two\" >\r\n        <div class=\"container container--wide\">\r\n        \n\n<div class=\"wp-block-columns are-vertically-aligned-center is-layout-flex wp-container-core-columns-is-layout-9d6595d7 wp-block-columns-is-layout-flex\">\n<div class=\"wp-block-column is-vertically-aligned-center is-layout-flow wp-block-column-is-layout-flow\" style=\"flex-basis:40%\">\n<h2 class=\"ls__heading wp-block-heading\">Negozi locali<\/h2>\n\n\n\n<p class=\"ls-paragraph\">Il nostro hotel si trova a soli 500 metri dal <strong>centro commerciale La Foux e tutti i negozi essenziali<\/strong> sono raggiungibili a piedi. Che tu abbia bisogno di generi alimentari, di una farmacia, di una farmacia, di gustosi dolci dalle panetterie locali o anche di tabacco, tutto \u00e8 a portata di mano.<\/p>\n<\/div>\n\n\n\n<div class=\"wp-block-column is-vertically-aligned-center is-layout-flow wp-block-column-is-layout-flow\" style=\"flex-basis:60%\">\n<figure class=\"wp-block-gallery has-nested-images columns-default is-cropped animated fadeInRight slow wp-block-gallery-4 is-layout-flex wp-block-gallery-is-layout-flex\">\n<figure class=\"wp-block-image size-full\"><a href=\"https:\/\/www.marinahotelclub.com\/wp-content\/uploads\/2024\/04\/centre-commercial.webp\"><img decoding=\"async\" width=\"1200\" height=\"1200\" data-id=\"552\" src=\"https:\/\/www.marinahotelclub.com\/wp-content\/uploads\/2024\/04\/centre-commercial.webp\" alt=\"centro commerciale\" class=\"wp-image-552\" srcset=\"https:\/\/www.marinahotelclub.com\/wp-content\/uploads\/2024\/04\/centre-commercial.webp 1200w, https:\/\/www.marinahotelclub.com\/wp-content\/uploads\/2024\/04\/centre-commercial-300x300.webp 300w, https:\/\/www.marinahotelclub.com\/wp-content\/uploads\/2024\/04\/centre-commercial-1024x1024.webp 1024w, https:\/\/www.marinahotelclub.com\/wp-content\/uploads\/2024\/04\/centre-commercial-150x150.webp 150w, https:\/\/www.marinahotelclub.com\/wp-content\/uploads\/2024\/04\/centre-commercial-768x768.webp 768w\" sizes=\"(max-width: 1200px) 100vw, 1200px\" \/><\/a><\/figure>\n<\/figure>\n<\/div>\n<\/div>\n\n\r\n    <\/div>\r\n<\/section><section id=\"ls-section-block_c0c487e5a7ce8ad260440f841f1abf45\" class=\"ls-section  page-cta\" >\r\n        <div class=\"container container--wide\">\r\n        \n\r\n<div id=\"ls-heading ls-titre-div-block_1eada588a0e62a022c76166c1ecaae47\" class=\"ls-titre-div aligncenter h2-like\" >\r\n    Scopri i nostri eventi, la piscina e i prezzi<\/div>\r\n\n\n<div id=\"ls-maillage-block_728af4b1e8d2c328146163e317255b4e\" class=\"ls-maillage cta-style-normal\" data-rows=\"3\">\r\n    <div class=\"wp-block-columns\"><div class=\"wp-block-column\">\r\n\r\n<a href=\"https:\/\/www.marinahotelclub.com\/it\/hotel-animazione-saint-tropez\/\" target=\"\" rel=\"noopener\" class=\"ls-cta__link\" data-categ=\"\">\r\n\t<div class=\"ls-cta__image\"><img decoding=\"async\" src=\"https:\/\/www.marinahotelclub.com\/wp-content\/uploads\/2024\/04\/enfants-activite-lettres-animation.webp\" alt=\"Attivit\u00e0 e intrattenimento\"><\/div>\r\n\t<div class=\"ls-cta__title\">\r\n\t\tAttivit\u00e0 e intrattenimento\t<\/div>\r\n\r\n\t<\/a><\/div><div class=\"wp-block-column\">\r\n\r\n<a href=\"https:\/\/www.marinahotelclub.com\/it\/hotel-piscina-saint-tropez\/\" target=\"\" rel=\"noopener\" class=\"ls-cta__link\" data-categ=\"\">\r\n\t<div class=\"ls-cta__image\"><img decoding=\"async\" src=\"https:\/\/www.marinahotelclub.com\/wp-content\/uploads\/2024\/04\/detente-piscine.webp\" alt=\"\"><\/div>\r\n\t<div class=\"ls-cta__title\">\r\n\t\tLa piscina\t<\/div>\r\n\r\n\t<\/a><\/div><div class=\"wp-block-column\">\r\n\r\n<a href=\"https:\/\/www.marinahotelclub.com\/it\/hotel-economico-costa-azzurra\/\" target=\"\" rel=\"noopener\" class=\"ls-cta__link\" data-categ=\"\">\r\n\t<div class=\"ls-cta__image\"><img decoding=\"async\" src=\"https:\/\/www.marinahotelclub.com\/wp-content\/uploads\/2024\/04\/chambre-familiale-hotel-Cote-Azur.webp\" alt=\"\"><\/div>\r\n\t<div class=\"ls-cta__title\">\r\n\t\tTariffe\t<\/div>\r\n\r\n\t<\/a><\/div><\/div><\/div>\n\r\n    <\/div>\r\n<\/section>","protected":false},"excerpt":{"rendered":"","protected":false},"author":1,"featured_media":518,"parent":0,"menu_order":0,"comment_status":"closed","ping_status":"closed","template":"","meta":{"_acf_changed":false,"footnotes":""},"sujet":[],"class_list":["post-1203","page","type-page","status-publish","has-post-thumbnail","hentry"],"acf":[],"yoast_head":"<!-- This site is optimized with the Yoast SEO plugin v22.6 - https:\/\/yoast.com\/wordpress\/plugins\/seo\/ -->\n<title>I nostri servizi alberghieri completi in Costa Azzurra<\/title>\n<meta name=\"description\" content=\"Approfitta dei servizi dell&#039;hotel pensati su misura per te: WiFi ad alta velocit\u00e0 gratuito, lavanderia, minimarket, parcheggio custodito e vicinanza ai negozi.\" \/>\n<meta name=\"robots\" content=\"index, follow, max-snippet:-1, max-image-preview:large, max-video-preview:-1\" \/>\n<link rel=\"canonical\" href=\"https:\/\/www.marinahotelclub.com\/it\/servizi-hotel-saint-tropez\/\" \/>\n<meta property=\"og:locale\" content=\"it_IT\" \/>\n<meta property=\"og:type\" content=\"article\" \/>\n<meta property=\"og:title\" content=\"I nostri servizi alberghieri completi in Costa Azzurra\" \/>\n<meta property=\"og:description\" content=\"Approfitta dei servizi dell&#039;hotel pensati su misura per te: WiFi ad alta velocit\u00e0 gratuito, lavanderia, minimarket, parcheggio custodito e vicinanza ai negozi.\" \/>\n<meta property=\"og:url\" content=\"https:\/\/www.marinahotelclub.com\/it\/servizi-hotel-saint-tropez\/\" \/>\n<meta property=\"og:site_name\" content=\"H\u00f4tel Marina Paradise\" \/>\n<meta property=\"article:modified_time\" content=\"2024-04-24T14:03:03+00:00\" \/>\n<meta property=\"og:image\" content=\"https:\/\/www.marinahotelclub.com\/wp-content\/uploads\/2024\/04\/exterieur-hotel-marina-paradise-cote-Azur-e1713338106365.webp\" \/>\n\t<meta property=\"og:image:width\" content=\"2000\" \/>\n\t<meta property=\"og:image:height\" content=\"1333\" \/>\n\t<meta property=\"og:image:type\" content=\"image\/webp\" \/>\n<meta name=\"twitter:card\" content=\"summary_large_image\" \/>\n<meta name=\"twitter:label1\" content=\"Tempo di lettura stimato\" \/>\n\t<meta name=\"twitter:data1\" content=\"2 minuti\" \/>\n<script type=\"application\/ld+json\" class=\"yoast-schema-graph\">{\"@context\":\"https:\/\/schema.org\",\"@graph\":[{\"@type\":\"WebPage\",\"@id\":\"https:\/\/www.marinahotelclub.com\/it\/servizi-hotel-saint-tropez\/\",\"url\":\"https:\/\/www.marinahotelclub.com\/it\/servizi-hotel-saint-tropez\/\",\"name\":\"I nostri servizi alberghieri completi in Costa Azzurra\",\"isPartOf\":{\"@id\":\"https:\/\/www.marinahotelclub.com\/it\/#website\"},\"primaryImageOfPage\":{\"@id\":\"https:\/\/www.marinahotelclub.com\/it\/servizi-hotel-saint-tropez\/#primaryimage\"},\"image\":{\"@id\":\"https:\/\/www.marinahotelclub.com\/it\/servizi-hotel-saint-tropez\/#primaryimage\"},\"thumbnailUrl\":\"https:\/\/www.marinahotelclub.com\/wp-content\/uploads\/2024\/04\/exterieur-hotel-marina-paradise-cote-Azur-e1713338106365.webp\",\"datePublished\":\"2024-04-17T14:24:15+00:00\",\"dateModified\":\"2024-04-24T14:03:03+00:00\",\"description\":\"Approfitta dei servizi dell'hotel pensati su misura per te: WiFi ad alta velocit\u00e0 gratuito, lavanderia, minimarket, parcheggio custodito e vicinanza ai negozi.\",\"breadcrumb\":{\"@id\":\"https:\/\/www.marinahotelclub.com\/it\/servizi-hotel-saint-tropez\/#breadcrumb\"},\"inLanguage\":\"it-IT\",\"potentialAction\":[{\"@type\":\"ReadAction\",\"target\":[\"https:\/\/www.marinahotelclub.com\/it\/servizi-hotel-saint-tropez\/\"]}]},{\"@type\":\"ImageObject\",\"inLanguage\":\"it-IT\",\"@id\":\"https:\/\/www.marinahotelclub.com\/it\/servizi-hotel-saint-tropez\/#primaryimage\",\"url\":\"https:\/\/www.marinahotelclub.com\/wp-content\/uploads\/2024\/04\/exterieur-hotel-marina-paradise-cote-Azur-e1713338106365.webp\",\"contentUrl\":\"https:\/\/www.marinahotelclub.com\/wp-content\/uploads\/2024\/04\/exterieur-hotel-marina-paradise-cote-Azur-e1713338106365.webp\",\"width\":2000,\"height\":1333},{\"@type\":\"BreadcrumbList\",\"@id\":\"https:\/\/www.marinahotelclub.com\/it\/servizi-hotel-saint-tropez\/#breadcrumb\",\"itemListElement\":[{\"@type\":\"ListItem\",\"position\":1,\"name\":\"Marina H\u00f4tel Club\",\"item\":\"https:\/\/www.marinahotelclub.com\/it\/\"},{\"@type\":\"ListItem\",\"position\":2,\"name\":\"Servizi\"}]},{\"@type\":\"WebSite\",\"@id\":\"https:\/\/www.marinahotelclub.com\/it\/#website\",\"url\":\"https:\/\/www.marinahotelclub.com\/it\/\",\"name\":\"H\u00f4tel Marina Paradise\",\"description\":\"\",\"publisher\":{\"@id\":\"https:\/\/www.marinahotelclub.com\/it\/#organization\"},\"inLanguage\":\"it-IT\"},{\"@type\":\"Organization\",\"@id\":\"https:\/\/www.marinahotelclub.com\/it\/#organization\",\"name\":\"H\u00f4tel Marina Paradise\",\"url\":\"https:\/\/www.marinahotelclub.com\/it\/\",\"logo\":{\"@type\":\"ImageObject\",\"inLanguage\":\"it-IT\",\"@id\":\"https:\/\/www.marinahotelclub.com\/it\/#\/schema\/logo\/image\/\",\"url\":\"https:\/\/www.marinahotelclub.com\/wp-content\/uploads\/2024\/03\/logo-marina-hotel-club.webp\",\"contentUrl\":\"https:\/\/www.marinahotelclub.com\/wp-content\/uploads\/2024\/03\/logo-marina-hotel-club.webp\",\"width\":686,\"height\":421,\"caption\":\"H\u00f4tel Marina Paradise\"},\"image\":{\"@id\":\"https:\/\/www.marinahotelclub.com\/it\/#\/schema\/logo\/image\/\"}}]}<\/script>\n<!-- \/ Yoast SEO plugin. -->","yoast_head_json":{"title":"I nostri servizi alberghieri completi in Costa Azzurra","description":"Approfitta dei servizi dell'hotel pensati su misura per te: WiFi ad alta velocit\u00e0 gratuito, lavanderia, minimarket, parcheggio custodito e vicinanza ai negozi.","robots":{"index":"index","follow":"follow","max-snippet":"max-snippet:-1","max-image-preview":"max-image-preview:large","max-video-preview":"max-video-preview:-1"},"canonical":"https:\/\/www.marinahotelclub.com\/it\/servizi-hotel-saint-tropez\/","og_locale":"it_IT","og_type":"article","og_title":"I nostri servizi alberghieri completi in Costa Azzurra","og_description":"Approfitta dei servizi dell'hotel pensati su misura per te: WiFi ad alta velocit\u00e0 gratuito, lavanderia, minimarket, parcheggio custodito e vicinanza ai negozi.","og_url":"https:\/\/www.marinahotelclub.com\/it\/servizi-hotel-saint-tropez\/","og_site_name":"H\u00f4tel Marina Paradise","article_modified_time":"2024-04-24T14:03:03+00:00","og_image":[{"width":2000,"height":1333,"url":"https:\/\/www.marinahotelclub.com\/wp-content\/uploads\/2024\/04\/exterieur-hotel-marina-paradise-cote-Azur-e1713338106365.webp","type":"image\/webp"}],"twitter_card":"summary_large_image","twitter_misc":{"Tempo di lettura stimato":"2 minuti"},"schema":{"@context":"https:\/\/schema.org","@graph":[{"@type":"WebPage","@id":"https:\/\/www.marinahotelclub.com\/it\/servizi-hotel-saint-tropez\/","url":"https:\/\/www.marinahotelclub.com\/it\/servizi-hotel-saint-tropez\/","name":"I nostri servizi alberghieri completi in Costa Azzurra","isPartOf":{"@id":"https:\/\/www.marinahotelclub.com\/it\/#website"},"primaryImageOfPage":{"@id":"https:\/\/www.marinahotelclub.com\/it\/servizi-hotel-saint-tropez\/#primaryimage"},"image":{"@id":"https:\/\/www.marinahotelclub.com\/it\/servizi-hotel-saint-tropez\/#primaryimage"},"thumbnailUrl":"https:\/\/www.marinahotelclub.com\/wp-content\/uploads\/2024\/04\/exterieur-hotel-marina-paradise-cote-Azur-e1713338106365.webp","datePublished":"2024-04-17T14:24:15+00:00","dateModified":"2024-04-24T14:03:03+00:00","description":"Approfitta dei servizi dell'hotel pensati su misura per te: WiFi ad alta velocit\u00e0 gratuito, lavanderia, minimarket, parcheggio custodito e vicinanza ai negozi.","breadcrumb":{"@id":"https:\/\/www.marinahotelclub.com\/it\/servizi-hotel-saint-tropez\/#breadcrumb"},"inLanguage":"it-IT","potentialAction":[{"@type":"ReadAction","target":["https:\/\/www.marinahotelclub.com\/it\/servizi-hotel-saint-tropez\/"]}]},{"@type":"ImageObject","inLanguage":"it-IT","@id":"https:\/\/www.marinahotelclub.com\/it\/servizi-hotel-saint-tropez\/#primaryimage","url":"https:\/\/www.marinahotelclub.com\/wp-content\/uploads\/2024\/04\/exterieur-hotel-marina-paradise-cote-Azur-e1713338106365.webp","contentUrl":"https:\/\/www.marinahotelclub.com\/wp-content\/uploads\/2024\/04\/exterieur-hotel-marina-paradise-cote-Azur-e1713338106365.webp","width":2000,"height":1333},{"@type":"BreadcrumbList","@id":"https:\/\/www.marinahotelclub.com\/it\/servizi-hotel-saint-tropez\/#breadcrumb","itemListElement":[{"@type":"ListItem","position":1,"name":"Marina H\u00f4tel Club","item":"https:\/\/www.marinahotelclub.com\/it\/"},{"@type":"ListItem","position":2,"name":"Servizi"}]},{"@type":"WebSite","@id":"https:\/\/www.marinahotelclub.com\/it\/#website","url":"https:\/\/www.marinahotelclub.com\/it\/","name":"H\u00f4tel Marina Paradise","description":"","publisher":{"@id":"https:\/\/www.marinahotelclub.com\/it\/#organization"},"inLanguage":"it-IT"},{"@type":"Organization","@id":"https:\/\/www.marinahotelclub.com\/it\/#organization","name":"H\u00f4tel Marina Paradise","url":"https:\/\/www.marinahotelclub.com\/it\/","logo":{"@type":"ImageObject","inLanguage":"it-IT","@id":"https:\/\/www.marinahotelclub.com\/it\/#\/schema\/logo\/image\/","url":"https:\/\/www.marinahotelclub.com\/wp-content\/uploads\/2024\/03\/logo-marina-hotel-club.webp","contentUrl":"https:\/\/www.marinahotelclub.com\/wp-content\/uploads\/2024\/03\/logo-marina-hotel-club.webp","width":686,"height":421,"caption":"H\u00f4tel Marina Paradise"},"image":{"@id":"https:\/\/www.marinahotelclub.com\/it\/#\/schema\/logo\/image\/"}}]}},"_links":{"self":[{"href":"https:\/\/www.marinahotelclub.com\/it\/wp-json\/wp\/v2\/pages\/1203","targetHints":{"allow":["GET"]}}],"collection":[{"href":"https:\/\/www.marinahotelclub.com\/it\/wp-json\/wp\/v2\/pages"}],"about":[{"href":"https:\/\/www.marinahotelclub.com\/it\/wp-json\/wp\/v2\/types\/page"}],"author":[{"embeddable":true,"href":"https:\/\/www.marinahotelclub.com\/it\/wp-json\/wp\/v2\/users\/1"}],"replies":[{"embeddable":true,"href":"https:\/\/www.marinahotelclub.com\/it\/wp-json\/wp\/v2\/comments?post=1203"}],"version-history":[{"count":2,"href":"https:\/\/www.marinahotelclub.com\/it\/wp-json\/wp\/v2\/pages\/1203\/revisions"}],"predecessor-version":[{"id":1362,"href":"https:\/\/www.marinahotelclub.com\/it\/wp-json\/wp\/v2\/pages\/1203\/revisions\/1362"}],"wp:featuredmedia":[{"embeddable":true,"href":"https:\/\/www.marinahotelclub.com\/it\/wp-json\/wp\/v2\/media\/518"}],"wp:attachment":[{"href":"https:\/\/www.marinahotelclub.com\/it\/wp-json\/wp\/v2\/media?parent=1203"}],"wp:term":[{"taxonomy":"sujet","embeddable":true,"href":"https:\/\/www.marinahotelclub.com\/it\/wp-json\/wp\/v2\/sujet?post=1203"}],"curies":[{"name":"wp","href":"https:\/\/api.w.org\/{rel}","templated":true}]}}